{"id":22661,"date":"2023-04-13T11:26:50","date_gmt":"2023-04-13T09:26:50","guid":{"rendered":"https:\/\/essense.coffee\/?post_type=product&#038;p=22661"},"modified":"2025-10-07T10:14:30","modified_gmt":"2025-10-07T08:14:30","slug":"brrrewer-classic-bianco","status":"publish","type":"product","link":"https:\/\/essense.coffee\/it\/prodotto\/brrrewer-classic-bianco\/","title":{"rendered":"CLASSIC &#8211; Bianco"},"content":{"rendered":"","protected":false},"excerpt":{"rendered":"<p>BRRREWER \u00e8 il <strong>primo <\/strong>Cold Drip Coffee Maker <strong>made in Italy<\/strong>. Presentato su Kickstarter a giugno 2019, si basa sul sistema di <strong>estrazione a freddo mediante gocciolio.<\/strong> Come per la spremitura a freddo delle olive per i migliori oli o l&#8217;estrazione a freddo di succhi da frutta e verdura, la lenta estrazione a freddo del caff\u00e8 mantiene <strong>inalterate tutte le propriet\u00e0 organolettiche<\/strong>, enfatizzando la <strong>dolcezza naturale del caff\u00e8<\/strong> e garantendo una <strong>bevanda pi\u00f9 digeribile<\/strong> dal punto di vista gastrico.<\/p>\n<p>Per questa attrezzatura non sono necessari filtri di carta perch\u00e9 utilizza <strong>due speciali membrane microfiltranti riutilizzabili<\/strong> per assicurare una saturazione uniforme del caff\u00e8 macinato da parte dell&#8217;acqua e una <strong>bevanda priva di sedimenti<\/strong>. BRRREWER \u00e8 un prodotto molto versatile che consente di sperimentare svariate ricette di <strong>Cold Drip Coffee<\/strong> (anche conosciuto come <strong>Cold Brew<\/strong>) secondo le ultime tendenze della <strong>coffee mixology e cucina molecolare<\/strong>.<\/p>\n<p>L\u2019intramontabile fascino di <strong>BRRREWER Bianco<\/strong>. Una tonalit\u00e0 che racchiude <strong>classe e raffinatezza<\/strong>, enfatizzando le <strong>linee pure della caraffa<\/strong> permettendo di cogliere ogni sfumatura della bevanda. Dona luce all\u2019ambiente, trasmettendo un senso di calma tipico dello <em>slow coffee<\/em>.<\/p>\n","protected":false},"featured_media":11785,"comment_status":"open","ping_status":"closed","template":"","meta":[],"product_cat":[363,361,309,311,85,86,279],"product_tag":[],"bundle_layout":"","bundled_by":[],"bundled_items":[],"yoast_head":"<!-- This site is optimized with the Yoast SEO plugin v21.2 - https:\/\/yoast.com\/wordpress\/plugins\/seo\/ -->\n<title>BRRREWER CLASSIC - Bianco - Essense Coffee<\/title>\n<meta name=\"robots\" content=\"index, follow, max-snippet:-1, max-image-preview:large, max-video-preview:-1\" \/>\n<link rel=\"canonical\" href=\"https:\/\/essense.coffee\/it\/prodotto\/brrrewer-classic-bianco\/\" \/>\n<meta property=\"og:locale\" content=\"it_IT\" \/>\n<meta property=\"og:type\" content=\"article\" \/>\n<meta property=\"og:title\" content=\"BRRREWER CLASSIC - Bianco - Essense Coffee\" \/>\n<meta property=\"og:description\" content=\"BRRREWER \u00e8 il primo Cold Drip Coffee Maker made in Italy. Presentato su Kickstarter a giugno 2019, si basa sul sistema di estrazione a freddo mediante gocciolio. Come per la spremitura a freddo delle olive per i migliori oli o l&#039;estrazione a freddo di succhi da frutta e verdura, la lenta estrazione a freddo del caff\u00e8 mantiene inalterate tutte le propriet\u00e0 organolettiche, enfatizzando la dolcezza naturale del caff\u00e8 e garantendo una bevanda pi\u00f9 digeribile dal punto di vista gastrico.  Per questa attrezzatura non sono necessari filtri di carta perch\u00e9 utilizza due speciali membrane microfiltranti riutilizzabili per assicurare una saturazione uniforme del caff\u00e8 macinato da parte dell&#039;acqua e una bevanda priva di sedimenti. BRRREWER \u00e8 un prodotto molto versatile che consente di sperimentare svariate ricette di Cold Drip Coffee (anche conosciuto come Cold Brew) secondo le ultime tendenze della coffee mixology e cucina molecolare.  L\u2019intramontabile fascino di BRRREWER Bianco. Una tonalit\u00e0 che racchiude classe e raffinatezza, enfatizzando le linee pure della caraffa permettendo di cogliere ogni sfumatura della bevanda. Dona luce all\u2019ambiente, trasmettendo un senso di calma tipico dello slow coffee.\" \/>\n<meta property=\"og:url\" content=\"https:\/\/essense.coffee\/it\/prodotto\/brrrewer-classic-bianco\/\" \/>\n<meta property=\"og:site_name\" content=\"Essense Coffee\" \/>\n<meta property=\"article:modified_time\" content=\"2025-10-07T08:14:30+00:00\" \/>\n<meta property=\"og:image\" content=\"https:\/\/essense.coffee\/wp-content\/uploads\/2019\/07\/ESSENSE-brrrewer-white_02.jpg\" \/>\n\t<meta property=\"og:image:width\" content=\"900\" \/>\n\t<meta property=\"og:image:height\" content=\"900\" \/>\n\t<meta property=\"og:image:type\" content=\"image\/jpeg\" \/>\n<meta name=\"twitter:card\" content=\"summary_large_image\" \/>\n<script type=\"application\/ld+json\" class=\"yoast-schema-graph\">{\"@context\":\"https:\/\/schema.org\",\"@graph\":[{\"@type\":\"WebPage\",\"@id\":\"https:\/\/essense.coffee\/it\/prodotto\/brrrewer-classic-bianco\/\",\"url\":\"https:\/\/essense.coffee\/it\/prodotto\/brrrewer-classic-bianco\/\",\"name\":\"BRRREWER CLASSIC - Bianco - Essense Coffee\",\"isPartOf\":{\"@id\":\"https:\/\/essense.coffee\/it\/#website\"},\"datePublished\":\"2023-04-13T09:26:50+00:00\",\"dateModified\":\"2025-10-07T08:14:30+00:00\",\"breadcrumb\":{\"@id\":\"https:\/\/essense.coffee\/it\/prodotto\/brrrewer-classic-bianco\/#breadcrumb\"},\"inLanguage\":\"it-IT\",\"potentialAction\":[{\"@type\":\"ReadAction\",\"target\":[\"https:\/\/essense.coffee\/it\/prodotto\/brrrewer-classic-bianco\/\"]}]},{\"@type\":\"BreadcrumbList\",\"@id\":\"https:\/\/essense.coffee\/it\/prodotto\/brrrewer-classic-bianco\/#breadcrumb\",\"itemListElement\":[{\"@type\":\"ListItem\",\"position\":1,\"name\":\"Shop\",\"item\":\"\/categorie-shop\"},{\"@type\":\"ListItem\",\"position\":2,\"name\":\"APPLICAZIONE\",\"item\":\"https:\/\/essense.coffee\/it\/categoria-prodotto\/applicazione\/\"},{\"@type\":\"ListItem\",\"position\":3,\"name\":\"PRODOTTI\",\"item\":\"https:\/\/essense.coffee\/it\/categoria-prodotto\/applicazione\/prodotti\/\"},{\"@type\":\"ListItem\",\"position\":4,\"name\":\"BRAND\",\"item\":\"https:\/\/essense.coffee\/it\/categoria-prodotto\/applicazione\/prodotti\/brand\/\"},{\"@type\":\"ListItem\",\"position\":5,\"name\":\"BRRREWER\",\"item\":\"https:\/\/essense.coffee\/it\/categoria-prodotto\/applicazione\/prodotti\/brand\/brrrewer\/\"},{\"@type\":\"ListItem\",\"position\":6,\"name\":\"CLASSIC &#8211; Bianco\"}]},{\"@type\":\"WebSite\",\"@id\":\"https:\/\/essense.coffee\/it\/#website\",\"url\":\"https:\/\/essense.coffee\/it\/\",\"name\":\"Essense Coffee\",\"description\":\"The best coffee instruments and our very own single-portioned coffee for every brewing method.\",\"publisher\":{\"@id\":\"https:\/\/essense.coffee\/it\/#organization\"},\"potentialAction\":[{\"@type\":\"SearchAction\",\"target\":{\"@type\":\"EntryPoint\",\"urlTemplate\":\"https:\/\/essense.coffee\/it\/?s={search_term_string}\"},\"query-input\":\"required name=search_term_string\"}],\"inLanguage\":\"it-IT\"},{\"@type\":\"Organization\",\"@id\":\"https:\/\/essense.coffee\/it\/#organization\",\"name\":\"Essense Coffee\",\"url\":\"https:\/\/essense.coffee\/it\/\",\"logo\":{\"@type\":\"ImageObject\",\"inLanguage\":\"it-IT\",\"@id\":\"https:\/\/essense.coffee\/it\/#\/schema\/logo\/image\/\",\"url\":\"https:\/\/essense.coffee\/wp-content\/uploads\/2020\/05\/Logo-Essense-300x300-1.jpg\",\"contentUrl\":\"https:\/\/essense.coffee\/wp-content\/uploads\/2020\/05\/Logo-Essense-300x300-1.jpg\",\"width\":300,\"height\":300,\"caption\":\"Essense Coffee\"},\"image\":{\"@id\":\"https:\/\/essense.coffee\/it\/#\/schema\/logo\/image\/\"}}]}<\/script>\n<!-- \/ Yoast SEO plugin. -->","yoast_head_json":{"title":"BRRREWER CLASSIC - Bianco - Essense Coffee","robots":{"index":"index","follow":"follow","max-snippet":"max-snippet:-1","max-image-preview":"max-image-preview:large","max-video-preview":"max-video-preview:-1"},"canonical":"https:\/\/essense.coffee\/it\/prodotto\/brrrewer-classic-bianco\/","og_locale":"it_IT","og_type":"article","og_title":"BRRREWER CLASSIC - Bianco - Essense Coffee","og_description":"BRRREWER \u00e8 il primo Cold Drip Coffee Maker made in Italy. Presentato su Kickstarter a giugno 2019, si basa sul sistema di estrazione a freddo mediante gocciolio. Come per la spremitura a freddo delle olive per i migliori oli o l'estrazione a freddo di succhi da frutta e verdura, la lenta estrazione a freddo del caff\u00e8 mantiene inalterate tutte le propriet\u00e0 organolettiche, enfatizzando la dolcezza naturale del caff\u00e8 e garantendo una bevanda pi\u00f9 digeribile dal punto di vista gastrico.  Per questa attrezzatura non sono necessari filtri di carta perch\u00e9 utilizza due speciali membrane microfiltranti riutilizzabili per assicurare una saturazione uniforme del caff\u00e8 macinato da parte dell'acqua e una bevanda priva di sedimenti. BRRREWER \u00e8 un prodotto molto versatile che consente di sperimentare svariate ricette di Cold Drip Coffee (anche conosciuto come Cold Brew) secondo le ultime tendenze della coffee mixology e cucina molecolare.  L\u2019intramontabile fascino di BRRREWER Bianco. Una tonalit\u00e0 che racchiude classe e raffinatezza, enfatizzando le linee pure della caraffa permettendo di cogliere ogni sfumatura della bevanda. Dona luce all\u2019ambiente, trasmettendo un senso di calma tipico dello slow coffee.","og_url":"https:\/\/essense.coffee\/it\/prodotto\/brrrewer-classic-bianco\/","og_site_name":"Essense Coffee","article_modified_time":"2025-10-07T08:14:30+00:00","og_image":[{"width":900,"height":900,"url":"https:\/\/essense.coffee\/wp-content\/uploads\/2019\/07\/ESSENSE-brrrewer-white_02.jpg","type":"image\/jpeg"}],"twitter_card":"summary_large_image","schema":{"@context":"https:\/\/schema.org","@graph":[{"@type":"WebPage","@id":"https:\/\/essense.coffee\/it\/prodotto\/brrrewer-classic-bianco\/","url":"https:\/\/essense.coffee\/it\/prodotto\/brrrewer-classic-bianco\/","name":"BRRREWER CLASSIC - Bianco - Essense Coffee","isPartOf":{"@id":"https:\/\/essense.coffee\/it\/#website"},"datePublished":"2023-04-13T09:26:50+00:00","dateModified":"2025-10-07T08:14:30+00:00","breadcrumb":{"@id":"https:\/\/essense.coffee\/it\/prodotto\/brrrewer-classic-bianco\/#breadcrumb"},"inLanguage":"it-IT","potentialAction":[{"@type":"ReadAction","target":["https:\/\/essense.coffee\/it\/prodotto\/brrrewer-classic-bianco\/"]}]},{"@type":"BreadcrumbList","@id":"https:\/\/essense.coffee\/it\/prodotto\/brrrewer-classic-bianco\/#breadcrumb","itemListElement":[{"@type":"ListItem","position":1,"name":"Shop","item":"\/categorie-shop"},{"@type":"ListItem","position":2,"name":"APPLICAZIONE","item":"https:\/\/essense.coffee\/it\/categoria-prodotto\/applicazione\/"},{"@type":"ListItem","position":3,"name":"PRODOTTI","item":"https:\/\/essense.coffee\/it\/categoria-prodotto\/applicazione\/prodotti\/"},{"@type":"ListItem","position":4,"name":"BRAND","item":"https:\/\/essense.coffee\/it\/categoria-prodotto\/applicazione\/prodotti\/brand\/"},{"@type":"ListItem","position":5,"name":"BRRREWER","item":"https:\/\/essense.coffee\/it\/categoria-prodotto\/applicazione\/prodotti\/brand\/brrrewer\/"},{"@type":"ListItem","position":6,"name":"CLASSIC &#8211; Bianco"}]},{"@type":"WebSite","@id":"https:\/\/essense.coffee\/it\/#website","url":"https:\/\/essense.coffee\/it\/","name":"Essense Coffee","description":"The best coffee instruments and our very own single-portioned coffee for every brewing method.","publisher":{"@id":"https:\/\/essense.coffee\/it\/#organization"},"potentialAction":[{"@type":"SearchAction","target":{"@type":"EntryPoint","urlTemplate":"https:\/\/essense.coffee\/it\/?s={search_term_string}"},"query-input":"required name=search_term_string"}],"inLanguage":"it-IT"},{"@type":"Organization","@id":"https:\/\/essense.coffee\/it\/#organization","name":"Essense Coffee","url":"https:\/\/essense.coffee\/it\/","logo":{"@type":"ImageObject","inLanguage":"it-IT","@id":"https:\/\/essense.coffee\/it\/#\/schema\/logo\/image\/","url":"https:\/\/essense.coffee\/wp-content\/uploads\/2020\/05\/Logo-Essense-300x300-1.jpg","contentUrl":"https:\/\/essense.coffee\/wp-content\/uploads\/2020\/05\/Logo-Essense-300x300-1.jpg","width":300,"height":300,"caption":"Essense Coffee"},"image":{"@id":"https:\/\/essense.coffee\/it\/#\/schema\/logo\/image\/"}}]}},"_links":{"self":[{"href":"https:\/\/essense.coffee\/it\/wp-json\/wp\/v2\/product\/22661"}],"collection":[{"href":"https:\/\/essense.coffee\/it\/wp-json\/wp\/v2\/product"}],"about":[{"href":"https:\/\/essense.coffee\/it\/wp-json\/wp\/v2\/types\/product"}],"replies":[{"embeddable":true,"href":"https:\/\/essense.coffee\/it\/wp-json\/wp\/v2\/comments?post=22661"}],"wp:featuredmedia":[{"embeddable":true,"href":"https:\/\/essense.coffee\/it\/wp-json\/wp\/v2\/media\/11785"}],"wp:attachment":[{"href":"https:\/\/essense.coffee\/it\/wp-json\/wp\/v2\/media?parent=22661"}],"wp:term":[{"taxonomy":"product_cat","embeddable":true,"href":"https:\/\/essense.coffee\/it\/wp-json\/wp\/v2\/product_cat?post=22661"},{"taxonomy":"product_tag","embeddable":true,"href":"https:\/\/essense.coffee\/it\/wp-json\/wp\/v2\/product_tag?post=22661"}],"curies":[{"name":"wp","href":"https:\/\/api.w.org\/{rel}","templated":true}]}}