{"id":22655,"date":"2023-04-13T10:12:02","date_gmt":"2023-04-13T08:12:02","guid":{"rendered":"https:\/\/essense.coffee\/?post_type=product&#038;p=22655"},"modified":"2025-10-07T10:14:50","modified_gmt":"2025-10-07T08:14:50","slug":"brrrewer-lounge-sunset","status":"publish","type":"product","link":"https:\/\/essense.coffee\/it\/prodotto\/brrrewer-lounge-sunset\/","title":{"rendered":"LOUNGE &#8211; Sunset"},"content":{"rendered":"","protected":false},"excerpt":{"rendered":"<p>BRRREWER \u00e8 il primo Cold Drip Coffee Maker made in Italy. Si basa sul sistema di estrazione a freddo (cold brew) mediante gocciolio (cold drip). Come per la spremitura a freddo delle olive per i migliori oli o l&#8217;estrazione a freddo di succhi da frutta e verdura, la lenta estrazione a freddo del caff\u00e8 mantiene inalterate tutte le propriet\u00e0 organolettiche, enfatizzando la dolcezza naturale del caff\u00e8 e garantendo una bevanda pi\u00f9 digeribile dal punto di vista gastrico.<\/p>\n<p>Per questa attrezzatura non sono necessari filtri di carta perch\u00e9 utilizza due speciali membrane microfiltranti riutilizzabili per assicurare una saturazione uniforme del caff\u00e8 macinato da parte dell&#8217;acqua e una bevanda priva di sedimenti. BRRREWER \u00e8 un prodotto molto versatile che consente di sperimentare svariate ricette di Cold Drip Coffee (anche conosciuto come Cold Brew) secondo le ultime tendenze della coffee mixology e cucina molecolare.<\/p>\n<p>Ispirato all\u2019iconica luce dorata che fa da sfondo agli happy hour che animano le spiagge al tramonto. Questo modello presenta un telaio color bronzo e una particolare colorazione del serbatoio e del basket che conferiscono una sensazione di calore ad ogni ambiente.<\/p>\n","protected":false},"featured_media":22507,"comment_status":"open","ping_status":"closed","template":"","meta":[],"product_cat":[315,363,361,309,311,85,86,279],"product_tag":[],"bundle_layout":"","bundled_by":[],"bundled_items":[],"yoast_head":"<!-- This site is optimized with the Yoast SEO plugin v21.2 - https:\/\/yoast.com\/wordpress\/plugins\/seo\/ -->\n<title>BRRREWER LOUNGE - Sunset - Essense Coffee<\/title>\n<meta name=\"robots\" content=\"index, follow, max-snippet:-1, max-image-preview:large, max-video-preview:-1\" \/>\n<link rel=\"canonical\" href=\"https:\/\/essense.coffee\/it\/prodotto\/brrrewer-lounge-sunset\/\" \/>\n<meta property=\"og:locale\" content=\"it_IT\" \/>\n<meta property=\"og:type\" content=\"article\" \/>\n<meta property=\"og:title\" content=\"BRRREWER LOUNGE - Sunset - Essense Coffee\" \/>\n<meta property=\"og:description\" content=\"BRRREWER \u00e8 il primo Cold Drip Coffee Maker made in Italy. Si basa sul sistema di estrazione a freddo (cold brew) mediante gocciolio (cold drip). Come per la spremitura a freddo delle olive per i migliori oli o l&#039;estrazione a freddo di succhi da frutta e verdura, la lenta estrazione a freddo del caff\u00e8 mantiene inalterate tutte le propriet\u00e0 organolettiche, enfatizzando la dolcezza naturale del caff\u00e8 e garantendo una bevanda pi\u00f9 digeribile dal punto di vista gastrico.  Per questa attrezzatura non sono necessari filtri di carta perch\u00e9 utilizza due speciali membrane microfiltranti riutilizzabili per assicurare una saturazione uniforme del caff\u00e8 macinato da parte dell&#039;acqua e una bevanda priva di sedimenti. BRRREWER \u00e8 un prodotto molto versatile che consente di sperimentare svariate ricette di Cold Drip Coffee (anche conosciuto come Cold Brew) secondo le ultime tendenze della coffee mixology e cucina molecolare.  Ispirato all\u2019iconica luce dorata che fa da sfondo agli happy hour che animano le spiagge al tramonto. Questo modello presenta un telaio color bronzo e una particolare colorazione del serbatoio e del basket che conferiscono una sensazione di calore ad ogni ambiente.\" \/>\n<meta property=\"og:url\" content=\"https:\/\/essense.coffee\/it\/prodotto\/brrrewer-lounge-sunset\/\" \/>\n<meta property=\"og:site_name\" content=\"Essense Coffee\" \/>\n<meta property=\"article:modified_time\" content=\"2025-10-07T08:14:50+00:00\" \/>\n<meta property=\"og:image\" content=\"https:\/\/essense.coffee\/wp-content\/uploads\/2023\/02\/brrrewer-lounge-sunset-1.jpg\" \/>\n\t<meta property=\"og:image:width\" content=\"1080\" \/>\n\t<meta property=\"og:image:height\" content=\"1080\" \/>\n\t<meta property=\"og:image:type\" content=\"image\/jpeg\" \/>\n<meta name=\"twitter:card\" content=\"summary_large_image\" \/>\n<script type=\"application\/ld+json\" class=\"yoast-schema-graph\">{\"@context\":\"https:\/\/schema.org\",\"@graph\":[{\"@type\":\"WebPage\",\"@id\":\"https:\/\/essense.coffee\/it\/prodotto\/brrrewer-lounge-sunset\/\",\"url\":\"https:\/\/essense.coffee\/it\/prodotto\/brrrewer-lounge-sunset\/\",\"name\":\"BRRREWER LOUNGE - Sunset - Essense Coffee\",\"isPartOf\":{\"@id\":\"https:\/\/essense.coffee\/it\/#website\"},\"datePublished\":\"2023-04-13T08:12:02+00:00\",\"dateModified\":\"2025-10-07T08:14:50+00:00\",\"breadcrumb\":{\"@id\":\"https:\/\/essense.coffee\/it\/prodotto\/brrrewer-lounge-sunset\/#breadcrumb\"},\"inLanguage\":\"it-IT\",\"potentialAction\":[{\"@type\":\"ReadAction\",\"target\":[\"https:\/\/essense.coffee\/it\/prodotto\/brrrewer-lounge-sunset\/\"]}]},{\"@type\":\"BreadcrumbList\",\"@id\":\"https:\/\/essense.coffee\/it\/prodotto\/brrrewer-lounge-sunset\/#breadcrumb\",\"itemListElement\":[{\"@type\":\"ListItem\",\"position\":1,\"name\":\"Shop\",\"item\":\"\/categorie-shop\"},{\"@type\":\"ListItem\",\"position\":2,\"name\":\"APPLICAZIONE\",\"item\":\"https:\/\/essense.coffee\/it\/categoria-prodotto\/applicazione\/\"},{\"@type\":\"ListItem\",\"position\":3,\"name\":\"PRODOTTI\",\"item\":\"https:\/\/essense.coffee\/it\/categoria-prodotto\/applicazione\/prodotti\/\"},{\"@type\":\"ListItem\",\"position\":4,\"name\":\"BRAND\",\"item\":\"https:\/\/essense.coffee\/it\/categoria-prodotto\/applicazione\/prodotti\/brand\/\"},{\"@type\":\"ListItem\",\"position\":5,\"name\":\"BRRREWER\",\"item\":\"https:\/\/essense.coffee\/it\/categoria-prodotto\/applicazione\/prodotti\/brand\/brrrewer\/\"},{\"@type\":\"ListItem\",\"position\":6,\"name\":\"LOUNGE &#8211; Sunset\"}]},{\"@type\":\"WebSite\",\"@id\":\"https:\/\/essense.coffee\/it\/#website\",\"url\":\"https:\/\/essense.coffee\/it\/\",\"name\":\"Essense Coffee\",\"description\":\"The best coffee instruments and our very own single-portioned coffee for every brewing method.\",\"publisher\":{\"@id\":\"https:\/\/essense.coffee\/it\/#organization\"},\"potentialAction\":[{\"@type\":\"SearchAction\",\"target\":{\"@type\":\"EntryPoint\",\"urlTemplate\":\"https:\/\/essense.coffee\/it\/?s={search_term_string}\"},\"query-input\":\"required name=search_term_string\"}],\"inLanguage\":\"it-IT\"},{\"@type\":\"Organization\",\"@id\":\"https:\/\/essense.coffee\/it\/#organization\",\"name\":\"Essense Coffee\",\"url\":\"https:\/\/essense.coffee\/it\/\",\"logo\":{\"@type\":\"ImageObject\",\"inLanguage\":\"it-IT\",\"@id\":\"https:\/\/essense.coffee\/it\/#\/schema\/logo\/image\/\",\"url\":\"https:\/\/essense.coffee\/wp-content\/uploads\/2020\/05\/Logo-Essense-300x300-1.jpg\",\"contentUrl\":\"https:\/\/essense.coffee\/wp-content\/uploads\/2020\/05\/Logo-Essense-300x300-1.jpg\",\"width\":300,\"height\":300,\"caption\":\"Essense Coffee\"},\"image\":{\"@id\":\"https:\/\/essense.coffee\/it\/#\/schema\/logo\/image\/\"}}]}<\/script>\n<!-- \/ Yoast SEO plugin. -->","yoast_head_json":{"title":"BRRREWER LOUNGE - Sunset - Essense Coffee","robots":{"index":"index","follow":"follow","max-snippet":"max-snippet:-1","max-image-preview":"max-image-preview:large","max-video-preview":"max-video-preview:-1"},"canonical":"https:\/\/essense.coffee\/it\/prodotto\/brrrewer-lounge-sunset\/","og_locale":"it_IT","og_type":"article","og_title":"BRRREWER LOUNGE - Sunset - Essense Coffee","og_description":"BRRREWER \u00e8 il primo Cold Drip Coffee Maker made in Italy. Si basa sul sistema di estrazione a freddo (cold brew) mediante gocciolio (cold drip). Come per la spremitura a freddo delle olive per i migliori oli o l'estrazione a freddo di succhi da frutta e verdura, la lenta estrazione a freddo del caff\u00e8 mantiene inalterate tutte le propriet\u00e0 organolettiche, enfatizzando la dolcezza naturale del caff\u00e8 e garantendo una bevanda pi\u00f9 digeribile dal punto di vista gastrico.  Per questa attrezzatura non sono necessari filtri di carta perch\u00e9 utilizza due speciali membrane microfiltranti riutilizzabili per assicurare una saturazione uniforme del caff\u00e8 macinato da parte dell'acqua e una bevanda priva di sedimenti. BRRREWER \u00e8 un prodotto molto versatile che consente di sperimentare svariate ricette di Cold Drip Coffee (anche conosciuto come Cold Brew) secondo le ultime tendenze della coffee mixology e cucina molecolare.  Ispirato all\u2019iconica luce dorata che fa da sfondo agli happy hour che animano le spiagge al tramonto. Questo modello presenta un telaio color bronzo e una particolare colorazione del serbatoio e del basket che conferiscono una sensazione di calore ad ogni ambiente.","og_url":"https:\/\/essense.coffee\/it\/prodotto\/brrrewer-lounge-sunset\/","og_site_name":"Essense Coffee","article_modified_time":"2025-10-07T08:14:50+00:00","og_image":[{"width":1080,"height":1080,"url":"https:\/\/essense.coffee\/wp-content\/uploads\/2023\/02\/brrrewer-lounge-sunset-1.jpg","type":"image\/jpeg"}],"twitter_card":"summary_large_image","schema":{"@context":"https:\/\/schema.org","@graph":[{"@type":"WebPage","@id":"https:\/\/essense.coffee\/it\/prodotto\/brrrewer-lounge-sunset\/","url":"https:\/\/essense.coffee\/it\/prodotto\/brrrewer-lounge-sunset\/","name":"BRRREWER LOUNGE - Sunset - Essense Coffee","isPartOf":{"@id":"https:\/\/essense.coffee\/it\/#website"},"datePublished":"2023-04-13T08:12:02+00:00","dateModified":"2025-10-07T08:14:50+00:00","breadcrumb":{"@id":"https:\/\/essense.coffee\/it\/prodotto\/brrrewer-lounge-sunset\/#breadcrumb"},"inLanguage":"it-IT","potentialAction":[{"@type":"ReadAction","target":["https:\/\/essense.coffee\/it\/prodotto\/brrrewer-lounge-sunset\/"]}]},{"@type":"BreadcrumbList","@id":"https:\/\/essense.coffee\/it\/prodotto\/brrrewer-lounge-sunset\/#breadcrumb","itemListElement":[{"@type":"ListItem","position":1,"name":"Shop","item":"\/categorie-shop"},{"@type":"ListItem","position":2,"name":"APPLICAZIONE","item":"https:\/\/essense.coffee\/it\/categoria-prodotto\/applicazione\/"},{"@type":"ListItem","position":3,"name":"PRODOTTI","item":"https:\/\/essense.coffee\/it\/categoria-prodotto\/applicazione\/prodotti\/"},{"@type":"ListItem","position":4,"name":"BRAND","item":"https:\/\/essense.coffee\/it\/categoria-prodotto\/applicazione\/prodotti\/brand\/"},{"@type":"ListItem","position":5,"name":"BRRREWER","item":"https:\/\/essense.coffee\/it\/categoria-prodotto\/applicazione\/prodotti\/brand\/brrrewer\/"},{"@type":"ListItem","position":6,"name":"LOUNGE &#8211; Sunset"}]},{"@type":"WebSite","@id":"https:\/\/essense.coffee\/it\/#website","url":"https:\/\/essense.coffee\/it\/","name":"Essense Coffee","description":"The best coffee instruments and our very own single-portioned coffee for every brewing method.","publisher":{"@id":"https:\/\/essense.coffee\/it\/#organization"},"potentialAction":[{"@type":"SearchAction","target":{"@type":"EntryPoint","urlTemplate":"https:\/\/essense.coffee\/it\/?s={search_term_string}"},"query-input":"required name=search_term_string"}],"inLanguage":"it-IT"},{"@type":"Organization","@id":"https:\/\/essense.coffee\/it\/#organization","name":"Essense Coffee","url":"https:\/\/essense.coffee\/it\/","logo":{"@type":"ImageObject","inLanguage":"it-IT","@id":"https:\/\/essense.coffee\/it\/#\/schema\/logo\/image\/","url":"https:\/\/essense.coffee\/wp-content\/uploads\/2020\/05\/Logo-Essense-300x300-1.jpg","contentUrl":"https:\/\/essense.coffee\/wp-content\/uploads\/2020\/05\/Logo-Essense-300x300-1.jpg","width":300,"height":300,"caption":"Essense Coffee"},"image":{"@id":"https:\/\/essense.coffee\/it\/#\/schema\/logo\/image\/"}}]}},"_links":{"self":[{"href":"https:\/\/essense.coffee\/it\/wp-json\/wp\/v2\/product\/22655"}],"collection":[{"href":"https:\/\/essense.coffee\/it\/wp-json\/wp\/v2\/product"}],"about":[{"href":"https:\/\/essense.coffee\/it\/wp-json\/wp\/v2\/types\/product"}],"replies":[{"embeddable":true,"href":"https:\/\/essense.coffee\/it\/wp-json\/wp\/v2\/comments?post=22655"}],"wp:featuredmedia":[{"embeddable":true,"href":"https:\/\/essense.coffee\/it\/wp-json\/wp\/v2\/media\/22507"}],"wp:attachment":[{"href":"https:\/\/essense.coffee\/it\/wp-json\/wp\/v2\/media?parent=22655"}],"wp:term":[{"taxonomy":"product_cat","embeddable":true,"href":"https:\/\/essense.coffee\/it\/wp-json\/wp\/v2\/product_cat?post=22655"},{"taxonomy":"product_tag","embeddable":true,"href":"https:\/\/essense.coffee\/it\/wp-json\/wp\/v2\/product_tag?post=22655"}],"curies":[{"name":"wp","href":"https:\/\/api.w.org\/{rel}","templated":true}]}}