{"id":22340,"date":"2022-11-21T14:45:01","date_gmt":"2022-11-21T13:45:01","guid":{"rendered":"https:\/\/essense.coffee\/?post_type=product&#038;p=22340"},"modified":"2026-03-27T16:51:59","modified_gmt":"2026-03-27T15:51:59","slug":"x25-trailmaster-dune","status":"publish","type":"product","link":"https:\/\/essense.coffee\/it\/prodotto\/x25-trailmaster-dune\/","title":{"rendered":"X25 TRAILMASTER DUNE"},"content":{"rendered":"","protected":false},"excerpt":{"rendered":"<p>Il <strong>nuovo COMANDANTE X25 TRAILMASTER<\/strong> \u00e8 un <strong>macinacaff\u00e8<\/strong> ultra robusto, leggero ed ergonomico, progettato per l&#8217;avventura e la vita outdoor. E&#8217; il compagno ideale per non rinunciare ad un ottimo caff\u00e8 anche durante le gite all&#8217;aperto.<\/p>\n<p>Il corpo poligonale \u00e8 accuratamente modellato in un unico pezzo utilizzando tecniche all&#8217;avanguardia. La selezione del miglior materiale per un utilizzo in outdoor \u00e8 fondamentale. Dopo un&#8217;approfondita ricerca e altrettanti test sul campo, gli ingegneri di Comandante hanno selezionato il QTP, uno <strong>speciale tecnopolimero rinforzato<\/strong> come materiale preferito per i nuovi prodotti per esterni della nuova gamma. Il <strong>QTP<\/strong> \u00e8 un tecnopolimero ad alte prestazioni con una notevole quantit\u00e0 di particelle di rinforzo in quarzo, intrecciate in una matrice polimerica a catena lunga, super elastica e resistente. Alla vista sembra ceramica, ma si comporta come un super composito tecnico. Originariamente sviluppato per l&#8217;ingegneria meccanica e delle apparecchiature, questo composito viene utilizzato anche nell&#8217;industria automobilistica per componenti di cuscinetti e cambi. Adatto al contatto con gli alimenti, vi stupir\u00e0 per la sua ergonomicit\u00e0 e durevolezza.<\/p>\n<p><strong> TRAILMASTER Dune <\/strong> \u00e8 dotato di<strong> macine\u00a0 Nitro Blade <\/strong>\u00a0per mantenere anche su questo modello le medesime prestazioni di macinatura che fanno dei macinacaff\u00e8 Comandante un must riconosciuto a livello mondiale. Tali macine coniche in acciaio inox assicurano una granulometria particolarmente regolare, con poca produzione di <em>fines<\/em>. Il<strong> sistema di regolazione a click<\/strong> \u00e8 di facile utilizzo e precisione impeccabile, ulteriormente affinabile con il kit Red Click.<\/p>\n","protected":false},"featured_media":22540,"comment_status":"open","ping_status":"closed","template":"","meta":[],"product_cat":[315,311,85,294],"product_tag":[],"bundle_layout":"","bundled_by":[],"bundled_items":[],"yoast_head":"<!-- This site is optimized with the Yoast SEO plugin v21.2 - https:\/\/yoast.com\/wordpress\/plugins\/seo\/ -->\n<title>COMANDANTE X25 TRAILMASTER DUNE<\/title>\n<meta name=\"robots\" content=\"index, follow, max-snippet:-1, max-image-preview:large, max-video-preview:-1\" \/>\n<link rel=\"canonical\" href=\"https:\/\/essense.coffee\/it\/prodotto\/x25-trailmaster-dune\/\" \/>\n<meta property=\"og:locale\" content=\"it_IT\" \/>\n<meta property=\"og:type\" content=\"article\" \/>\n<meta property=\"og:title\" content=\"COMANDANTE X25 TRAILMASTER DUNE\" \/>\n<meta property=\"og:description\" content=\"Il nuovo COMANDANTE X25 TRAILMASTER \u00e8 un macinacaff\u00e8 ultra robusto, leggero ed ergonomico, progettato per l&#039;avventura e la vita outdoor. E&#039; il compagno ideale per non rinunciare ad un ottimo caff\u00e8 anche durante le gite all&#039;aperto.  Il corpo poligonale \u00e8 accuratamente modellato in un unico pezzo utilizzando tecniche all&#039;avanguardia. La selezione del miglior materiale per un utilizzo in outdoor \u00e8 fondamentale. Dopo un&#039;approfondita ricerca e altrettanti test sul campo, gli ingegneri di Comandante hanno selezionato il QTP, uno speciale tecnopolimero rinforzato come materiale preferito per i nuovi prodotti per esterni della nuova gamma. Il QTP \u00e8 un tecnopolimero ad alte prestazioni con una notevole quantit\u00e0 di particelle di rinforzo in quarzo, intrecciate in una matrice polimerica a catena lunga, super elastica e resistente. Alla vista sembra ceramica, ma si comporta come un super composito tecnico. Originariamente sviluppato per l&#039;ingegneria meccanica e delle apparecchiature, questo composito viene utilizzato anche nell&#039;industria automobilistica per componenti di cuscinetti e cambi. Adatto al contatto con gli alimenti, vi stupir\u00e0 per la sua ergonomicit\u00e0 e durevolezza.   TRAILMASTER Dune \u00e8 dotato di macine\u00a0 Nitro Blade \u00a0per mantenere anche su questo modello le medesime prestazioni di macinatura che fanno dei macinacaff\u00e8 Comandante un must riconosciuto a livello mondiale. Tali macine coniche in acciaio inox assicurano una granulometria particolarmente regolare, con poca produzione di fines. Il sistema di regolazione a click \u00e8 di facile utilizzo e precisione impeccabile, ulteriormente affinabile con il kit Red Click.\" \/>\n<meta property=\"og:url\" content=\"https:\/\/essense.coffee\/it\/prodotto\/x25-trailmaster-dune\/\" \/>\n<meta property=\"og:site_name\" content=\"Essense Coffee\" \/>\n<meta property=\"article:modified_time\" content=\"2026-03-27T15:51:59+00:00\" \/>\n<meta property=\"og:image\" content=\"https:\/\/essense.coffee\/wp-content\/uploads\/2023\/02\/Comandante-X25-Trailmaster-Dune_1.png\" \/>\n\t<meta property=\"og:image:width\" content=\"1080\" \/>\n\t<meta property=\"og:image:height\" content=\"1080\" \/>\n\t<meta property=\"og:image:type\" content=\"image\/png\" \/>\n<meta name=\"twitter:card\" content=\"summary_large_image\" \/>\n<script type=\"application\/ld+json\" class=\"yoast-schema-graph\">{\"@context\":\"https:\/\/schema.org\",\"@graph\":[{\"@type\":\"WebPage\",\"@id\":\"https:\/\/essense.coffee\/it\/prodotto\/x25-trailmaster-dune\/\",\"url\":\"https:\/\/essense.coffee\/it\/prodotto\/x25-trailmaster-dune\/\",\"name\":\"COMANDANTE X25 TRAILMASTER DUNE\",\"isPartOf\":{\"@id\":\"https:\/\/essense.coffee\/it\/#website\"},\"datePublished\":\"2022-11-21T13:45:01+00:00\",\"dateModified\":\"2026-03-27T15:51:59+00:00\",\"breadcrumb\":{\"@id\":\"https:\/\/essense.coffee\/it\/prodotto\/x25-trailmaster-dune\/#breadcrumb\"},\"inLanguage\":\"it-IT\",\"potentialAction\":[{\"@type\":\"ReadAction\",\"target\":[\"https:\/\/essense.coffee\/it\/prodotto\/x25-trailmaster-dune\/\"]}]},{\"@type\":\"BreadcrumbList\",\"@id\":\"https:\/\/essense.coffee\/it\/prodotto\/x25-trailmaster-dune\/#breadcrumb\",\"itemListElement\":[{\"@type\":\"ListItem\",\"position\":1,\"name\":\"Shop\",\"item\":\"\/categorie-shop\"},{\"@type\":\"ListItem\",\"position\":2,\"name\":\"ATTREZZATURA\",\"item\":\"https:\/\/essense.coffee\/it\/categoria-prodotto\/attrezzatura\/\"},{\"@type\":\"ListItem\",\"position\":3,\"name\":\"MACINACAFF\u00c8\",\"item\":\"https:\/\/essense.coffee\/it\/categoria-prodotto\/attrezzatura\/macinacaffe\/\"},{\"@type\":\"ListItem\",\"position\":4,\"name\":\"X25 TRAILMASTER DUNE\"}]},{\"@type\":\"WebSite\",\"@id\":\"https:\/\/essense.coffee\/it\/#website\",\"url\":\"https:\/\/essense.coffee\/it\/\",\"name\":\"Essense Coffee\",\"description\":\"The best coffee instruments and our very own single-portioned coffee for every brewing method.\",\"publisher\":{\"@id\":\"https:\/\/essense.coffee\/it\/#organization\"},\"potentialAction\":[{\"@type\":\"SearchAction\",\"target\":{\"@type\":\"EntryPoint\",\"urlTemplate\":\"https:\/\/essense.coffee\/it\/?s={search_term_string}\"},\"query-input\":\"required name=search_term_string\"}],\"inLanguage\":\"it-IT\"},{\"@type\":\"Organization\",\"@id\":\"https:\/\/essense.coffee\/it\/#organization\",\"name\":\"Essense Coffee\",\"url\":\"https:\/\/essense.coffee\/it\/\",\"logo\":{\"@type\":\"ImageObject\",\"inLanguage\":\"it-IT\",\"@id\":\"https:\/\/essense.coffee\/it\/#\/schema\/logo\/image\/\",\"url\":\"https:\/\/essense.coffee\/wp-content\/uploads\/2020\/05\/Logo-Essense-300x300-1.jpg\",\"contentUrl\":\"https:\/\/essense.coffee\/wp-content\/uploads\/2020\/05\/Logo-Essense-300x300-1.jpg\",\"width\":300,\"height\":300,\"caption\":\"Essense Coffee\"},\"image\":{\"@id\":\"https:\/\/essense.coffee\/it\/#\/schema\/logo\/image\/\"}}]}<\/script>\n<!-- \/ Yoast SEO plugin. -->","yoast_head_json":{"title":"COMANDANTE X25 TRAILMASTER DUNE","robots":{"index":"index","follow":"follow","max-snippet":"max-snippet:-1","max-image-preview":"max-image-preview:large","max-video-preview":"max-video-preview:-1"},"canonical":"https:\/\/essense.coffee\/it\/prodotto\/x25-trailmaster-dune\/","og_locale":"it_IT","og_type":"article","og_title":"COMANDANTE X25 TRAILMASTER DUNE","og_description":"Il nuovo COMANDANTE X25 TRAILMASTER \u00e8 un macinacaff\u00e8 ultra robusto, leggero ed ergonomico, progettato per l'avventura e la vita outdoor. E' il compagno ideale per non rinunciare ad un ottimo caff\u00e8 anche durante le gite all'aperto.  Il corpo poligonale \u00e8 accuratamente modellato in un unico pezzo utilizzando tecniche all'avanguardia. La selezione del miglior materiale per un utilizzo in outdoor \u00e8 fondamentale. Dopo un'approfondita ricerca e altrettanti test sul campo, gli ingegneri di Comandante hanno selezionato il QTP, uno speciale tecnopolimero rinforzato come materiale preferito per i nuovi prodotti per esterni della nuova gamma. Il QTP \u00e8 un tecnopolimero ad alte prestazioni con una notevole quantit\u00e0 di particelle di rinforzo in quarzo, intrecciate in una matrice polimerica a catena lunga, super elastica e resistente. Alla vista sembra ceramica, ma si comporta come un super composito tecnico. Originariamente sviluppato per l'ingegneria meccanica e delle apparecchiature, questo composito viene utilizzato anche nell'industria automobilistica per componenti di cuscinetti e cambi. Adatto al contatto con gli alimenti, vi stupir\u00e0 per la sua ergonomicit\u00e0 e durevolezza.   TRAILMASTER Dune \u00e8 dotato di macine\u00a0 Nitro Blade \u00a0per mantenere anche su questo modello le medesime prestazioni di macinatura che fanno dei macinacaff\u00e8 Comandante un must riconosciuto a livello mondiale. Tali macine coniche in acciaio inox assicurano una granulometria particolarmente regolare, con poca produzione di fines. Il sistema di regolazione a click \u00e8 di facile utilizzo e precisione impeccabile, ulteriormente affinabile con il kit Red Click.","og_url":"https:\/\/essense.coffee\/it\/prodotto\/x25-trailmaster-dune\/","og_site_name":"Essense Coffee","article_modified_time":"2026-03-27T15:51:59+00:00","og_image":[{"width":1080,"height":1080,"url":"https:\/\/essense.coffee\/wp-content\/uploads\/2023\/02\/Comandante-X25-Trailmaster-Dune_1.png","type":"image\/png"}],"twitter_card":"summary_large_image","schema":{"@context":"https:\/\/schema.org","@graph":[{"@type":"WebPage","@id":"https:\/\/essense.coffee\/it\/prodotto\/x25-trailmaster-dune\/","url":"https:\/\/essense.coffee\/it\/prodotto\/x25-trailmaster-dune\/","name":"COMANDANTE X25 TRAILMASTER DUNE","isPartOf":{"@id":"https:\/\/essense.coffee\/it\/#website"},"datePublished":"2022-11-21T13:45:01+00:00","dateModified":"2026-03-27T15:51:59+00:00","breadcrumb":{"@id":"https:\/\/essense.coffee\/it\/prodotto\/x25-trailmaster-dune\/#breadcrumb"},"inLanguage":"it-IT","potentialAction":[{"@type":"ReadAction","target":["https:\/\/essense.coffee\/it\/prodotto\/x25-trailmaster-dune\/"]}]},{"@type":"BreadcrumbList","@id":"https:\/\/essense.coffee\/it\/prodotto\/x25-trailmaster-dune\/#breadcrumb","itemListElement":[{"@type":"ListItem","position":1,"name":"Shop","item":"\/categorie-shop"},{"@type":"ListItem","position":2,"name":"ATTREZZATURA","item":"https:\/\/essense.coffee\/it\/categoria-prodotto\/attrezzatura\/"},{"@type":"ListItem","position":3,"name":"MACINACAFF\u00c8","item":"https:\/\/essense.coffee\/it\/categoria-prodotto\/attrezzatura\/macinacaffe\/"},{"@type":"ListItem","position":4,"name":"X25 TRAILMASTER DUNE"}]},{"@type":"WebSite","@id":"https:\/\/essense.coffee\/it\/#website","url":"https:\/\/essense.coffee\/it\/","name":"Essense Coffee","description":"The best coffee instruments and our very own single-portioned coffee for every brewing method.","publisher":{"@id":"https:\/\/essense.coffee\/it\/#organization"},"potentialAction":[{"@type":"SearchAction","target":{"@type":"EntryPoint","urlTemplate":"https:\/\/essense.coffee\/it\/?s={search_term_string}"},"query-input":"required name=search_term_string"}],"inLanguage":"it-IT"},{"@type":"Organization","@id":"https:\/\/essense.coffee\/it\/#organization","name":"Essense Coffee","url":"https:\/\/essense.coffee\/it\/","logo":{"@type":"ImageObject","inLanguage":"it-IT","@id":"https:\/\/essense.coffee\/it\/#\/schema\/logo\/image\/","url":"https:\/\/essense.coffee\/wp-content\/uploads\/2020\/05\/Logo-Essense-300x300-1.jpg","contentUrl":"https:\/\/essense.coffee\/wp-content\/uploads\/2020\/05\/Logo-Essense-300x300-1.jpg","width":300,"height":300,"caption":"Essense Coffee"},"image":{"@id":"https:\/\/essense.coffee\/it\/#\/schema\/logo\/image\/"}}]}},"_links":{"self":[{"href":"https:\/\/essense.coffee\/it\/wp-json\/wp\/v2\/product\/22340"}],"collection":[{"href":"https:\/\/essense.coffee\/it\/wp-json\/wp\/v2\/product"}],"about":[{"href":"https:\/\/essense.coffee\/it\/wp-json\/wp\/v2\/types\/product"}],"replies":[{"embeddable":true,"href":"https:\/\/essense.coffee\/it\/wp-json\/wp\/v2\/comments?post=22340"}],"wp:featuredmedia":[{"embeddable":true,"href":"https:\/\/essense.coffee\/it\/wp-json\/wp\/v2\/media\/22540"}],"wp:attachment":[{"href":"https:\/\/essense.coffee\/it\/wp-json\/wp\/v2\/media?parent=22340"}],"wp:term":[{"taxonomy":"product_cat","embeddable":true,"href":"https:\/\/essense.coffee\/it\/wp-json\/wp\/v2\/product_cat?post=22340"},{"taxonomy":"product_tag","embeddable":true,"href":"https:\/\/essense.coffee\/it\/wp-json\/wp\/v2\/product_tag?post=22340"}],"curies":[{"name":"wp","href":"https:\/\/api.w.org\/{rel}","templated":true}]}}