{"id":16860,"date":"2020-03-23T12:16:27","date_gmt":"2020-03-23T11:16:27","guid":{"rendered":"https:\/\/essense.coffee\/?post_type=product&#038;p=16860"},"modified":"2026-03-27T17:11:29","modified_gmt":"2026-03-27T16:11:29","slug":"filtro-competizione-moka","status":"publish","type":"product","link":"https:\/\/essense.coffee\/it\/prodotto\/filtro-competizione-moka\/","title":{"rendered":"FILTRO MOKA PRO"},"content":{"rendered":"","protected":false},"excerpt":{"rendered":"<p>Un filtro straordinario che ha rivoluzionato l&#8217;estrazione del caff\u00e8 con la classica caffettiera Moka. Disponibile nelle taglie 1 tazza, 2 tazze, 3 tazze e 6 tazze.<\/p>\n<p>L&#8217;obiettivo \u00e8 quello di enfatizzare note fruttate e ridurre l\u2019amaro nel caff\u00e8 con una corposit\u00e0 maggiore e una buona acidit\u00e0. Quindi questo filtro \u00e8 stato sviluppato con la tecnologia di fotoincisione che permette di ottenere fori molto pi\u00f9 piccoli: soli 0,2 mm rispetto a 0,8 mm di quelli tradizionali. Se stai cercando una tazza molto corposa e una texture sciropposa che sappia esaltare le migliori monorigini o gli Specialty Coffee, devi assolutamente provarlo.<br \/>\nPuoi adattarlo alla tua moka, come l\u2019iconica <a href=\"https:\/\/essense.coffee\/it\/prodotto\/moka-express\/\">Moka Express di Bialetti<\/a>, oppure provarlo gi\u00e0 incluso nei vari modelli di Moka di E&amp;B Lab.<\/p>\n","protected":false},"featured_media":16778,"comment_status":"open","ping_status":"closed","template":"","meta":[],"product_cat":[321,311,85,86,87,88,169,247],"product_tag":[],"bundle_layout":"","bundled_by":[],"bundled_items":[],"yoast_head":"<!-- This site is optimized with the Yoast SEO plugin v21.2 - https:\/\/yoast.com\/wordpress\/plugins\/seo\/ -->\n<title>E&amp;B LAB FILTRO MOKA PRO - Essense Coffee<\/title>\n<meta name=\"robots\" content=\"index, follow, max-snippet:-1, max-image-preview:large, max-video-preview:-1\" \/>\n<link rel=\"canonical\" href=\"https:\/\/essense.coffee\/it\/prodotto\/filtro-competizione-moka\/\" \/>\n<meta property=\"og:locale\" content=\"it_IT\" \/>\n<meta property=\"og:type\" content=\"article\" \/>\n<meta property=\"og:title\" content=\"E&amp;B LAB FILTRO MOKA PRO - Essense Coffee\" \/>\n<meta property=\"og:description\" content=\"Un filtro straordinario che ha rivoluzionato l&#039;estrazione del caff\u00e8 con la classica caffettiera Moka. Disponibile nelle taglie 1 tazza, 2 tazze, 3 tazze e 6 tazze.  L&#039;obiettivo \u00e8 quello di enfatizzare note fruttate e ridurre l\u2019amaro nel caff\u00e8 con una corposit\u00e0 maggiore e una buona acidit\u00e0. Quindi questo filtro \u00e8 stato sviluppato con la tecnologia di fotoincisione che permette di ottenere fori molto pi\u00f9 piccoli: soli 0,2 mm rispetto a 0,8 mm di quelli tradizionali. Se stai cercando una tazza molto corposa e una texture sciropposa che sappia esaltare le migliori monorigini o gli Specialty Coffee, devi assolutamente provarlo. Puoi adattarlo alla tua moka, come l\u2019iconica Moka Express di Bialetti, oppure provarlo gi\u00e0 incluso nei vari modelli di Moka di E&amp;B Lab.\" \/>\n<meta property=\"og:url\" content=\"https:\/\/essense.coffee\/it\/prodotto\/filtro-competizione-moka\/\" \/>\n<meta property=\"og:site_name\" content=\"Essense Coffee\" \/>\n<meta property=\"article:modified_time\" content=\"2026-03-27T16:11:29+00:00\" \/>\n<meta property=\"og:image\" content=\"https:\/\/essense.coffee\/wp-content\/uploads\/2020\/03\/moka_eb.jpg\" \/>\n\t<meta property=\"og:image:width\" content=\"900\" \/>\n\t<meta property=\"og:image:height\" content=\"900\" \/>\n\t<meta property=\"og:image:type\" content=\"image\/jpeg\" \/>\n<meta name=\"twitter:card\" content=\"summary_large_image\" \/>\n<script type=\"application\/ld+json\" class=\"yoast-schema-graph\">{\"@context\":\"https:\/\/schema.org\",\"@graph\":[{\"@type\":\"WebPage\",\"@id\":\"https:\/\/essense.coffee\/it\/prodotto\/filtro-competizione-moka\/\",\"url\":\"https:\/\/essense.coffee\/it\/prodotto\/filtro-competizione-moka\/\",\"name\":\"E&amp;B LAB FILTRO MOKA PRO - Essense Coffee\",\"isPartOf\":{\"@id\":\"https:\/\/essense.coffee\/it\/#website\"},\"datePublished\":\"2020-03-23T11:16:27+00:00\",\"dateModified\":\"2026-03-27T16:11:29+00:00\",\"breadcrumb\":{\"@id\":\"https:\/\/essense.coffee\/it\/prodotto\/filtro-competizione-moka\/#breadcrumb\"},\"inLanguage\":\"it-IT\",\"potentialAction\":[{\"@type\":\"ReadAction\",\"target\":[\"https:\/\/essense.coffee\/it\/prodotto\/filtro-competizione-moka\/\"]}]},{\"@type\":\"BreadcrumbList\",\"@id\":\"https:\/\/essense.coffee\/it\/prodotto\/filtro-competizione-moka\/#breadcrumb\",\"itemListElement\":[{\"@type\":\"ListItem\",\"position\":1,\"name\":\"Shop\",\"item\":\"\/categorie-shop\"},{\"@type\":\"ListItem\",\"position\":2,\"name\":\"ATTREZZATURA\",\"item\":\"https:\/\/essense.coffee\/it\/categoria-prodotto\/attrezzatura\/\"},{\"@type\":\"ListItem\",\"position\":3,\"name\":\"FILTRI\",\"item\":\"https:\/\/essense.coffee\/it\/categoria-prodotto\/attrezzatura\/filtri\/\"},{\"@type\":\"ListItem\",\"position\":4,\"name\":\"FILTRO MOKA PRO\"}]},{\"@type\":\"WebSite\",\"@id\":\"https:\/\/essense.coffee\/it\/#website\",\"url\":\"https:\/\/essense.coffee\/it\/\",\"name\":\"Essense Coffee\",\"description\":\"The best coffee instruments and our very own single-portioned coffee for every brewing method.\",\"publisher\":{\"@id\":\"https:\/\/essense.coffee\/it\/#organization\"},\"potentialAction\":[{\"@type\":\"SearchAction\",\"target\":{\"@type\":\"EntryPoint\",\"urlTemplate\":\"https:\/\/essense.coffee\/it\/?s={search_term_string}\"},\"query-input\":\"required name=search_term_string\"}],\"inLanguage\":\"it-IT\"},{\"@type\":\"Organization\",\"@id\":\"https:\/\/essense.coffee\/it\/#organization\",\"name\":\"Essense Coffee\",\"url\":\"https:\/\/essense.coffee\/it\/\",\"logo\":{\"@type\":\"ImageObject\",\"inLanguage\":\"it-IT\",\"@id\":\"https:\/\/essense.coffee\/it\/#\/schema\/logo\/image\/\",\"url\":\"https:\/\/essense.coffee\/wp-content\/uploads\/2020\/05\/Logo-Essense-300x300-1.jpg\",\"contentUrl\":\"https:\/\/essense.coffee\/wp-content\/uploads\/2020\/05\/Logo-Essense-300x300-1.jpg\",\"width\":300,\"height\":300,\"caption\":\"Essense Coffee\"},\"image\":{\"@id\":\"https:\/\/essense.coffee\/it\/#\/schema\/logo\/image\/\"}}]}<\/script>\n<!-- \/ Yoast SEO plugin. -->","yoast_head_json":{"title":"E&amp;B LAB FILTRO MOKA PRO - Essense Coffee","robots":{"index":"index","follow":"follow","max-snippet":"max-snippet:-1","max-image-preview":"max-image-preview:large","max-video-preview":"max-video-preview:-1"},"canonical":"https:\/\/essense.coffee\/it\/prodotto\/filtro-competizione-moka\/","og_locale":"it_IT","og_type":"article","og_title":"E&amp;B LAB FILTRO MOKA PRO - Essense Coffee","og_description":"Un filtro straordinario che ha rivoluzionato l'estrazione del caff\u00e8 con la classica caffettiera Moka. Disponibile nelle taglie 1 tazza, 2 tazze, 3 tazze e 6 tazze.  L'obiettivo \u00e8 quello di enfatizzare note fruttate e ridurre l\u2019amaro nel caff\u00e8 con una corposit\u00e0 maggiore e una buona acidit\u00e0. Quindi questo filtro \u00e8 stato sviluppato con la tecnologia di fotoincisione che permette di ottenere fori molto pi\u00f9 piccoli: soli 0,2 mm rispetto a 0,8 mm di quelli tradizionali. Se stai cercando una tazza molto corposa e una texture sciropposa che sappia esaltare le migliori monorigini o gli Specialty Coffee, devi assolutamente provarlo. Puoi adattarlo alla tua moka, come l\u2019iconica Moka Express di Bialetti, oppure provarlo gi\u00e0 incluso nei vari modelli di Moka di E&amp;B Lab.","og_url":"https:\/\/essense.coffee\/it\/prodotto\/filtro-competizione-moka\/","og_site_name":"Essense Coffee","article_modified_time":"2026-03-27T16:11:29+00:00","og_image":[{"width":900,"height":900,"url":"https:\/\/essense.coffee\/wp-content\/uploads\/2020\/03\/moka_eb.jpg","type":"image\/jpeg"}],"twitter_card":"summary_large_image","schema":{"@context":"https:\/\/schema.org","@graph":[{"@type":"WebPage","@id":"https:\/\/essense.coffee\/it\/prodotto\/filtro-competizione-moka\/","url":"https:\/\/essense.coffee\/it\/prodotto\/filtro-competizione-moka\/","name":"E&amp;B LAB FILTRO MOKA PRO - Essense Coffee","isPartOf":{"@id":"https:\/\/essense.coffee\/it\/#website"},"datePublished":"2020-03-23T11:16:27+00:00","dateModified":"2026-03-27T16:11:29+00:00","breadcrumb":{"@id":"https:\/\/essense.coffee\/it\/prodotto\/filtro-competizione-moka\/#breadcrumb"},"inLanguage":"it-IT","potentialAction":[{"@type":"ReadAction","target":["https:\/\/essense.coffee\/it\/prodotto\/filtro-competizione-moka\/"]}]},{"@type":"BreadcrumbList","@id":"https:\/\/essense.coffee\/it\/prodotto\/filtro-competizione-moka\/#breadcrumb","itemListElement":[{"@type":"ListItem","position":1,"name":"Shop","item":"\/categorie-shop"},{"@type":"ListItem","position":2,"name":"ATTREZZATURA","item":"https:\/\/essense.coffee\/it\/categoria-prodotto\/attrezzatura\/"},{"@type":"ListItem","position":3,"name":"FILTRI","item":"https:\/\/essense.coffee\/it\/categoria-prodotto\/attrezzatura\/filtri\/"},{"@type":"ListItem","position":4,"name":"FILTRO MOKA PRO"}]},{"@type":"WebSite","@id":"https:\/\/essense.coffee\/it\/#website","url":"https:\/\/essense.coffee\/it\/","name":"Essense Coffee","description":"The best coffee instruments and our very own single-portioned coffee for every brewing method.","publisher":{"@id":"https:\/\/essense.coffee\/it\/#organization"},"potentialAction":[{"@type":"SearchAction","target":{"@type":"EntryPoint","urlTemplate":"https:\/\/essense.coffee\/it\/?s={search_term_string}"},"query-input":"required name=search_term_string"}],"inLanguage":"it-IT"},{"@type":"Organization","@id":"https:\/\/essense.coffee\/it\/#organization","name":"Essense Coffee","url":"https:\/\/essense.coffee\/it\/","logo":{"@type":"ImageObject","inLanguage":"it-IT","@id":"https:\/\/essense.coffee\/it\/#\/schema\/logo\/image\/","url":"https:\/\/essense.coffee\/wp-content\/uploads\/2020\/05\/Logo-Essense-300x300-1.jpg","contentUrl":"https:\/\/essense.coffee\/wp-content\/uploads\/2020\/05\/Logo-Essense-300x300-1.jpg","width":300,"height":300,"caption":"Essense Coffee"},"image":{"@id":"https:\/\/essense.coffee\/it\/#\/schema\/logo\/image\/"}}]}},"_links":{"self":[{"href":"https:\/\/essense.coffee\/it\/wp-json\/wp\/v2\/product\/16860"}],"collection":[{"href":"https:\/\/essense.coffee\/it\/wp-json\/wp\/v2\/product"}],"about":[{"href":"https:\/\/essense.coffee\/it\/wp-json\/wp\/v2\/types\/product"}],"replies":[{"embeddable":true,"href":"https:\/\/essense.coffee\/it\/wp-json\/wp\/v2\/comments?post=16860"}],"wp:featuredmedia":[{"embeddable":true,"href":"https:\/\/essense.coffee\/it\/wp-json\/wp\/v2\/media\/16778"}],"wp:attachment":[{"href":"https:\/\/essense.coffee\/it\/wp-json\/wp\/v2\/media?parent=16860"}],"wp:term":[{"taxonomy":"product_cat","embeddable":true,"href":"https:\/\/essense.coffee\/it\/wp-json\/wp\/v2\/product_cat?post=16860"},{"taxonomy":"product_tag","embeddable":true,"href":"https:\/\/essense.coffee\/it\/wp-json\/wp\/v2\/product_tag?post=16860"}],"curies":[{"name":"wp","href":"https:\/\/api.w.org\/{rel}","templated":true}]}}