{"id":16804,"date":"2020-03-23T09:04:40","date_gmt":"2020-03-23T08:04:40","guid":{"rendered":"https:\/\/essense.coffee\/?post_type=product&#038;p=16804"},"modified":"2026-03-27T17:12:28","modified_gmt":"2026-03-27T16:12:28","slug":"moka-classic-3-tazze","status":"publish","type":"product","link":"https:\/\/essense.coffee\/it\/prodotto\/moka-classic-3-tazze\/","title":{"rendered":"MOKA CLASSIC"},"content":{"rendered":"","protected":false},"excerpt":{"rendered":"<p>Questa incredibile moka \u00e8 diventata un punto di riferimento per gli amanti del caff\u00e8. Grazie al suo design, ai materiali all&#8217;avanguardia e all&#8217;uso <a href=\"https:\/\/essense.coffee\/it\/prodotto\/filtro-competizione-moka\/\">dell&#8217;esclusivo filtro<\/a>, \u00e8 possibile ottenere un risultato in tazza straordinario.<\/p>\n","protected":false},"featured_media":17024,"comment_status":"open","ping_status":"closed","template":"","meta":[],"product_cat":[321,311,85,86,169,247],"product_tag":[],"bundle_layout":"","bundled_by":["17039"],"bundled_items":[],"yoast_head":"<!-- This site is optimized with the Yoast SEO plugin v21.2 - https:\/\/yoast.com\/wordpress\/plugins\/seo\/ -->\n<title>E&amp;B LAB MOKA CLASSIC - Essense Coffee<\/title>\n<meta name=\"robots\" content=\"index, follow, max-snippet:-1, max-image-preview:large, max-video-preview:-1\" \/>\n<link rel=\"canonical\" href=\"https:\/\/essense.coffee\/it\/prodotto\/moka-classic-3-tazze\/\" \/>\n<meta property=\"og:locale\" content=\"it_IT\" \/>\n<meta property=\"og:type\" content=\"article\" \/>\n<meta property=\"og:title\" content=\"E&amp;B LAB MOKA CLASSIC - Essense Coffee\" \/>\n<meta property=\"og:description\" content=\"Questa incredibile moka \u00e8 diventata un punto di riferimento per gli amanti del caff\u00e8. Grazie al suo design, ai materiali all&#039;avanguardia e all&#039;uso dell&#039;esclusivo filtro, \u00e8 possibile ottenere un risultato in tazza straordinario.\" \/>\n<meta property=\"og:url\" content=\"https:\/\/essense.coffee\/it\/prodotto\/moka-classic-3-tazze\/\" \/>\n<meta property=\"og:site_name\" content=\"Essense Coffee\" \/>\n<meta property=\"article:modified_time\" content=\"2026-03-27T16:12:28+00:00\" \/>\n<meta property=\"og:image\" content=\"https:\/\/essense.coffee\/wp-content\/uploads\/2020\/03\/moka-classic_900x900.jpg\" \/>\n\t<meta property=\"og:image:width\" content=\"900\" \/>\n\t<meta property=\"og:image:height\" content=\"900\" \/>\n\t<meta property=\"og:image:type\" content=\"image\/jpeg\" \/>\n<meta name=\"twitter:card\" content=\"summary_large_image\" \/>\n<script type=\"application\/ld+json\" class=\"yoast-schema-graph\">{\"@context\":\"https:\/\/schema.org\",\"@graph\":[{\"@type\":\"WebPage\",\"@id\":\"https:\/\/essense.coffee\/it\/prodotto\/moka-classic-3-tazze\/\",\"url\":\"https:\/\/essense.coffee\/it\/prodotto\/moka-classic-3-tazze\/\",\"name\":\"E&amp;B LAB MOKA CLASSIC - Essense Coffee\",\"isPartOf\":{\"@id\":\"https:\/\/essense.coffee\/it\/#website\"},\"datePublished\":\"2020-03-23T08:04:40+00:00\",\"dateModified\":\"2026-03-27T16:12:28+00:00\",\"breadcrumb\":{\"@id\":\"https:\/\/essense.coffee\/it\/prodotto\/moka-classic-3-tazze\/#breadcrumb\"},\"inLanguage\":\"it-IT\",\"potentialAction\":[{\"@type\":\"ReadAction\",\"target\":[\"https:\/\/essense.coffee\/it\/prodotto\/moka-classic-3-tazze\/\"]}]},{\"@type\":\"BreadcrumbList\",\"@id\":\"https:\/\/essense.coffee\/it\/prodotto\/moka-classic-3-tazze\/#breadcrumb\",\"itemListElement\":[{\"@type\":\"ListItem\",\"position\":1,\"name\":\"Shop\",\"item\":\"\/categorie-shop\"},{\"@type\":\"ListItem\",\"position\":2,\"name\":\"ATTREZZATURA\",\"item\":\"https:\/\/essense.coffee\/it\/categoria-prodotto\/attrezzatura\/\"},{\"@type\":\"ListItem\",\"position\":3,\"name\":\"BREWING\",\"item\":\"https:\/\/essense.coffee\/it\/categoria-prodotto\/attrezzatura\/brewing\/\"},{\"@type\":\"ListItem\",\"position\":4,\"name\":\"MOKA CLASSIC\"}]},{\"@type\":\"WebSite\",\"@id\":\"https:\/\/essense.coffee\/it\/#website\",\"url\":\"https:\/\/essense.coffee\/it\/\",\"name\":\"Essense Coffee\",\"description\":\"The best coffee instruments and our very own single-portioned coffee for every brewing method.\",\"publisher\":{\"@id\":\"https:\/\/essense.coffee\/it\/#organization\"},\"potentialAction\":[{\"@type\":\"SearchAction\",\"target\":{\"@type\":\"EntryPoint\",\"urlTemplate\":\"https:\/\/essense.coffee\/it\/?s={search_term_string}\"},\"query-input\":\"required name=search_term_string\"}],\"inLanguage\":\"it-IT\"},{\"@type\":\"Organization\",\"@id\":\"https:\/\/essense.coffee\/it\/#organization\",\"name\":\"Essense Coffee\",\"url\":\"https:\/\/essense.coffee\/it\/\",\"logo\":{\"@type\":\"ImageObject\",\"inLanguage\":\"it-IT\",\"@id\":\"https:\/\/essense.coffee\/it\/#\/schema\/logo\/image\/\",\"url\":\"https:\/\/essense.coffee\/wp-content\/uploads\/2020\/05\/Logo-Essense-300x300-1.jpg\",\"contentUrl\":\"https:\/\/essense.coffee\/wp-content\/uploads\/2020\/05\/Logo-Essense-300x300-1.jpg\",\"width\":300,\"height\":300,\"caption\":\"Essense Coffee\"},\"image\":{\"@id\":\"https:\/\/essense.coffee\/it\/#\/schema\/logo\/image\/\"}}]}<\/script>\n<!-- \/ Yoast SEO plugin. -->","yoast_head_json":{"title":"E&amp;B LAB MOKA CLASSIC - Essense Coffee","robots":{"index":"index","follow":"follow","max-snippet":"max-snippet:-1","max-image-preview":"max-image-preview:large","max-video-preview":"max-video-preview:-1"},"canonical":"https:\/\/essense.coffee\/it\/prodotto\/moka-classic-3-tazze\/","og_locale":"it_IT","og_type":"article","og_title":"E&amp;B LAB MOKA CLASSIC - Essense Coffee","og_description":"Questa incredibile moka \u00e8 diventata un punto di riferimento per gli amanti del caff\u00e8. Grazie al suo design, ai materiali all'avanguardia e all'uso dell'esclusivo filtro, \u00e8 possibile ottenere un risultato in tazza straordinario.","og_url":"https:\/\/essense.coffee\/it\/prodotto\/moka-classic-3-tazze\/","og_site_name":"Essense Coffee","article_modified_time":"2026-03-27T16:12:28+00:00","og_image":[{"width":900,"height":900,"url":"https:\/\/essense.coffee\/wp-content\/uploads\/2020\/03\/moka-classic_900x900.jpg","type":"image\/jpeg"}],"twitter_card":"summary_large_image","schema":{"@context":"https:\/\/schema.org","@graph":[{"@type":"WebPage","@id":"https:\/\/essense.coffee\/it\/prodotto\/moka-classic-3-tazze\/","url":"https:\/\/essense.coffee\/it\/prodotto\/moka-classic-3-tazze\/","name":"E&amp;B LAB MOKA CLASSIC - Essense Coffee","isPartOf":{"@id":"https:\/\/essense.coffee\/it\/#website"},"datePublished":"2020-03-23T08:04:40+00:00","dateModified":"2026-03-27T16:12:28+00:00","breadcrumb":{"@id":"https:\/\/essense.coffee\/it\/prodotto\/moka-classic-3-tazze\/#breadcrumb"},"inLanguage":"it-IT","potentialAction":[{"@type":"ReadAction","target":["https:\/\/essense.coffee\/it\/prodotto\/moka-classic-3-tazze\/"]}]},{"@type":"BreadcrumbList","@id":"https:\/\/essense.coffee\/it\/prodotto\/moka-classic-3-tazze\/#breadcrumb","itemListElement":[{"@type":"ListItem","position":1,"name":"Shop","item":"\/categorie-shop"},{"@type":"ListItem","position":2,"name":"ATTREZZATURA","item":"https:\/\/essense.coffee\/it\/categoria-prodotto\/attrezzatura\/"},{"@type":"ListItem","position":3,"name":"BREWING","item":"https:\/\/essense.coffee\/it\/categoria-prodotto\/attrezzatura\/brewing\/"},{"@type":"ListItem","position":4,"name":"MOKA CLASSIC"}]},{"@type":"WebSite","@id":"https:\/\/essense.coffee\/it\/#website","url":"https:\/\/essense.coffee\/it\/","name":"Essense Coffee","description":"The best coffee instruments and our very own single-portioned coffee for every brewing method.","publisher":{"@id":"https:\/\/essense.coffee\/it\/#organization"},"potentialAction":[{"@type":"SearchAction","target":{"@type":"EntryPoint","urlTemplate":"https:\/\/essense.coffee\/it\/?s={search_term_string}"},"query-input":"required name=search_term_string"}],"inLanguage":"it-IT"},{"@type":"Organization","@id":"https:\/\/essense.coffee\/it\/#organization","name":"Essense Coffee","url":"https:\/\/essense.coffee\/it\/","logo":{"@type":"ImageObject","inLanguage":"it-IT","@id":"https:\/\/essense.coffee\/it\/#\/schema\/logo\/image\/","url":"https:\/\/essense.coffee\/wp-content\/uploads\/2020\/05\/Logo-Essense-300x300-1.jpg","contentUrl":"https:\/\/essense.coffee\/wp-content\/uploads\/2020\/05\/Logo-Essense-300x300-1.jpg","width":300,"height":300,"caption":"Essense Coffee"},"image":{"@id":"https:\/\/essense.coffee\/it\/#\/schema\/logo\/image\/"}}]}},"_links":{"self":[{"href":"https:\/\/essense.coffee\/it\/wp-json\/wp\/v2\/product\/16804"}],"collection":[{"href":"https:\/\/essense.coffee\/it\/wp-json\/wp\/v2\/product"}],"about":[{"href":"https:\/\/essense.coffee\/it\/wp-json\/wp\/v2\/types\/product"}],"replies":[{"embeddable":true,"href":"https:\/\/essense.coffee\/it\/wp-json\/wp\/v2\/comments?post=16804"}],"wp:featuredmedia":[{"embeddable":true,"href":"https:\/\/essense.coffee\/it\/wp-json\/wp\/v2\/media\/17024"}],"wp:attachment":[{"href":"https:\/\/essense.coffee\/it\/wp-json\/wp\/v2\/media?parent=16804"}],"wp:term":[{"taxonomy":"product_cat","embeddable":true,"href":"https:\/\/essense.coffee\/it\/wp-json\/wp\/v2\/product_cat?post=16804"},{"taxonomy":"product_tag","embeddable":true,"href":"https:\/\/essense.coffee\/it\/wp-json\/wp\/v2\/product_tag?post=16804"}],"curies":[{"name":"wp","href":"https:\/\/api.w.org\/{rel}","templated":true}]}}