{"id":14639,"date":"2019-11-15T10:35:20","date_gmt":"2019-11-15T09:35:20","guid":{"rendered":"https:\/\/essense.coffee\/?post_type=product&#038;p=14639"},"modified":"2021-11-12T21:52:06","modified_gmt":"2021-11-12T20:52:06","slug":"calendario-avvento-2019","status":"publish","type":"product","link":"https:\/\/essense.coffee\/it\/prodotto\/calendario-avvento-2019\/","title":{"rendered":"CALENDARIO DELL&#8217;AVVENTO"},"content":{"rendered":"","protected":false},"excerpt":{"rendered":"<p>Selezione di differenti caff\u00e8 nel formato GROUNDtoENJOY pronti per il brewing.<\/p>\n<p>La confezione ideale da regalare (o regalarsi) per degustare in ogni giorno dell&#8217;avvento un caff\u00e8 speciale.<\/p>\n<p>Ogni GROUNDtoENJOY \u00e8 corredato dalla propria Coffee Card da collezione per scoprire la storia di ciascun caff\u00e8 e intraprendere un viaggio sensoriale ad ogni tazza.<\/p>\n<p>CONSEGNA GARANTITA ENTRO IL 29 NOVEMBRE<\/p>\n","protected":false},"featured_media":14664,"comment_status":"open","ping_status":"closed","template":"","meta":[],"product_cat":[177],"product_tag":[],"bundle_layout":"","bundled_by":["14685","14687"],"bundled_items":[],"yoast_head":"<!-- This site is optimized with the Yoast SEO plugin v21.2 - https:\/\/yoast.com\/wordpress\/plugins\/seo\/ -->\n<title>2019 CALENDARIO DELL&#039;AVVENTO - Essense Coffee<\/title>\n<meta name=\"robots\" content=\"index, follow, max-snippet:-1, max-image-preview:large, max-video-preview:-1\" \/>\n<link rel=\"canonical\" href=\"https:\/\/essense.coffee\/it\/prodotto\/calendario-avvento-2019\/\" \/>\n<meta property=\"og:locale\" content=\"it_IT\" \/>\n<meta property=\"og:type\" content=\"article\" \/>\n<meta property=\"og:title\" content=\"2019 CALENDARIO DELL&#039;AVVENTO - Essense Coffee\" \/>\n<meta property=\"og:description\" content=\"Selezione di differenti caff\u00e8 nel formato GROUNDtoENJOY pronti per il brewing.  La confezione ideale da regalare (o regalarsi) per degustare in ogni giorno dell&#039;avvento un caff\u00e8 speciale.  Ogni GROUNDtoENJOY \u00e8 corredato dalla propria Coffee Card da collezione per scoprire la storia di ciascun caff\u00e8 e intraprendere un viaggio sensoriale ad ogni tazza.  CONSEGNA GARANTITA ENTRO IL 29 NOVEMBRE\" \/>\n<meta property=\"og:url\" content=\"https:\/\/essense.coffee\/it\/prodotto\/calendario-avvento-2019\/\" \/>\n<meta property=\"og:site_name\" content=\"Essense Coffee\" \/>\n<meta property=\"article:modified_time\" content=\"2021-11-12T20:52:06+00:00\" \/>\n<meta property=\"og:image\" content=\"https:\/\/essense.coffee\/wp-content\/uploads\/2019\/11\/CoffeeAdventCalendar2019.png\" \/>\n\t<meta property=\"og:image:width\" content=\"1134\" \/>\n\t<meta property=\"og:image:height\" content=\"1134\" \/>\n\t<meta property=\"og:image:type\" content=\"image\/png\" \/>\n<meta name=\"twitter:card\" content=\"summary_large_image\" \/>\n<script type=\"application\/ld+json\" class=\"yoast-schema-graph\">{\"@context\":\"https:\/\/schema.org\",\"@graph\":[{\"@type\":\"WebPage\",\"@id\":\"https:\/\/essense.coffee\/it\/prodotto\/calendario-avvento-2019\/\",\"url\":\"https:\/\/essense.coffee\/it\/prodotto\/calendario-avvento-2019\/\",\"name\":\"2019 CALENDARIO DELL'AVVENTO - Essense Coffee\",\"isPartOf\":{\"@id\":\"https:\/\/essense.coffee\/it\/#website\"},\"datePublished\":\"2019-11-15T09:35:20+00:00\",\"dateModified\":\"2021-11-12T20:52:06+00:00\",\"breadcrumb\":{\"@id\":\"https:\/\/essense.coffee\/it\/prodotto\/calendario-avvento-2019\/#breadcrumb\"},\"inLanguage\":\"it-IT\",\"potentialAction\":[{\"@type\":\"ReadAction\",\"target\":[\"https:\/\/essense.coffee\/it\/prodotto\/calendario-avvento-2019\/\"]}]},{\"@type\":\"BreadcrumbList\",\"@id\":\"https:\/\/essense.coffee\/it\/prodotto\/calendario-avvento-2019\/#breadcrumb\",\"itemListElement\":[{\"@type\":\"ListItem\",\"position\":1,\"name\":\"Shop\",\"item\":\"\/categorie-shop\"},{\"@type\":\"ListItem\",\"position\":2,\"name\":\"TORREFATTORI\",\"item\":\"https:\/\/essense.coffee\/it\/categoria-prodotto\/torrefattori\/\"},{\"@type\":\"ListItem\",\"position\":3,\"name\":\"CALENDARIO DELL&#8217;AVVENTO\"}]},{\"@type\":\"WebSite\",\"@id\":\"https:\/\/essense.coffee\/it\/#website\",\"url\":\"https:\/\/essense.coffee\/it\/\",\"name\":\"Essense Coffee\",\"description\":\"The best coffee instruments and our very own single-portioned coffee for every brewing method.\",\"publisher\":{\"@id\":\"https:\/\/essense.coffee\/it\/#organization\"},\"potentialAction\":[{\"@type\":\"SearchAction\",\"target\":{\"@type\":\"EntryPoint\",\"urlTemplate\":\"https:\/\/essense.coffee\/it\/?s={search_term_string}\"},\"query-input\":\"required name=search_term_string\"}],\"inLanguage\":\"it-IT\"},{\"@type\":\"Organization\",\"@id\":\"https:\/\/essense.coffee\/it\/#organization\",\"name\":\"Essense Coffee\",\"url\":\"https:\/\/essense.coffee\/it\/\",\"logo\":{\"@type\":\"ImageObject\",\"inLanguage\":\"it-IT\",\"@id\":\"https:\/\/essense.coffee\/it\/#\/schema\/logo\/image\/\",\"url\":\"https:\/\/essense.coffee\/wp-content\/uploads\/2020\/05\/Logo-Essense-300x300-1.jpg\",\"contentUrl\":\"https:\/\/essense.coffee\/wp-content\/uploads\/2020\/05\/Logo-Essense-300x300-1.jpg\",\"width\":300,\"height\":300,\"caption\":\"Essense Coffee\"},\"image\":{\"@id\":\"https:\/\/essense.coffee\/it\/#\/schema\/logo\/image\/\"}}]}<\/script>\n<!-- \/ Yoast SEO plugin. -->","yoast_head_json":{"title":"2019 CALENDARIO DELL'AVVENTO - Essense Coffee","robots":{"index":"index","follow":"follow","max-snippet":"max-snippet:-1","max-image-preview":"max-image-preview:large","max-video-preview":"max-video-preview:-1"},"canonical":"https:\/\/essense.coffee\/it\/prodotto\/calendario-avvento-2019\/","og_locale":"it_IT","og_type":"article","og_title":"2019 CALENDARIO DELL'AVVENTO - Essense Coffee","og_description":"Selezione di differenti caff\u00e8 nel formato GROUNDtoENJOY pronti per il brewing.  La confezione ideale da regalare (o regalarsi) per degustare in ogni giorno dell'avvento un caff\u00e8 speciale.  Ogni GROUNDtoENJOY \u00e8 corredato dalla propria Coffee Card da collezione per scoprire la storia di ciascun caff\u00e8 e intraprendere un viaggio sensoriale ad ogni tazza.  CONSEGNA GARANTITA ENTRO IL 29 NOVEMBRE","og_url":"https:\/\/essense.coffee\/it\/prodotto\/calendario-avvento-2019\/","og_site_name":"Essense Coffee","article_modified_time":"2021-11-12T20:52:06+00:00","og_image":[{"width":1134,"height":1134,"url":"https:\/\/essense.coffee\/wp-content\/uploads\/2019\/11\/CoffeeAdventCalendar2019.png","type":"image\/png"}],"twitter_card":"summary_large_image","schema":{"@context":"https:\/\/schema.org","@graph":[{"@type":"WebPage","@id":"https:\/\/essense.coffee\/it\/prodotto\/calendario-avvento-2019\/","url":"https:\/\/essense.coffee\/it\/prodotto\/calendario-avvento-2019\/","name":"2019 CALENDARIO DELL'AVVENTO - Essense Coffee","isPartOf":{"@id":"https:\/\/essense.coffee\/it\/#website"},"datePublished":"2019-11-15T09:35:20+00:00","dateModified":"2021-11-12T20:52:06+00:00","breadcrumb":{"@id":"https:\/\/essense.coffee\/it\/prodotto\/calendario-avvento-2019\/#breadcrumb"},"inLanguage":"it-IT","potentialAction":[{"@type":"ReadAction","target":["https:\/\/essense.coffee\/it\/prodotto\/calendario-avvento-2019\/"]}]},{"@type":"BreadcrumbList","@id":"https:\/\/essense.coffee\/it\/prodotto\/calendario-avvento-2019\/#breadcrumb","itemListElement":[{"@type":"ListItem","position":1,"name":"Shop","item":"\/categorie-shop"},{"@type":"ListItem","position":2,"name":"TORREFATTORI","item":"https:\/\/essense.coffee\/it\/categoria-prodotto\/torrefattori\/"},{"@type":"ListItem","position":3,"name":"CALENDARIO DELL&#8217;AVVENTO"}]},{"@type":"WebSite","@id":"https:\/\/essense.coffee\/it\/#website","url":"https:\/\/essense.coffee\/it\/","name":"Essense Coffee","description":"The best coffee instruments and our very own single-portioned coffee for every brewing method.","publisher":{"@id":"https:\/\/essense.coffee\/it\/#organization"},"potentialAction":[{"@type":"SearchAction","target":{"@type":"EntryPoint","urlTemplate":"https:\/\/essense.coffee\/it\/?s={search_term_string}"},"query-input":"required name=search_term_string"}],"inLanguage":"it-IT"},{"@type":"Organization","@id":"https:\/\/essense.coffee\/it\/#organization","name":"Essense Coffee","url":"https:\/\/essense.coffee\/it\/","logo":{"@type":"ImageObject","inLanguage":"it-IT","@id":"https:\/\/essense.coffee\/it\/#\/schema\/logo\/image\/","url":"https:\/\/essense.coffee\/wp-content\/uploads\/2020\/05\/Logo-Essense-300x300-1.jpg","contentUrl":"https:\/\/essense.coffee\/wp-content\/uploads\/2020\/05\/Logo-Essense-300x300-1.jpg","width":300,"height":300,"caption":"Essense Coffee"},"image":{"@id":"https:\/\/essense.coffee\/it\/#\/schema\/logo\/image\/"}}]}},"_links":{"self":[{"href":"https:\/\/essense.coffee\/it\/wp-json\/wp\/v2\/product\/14639"}],"collection":[{"href":"https:\/\/essense.coffee\/it\/wp-json\/wp\/v2\/product"}],"about":[{"href":"https:\/\/essense.coffee\/it\/wp-json\/wp\/v2\/types\/product"}],"replies":[{"embeddable":true,"href":"https:\/\/essense.coffee\/it\/wp-json\/wp\/v2\/comments?post=14639"}],"wp:featuredmedia":[{"embeddable":true,"href":"https:\/\/essense.coffee\/it\/wp-json\/wp\/v2\/media\/14664"}],"wp:attachment":[{"href":"https:\/\/essense.coffee\/it\/wp-json\/wp\/v2\/media?parent=14639"}],"wp:term":[{"taxonomy":"product_cat","embeddable":true,"href":"https:\/\/essense.coffee\/it\/wp-json\/wp\/v2\/product_cat?post=14639"},{"taxonomy":"product_tag","embeddable":true,"href":"https:\/\/essense.coffee\/it\/wp-json\/wp\/v2\/product_tag?post=14639"}],"curies":[{"name":"wp","href":"https:\/\/api.w.org\/{rel}","templated":true}]}}