{"id":11387,"date":"2019-07-25T09:25:32","date_gmt":"2019-07-25T07:25:32","guid":{"rendered":"http:\/\/35.158.205.248\/?post_type=product&#038;p=11387"},"modified":"2025-06-24T17:29:27","modified_gmt":"2025-06-24T15:29:27","slug":"nitro-isi","status":"publish","type":"product","link":"https:\/\/essense.coffee\/it\/prodotto\/nitro-isi\/","title":{"rendered":"NITRO"},"content":{"rendered":"","protected":false},"excerpt":{"rendered":"<p>Con iSi Nitro puoi preparare un Nitro Coffee a regola d&#8217;arte, oltre al Nitro Tea e altri cocktails. Lo spettacolare effetto a cascata regala una texture cremosa-velluata e la caratteristica schiuma fitta in superficie. La chiusura ermetica permette di conservare il caff\u00e8 in frigo per diversi giorni, sempre pronto ad essere estratto in Nitro Coffee.<br \/>\niSi Nitro \u00e8 un prodotto professionale ma pu\u00f2 essere utilizzato con semplicit\u00e0 anche a casa.<\/p>\n","protected":false},"featured_media":12009,"comment_status":"open","ping_status":"closed","template":"","meta":[],"product_cat":[315,85,88,94,169,176],"product_tag":[],"bundle_layout":"","bundled_by":[],"bundled_items":[],"yoast_head":"<!-- This site is optimized with the Yoast SEO plugin v21.2 - https:\/\/yoast.com\/wordpress\/plugins\/seo\/ -->\n<title>ISI NITRO - Essense Coffee<\/title>\n<meta name=\"robots\" content=\"index, follow, max-snippet:-1, max-image-preview:large, max-video-preview:-1\" \/>\n<link rel=\"canonical\" href=\"https:\/\/essense.coffee\/it\/prodotto\/nitro-isi\/\" \/>\n<meta property=\"og:locale\" content=\"it_IT\" \/>\n<meta property=\"og:type\" content=\"article\" \/>\n<meta property=\"og:title\" content=\"ISI NITRO - Essense Coffee\" \/>\n<meta property=\"og:description\" content=\"Con iSi Nitro puoi preparare un Nitro Coffee a regola d&#039;arte, oltre al Nitro Tea e altri cocktails. Lo spettacolare effetto a cascata regala una texture cremosa-velluata e la caratteristica schiuma fitta in superficie. La chiusura ermetica permette di conservare il caff\u00e8 in frigo per diversi giorni, sempre pronto ad essere estratto in Nitro Coffee. iSi Nitro \u00e8 un prodotto professionale ma pu\u00f2 essere utilizzato con semplicit\u00e0 anche a casa.\" \/>\n<meta property=\"og:url\" content=\"https:\/\/essense.coffee\/it\/prodotto\/nitro-isi\/\" \/>\n<meta property=\"og:site_name\" content=\"Essense Coffee\" \/>\n<meta property=\"article:modified_time\" content=\"2025-06-24T15:29:27+00:00\" \/>\n<meta property=\"og:image\" content=\"https:\/\/essense.coffee\/wp-content\/uploads\/2019\/07\/ISI-nitro_01.jpg\" \/>\n\t<meta property=\"og:image:width\" content=\"900\" \/>\n\t<meta property=\"og:image:height\" content=\"900\" \/>\n\t<meta property=\"og:image:type\" content=\"image\/jpeg\" \/>\n<meta name=\"twitter:card\" content=\"summary_large_image\" \/>\n<script type=\"application\/ld+json\" class=\"yoast-schema-graph\">{\"@context\":\"https:\/\/schema.org\",\"@graph\":[{\"@type\":\"WebPage\",\"@id\":\"https:\/\/essense.coffee\/it\/prodotto\/nitro-isi\/\",\"url\":\"https:\/\/essense.coffee\/it\/prodotto\/nitro-isi\/\",\"name\":\"ISI NITRO - Essense Coffee\",\"isPartOf\":{\"@id\":\"https:\/\/essense.coffee\/it\/#website\"},\"datePublished\":\"2019-07-25T07:25:32+00:00\",\"dateModified\":\"2025-06-24T15:29:27+00:00\",\"breadcrumb\":{\"@id\":\"https:\/\/essense.coffee\/it\/prodotto\/nitro-isi\/#breadcrumb\"},\"inLanguage\":\"it-IT\",\"potentialAction\":[{\"@type\":\"ReadAction\",\"target\":[\"https:\/\/essense.coffee\/it\/prodotto\/nitro-isi\/\"]}]},{\"@type\":\"BreadcrumbList\",\"@id\":\"https:\/\/essense.coffee\/it\/prodotto\/nitro-isi\/#breadcrumb\",\"itemListElement\":[{\"@type\":\"ListItem\",\"position\":1,\"name\":\"Shop\",\"item\":\"\/categorie-shop\"},{\"@type\":\"ListItem\",\"position\":2,\"name\":\"ATTREZZATURA\",\"item\":\"https:\/\/essense.coffee\/it\/categoria-prodotto\/attrezzatura\/\"},{\"@type\":\"ListItem\",\"position\":3,\"name\":\"ACCESSORI\",\"item\":\"https:\/\/essense.coffee\/it\/categoria-prodotto\/attrezzatura\/accessori\/\"},{\"@type\":\"ListItem\",\"position\":4,\"name\":\"NITRO\"}]},{\"@type\":\"WebSite\",\"@id\":\"https:\/\/essense.coffee\/it\/#website\",\"url\":\"https:\/\/essense.coffee\/it\/\",\"name\":\"Essense Coffee\",\"description\":\"The best coffee instruments and our very own single-portioned coffee for every brewing method.\",\"publisher\":{\"@id\":\"https:\/\/essense.coffee\/it\/#organization\"},\"potentialAction\":[{\"@type\":\"SearchAction\",\"target\":{\"@type\":\"EntryPoint\",\"urlTemplate\":\"https:\/\/essense.coffee\/it\/?s={search_term_string}\"},\"query-input\":\"required name=search_term_string\"}],\"inLanguage\":\"it-IT\"},{\"@type\":\"Organization\",\"@id\":\"https:\/\/essense.coffee\/it\/#organization\",\"name\":\"Essense Coffee\",\"url\":\"https:\/\/essense.coffee\/it\/\",\"logo\":{\"@type\":\"ImageObject\",\"inLanguage\":\"it-IT\",\"@id\":\"https:\/\/essense.coffee\/it\/#\/schema\/logo\/image\/\",\"url\":\"https:\/\/essense.coffee\/wp-content\/uploads\/2020\/05\/Logo-Essense-300x300-1.jpg\",\"contentUrl\":\"https:\/\/essense.coffee\/wp-content\/uploads\/2020\/05\/Logo-Essense-300x300-1.jpg\",\"width\":300,\"height\":300,\"caption\":\"Essense Coffee\"},\"image\":{\"@id\":\"https:\/\/essense.coffee\/it\/#\/schema\/logo\/image\/\"}}]}<\/script>\n<!-- \/ Yoast SEO plugin. -->","yoast_head_json":{"title":"ISI NITRO - Essense Coffee","robots":{"index":"index","follow":"follow","max-snippet":"max-snippet:-1","max-image-preview":"max-image-preview:large","max-video-preview":"max-video-preview:-1"},"canonical":"https:\/\/essense.coffee\/it\/prodotto\/nitro-isi\/","og_locale":"it_IT","og_type":"article","og_title":"ISI NITRO - Essense Coffee","og_description":"Con iSi Nitro puoi preparare un Nitro Coffee a regola d'arte, oltre al Nitro Tea e altri cocktails. Lo spettacolare effetto a cascata regala una texture cremosa-velluata e la caratteristica schiuma fitta in superficie. La chiusura ermetica permette di conservare il caff\u00e8 in frigo per diversi giorni, sempre pronto ad essere estratto in Nitro Coffee. iSi Nitro \u00e8 un prodotto professionale ma pu\u00f2 essere utilizzato con semplicit\u00e0 anche a casa.","og_url":"https:\/\/essense.coffee\/it\/prodotto\/nitro-isi\/","og_site_name":"Essense Coffee","article_modified_time":"2025-06-24T15:29:27+00:00","og_image":[{"width":900,"height":900,"url":"https:\/\/essense.coffee\/wp-content\/uploads\/2019\/07\/ISI-nitro_01.jpg","type":"image\/jpeg"}],"twitter_card":"summary_large_image","schema":{"@context":"https:\/\/schema.org","@graph":[{"@type":"WebPage","@id":"https:\/\/essense.coffee\/it\/prodotto\/nitro-isi\/","url":"https:\/\/essense.coffee\/it\/prodotto\/nitro-isi\/","name":"ISI NITRO - Essense Coffee","isPartOf":{"@id":"https:\/\/essense.coffee\/it\/#website"},"datePublished":"2019-07-25T07:25:32+00:00","dateModified":"2025-06-24T15:29:27+00:00","breadcrumb":{"@id":"https:\/\/essense.coffee\/it\/prodotto\/nitro-isi\/#breadcrumb"},"inLanguage":"it-IT","potentialAction":[{"@type":"ReadAction","target":["https:\/\/essense.coffee\/it\/prodotto\/nitro-isi\/"]}]},{"@type":"BreadcrumbList","@id":"https:\/\/essense.coffee\/it\/prodotto\/nitro-isi\/#breadcrumb","itemListElement":[{"@type":"ListItem","position":1,"name":"Shop","item":"\/categorie-shop"},{"@type":"ListItem","position":2,"name":"ATTREZZATURA","item":"https:\/\/essense.coffee\/it\/categoria-prodotto\/attrezzatura\/"},{"@type":"ListItem","position":3,"name":"ACCESSORI","item":"https:\/\/essense.coffee\/it\/categoria-prodotto\/attrezzatura\/accessori\/"},{"@type":"ListItem","position":4,"name":"NITRO"}]},{"@type":"WebSite","@id":"https:\/\/essense.coffee\/it\/#website","url":"https:\/\/essense.coffee\/it\/","name":"Essense Coffee","description":"The best coffee instruments and our very own single-portioned coffee for every brewing method.","publisher":{"@id":"https:\/\/essense.coffee\/it\/#organization"},"potentialAction":[{"@type":"SearchAction","target":{"@type":"EntryPoint","urlTemplate":"https:\/\/essense.coffee\/it\/?s={search_term_string}"},"query-input":"required name=search_term_string"}],"inLanguage":"it-IT"},{"@type":"Organization","@id":"https:\/\/essense.coffee\/it\/#organization","name":"Essense Coffee","url":"https:\/\/essense.coffee\/it\/","logo":{"@type":"ImageObject","inLanguage":"it-IT","@id":"https:\/\/essense.coffee\/it\/#\/schema\/logo\/image\/","url":"https:\/\/essense.coffee\/wp-content\/uploads\/2020\/05\/Logo-Essense-300x300-1.jpg","contentUrl":"https:\/\/essense.coffee\/wp-content\/uploads\/2020\/05\/Logo-Essense-300x300-1.jpg","width":300,"height":300,"caption":"Essense Coffee"},"image":{"@id":"https:\/\/essense.coffee\/it\/#\/schema\/logo\/image\/"}}]}},"_links":{"self":[{"href":"https:\/\/essense.coffee\/it\/wp-json\/wp\/v2\/product\/11387"}],"collection":[{"href":"https:\/\/essense.coffee\/it\/wp-json\/wp\/v2\/product"}],"about":[{"href":"https:\/\/essense.coffee\/it\/wp-json\/wp\/v2\/types\/product"}],"replies":[{"embeddable":true,"href":"https:\/\/essense.coffee\/it\/wp-json\/wp\/v2\/comments?post=11387"}],"wp:featuredmedia":[{"embeddable":true,"href":"https:\/\/essense.coffee\/it\/wp-json\/wp\/v2\/media\/12009"}],"wp:attachment":[{"href":"https:\/\/essense.coffee\/it\/wp-json\/wp\/v2\/media?parent=11387"}],"wp:term":[{"taxonomy":"product_cat","embeddable":true,"href":"https:\/\/essense.coffee\/it\/wp-json\/wp\/v2\/product_cat?post=11387"},{"taxonomy":"product_tag","embeddable":true,"href":"https:\/\/essense.coffee\/it\/wp-json\/wp\/v2\/product_tag?post=11387"}],"curies":[{"name":"wp","href":"https:\/\/api.w.org\/{rel}","templated":true}]}}