{"id":10868,"date":"2019-07-24T11:39:03","date_gmt":"2019-07-24T09:39:03","guid":{"rendered":"http:\/\/35.158.205.248\/?post_type=product&#038;p=10868"},"modified":"2024-02-17T16:33:12","modified_gmt":"2024-02-17T15:33:12","slug":"scs-s01-brewer-4cups-kinto","status":"publish","type":"product","link":"https:\/\/essense.coffee\/it\/prodotto\/scs-s01-brewer-4cups-kinto\/","title":{"rendered":"SCS-S01 BREWER 4CUPS"},"content":{"rendered":"","protected":false},"excerpt":{"rendered":"<p>Dripper di porcellana per Pour-over. Primo della collezione Slow Coffee Style Specialty (SCS-S) di Kinto, creata per regalare il piacere di immergersi in una rilassante coffee experience. Questo Brewer ha un aspetto solido e audace che d\u00e0 un senso di calore. \u00c8 progettato in modo tale che il bordo superiore non si scaldi eccessivamente, cos\u00ec da poter essere agevolmente spostato senza necessit\u00e0 di alcun manico.<\/p>\n","protected":false},"featured_media":12293,"comment_status":"open","ping_status":"closed","template":"","meta":[],"product_cat":[311,85,86,169,170],"product_tag":[],"bundle_layout":"","bundled_by":[],"bundled_items":[],"yoast_head":"<!-- This site is optimized with the Yoast SEO plugin v21.2 - https:\/\/yoast.com\/wordpress\/plugins\/seo\/ -->\n<title>KINTO SCS-S01 BREWER 4CUPS - Essense Coffee<\/title>\n<meta name=\"robots\" content=\"index, follow, max-snippet:-1, max-image-preview:large, max-video-preview:-1\" \/>\n<link rel=\"canonical\" href=\"https:\/\/essense.coffee\/it\/prodotto\/scs-s01-brewer-4cups-kinto\/\" \/>\n<meta property=\"og:locale\" content=\"it_IT\" \/>\n<meta property=\"og:type\" content=\"article\" \/>\n<meta property=\"og:title\" content=\"KINTO SCS-S01 BREWER 4CUPS - Essense Coffee\" \/>\n<meta property=\"og:description\" content=\"Dripper di porcellana per Pour-over. Primo della collezione Slow Coffee Style Specialty (SCS-S) di Kinto, creata per regalare il piacere di immergersi in una rilassante coffee experience. Questo Brewer ha un aspetto solido e audace che d\u00e0 un senso di calore. \u00c8 progettato in modo tale che il bordo superiore non si scaldi eccessivamente, cos\u00ec da poter essere agevolmente spostato senza necessit\u00e0 di alcun manico.\" \/>\n<meta property=\"og:url\" content=\"https:\/\/essense.coffee\/it\/prodotto\/scs-s01-brewer-4cups-kinto\/\" \/>\n<meta property=\"og:site_name\" content=\"Essense Coffee\" \/>\n<meta property=\"article:modified_time\" content=\"2024-02-17T15:33:12+00:00\" \/>\n<meta property=\"og:image\" content=\"https:\/\/essense.coffee\/wp-content\/uploads\/2019\/07\/KINTO-scs-s01_01.jpg\" \/>\n\t<meta property=\"og:image:width\" content=\"900\" \/>\n\t<meta property=\"og:image:height\" content=\"900\" \/>\n\t<meta property=\"og:image:type\" content=\"image\/jpeg\" \/>\n<meta name=\"twitter:card\" content=\"summary_large_image\" \/>\n<script type=\"application\/ld+json\" class=\"yoast-schema-graph\">{\"@context\":\"https:\/\/schema.org\",\"@graph\":[{\"@type\":\"WebPage\",\"@id\":\"https:\/\/essense.coffee\/it\/prodotto\/scs-s01-brewer-4cups-kinto\/\",\"url\":\"https:\/\/essense.coffee\/it\/prodotto\/scs-s01-brewer-4cups-kinto\/\",\"name\":\"KINTO SCS-S01 BREWER 4CUPS - Essense Coffee\",\"isPartOf\":{\"@id\":\"https:\/\/essense.coffee\/it\/#website\"},\"datePublished\":\"2019-07-24T09:39:03+00:00\",\"dateModified\":\"2024-02-17T15:33:12+00:00\",\"breadcrumb\":{\"@id\":\"https:\/\/essense.coffee\/it\/prodotto\/scs-s01-brewer-4cups-kinto\/#breadcrumb\"},\"inLanguage\":\"it-IT\",\"potentialAction\":[{\"@type\":\"ReadAction\",\"target\":[\"https:\/\/essense.coffee\/it\/prodotto\/scs-s01-brewer-4cups-kinto\/\"]}]},{\"@type\":\"BreadcrumbList\",\"@id\":\"https:\/\/essense.coffee\/it\/prodotto\/scs-s01-brewer-4cups-kinto\/#breadcrumb\",\"itemListElement\":[{\"@type\":\"ListItem\",\"position\":1,\"name\":\"Shop\",\"item\":\"\/categorie-shop\"},{\"@type\":\"ListItem\",\"position\":2,\"name\":\"ATTREZZATURA\",\"item\":\"https:\/\/essense.coffee\/it\/categoria-prodotto\/attrezzatura\/\"},{\"@type\":\"ListItem\",\"position\":3,\"name\":\"BREWING\",\"item\":\"https:\/\/essense.coffee\/it\/categoria-prodotto\/attrezzatura\/brewing\/\"},{\"@type\":\"ListItem\",\"position\":4,\"name\":\"SCS-S01 BREWER 4CUPS\"}]},{\"@type\":\"WebSite\",\"@id\":\"https:\/\/essense.coffee\/it\/#website\",\"url\":\"https:\/\/essense.coffee\/it\/\",\"name\":\"Essense Coffee\",\"description\":\"The best coffee instruments and our very own single-portioned coffee for every brewing method.\",\"publisher\":{\"@id\":\"https:\/\/essense.coffee\/it\/#organization\"},\"potentialAction\":[{\"@type\":\"SearchAction\",\"target\":{\"@type\":\"EntryPoint\",\"urlTemplate\":\"https:\/\/essense.coffee\/it\/?s={search_term_string}\"},\"query-input\":\"required name=search_term_string\"}],\"inLanguage\":\"it-IT\"},{\"@type\":\"Organization\",\"@id\":\"https:\/\/essense.coffee\/it\/#organization\",\"name\":\"Essense Coffee\",\"url\":\"https:\/\/essense.coffee\/it\/\",\"logo\":{\"@type\":\"ImageObject\",\"inLanguage\":\"it-IT\",\"@id\":\"https:\/\/essense.coffee\/it\/#\/schema\/logo\/image\/\",\"url\":\"https:\/\/essense.coffee\/wp-content\/uploads\/2020\/05\/Logo-Essense-300x300-1.jpg\",\"contentUrl\":\"https:\/\/essense.coffee\/wp-content\/uploads\/2020\/05\/Logo-Essense-300x300-1.jpg\",\"width\":300,\"height\":300,\"caption\":\"Essense Coffee\"},\"image\":{\"@id\":\"https:\/\/essense.coffee\/it\/#\/schema\/logo\/image\/\"}}]}<\/script>\n<!-- \/ Yoast SEO plugin. -->","yoast_head_json":{"title":"KINTO SCS-S01 BREWER 4CUPS - Essense Coffee","robots":{"index":"index","follow":"follow","max-snippet":"max-snippet:-1","max-image-preview":"max-image-preview:large","max-video-preview":"max-video-preview:-1"},"canonical":"https:\/\/essense.coffee\/it\/prodotto\/scs-s01-brewer-4cups-kinto\/","og_locale":"it_IT","og_type":"article","og_title":"KINTO SCS-S01 BREWER 4CUPS - Essense Coffee","og_description":"Dripper di porcellana per Pour-over. Primo della collezione Slow Coffee Style Specialty (SCS-S) di Kinto, creata per regalare il piacere di immergersi in una rilassante coffee experience. Questo Brewer ha un aspetto solido e audace che d\u00e0 un senso di calore. \u00c8 progettato in modo tale che il bordo superiore non si scaldi eccessivamente, cos\u00ec da poter essere agevolmente spostato senza necessit\u00e0 di alcun manico.","og_url":"https:\/\/essense.coffee\/it\/prodotto\/scs-s01-brewer-4cups-kinto\/","og_site_name":"Essense Coffee","article_modified_time":"2024-02-17T15:33:12+00:00","og_image":[{"width":900,"height":900,"url":"https:\/\/essense.coffee\/wp-content\/uploads\/2019\/07\/KINTO-scs-s01_01.jpg","type":"image\/jpeg"}],"twitter_card":"summary_large_image","schema":{"@context":"https:\/\/schema.org","@graph":[{"@type":"WebPage","@id":"https:\/\/essense.coffee\/it\/prodotto\/scs-s01-brewer-4cups-kinto\/","url":"https:\/\/essense.coffee\/it\/prodotto\/scs-s01-brewer-4cups-kinto\/","name":"KINTO SCS-S01 BREWER 4CUPS - Essense Coffee","isPartOf":{"@id":"https:\/\/essense.coffee\/it\/#website"},"datePublished":"2019-07-24T09:39:03+00:00","dateModified":"2024-02-17T15:33:12+00:00","breadcrumb":{"@id":"https:\/\/essense.coffee\/it\/prodotto\/scs-s01-brewer-4cups-kinto\/#breadcrumb"},"inLanguage":"it-IT","potentialAction":[{"@type":"ReadAction","target":["https:\/\/essense.coffee\/it\/prodotto\/scs-s01-brewer-4cups-kinto\/"]}]},{"@type":"BreadcrumbList","@id":"https:\/\/essense.coffee\/it\/prodotto\/scs-s01-brewer-4cups-kinto\/#breadcrumb","itemListElement":[{"@type":"ListItem","position":1,"name":"Shop","item":"\/categorie-shop"},{"@type":"ListItem","position":2,"name":"ATTREZZATURA","item":"https:\/\/essense.coffee\/it\/categoria-prodotto\/attrezzatura\/"},{"@type":"ListItem","position":3,"name":"BREWING","item":"https:\/\/essense.coffee\/it\/categoria-prodotto\/attrezzatura\/brewing\/"},{"@type":"ListItem","position":4,"name":"SCS-S01 BREWER 4CUPS"}]},{"@type":"WebSite","@id":"https:\/\/essense.coffee\/it\/#website","url":"https:\/\/essense.coffee\/it\/","name":"Essense Coffee","description":"The best coffee instruments and our very own single-portioned coffee for every brewing method.","publisher":{"@id":"https:\/\/essense.coffee\/it\/#organization"},"potentialAction":[{"@type":"SearchAction","target":{"@type":"EntryPoint","urlTemplate":"https:\/\/essense.coffee\/it\/?s={search_term_string}"},"query-input":"required name=search_term_string"}],"inLanguage":"it-IT"},{"@type":"Organization","@id":"https:\/\/essense.coffee\/it\/#organization","name":"Essense Coffee","url":"https:\/\/essense.coffee\/it\/","logo":{"@type":"ImageObject","inLanguage":"it-IT","@id":"https:\/\/essense.coffee\/it\/#\/schema\/logo\/image\/","url":"https:\/\/essense.coffee\/wp-content\/uploads\/2020\/05\/Logo-Essense-300x300-1.jpg","contentUrl":"https:\/\/essense.coffee\/wp-content\/uploads\/2020\/05\/Logo-Essense-300x300-1.jpg","width":300,"height":300,"caption":"Essense Coffee"},"image":{"@id":"https:\/\/essense.coffee\/it\/#\/schema\/logo\/image\/"}}]}},"_links":{"self":[{"href":"https:\/\/essense.coffee\/it\/wp-json\/wp\/v2\/product\/10868"}],"collection":[{"href":"https:\/\/essense.coffee\/it\/wp-json\/wp\/v2\/product"}],"about":[{"href":"https:\/\/essense.coffee\/it\/wp-json\/wp\/v2\/types\/product"}],"replies":[{"embeddable":true,"href":"https:\/\/essense.coffee\/it\/wp-json\/wp\/v2\/comments?post=10868"}],"wp:featuredmedia":[{"embeddable":true,"href":"https:\/\/essense.coffee\/it\/wp-json\/wp\/v2\/media\/12293"}],"wp:attachment":[{"href":"https:\/\/essense.coffee\/it\/wp-json\/wp\/v2\/media?parent=10868"}],"wp:term":[{"taxonomy":"product_cat","embeddable":true,"href":"https:\/\/essense.coffee\/it\/wp-json\/wp\/v2\/product_cat?post=10868"},{"taxonomy":"product_tag","embeddable":true,"href":"https:\/\/essense.coffee\/it\/wp-json\/wp\/v2\/product_tag?post=10868"}],"curies":[{"name":"wp","href":"https:\/\/api.w.org\/{rel}","templated":true}]}}