{"id":10766,"date":"2019-07-21T16:52:55","date_gmt":"2019-07-21T14:52:55","guid":{"rendered":"http:\/\/35.158.205.248\/?post_type=product&#038;p=10766"},"modified":"2025-06-24T17:36:33","modified_gmt":"2025-06-24T15:36:33","slug":"filtri-chemex-classic-chemex","status":"publish","type":"product","link":"https:\/\/essense.coffee\/it\/prodotto\/filtri-chemex-classic-chemex\/","title":{"rendered":"FILTRI CHEMEX CLASSIC"},"content":{"rendered":"","protected":false},"excerpt":{"rendered":"<p>Confezione da 100 filtri per la tua Chemex. Sono circa il 30% pi\u00f9 consistenti rispetto ai filtri per altre attrezzature Pour-over e sono in grado di rimuovere anche le particelle pi\u00f9 piccole del caff\u00e8 macinato allo stesso modo della parte oleosa. Molto resistenti, il loro design assicura un tempo di infusione ottimale. Ideali per Chemex 6,8 e 10 tazze.<\/p>\n","protected":false},"featured_media":11693,"comment_status":"open","ping_status":"closed","template":"","meta":[],"product_cat":[85,87,292,169,171],"product_tag":[],"bundle_layout":"","bundled_by":["13818"],"bundled_items":[],"yoast_head":"<!-- This site is optimized with the Yoast SEO plugin v21.2 - https:\/\/yoast.com\/wordpress\/plugins\/seo\/ -->\n<title>CHEMEX FILTRI CHEMEX CLASSIC - Essense Coffee<\/title>\n<meta name=\"robots\" content=\"index, follow, max-snippet:-1, max-image-preview:large, max-video-preview:-1\" \/>\n<link rel=\"canonical\" href=\"https:\/\/essense.coffee\/it\/prodotto\/filtri-chemex-classic-chemex\/\" \/>\n<meta property=\"og:locale\" content=\"it_IT\" \/>\n<meta property=\"og:type\" content=\"article\" \/>\n<meta property=\"og:title\" content=\"CHEMEX FILTRI CHEMEX CLASSIC - Essense Coffee\" \/>\n<meta property=\"og:description\" content=\"Confezione da 100 filtri per la tua Chemex. Sono circa il 30% pi\u00f9 consistenti rispetto ai filtri per altre attrezzature Pour-over e sono in grado di rimuovere anche le particelle pi\u00f9 piccole del caff\u00e8 macinato allo stesso modo della parte oleosa. Molto resistenti, il loro design assicura un tempo di infusione ottimale. Ideali per Chemex 6,8 e 10 tazze.\" \/>\n<meta property=\"og:url\" content=\"https:\/\/essense.coffee\/it\/prodotto\/filtri-chemex-classic-chemex\/\" \/>\n<meta property=\"og:site_name\" content=\"Essense Coffee\" \/>\n<meta property=\"article:modified_time\" content=\"2025-06-24T15:36:33+00:00\" \/>\n<meta property=\"og:image\" content=\"https:\/\/essense.coffee\/wp-content\/uploads\/2019\/07\/CHEMEX-filtri-classic_00.jpg\" \/>\n\t<meta property=\"og:image:width\" content=\"900\" \/>\n\t<meta property=\"og:image:height\" content=\"900\" \/>\n\t<meta property=\"og:image:type\" content=\"image\/jpeg\" \/>\n<meta name=\"twitter:card\" content=\"summary_large_image\" \/>\n<script type=\"application\/ld+json\" class=\"yoast-schema-graph\">{\"@context\":\"https:\/\/schema.org\",\"@graph\":[{\"@type\":\"WebPage\",\"@id\":\"https:\/\/essense.coffee\/it\/prodotto\/filtri-chemex-classic-chemex\/\",\"url\":\"https:\/\/essense.coffee\/it\/prodotto\/filtri-chemex-classic-chemex\/\",\"name\":\"CHEMEX FILTRI CHEMEX CLASSIC - Essense Coffee\",\"isPartOf\":{\"@id\":\"https:\/\/essense.coffee\/it\/#website\"},\"datePublished\":\"2019-07-21T14:52:55+00:00\",\"dateModified\":\"2025-06-24T15:36:33+00:00\",\"breadcrumb\":{\"@id\":\"https:\/\/essense.coffee\/it\/prodotto\/filtri-chemex-classic-chemex\/#breadcrumb\"},\"inLanguage\":\"it-IT\",\"potentialAction\":[{\"@type\":\"ReadAction\",\"target\":[\"https:\/\/essense.coffee\/it\/prodotto\/filtri-chemex-classic-chemex\/\"]}]},{\"@type\":\"BreadcrumbList\",\"@id\":\"https:\/\/essense.coffee\/it\/prodotto\/filtri-chemex-classic-chemex\/#breadcrumb\",\"itemListElement\":[{\"@type\":\"ListItem\",\"position\":1,\"name\":\"Shop\",\"item\":\"\/categorie-shop\"},{\"@type\":\"ListItem\",\"position\":2,\"name\":\"ATTREZZATURA\",\"item\":\"https:\/\/essense.coffee\/it\/categoria-prodotto\/attrezzatura\/\"},{\"@type\":\"ListItem\",\"position\":3,\"name\":\"FILTRI\",\"item\":\"https:\/\/essense.coffee\/it\/categoria-prodotto\/attrezzatura\/filtri\/\"},{\"@type\":\"ListItem\",\"position\":4,\"name\":\"FILTRI CHEMEX CLASSIC\"}]},{\"@type\":\"WebSite\",\"@id\":\"https:\/\/essense.coffee\/it\/#website\",\"url\":\"https:\/\/essense.coffee\/it\/\",\"name\":\"Essense Coffee\",\"description\":\"The best coffee instruments and our very own single-portioned coffee for every brewing method.\",\"publisher\":{\"@id\":\"https:\/\/essense.coffee\/it\/#organization\"},\"potentialAction\":[{\"@type\":\"SearchAction\",\"target\":{\"@type\":\"EntryPoint\",\"urlTemplate\":\"https:\/\/essense.coffee\/it\/?s={search_term_string}\"},\"query-input\":\"required name=search_term_string\"}],\"inLanguage\":\"it-IT\"},{\"@type\":\"Organization\",\"@id\":\"https:\/\/essense.coffee\/it\/#organization\",\"name\":\"Essense Coffee\",\"url\":\"https:\/\/essense.coffee\/it\/\",\"logo\":{\"@type\":\"ImageObject\",\"inLanguage\":\"it-IT\",\"@id\":\"https:\/\/essense.coffee\/it\/#\/schema\/logo\/image\/\",\"url\":\"https:\/\/essense.coffee\/wp-content\/uploads\/2020\/05\/Logo-Essense-300x300-1.jpg\",\"contentUrl\":\"https:\/\/essense.coffee\/wp-content\/uploads\/2020\/05\/Logo-Essense-300x300-1.jpg\",\"width\":300,\"height\":300,\"caption\":\"Essense Coffee\"},\"image\":{\"@id\":\"https:\/\/essense.coffee\/it\/#\/schema\/logo\/image\/\"}}]}<\/script>\n<!-- \/ Yoast SEO plugin. -->","yoast_head_json":{"title":"CHEMEX FILTRI CHEMEX CLASSIC - Essense Coffee","robots":{"index":"index","follow":"follow","max-snippet":"max-snippet:-1","max-image-preview":"max-image-preview:large","max-video-preview":"max-video-preview:-1"},"canonical":"https:\/\/essense.coffee\/it\/prodotto\/filtri-chemex-classic-chemex\/","og_locale":"it_IT","og_type":"article","og_title":"CHEMEX FILTRI CHEMEX CLASSIC - Essense Coffee","og_description":"Confezione da 100 filtri per la tua Chemex. Sono circa il 30% pi\u00f9 consistenti rispetto ai filtri per altre attrezzature Pour-over e sono in grado di rimuovere anche le particelle pi\u00f9 piccole del caff\u00e8 macinato allo stesso modo della parte oleosa. Molto resistenti, il loro design assicura un tempo di infusione ottimale. Ideali per Chemex 6,8 e 10 tazze.","og_url":"https:\/\/essense.coffee\/it\/prodotto\/filtri-chemex-classic-chemex\/","og_site_name":"Essense Coffee","article_modified_time":"2025-06-24T15:36:33+00:00","og_image":[{"width":900,"height":900,"url":"https:\/\/essense.coffee\/wp-content\/uploads\/2019\/07\/CHEMEX-filtri-classic_00.jpg","type":"image\/jpeg"}],"twitter_card":"summary_large_image","schema":{"@context":"https:\/\/schema.org","@graph":[{"@type":"WebPage","@id":"https:\/\/essense.coffee\/it\/prodotto\/filtri-chemex-classic-chemex\/","url":"https:\/\/essense.coffee\/it\/prodotto\/filtri-chemex-classic-chemex\/","name":"CHEMEX FILTRI CHEMEX CLASSIC - Essense Coffee","isPartOf":{"@id":"https:\/\/essense.coffee\/it\/#website"},"datePublished":"2019-07-21T14:52:55+00:00","dateModified":"2025-06-24T15:36:33+00:00","breadcrumb":{"@id":"https:\/\/essense.coffee\/it\/prodotto\/filtri-chemex-classic-chemex\/#breadcrumb"},"inLanguage":"it-IT","potentialAction":[{"@type":"ReadAction","target":["https:\/\/essense.coffee\/it\/prodotto\/filtri-chemex-classic-chemex\/"]}]},{"@type":"BreadcrumbList","@id":"https:\/\/essense.coffee\/it\/prodotto\/filtri-chemex-classic-chemex\/#breadcrumb","itemListElement":[{"@type":"ListItem","position":1,"name":"Shop","item":"\/categorie-shop"},{"@type":"ListItem","position":2,"name":"ATTREZZATURA","item":"https:\/\/essense.coffee\/it\/categoria-prodotto\/attrezzatura\/"},{"@type":"ListItem","position":3,"name":"FILTRI","item":"https:\/\/essense.coffee\/it\/categoria-prodotto\/attrezzatura\/filtri\/"},{"@type":"ListItem","position":4,"name":"FILTRI CHEMEX CLASSIC"}]},{"@type":"WebSite","@id":"https:\/\/essense.coffee\/it\/#website","url":"https:\/\/essense.coffee\/it\/","name":"Essense Coffee","description":"The best coffee instruments and our very own single-portioned coffee for every brewing method.","publisher":{"@id":"https:\/\/essense.coffee\/it\/#organization"},"potentialAction":[{"@type":"SearchAction","target":{"@type":"EntryPoint","urlTemplate":"https:\/\/essense.coffee\/it\/?s={search_term_string}"},"query-input":"required name=search_term_string"}],"inLanguage":"it-IT"},{"@type":"Organization","@id":"https:\/\/essense.coffee\/it\/#organization","name":"Essense Coffee","url":"https:\/\/essense.coffee\/it\/","logo":{"@type":"ImageObject","inLanguage":"it-IT","@id":"https:\/\/essense.coffee\/it\/#\/schema\/logo\/image\/","url":"https:\/\/essense.coffee\/wp-content\/uploads\/2020\/05\/Logo-Essense-300x300-1.jpg","contentUrl":"https:\/\/essense.coffee\/wp-content\/uploads\/2020\/05\/Logo-Essense-300x300-1.jpg","width":300,"height":300,"caption":"Essense Coffee"},"image":{"@id":"https:\/\/essense.coffee\/it\/#\/schema\/logo\/image\/"}}]}},"_links":{"self":[{"href":"https:\/\/essense.coffee\/it\/wp-json\/wp\/v2\/product\/10766"}],"collection":[{"href":"https:\/\/essense.coffee\/it\/wp-json\/wp\/v2\/product"}],"about":[{"href":"https:\/\/essense.coffee\/it\/wp-json\/wp\/v2\/types\/product"}],"replies":[{"embeddable":true,"href":"https:\/\/essense.coffee\/it\/wp-json\/wp\/v2\/comments?post=10766"}],"wp:featuredmedia":[{"embeddable":true,"href":"https:\/\/essense.coffee\/it\/wp-json\/wp\/v2\/media\/11693"}],"wp:attachment":[{"href":"https:\/\/essense.coffee\/it\/wp-json\/wp\/v2\/media?parent=10766"}],"wp:term":[{"taxonomy":"product_cat","embeddable":true,"href":"https:\/\/essense.coffee\/it\/wp-json\/wp\/v2\/product_cat?post=10766"},{"taxonomy":"product_tag","embeddable":true,"href":"https:\/\/essense.coffee\/it\/wp-json\/wp\/v2\/product_tag?post=10766"}],"curies":[{"name":"wp","href":"https:\/\/api.w.org\/{rel}","templated":true}]}}