{"id":10759,"date":"2019-07-21T16:36:56","date_gmt":"2019-07-21T14:36:56","guid":{"rendered":"http:\/\/35.158.205.248\/?post_type=product&#038;p=10759"},"modified":"2026-03-27T17:29:56","modified_gmt":"2026-03-27T16:29:56","slug":"aeropress-aerobie","status":"publish","type":"product","link":"https:\/\/essense.coffee\/it\/prodotto\/aeropress-aerobie\/","title":{"rendered":"AEROPRESS"},"content":{"rendered":"","protected":false},"excerpt":{"rendered":"<p>\u00c8 l\u2019ingegnere Alan Adler, grande appassionato di aerodinamica e di caff\u00e8, ad aver inventato l\u2019Aeropress nel 2005. \u00c8 un metodo di brewing ibrido che sfrutta sia l\u2019immersione che la pressione per ottenere un caff\u00e8 con la vivacit\u00e0 dell&#8217;espresso e la texture del caff\u00e8 filtro. Si tratta di un\u2019attrezzatura leggera ma resistente, da portare ovunque. Perfetta per quando si \u00e8 in viaggio!<\/p>\n","protected":false},"featured_media":18804,"comment_status":"open","ping_status":"closed","template":"","meta":[],"product_cat":[85,86,169,172],"product_tag":[],"bundle_layout":"","bundled_by":["13799","13815"],"bundled_items":[],"yoast_head":"<!-- This site is optimized with the Yoast SEO plugin v21.2 - https:\/\/yoast.com\/wordpress\/plugins\/seo\/ -->\n<title>AEROBIE AEROPRESS - Essense Coffee<\/title>\n<meta name=\"robots\" content=\"index, follow, max-snippet:-1, max-image-preview:large, max-video-preview:-1\" \/>\n<link rel=\"canonical\" href=\"https:\/\/essense.coffee\/it\/prodotto\/aeropress-aerobie\/\" \/>\n<meta property=\"og:locale\" content=\"it_IT\" \/>\n<meta property=\"og:type\" content=\"article\" \/>\n<meta property=\"og:title\" content=\"AEROBIE AEROPRESS - Essense Coffee\" \/>\n<meta property=\"og:description\" content=\"\u00c8 l\u2019ingegnere Alan Adler, grande appassionato di aerodinamica e di caff\u00e8, ad aver inventato l\u2019Aeropress nel 2005. \u00c8 un metodo di brewing ibrido che sfrutta sia l\u2019immersione che la pressione per ottenere un caff\u00e8 con la vivacit\u00e0 dell&#039;espresso e la texture del caff\u00e8 filtro. Si tratta di un\u2019attrezzatura leggera ma resistente, da portare ovunque. Perfetta per quando si \u00e8 in viaggio!\" \/>\n<meta property=\"og:url\" content=\"https:\/\/essense.coffee\/it\/prodotto\/aeropress-aerobie\/\" \/>\n<meta property=\"og:site_name\" content=\"Essense Coffee\" \/>\n<meta property=\"article:modified_time\" content=\"2026-03-27T16:29:56+00:00\" \/>\n<meta property=\"og:image\" content=\"https:\/\/essense.coffee\/wp-content\/uploads\/2019\/07\/Diapositiva2.jpeg\" \/>\n\t<meta property=\"og:image:width\" content=\"900\" \/>\n\t<meta property=\"og:image:height\" content=\"900\" \/>\n\t<meta property=\"og:image:type\" content=\"image\/jpeg\" \/>\n<meta name=\"twitter:card\" content=\"summary_large_image\" \/>\n<script type=\"application\/ld+json\" class=\"yoast-schema-graph\">{\"@context\":\"https:\/\/schema.org\",\"@graph\":[{\"@type\":\"WebPage\",\"@id\":\"https:\/\/essense.coffee\/it\/prodotto\/aeropress-aerobie\/\",\"url\":\"https:\/\/essense.coffee\/it\/prodotto\/aeropress-aerobie\/\",\"name\":\"AEROBIE AEROPRESS - Essense Coffee\",\"isPartOf\":{\"@id\":\"https:\/\/essense.coffee\/it\/#website\"},\"datePublished\":\"2019-07-21T14:36:56+00:00\",\"dateModified\":\"2026-03-27T16:29:56+00:00\",\"breadcrumb\":{\"@id\":\"https:\/\/essense.coffee\/it\/prodotto\/aeropress-aerobie\/#breadcrumb\"},\"inLanguage\":\"it-IT\",\"potentialAction\":[{\"@type\":\"ReadAction\",\"target\":[\"https:\/\/essense.coffee\/it\/prodotto\/aeropress-aerobie\/\"]}]},{\"@type\":\"BreadcrumbList\",\"@id\":\"https:\/\/essense.coffee\/it\/prodotto\/aeropress-aerobie\/#breadcrumb\",\"itemListElement\":[{\"@type\":\"ListItem\",\"position\":1,\"name\":\"Shop\",\"item\":\"\/categorie-shop\"},{\"@type\":\"ListItem\",\"position\":2,\"name\":\"ATTREZZATURA\",\"item\":\"https:\/\/essense.coffee\/it\/categoria-prodotto\/attrezzatura\/\"},{\"@type\":\"ListItem\",\"position\":3,\"name\":\"BREWING\",\"item\":\"https:\/\/essense.coffee\/it\/categoria-prodotto\/attrezzatura\/brewing\/\"},{\"@type\":\"ListItem\",\"position\":4,\"name\":\"AEROPRESS\"}]},{\"@type\":\"WebSite\",\"@id\":\"https:\/\/essense.coffee\/it\/#website\",\"url\":\"https:\/\/essense.coffee\/it\/\",\"name\":\"Essense Coffee\",\"description\":\"The best coffee instruments and our very own single-portioned coffee for every brewing method.\",\"publisher\":{\"@id\":\"https:\/\/essense.coffee\/it\/#organization\"},\"potentialAction\":[{\"@type\":\"SearchAction\",\"target\":{\"@type\":\"EntryPoint\",\"urlTemplate\":\"https:\/\/essense.coffee\/it\/?s={search_term_string}\"},\"query-input\":\"required name=search_term_string\"}],\"inLanguage\":\"it-IT\"},{\"@type\":\"Organization\",\"@id\":\"https:\/\/essense.coffee\/it\/#organization\",\"name\":\"Essense Coffee\",\"url\":\"https:\/\/essense.coffee\/it\/\",\"logo\":{\"@type\":\"ImageObject\",\"inLanguage\":\"it-IT\",\"@id\":\"https:\/\/essense.coffee\/it\/#\/schema\/logo\/image\/\",\"url\":\"https:\/\/essense.coffee\/wp-content\/uploads\/2020\/05\/Logo-Essense-300x300-1.jpg\",\"contentUrl\":\"https:\/\/essense.coffee\/wp-content\/uploads\/2020\/05\/Logo-Essense-300x300-1.jpg\",\"width\":300,\"height\":300,\"caption\":\"Essense Coffee\"},\"image\":{\"@id\":\"https:\/\/essense.coffee\/it\/#\/schema\/logo\/image\/\"}}]}<\/script>\n<!-- \/ Yoast SEO plugin. -->","yoast_head_json":{"title":"AEROBIE AEROPRESS - Essense Coffee","robots":{"index":"index","follow":"follow","max-snippet":"max-snippet:-1","max-image-preview":"max-image-preview:large","max-video-preview":"max-video-preview:-1"},"canonical":"https:\/\/essense.coffee\/it\/prodotto\/aeropress-aerobie\/","og_locale":"it_IT","og_type":"article","og_title":"AEROBIE AEROPRESS - Essense Coffee","og_description":"\u00c8 l\u2019ingegnere Alan Adler, grande appassionato di aerodinamica e di caff\u00e8, ad aver inventato l\u2019Aeropress nel 2005. \u00c8 un metodo di brewing ibrido che sfrutta sia l\u2019immersione che la pressione per ottenere un caff\u00e8 con la vivacit\u00e0 dell'espresso e la texture del caff\u00e8 filtro. Si tratta di un\u2019attrezzatura leggera ma resistente, da portare ovunque. Perfetta per quando si \u00e8 in viaggio!","og_url":"https:\/\/essense.coffee\/it\/prodotto\/aeropress-aerobie\/","og_site_name":"Essense Coffee","article_modified_time":"2026-03-27T16:29:56+00:00","og_image":[{"width":900,"height":900,"url":"https:\/\/essense.coffee\/wp-content\/uploads\/2019\/07\/Diapositiva2.jpeg","type":"image\/jpeg"}],"twitter_card":"summary_large_image","schema":{"@context":"https:\/\/schema.org","@graph":[{"@type":"WebPage","@id":"https:\/\/essense.coffee\/it\/prodotto\/aeropress-aerobie\/","url":"https:\/\/essense.coffee\/it\/prodotto\/aeropress-aerobie\/","name":"AEROBIE AEROPRESS - Essense Coffee","isPartOf":{"@id":"https:\/\/essense.coffee\/it\/#website"},"datePublished":"2019-07-21T14:36:56+00:00","dateModified":"2026-03-27T16:29:56+00:00","breadcrumb":{"@id":"https:\/\/essense.coffee\/it\/prodotto\/aeropress-aerobie\/#breadcrumb"},"inLanguage":"it-IT","potentialAction":[{"@type":"ReadAction","target":["https:\/\/essense.coffee\/it\/prodotto\/aeropress-aerobie\/"]}]},{"@type":"BreadcrumbList","@id":"https:\/\/essense.coffee\/it\/prodotto\/aeropress-aerobie\/#breadcrumb","itemListElement":[{"@type":"ListItem","position":1,"name":"Shop","item":"\/categorie-shop"},{"@type":"ListItem","position":2,"name":"ATTREZZATURA","item":"https:\/\/essense.coffee\/it\/categoria-prodotto\/attrezzatura\/"},{"@type":"ListItem","position":3,"name":"BREWING","item":"https:\/\/essense.coffee\/it\/categoria-prodotto\/attrezzatura\/brewing\/"},{"@type":"ListItem","position":4,"name":"AEROPRESS"}]},{"@type":"WebSite","@id":"https:\/\/essense.coffee\/it\/#website","url":"https:\/\/essense.coffee\/it\/","name":"Essense Coffee","description":"The best coffee instruments and our very own single-portioned coffee for every brewing method.","publisher":{"@id":"https:\/\/essense.coffee\/it\/#organization"},"potentialAction":[{"@type":"SearchAction","target":{"@type":"EntryPoint","urlTemplate":"https:\/\/essense.coffee\/it\/?s={search_term_string}"},"query-input":"required name=search_term_string"}],"inLanguage":"it-IT"},{"@type":"Organization","@id":"https:\/\/essense.coffee\/it\/#organization","name":"Essense Coffee","url":"https:\/\/essense.coffee\/it\/","logo":{"@type":"ImageObject","inLanguage":"it-IT","@id":"https:\/\/essense.coffee\/it\/#\/schema\/logo\/image\/","url":"https:\/\/essense.coffee\/wp-content\/uploads\/2020\/05\/Logo-Essense-300x300-1.jpg","contentUrl":"https:\/\/essense.coffee\/wp-content\/uploads\/2020\/05\/Logo-Essense-300x300-1.jpg","width":300,"height":300,"caption":"Essense Coffee"},"image":{"@id":"https:\/\/essense.coffee\/it\/#\/schema\/logo\/image\/"}}]}},"_links":{"self":[{"href":"https:\/\/essense.coffee\/it\/wp-json\/wp\/v2\/product\/10759"}],"collection":[{"href":"https:\/\/essense.coffee\/it\/wp-json\/wp\/v2\/product"}],"about":[{"href":"https:\/\/essense.coffee\/it\/wp-json\/wp\/v2\/types\/product"}],"replies":[{"embeddable":true,"href":"https:\/\/essense.coffee\/it\/wp-json\/wp\/v2\/comments?post=10759"}],"wp:featuredmedia":[{"embeddable":true,"href":"https:\/\/essense.coffee\/it\/wp-json\/wp\/v2\/media\/18804"}],"wp:attachment":[{"href":"https:\/\/essense.coffee\/it\/wp-json\/wp\/v2\/media?parent=10759"}],"wp:term":[{"taxonomy":"product_cat","embeddable":true,"href":"https:\/\/essense.coffee\/it\/wp-json\/wp\/v2\/product_cat?post=10759"},{"taxonomy":"product_tag","embeddable":true,"href":"https:\/\/essense.coffee\/it\/wp-json\/wp\/v2\/product_tag?post=10759"}],"curies":[{"name":"wp","href":"https:\/\/api.w.org\/{rel}","templated":true}]}}