{"id":6115,"date":"2019-04-26T07:25:40","date_gmt":"2019-04-26T07:25:40","guid":{"rendered":"http:\/\/35.158.205.248\/?page_id=6115"},"modified":"2019-11-29T20:27:22","modified_gmt":"2019-11-29T19:27:22","slug":"tikal","status":"publish","type":"page","link":"https:\/\/essense.coffee\/it\/caffe\/tikal\/","title":{"rendered":"TIKAL"},"content":{"rendered":"<p>[vc_section][vc_row margin_top_mobile=&#8221;-70px&#8221;][vc_column]\n\t\t\t<!-- START TIKAL REVOLUTION SLIDER 6.5.12 --><p class=\"rs-p-wp-fix\"><\/p>\n\t\t\t<rs-module-wrap id=\"rev_slider_27_1_wrapper\" data-source=\"gallery\" style=\"visibility:hidden;background:transparent;padding:0;margin:0px auto;margin-top:0;margin-bottom:0;\">\n\t\t\t\t<rs-module id=\"rev_slider_27_1\" style=\"\" data-version=\"6.5.12\">\n\t\t\t\t\t<rs-slides>\n\t\t\t\t\t\t<rs-slide style=\"position: absolute;\" data-key=\"rs-45\" data-title=\"Essense\" data-duration=\"4000\" data-anim=\"ms:600;r:0;\" data-in=\"o:0;\" data-out=\"a:false;\">\n\t\t\t\t\t\t\t<img src=\"\/\/essense.coffee\/wp-content\/plugins\/revslider\/public\/assets\/assets\/dummy.png\" alt=\"TIKAL\" title=\"TIKAL_copertina\" width=\"2000\" height=\"1000\" class=\"rev-slidebg tp-rs-img rs-lazyload\" data-lazyload=\"\/\/essense.coffee\/wp-content\/uploads\/2019\/05\/TIKAL_copertina.jpg\" data-no-retina>\n<!--\n\t\t\t\t\t\t\t--><rs-layer\n\t\t\t\t\t\t\t\tid=\"slider-27-slide-45-layer-1\" \n\t\t\t\t\t\t\t\tdata-type=\"text\"\n\t\t\t\t\t\t\t\tdata-rsp_ch=\"on\"\n\t\t\t\t\t\t\t\tdata-xy=\"x:r;xo:-1px;yo:444px;\"\n\t\t\t\t\t\t\t\tdata-text=\"s:60;l:60;a:right;\"\n\t\t\t\t\t\t\t\tdata-padding=\"t:40;r:40;b:40;l:40;\"\n\t\t\t\t\t\t\t\tdata-frame_0=\"o:1;tp:600;\"\n\t\t\t\t\t\t\t\tdata-frame_1=\"tp:600;sp:0;sR:10;\"\n\t\t\t\t\t\t\t\tdata-frame_999=\"o:0;tp:600;st:3999.9996948242;sR:3989.9996948242;\"\n\t\t\t\t\t\t\t\tstyle=\"z-index:5;background-color:rgba(0,0,0,0.61);font-family:'Anton';\"\n\t\t\t\t\t\t\t>Blend<br>\nTIKAL \n\t\t\t\t\t\t\t<\/rs-layer><!--\n-->\t\t\t\t\t\t<\/rs-slide>\n\t\t\t\t\t<\/rs-slides>\n\t\t\t\t<\/rs-module>\n\t\t\t\t<script>\n\t\t\t\t\tsetREVStartSize({c: 'rev_slider_27_1',rl:[1240,1240,1240,480],el:[690,690,690,720],gw:[1400,1400,1400,720],gh:[690,690,690,720],type:'hero',justify:'',layout:'fullwidth',mh:\"0\"});if (window.RS_MODULES!==undefined && window.RS_MODULES.modules!==undefined && window.RS_MODULES.modules[\"revslider271\"]!==undefined) {window.RS_MODULES.modules[\"revslider271\"].once = false;window.revapi27 = undefined;if (window.RS_MODULES.checkMinimal!==undefined) window.RS_MODULES.checkMinimal()}\n\t\t\t\t<\/script>\n\t\t\t<\/rs-module-wrap>\n\t\t\t<!-- END REVOLUTION SLIDER -->\n[\/vc_column][\/vc_row][\/vc_section][vc_section][vc_row margin_top=&#8221;50px&#8221;][vc_column width=&#8221;1\/4&#8243;][\/vc_column][vc_column align=&#8221;center&#8221; width=&#8221;1\/2&#8243; offset=&#8221;vc_hidden-lg vc_hidden-md vc_hidden-sm&#8221;][vc_column_text]<\/p>\n<p style=\"text-align: center;\"><a href=\"https:\/\/essense.coffee\/it\/caffe\/tikal\/\">IT<\/a> \u00a0 \u00a0 <a href=\"https:\/\/essense.coffee\/en\/coffee-stories\/tikal\/\">EN<\/a> \u00a0 \u00a0 <a href=\"https:\/\/essense.coffee\/fr\/cafes\/tikal\/\">FR<\/a><\/p>\n<p>[\/vc_column_text][\/vc_column][vc_column width=&#8221;1\/4&#8243;][\/vc_column][\/vc_row][vc_row margin_top=&#8221;50px&#8221;][vc_column width=&#8221;1\/4&#8243;][\/vc_column][vc_column width=&#8221;1\/2&#8243;][vc_column_text el_class=&#8221;testo-giustificato&#8221;]<img decoding=\"async\" loading=\"lazy\" class=\" wp-image-116 aligncenter\" src=\"https:\/\/essense.coffee\/wp-content\/uploads\/2018\/11\/bollino_01.png\" alt=\"caff\u00e8 blend\" width=\"80\" height=\"80\" \/><\/p>\n<h2 style=\"text-align: center;\">TIKAL<\/h2>\n<p>&nbsp;<\/p>\n<p>Questo caff\u00e8 dal profilo cioccolatoso \u00e8 un tributo alla civilt\u00e0 Maya, culla della cultura del cioccolato. Tikal \u00e8 infatti il nome della pi\u00f9 estesa tra le antiche citt\u00e0. Situata in Guatemala, \u00e8 oggi segnalata come Patrimonio dell\u2019Umanit\u00e0 UNESCO.<br \/>\nUn blend dal profilo dolce e persistente con spiccate note di cacao e caramello.[\/vc_column_text][\/vc_column][vc_column width=&#8221;1\/4&#8243;][\/vc_column][\/vc_row][\/vc_section][vc_section][vc_row content_placement=&#8221;middle&#8221; margin_top=&#8221;50px&#8221; el_class=&#8221;columns-display-block&#8221;][vc_column width=&#8221;1\/2&#8243;][vc_column_text]<iframe loading=\"lazy\" src=\"https:\/\/www.google.com\/maps\/d\/u\/2\/embed?mid=1wULtIf7aKN7S7W35bji-gA4hgh0fWmZN\" width=\"640\" height=\"350\"><\/iframe>[\/vc_column_text][\/vc_column][vc_column align=&#8221;center&#8221; width=&#8221;1\/4&#8243;]<div class=\" agni-image custom-image-container agni-image-default text-center\">\r\n\t\t\t<figure class=\"agni-image-figure\">\r\n\t\t\t\t<img  class=\"fullwidth-image attachment-200X200  \" src=\"https:\/\/essense.coffee\/wp-content\/uploads\/2019\/06\/ICONA_origini-200x200.png\" width=\"200\" height=\"200\" alt=\"Origini\" title=\"ICONA_origini\" \/>\r\n\t\t\t\t<figcaption class=\"vc_figure-caption\"><\/figcaption>\r\n\t\t\t<\/figure>\r\n\t\t<\/div>[\/vc_column][vc_column align=&#8221;center&#8221; width=&#8221;1\/4&#8243;][vc_column_text]<\/p>\n<p style=\"text-align: center;\"><b>Caff\u00e8 del blend: <\/b><\/p>\n<p style=\"text-align: center;\">ETIOPIA Sidamo<\/p>\n<p style=\"text-align: center;\">SANTO DOMINGO<\/p>\n<p style=\"text-align: center;\">PANAMA<\/p>\n<p>[\/vc_column_text][\/vc_column][\/vc_row][\/vc_section][vc_section content_placement=&#8221;middle&#8221; css=&#8221;.vc_custom_1558798156336{margin-top: 50px !important;}&#8221; el_class=&#8221;outburst-right-yellow&#8221;][vc_row bg_color=&#8221;#ffffff&#8221; equal_height=&#8221;yes&#8221; content_placement=&#8221;middle&#8221; margin_top=&#8221;50px&#8221;][vc_column dark_mode=&#8221;has-dark-mode&#8221; align=&#8221;center&#8221; bg_color=&#8221;#937a66&#8243; width=&#8221;1\/4&#8243; padding_top=&#8221;30px&#8221; padding_bottom=&#8221;30px&#8221;]<div class=\" agni-image custom-image-container agni-image-default text-center\">\r\n\t\t\t<figure class=\"agni-image-figure\">\r\n\t\t\t\t<img  class=\"fullwidth-image attachment-150x150  \" src=\"https:\/\/essense.coffee\/wp-content\/uploads\/2019\/05\/ICONA_Profilo-organolettico-150x150.png\" width=\"150\" height=\"150\" alt=\"Profilo organolettico\" title=\"ICONA_Profilo-organolettico\" \/>\r\n\t\t\t\t<figcaption class=\"vc_figure-caption\"><\/figcaption>\r\n\t\t\t<\/figure>\r\n\t\t<\/div>[\/vc_column][vc_column dark_mode=&#8221;has-dark-mode&#8221; align=&#8221;center&#8221; bg_color=&#8221;#937a66&#8243; width=&#8221;1\/2&#8243; padding_top=&#8221;30px&#8221; padding_bottom=&#8221;30px&#8221;][vc_column_text padding_top=&#8221;25&#8243; el_class=&#8221;white-color&#8221;]<\/p>\n<p style=\"text-align: center;\"><strong>Analisi sensoriale:<\/strong><\/p>\n<p style=\"text-align: center;\">Cacao, caramello, liquirizia<br \/>\nTazza dolce dal profilo cioccolatoso ed un persistente retrogusto di liquirizia<\/p>\n<p>[\/vc_column_text][\/vc_column][vc_column dark_mode=&#8221;has-dark-mode&#8221; align=&#8221;center&#8221; bg_color=&#8221;#937a66&#8243; width=&#8221;1\/4&#8243; el_class=&#8221;essense-runout-right essense-runout-beige-scuro&#8221;][\/vc_column][\/vc_row][\/vc_section][vc_section][vc_row margin_top=&#8221;50px&#8221;][vc_column width=&#8221;1\/4&#8243;][\/vc_column][vc_column width=&#8221;1\/2&#8243;][vc_column_text el_class=&#8221;testo-giustificato&#8221;]Questo blend di chicchi 100% Arabica si caratterizza per il profilo cioccolatoso. Le note di cacao e caramello tipiche del Sidamo etiope sono arricchite dalla delicata acidit\u00e0 dei caff\u00e8 centro-americani producendo un particolare e persistente retrogusto di liquirizia e mandorla.[\/vc_column_text][\/vc_column][vc_column width=&#8221;1\/4&#8243;][\/vc_column][\/vc_row][\/vc_section][vc_section content_placement=&#8221;middle&#8221; css=&#8221;.vc_custom_1558798156336{margin-top: 50px !important;}&#8221; el_class=&#8221;outburst-right-yellow&#8221;][vc_row bg_color=&#8221;#ffffff&#8221; equal_height=&#8221;yes&#8221; content_placement=&#8221;middle&#8221; margin_top=&#8221;50px&#8221;][vc_column dark_mode=&#8221;has-dark-mode&#8221; align=&#8221;center&#8221; bg_color=&#8221;#e6af00&#8243; width=&#8221;1\/4&#8243; padding_top=&#8221;30px&#8221; padding_bottom=&#8221;30px&#8221;]<div class=\" agni-image custom-image-container agni-image-default text-center\">\r\n\t\t\t<figure class=\"agni-image-figure\">\r\n\t\t\t\t<img  class=\"fullwidth-image attachment-150x150  \" src=\"https:\/\/essense.coffee\/wp-content\/uploads\/2019\/05\/ICONA_Newsletter-150x150.png\" width=\"150\" height=\"150\" alt=\"Newsletter\" title=\"ICONA_Newsletter\" \/>\r\n\t\t\t\t<figcaption class=\"vc_figure-caption\"><\/figcaption>\r\n\t\t\t<\/figure>\r\n\t\t<\/div>[\/vc_column][vc_column dark_mode=&#8221;has-dark-mode&#8221; align=&#8221;center&#8221; bg_color=&#8221;#e6af00&#8243; width=&#8221;1\/2&#8243; padding_top=&#8221;30px&#8221; padding_bottom=&#8221;30px&#8221;][vc_column_text padding_top=&#8221;25&#8243; el_class=&#8221;white-color&#8221;]<\/p>\n<p style=\"text-align: center;\">ISCRIVITI ALLA NEWSLETTER<br \/>\nE VIVI IN PRIMA PERSONA<br \/>\nLA RIVOLUZIONE DELLO SLOW COFFEE<\/p>\n<p>[\/vc_column_text][\/vc_column][vc_column dark_mode=&#8221;has-dark-mode&#8221; align=&#8221;center&#8221; bg_color=&#8221;#e6af00&#8243; width=&#8221;1\/4&#8243; el_class=&#8221;essense-runout-right essense-runout-giallo-ocra&#8221;]<div class=\" agni-button-responsive agni-button  text-center page-scroll\"><a class=\"agni_custom_design_css btn btn-default\" target=\"_self\" href=\"#newsletter\"  >ISCRIVITI<\/a><\/div>[\/vc_column][\/vc_row][\/vc_section][vc_section content_placement=&#8221;middle&#8221; css=&#8221;.vc_custom_1575055624527{margin-top: 50px !important;margin-bottom: 50px !important;}&#8221; el_class=&#8221;outburst-left&#8221;][vc_row bg_color=&#8221;#ffffff&#8221; equal_height=&#8221;yes&#8221; content_placement=&#8221;middle&#8221; margin_top=&#8221;50px&#8221;][vc_column dark_mode=&#8221;has-dark-mode&#8221; align=&#8221;center&#8221; bg_color=&#8221;#bdb1a1&#8243; width=&#8221;1\/4&#8243; padding_top=&#8221;30px&#8221; padding_bottom=&#8221;30px&#8221; el_class=&#8221;essense-runout-left essense-runout-beige&#8221;]<div class=\" agni-image custom-image-container agni-image-default text-center\">\r\n\t\t\t<figure class=\"agni-image-figure\">\r\n\t\t\t\t<img  class=\"fullwidth-image attachment-150x150  \" src=\"https:\/\/essense.coffee\/wp-content\/uploads\/2019\/05\/ICONA_Shop-150x150.png\" width=\"150\" height=\"150\" alt=\"Icona shop\" title=\"ICONA_Shop\" \/>\r\n\t\t\t\t<figcaption class=\"vc_figure-caption\"><\/figcaption>\r\n\t\t\t<\/figure>\r\n\t\t<\/div>[\/vc_column][vc_column dark_mode=&#8221;has-dark-mode&#8221; align=&#8221;center&#8221; bg_color=&#8221;#bdb1a1&#8243; width=&#8221;1\/2&#8243; padding_top=&#8221;30px&#8221; padding_bottom=&#8221;30px&#8221;][vc_column_text padding_top=&#8221;25&#8243; el_class=&#8221;white-color&#8221;]<\/p>\n<p style=\"text-align: center;\">SCOPRI I FORMATI DI GROUNDtoENJOY DISPONIBILI<br \/>\nCON IL CAFF\u00c8 TIKAL<\/p>\n<p>[\/vc_column_text][\/vc_column][vc_column dark_mode=&#8221;has-dark-mode&#8221; bg_color=&#8221;#bdb1a1&#8243; width=&#8221;1\/4&#8243;]<div class=\" agni-button-responsive agni-button  text-center page-scroll\"><a class=\"agni_custom_design_css btn btn-default\" target=\"_self\" href=\"https:\/\/essense.coffee\/it\/prodotto\/tikal\/\"  >VAI ALLO SHOP<\/a><\/div>[\/vc_column][\/vc_row][\/vc_section][vc_section content_placement=&#8221;middle&#8221; css=&#8221;.vc_custom_1557764339907{margin-top: 150px !important;}&#8221; el_class=&#8221;outburst-right&#8221;][vc_row equal_height=&#8221;yes&#8221; content_placement=&#8221;middle&#8221; margin_top=&#8221;50px&#8221;][vc_column dark_mode=&#8221;has-dark-mode&#8221; align=&#8221;right&#8221; bg_color=&#8221;#000000&#8243; width=&#8221;1\/2&#8243; padding_top=&#8221;30px&#8221; padding_bottom=&#8221;30px&#8221;][vc_column_text el_class=&#8221;white-color&#8221;]<\/p>\n<h2 style=\"text-align: right;\">COFFEE BREWING<\/h2>\n<p style=\"text-align: right;\">Il caff\u00e8 TIKAL \u00e8 disponibile<br \/>\nnel formato GROUNDtoENJOY<br \/>\nper diversi metodi brewing.<br \/>\nScegli il tuo e segui il tutorial per preparare<br \/>\nal meglio questo straordinario caff\u00e8.<\/p>\n<p>[\/vc_column_text]<div class=\" agni-button-responsive agni-button  text-right page-scroll\"><a class=\"agni_custom_design_css btn btn-default\" target=\"_self\" href=\"https:\/\/essense.coffee\/it\/brewing\/\"  >Scopri i metodi brewing<\/a><\/div>[\/vc_column][vc_column dark_mode=&#8221;has-dark-mode&#8221; align=&#8221;center&#8221; bg_color=&#8221;#000000&#8243; width=&#8221;1\/2&#8243; padding_top=&#8221;30px&#8221; padding_bottom=&#8221;30px&#8221; el_class=&#8221;essense-runout-right&#8221;][vc_column_text]<\/p>\n<div id=\"essense-home-selector\">\n<ul>\n<li><a href=\"https:\/\/essense.coffee\/it\/brewing\/french-press\/\"> <img decoding=\"async\" class=\"essense-home-selector-disabled\" src=\"https:\/\/essense.coffee\/wp-content\/uploads\/2019\/04\/001.png\" \/> <img decoding=\"async\" class=\"essense-home-selector-enabled\" src=\"https:\/\/essense.coffee\/wp-content\/uploads\/2019\/05\/gr_001.png\" \/> <\/a> <span class=\"essense-home-selector-title\">French Press<\/span><\/li>\n<li><a href=\"https:\/\/essense.coffee\/it\/brewing\/pour-over-dripper\/\"> <img decoding=\"async\" class=\"essense-home-selector-disabled\" src=\"https:\/\/essense.coffee\/wp-content\/uploads\/2019\/04\/002.png\" \/> <img decoding=\"async\" class=\"essense-home-selector-enabled\" src=\"https:\/\/essense.coffee\/wp-content\/uploads\/2019\/05\/gr_002.png\" \/> <\/a> <span class=\"essense-home-selector-title\">Pour-Over<\/span><\/li>\n<li><a href=\"https:\/\/essense.coffee\/it\/brewing\/chemex\/\"> <img decoding=\"async\" class=\"essense-home-selector-disabled\" src=\"https:\/\/essense.coffee\/wp-content\/uploads\/2019\/04\/003.png\" \/> <img decoding=\"async\" class=\"essense-home-selector-enabled\" src=\"https:\/\/essense.coffee\/wp-content\/uploads\/2019\/05\/gr_003.png\" \/> <\/a> <span class=\"essense-home-selector-title\">Chemex<\/span><\/li>\n<li><a href=\"https:\/\/essense.coffee\/it\/brewing\/clever-dripper\/\"> <img decoding=\"async\" class=\"essense-home-selector-disabled\" src=\"https:\/\/essense.coffee\/wp-content\/uploads\/2019\/04\/004.png\" \/> <img decoding=\"async\" class=\"essense-home-selector-enabled\" src=\"https:\/\/essense.coffee\/wp-content\/uploads\/2019\/05\/gr_004.png\" \/> <\/a> <span class=\"essense-home-selector-title\">Clever<\/span><\/li>\n<li><a href=\"https:\/\/essense.coffee\/it\/brewing\/aeropress\/\"> <img decoding=\"async\" class=\"essense-home-selector-disabled\" src=\"https:\/\/essense.coffee\/wp-content\/uploads\/2019\/04\/005.png\" \/> <img decoding=\"async\" class=\"essense-home-selector-enabled\" src=\"https:\/\/essense.coffee\/wp-content\/uploads\/2019\/05\/gr_005-2.png\" \/> <\/a> <span class=\"essense-home-selector-title\">Aeropress<\/span><\/li>\n<li><a href=\"https:\/\/essense.coffee\/it\/brewing\/syphon\/\"> <img decoding=\"async\" class=\"essense-home-selector-disabled\" src=\"https:\/\/essense.coffee\/wp-content\/uploads\/2019\/04\/006.png\" \/> <img decoding=\"async\" class=\"essense-home-selector-enabled\" src=\"https:\/\/essense.coffee\/wp-content\/uploads\/2019\/05\/gr_006.png\" \/> <\/a> <span class=\"essense-home-selector-title\">Syphon<\/span><\/li>\n<li><a href=\"https:\/\/essense.coffee\/it\/brewing\/cold-drip-brew\/\"> <img decoding=\"async\" class=\"essense-home-selector-disabled\" src=\"https:\/\/essense.coffee\/wp-content\/uploads\/2019\/05\/bw_007.png\" \/> <img decoding=\"async\" class=\"essense-home-selector-enabled\" src=\"https:\/\/essense.coffee\/wp-content\/uploads\/2019\/05\/gr_007-2.png\" \/> <\/a> <span class=\"essense-home-selector-title\">Cold Brew<\/span><\/li>\n<\/ul>\n<\/div>\n<p>[\/vc_column_text][\/vc_column][\/vc_row][\/vc_section][vc_section content_placement=&#8221;middle&#8221; css=&#8221;.vc_custom_1557824737813{margin-top: 50px !important;margin-bottom: 50px !important;}&#8221; el_class=&#8221;outburst-left&#8221;][vc_row bg_color=&#8221;#ffffff&#8221; equal_height=&#8221;yes&#8221; content_placement=&#8221;middle&#8221; margin_top=&#8221;50px&#8221;][vc_column dark_mode=&#8221;has-dark-mode&#8221; align=&#8221;center&#8221; bg_color=&#8221;#6d8165&#8243; width=&#8221;1\/4&#8243; padding_top=&#8221;30px&#8221; padding_bottom=&#8221;30px&#8221; el_class=&#8221;essense-runout-left essense-runout-verde-oliva&#8221;]<div class=\" agni-image custom-image-container agni-image-default text-center\">\r\n\t\t\t<figure class=\"agni-image-figure\">\r\n\t\t\t\t<img  class=\"fullwidth-image attachment-150x150  \" src=\"https:\/\/essense.coffee\/wp-content\/uploads\/2019\/05\/ICONA_Scrivici-150x150.png\" width=\"150\" height=\"150\" alt=\"Scrivici\" title=\"ICONA_Scrivici\" \/>\r\n\t\t\t\t<figcaption class=\"vc_figure-caption\"><\/figcaption>\r\n\t\t\t<\/figure>\r\n\t\t<\/div>[\/vc_column][vc_column dark_mode=&#8221;has-dark-mode&#8221; align=&#8221;center&#8221; bg_color=&#8221;#6d8165&#8243; width=&#8221;1\/2&#8243; padding_top=&#8221;30px&#8221; padding_bottom=&#8221;30px&#8221;][vc_column_text padding_top=&#8221;25&#8243; el_class=&#8221;white-color&#8221;]<\/p>\n<p style=\"text-align: center;\">HAI DOMANDE O CURIOSIT\u00c0 SUL MONDO ESSENSE?<br \/>\nSCRIVICI, SAREMO FELICI CI CONDIVIDERE CON TE<br \/>\nLA NOSTRA PASSIONE PER IL CAFF\u00c8<\/p>\n<p>[\/vc_column_text][\/vc_column][vc_column dark_mode=&#8221;has-dark-mode&#8221; bg_color=&#8221;#6d8165&#8243; width=&#8221;1\/4&#8243;]<div class=\" agni-button-responsive agni-button  text-center page-scroll\"><a class=\"agni_custom_design_css btn btn-default\" target=\"_self\" href=\"https:\/\/essense.coffee\/it\/about\/contatti\/\"  >SCRIVICI<\/a><\/div>[\/vc_column][\/vc_row][\/vc_section]<\/p>\n","protected":false},"excerpt":{"rendered":"<p>[vc_section][vc_row margin_top_mobile=&#8221;-70px&#8221;][vc_column][\/vc_column][\/vc_row][\/vc_section][vc_section][vc_row margin_top=&#8221;50px&#8221;][vc_column width=&#8221;1\/4&#8243;][\/vc_column][vc_column align=&#8221;center&#8221; width=&#8221;1\/2&#8243; offset=&#8221;vc_hidden-lg vc_hidden-md vc_hidden-sm&#8221;][vc_column_text] IT \u00a0 \u00a0 EN \u00a0 \u00a0 FR [\/vc_column_text][\/vc_column][vc_column width=&#8221;1\/4&#8243;][\/vc_column][\/vc_row][vc_row margin_top=&#8221;50px&#8221;][vc_column width=&#8221;1\/4&#8243;][\/vc_column][vc_column width=&#8221;1\/2&#8243;][vc_column_text el_class=&#8221;testo-giustificato&#8221;] TIKAL &nbsp; Questo caff\u00e8 dal profilo cioccolatoso \u00e8 un tributo alla civilt\u00e0 Maya, culla della cultura del cioccolato. Tikal \u00e8 infatti il nome della pi\u00f9 estesa tra le antiche citt\u00e0. Situata in Guatemala, [&hellip;]<\/p>\n","protected":false},"author":3,"featured_media":0,"parent":6097,"menu_order":0,"comment_status":"closed","ping_status":"closed","template":"","meta":{"footnotes":""},"yoast_head":"<!-- This site is optimized with the Yoast SEO plugin v21.2 - https:\/\/yoast.com\/wordpress\/plugins\/seo\/ -->\n<title>TIKAL - Essense Coffee<\/title>\n<meta name=\"robots\" content=\"index, follow, max-snippet:-1, max-image-preview:large, max-video-preview:-1\" \/>\n<link rel=\"canonical\" href=\"https:\/\/essense.coffee\/it\/caffe\/tikal\/\" \/>\n<meta property=\"og:locale\" content=\"it_IT\" \/>\n<meta property=\"og:type\" content=\"article\" \/>\n<meta property=\"og:title\" content=\"TIKAL - Essense Coffee\" \/>\n<meta property=\"og:description\" content=\"[vc_section][vc_row margin_top_mobile=&#8221;-70px&#8221;][vc_column][\/vc_column][\/vc_row][\/vc_section][vc_section][vc_row margin_top=&#8221;50px&#8221;][vc_column width=&#8221;1\/4&#8243;][\/vc_column][vc_column align=&#8221;center&#8221; width=&#8221;1\/2&#8243; offset=&#8221;vc_hidden-lg vc_hidden-md vc_hidden-sm&#8221;][vc_column_text] IT \u00a0 \u00a0 EN \u00a0 \u00a0 FR [\/vc_column_text][\/vc_column][vc_column width=&#8221;1\/4&#8243;][\/vc_column][\/vc_row][vc_row margin_top=&#8221;50px&#8221;][vc_column width=&#8221;1\/4&#8243;][\/vc_column][vc_column width=&#8221;1\/2&#8243;][vc_column_text el_class=&#8221;testo-giustificato&#8221;] TIKAL &nbsp; Questo caff\u00e8 dal profilo cioccolatoso \u00e8 un tributo alla civilt\u00e0 Maya, culla della cultura del cioccolato. Tikal \u00e8 infatti il nome della pi\u00f9 estesa tra le antiche citt\u00e0. Situata in Guatemala, [&hellip;]\" \/>\n<meta property=\"og:url\" content=\"https:\/\/essense.coffee\/it\/caffe\/tikal\/\" \/>\n<meta property=\"og:site_name\" content=\"Essense Coffee\" \/>\n<meta property=\"article:modified_time\" content=\"2019-11-29T19:27:22+00:00\" \/>\n<meta property=\"og:image\" content=\"https:\/\/essense.coffee\/wp-content\/uploads\/2018\/11\/bollino_01.png\" \/>\n<meta name=\"twitter:card\" content=\"summary_large_image\" \/>\n<meta name=\"twitter:label1\" content=\"Tempo di lettura stimato\" \/>\n\t<meta name=\"twitter:data1\" content=\"5 minuti\" \/>\n<script type=\"application\/ld+json\" class=\"yoast-schema-graph\">{\"@context\":\"https:\/\/schema.org\",\"@graph\":[{\"@type\":\"WebPage\",\"@id\":\"https:\/\/essense.coffee\/it\/caffe\/tikal\/\",\"url\":\"https:\/\/essense.coffee\/it\/caffe\/tikal\/\",\"name\":\"TIKAL - Essense Coffee\",\"isPartOf\":{\"@id\":\"https:\/\/essense.coffee\/it\/#website\"},\"datePublished\":\"2019-04-26T07:25:40+00:00\",\"dateModified\":\"2019-11-29T19:27:22+00:00\",\"breadcrumb\":{\"@id\":\"https:\/\/essense.coffee\/it\/caffe\/tikal\/#breadcrumb\"},\"inLanguage\":\"it-IT\",\"potentialAction\":[{\"@type\":\"ReadAction\",\"target\":[\"https:\/\/essense.coffee\/it\/caffe\/tikal\/\"]}]},{\"@type\":\"BreadcrumbList\",\"@id\":\"https:\/\/essense.coffee\/it\/caffe\/tikal\/#breadcrumb\",\"itemListElement\":[{\"@type\":\"ListItem\",\"position\":1,\"name\":\"Shop\",\"item\":\"\/categorie-shop\"},{\"@type\":\"ListItem\",\"position\":2,\"name\":\"TIKAL\"}]},{\"@type\":\"WebSite\",\"@id\":\"https:\/\/essense.coffee\/it\/#website\",\"url\":\"https:\/\/essense.coffee\/it\/\",\"name\":\"Essense Coffee\",\"description\":\"The best coffee instruments and our very own single-portioned coffee for every brewing method.\",\"publisher\":{\"@id\":\"https:\/\/essense.coffee\/it\/#organization\"},\"potentialAction\":[{\"@type\":\"SearchAction\",\"target\":{\"@type\":\"EntryPoint\",\"urlTemplate\":\"https:\/\/essense.coffee\/it\/?s={search_term_string}\"},\"query-input\":\"required name=search_term_string\"}],\"inLanguage\":\"it-IT\"},{\"@type\":\"Organization\",\"@id\":\"https:\/\/essense.coffee\/it\/#organization\",\"name\":\"Essense Coffee\",\"url\":\"https:\/\/essense.coffee\/it\/\",\"logo\":{\"@type\":\"ImageObject\",\"inLanguage\":\"it-IT\",\"@id\":\"https:\/\/essense.coffee\/it\/#\/schema\/logo\/image\/\",\"url\":\"https:\/\/essense.coffee\/wp-content\/uploads\/2020\/05\/Logo-Essense-300x300-1.jpg\",\"contentUrl\":\"https:\/\/essense.coffee\/wp-content\/uploads\/2020\/05\/Logo-Essense-300x300-1.jpg\",\"width\":300,\"height\":300,\"caption\":\"Essense Coffee\"},\"image\":{\"@id\":\"https:\/\/essense.coffee\/it\/#\/schema\/logo\/image\/\"}}]}<\/script>\n<!-- \/ Yoast SEO plugin. -->","yoast_head_json":{"title":"TIKAL - Essense Coffee","robots":{"index":"index","follow":"follow","max-snippet":"max-snippet:-1","max-image-preview":"max-image-preview:large","max-video-preview":"max-video-preview:-1"},"canonical":"https:\/\/essense.coffee\/it\/caffe\/tikal\/","og_locale":"it_IT","og_type":"article","og_title":"TIKAL - Essense Coffee","og_description":"[vc_section][vc_row margin_top_mobile=&#8221;-70px&#8221;][vc_column][\/vc_column][\/vc_row][\/vc_section][vc_section][vc_row margin_top=&#8221;50px&#8221;][vc_column width=&#8221;1\/4&#8243;][\/vc_column][vc_column align=&#8221;center&#8221; width=&#8221;1\/2&#8243; offset=&#8221;vc_hidden-lg vc_hidden-md vc_hidden-sm&#8221;][vc_column_text] IT \u00a0 \u00a0 EN \u00a0 \u00a0 FR [\/vc_column_text][\/vc_column][vc_column width=&#8221;1\/4&#8243;][\/vc_column][\/vc_row][vc_row margin_top=&#8221;50px&#8221;][vc_column width=&#8221;1\/4&#8243;][\/vc_column][vc_column width=&#8221;1\/2&#8243;][vc_column_text el_class=&#8221;testo-giustificato&#8221;] TIKAL &nbsp; Questo caff\u00e8 dal profilo cioccolatoso \u00e8 un tributo alla civilt\u00e0 Maya, culla della cultura del cioccolato. Tikal \u00e8 infatti il nome della pi\u00f9 estesa tra le antiche citt\u00e0. Situata in Guatemala, [&hellip;]","og_url":"https:\/\/essense.coffee\/it\/caffe\/tikal\/","og_site_name":"Essense Coffee","article_modified_time":"2019-11-29T19:27:22+00:00","og_image":[{"url":"https:\/\/essense.coffee\/wp-content\/uploads\/2018\/11\/bollino_01.png"}],"twitter_card":"summary_large_image","twitter_misc":{"Tempo di lettura stimato":"5 minuti"},"schema":{"@context":"https:\/\/schema.org","@graph":[{"@type":"WebPage","@id":"https:\/\/essense.coffee\/it\/caffe\/tikal\/","url":"https:\/\/essense.coffee\/it\/caffe\/tikal\/","name":"TIKAL - Essense Coffee","isPartOf":{"@id":"https:\/\/essense.coffee\/it\/#website"},"datePublished":"2019-04-26T07:25:40+00:00","dateModified":"2019-11-29T19:27:22+00:00","breadcrumb":{"@id":"https:\/\/essense.coffee\/it\/caffe\/tikal\/#breadcrumb"},"inLanguage":"it-IT","potentialAction":[{"@type":"ReadAction","target":["https:\/\/essense.coffee\/it\/caffe\/tikal\/"]}]},{"@type":"BreadcrumbList","@id":"https:\/\/essense.coffee\/it\/caffe\/tikal\/#breadcrumb","itemListElement":[{"@type":"ListItem","position":1,"name":"Shop","item":"\/categorie-shop"},{"@type":"ListItem","position":2,"name":"TIKAL"}]},{"@type":"WebSite","@id":"https:\/\/essense.coffee\/it\/#website","url":"https:\/\/essense.coffee\/it\/","name":"Essense Coffee","description":"The best coffee instruments and our very own single-portioned coffee for every brewing method.","publisher":{"@id":"https:\/\/essense.coffee\/it\/#organization"},"potentialAction":[{"@type":"SearchAction","target":{"@type":"EntryPoint","urlTemplate":"https:\/\/essense.coffee\/it\/?s={search_term_string}"},"query-input":"required name=search_term_string"}],"inLanguage":"it-IT"},{"@type":"Organization","@id":"https:\/\/essense.coffee\/it\/#organization","name":"Essense Coffee","url":"https:\/\/essense.coffee\/it\/","logo":{"@type":"ImageObject","inLanguage":"it-IT","@id":"https:\/\/essense.coffee\/it\/#\/schema\/logo\/image\/","url":"https:\/\/essense.coffee\/wp-content\/uploads\/2020\/05\/Logo-Essense-300x300-1.jpg","contentUrl":"https:\/\/essense.coffee\/wp-content\/uploads\/2020\/05\/Logo-Essense-300x300-1.jpg","width":300,"height":300,"caption":"Essense Coffee"},"image":{"@id":"https:\/\/essense.coffee\/it\/#\/schema\/logo\/image\/"}}]}},"_links":{"self":[{"href":"https:\/\/essense.coffee\/it\/wp-json\/wp\/v2\/pages\/6115"}],"collection":[{"href":"https:\/\/essense.coffee\/it\/wp-json\/wp\/v2\/pages"}],"about":[{"href":"https:\/\/essense.coffee\/it\/wp-json\/wp\/v2\/types\/page"}],"author":[{"embeddable":true,"href":"https:\/\/essense.coffee\/it\/wp-json\/wp\/v2\/users\/3"}],"replies":[{"embeddable":true,"href":"https:\/\/essense.coffee\/it\/wp-json\/wp\/v2\/comments?post=6115"}],"version-history":[{"count":15,"href":"https:\/\/essense.coffee\/it\/wp-json\/wp\/v2\/pages\/6115\/revisions"}],"predecessor-version":[{"id":14978,"href":"https:\/\/essense.coffee\/it\/wp-json\/wp\/v2\/pages\/6115\/revisions\/14978"}],"up":[{"embeddable":true,"href":"https:\/\/essense.coffee\/it\/wp-json\/wp\/v2\/pages\/6097"}],"wp:attachment":[{"href":"https:\/\/essense.coffee\/it\/wp-json\/wp\/v2\/media?parent=6115"}],"curies":[{"name":"wp","href":"https:\/\/api.w.org\/{rel}","templated":true}]}}