{"id":467,"date":"2018-11-14T08:13:08","date_gmt":"2018-11-14T07:13:08","guid":{"rendered":"http:\/\/52.29.231.59\/?page_id=467"},"modified":"2019-07-22T08:57:59","modified_gmt":"2019-07-22T06:57:59","slug":"privacy-policy","status":"publish","type":"page","link":"https:\/\/essense.coffee\/it\/link-utili\/privacy-policy\/","title":{"rendered":"Privacy policy"},"content":{"rendered":"<p>[vc_section][vc_row margin_top=&#8221;50px&#8221;][vc_column width=&#8221;1\/4&#8243;][\/vc_column][vc_column width=&#8221;1\/2&#8243;][vc_column_text spacing_heading=&#8221;&#8221; spacing_heading_tab=&#8221;&#8221; spacing_heading_mobile=&#8221;&#8221; el_class=&#8221;testo-giustificato&#8221;]<\/p>\n<h2 style=\"text-align: center;\"><strong>PRIVACY POLICY<\/strong><\/h2>\n<p style=\"text-align: center;\"><strong>Informazioni ai sensi dell&#8217;art. 13 del Reg. EU 2016\/697 (GDPR)<\/strong><\/p>\n<p>Gentile visitatore, ai sensi dell\u2019art. 13 del GDPR, ed in relazione ai dati personali di cui\u00a0<strong>BERNARDI s.r.l.<\/strong>\u00a0entrer\u00e0 in possesso, Le forniamo le informazioni che seguono.<\/p>\n<p>Per la suddetta Normativa:<\/p>\n<ul>\n<li>a) BERNARDI s.r.l. \u00e8 il \u201cTitolare\u201d del Trattamento.<\/li>\n<\/ul>\n<ul>\n<li>b) Lei, se persona fisica (anche impresa individuale o professionista), \u00e8 l\u2019\u201dInteressato\u201d e i Suoi dati verranno trattati come di seguito indicato; Lei ha inoltre i diritti che illustriamo di seguito.<\/li>\n<\/ul>\n<ul>\n<li>c) Lei, se persona giuridica (societ\u00e0, ente, ecc.) NON \u00e8 \u201cInteressato\u201d, i Suoi dati NON sono Dati Personali ed al relativo trattamento NON si applica la normativa in oggetto.<\/li>\n<\/ul>\n<ul>\n<li>d) In ogni caso, i Suoi eventuali amministratori\/rappresentanti\/dipendenti\/collaboratori\/funzionari \u2013 i cui dati personali dovessero essere incidentalmente conferiti o comunicati, avendo contatti col Titolare per Suo conto \u2013 sono \u201cInteressati\u201d e i loro dati verranno trattati come di seguito indicato; Lei si impegna quindi a fornire le suesposte informazioni agli stessi rappresentanti\/dipendenti\/ collaboratori\/funzionari, i cui dati personali dovessero essere incidentalmente conferiti al Titolare, avendo contatti con quest\u2019ultimo.<\/li>\n<\/ul>\n<p><strong><u>1) Titolare del trattamento<\/u><\/strong><\/p>\n<p>Come premesso, Titolare del Trattamento \u00e8 BERNARDI s.r.l., con sede in Via Caduti sul Don nr. 1, 12020 \u2013 Villar San Costanzo \u2013 CN (C.F. e P. IVA: 01751680040), contattabile all\u2019indirizzo email\u00a0<a href=\"mailto:info@essense.coffee\">info@essense.coffee<\/a>.<\/p>\n<p>Il Titolare tratta i dati secondo i principi stabiliti dal GDPR (Regolamento generale sulla protezione dei dati UE 2016\/679), dal D.Lgs. 196\/2003 e dal D. Lgs. 101\/2018, di liceit\u00e0, correttezza, trasparenza, limitazione delle finalit\u00e0 e della conservazione, minimizzazione dei dati, esattezza, integrit\u00e0 e riservatezza.<\/p>\n<p><strong><u>2) Finalit\u00e0 del Trattamento<\/u><\/strong><\/p>\n<p>I dati personali forniti al Titolare dall\u2019Interessato, saranno trattati per le seguenti Finalit\u00e0:<\/p>\n<p>a) fornire risposte alla richiesta che l\u2019utente (di seguito indicato anche \u201cl\u2019Interessato\u201d) abbia avanzato tramite il canale di contatto;<\/p>\n<p>b)fornire un preventivo all\u2019Interessato che lo abbia chiesto tramite il canale di contatto;<\/p>\n<p>c)inviare il proprio curriculum vitae o una richiesta di collaborazione col Titolare;<\/p>\n<p>d)adempiere ad obblighi previsti dalla legge, da un regolamento, dalla normativa comunitaria o da un ordine dell\u2019Autorit\u00e0;<\/p>\n<p>e)esercitare i diritti e gli interessi legittimi del Titolare o di terzi, come, ad esempio, il diritto di difesa in giudizio o il marketing diretto;<\/p>\n<p>f)inviare (via e-mail \u2013 anche con newsletter \u2013 telefono o altri canali di contatto forniti) comunicazioni commerciali o materiale pubblicitario su prodotti o servizi offerti dal Titolare; contattare l\u2019Interessato per offerte personalizzate o rilevare il grado di soddisfazione sulla qualit\u00e0 dei servizi e dei prodotti, o segnalare eventi.<\/p>\n<p><strong><u>3) Basi giuridiche del trattamento<\/u><\/strong><\/p>\n<p>Le basi giuridiche del Trattamento sono le seguenti:<\/p>\n<p>Per quanto riguarda le finalit\u00e0 di cui ai punti 2a), 2b), 2c), 2d) e 2e):<\/p>\n<p>\u2013\u00a0\u00a0 necessit\u00e0 di adempiere ad un contratto di cui l\u2019interessato \u00e8 parte, o comunque di adempiere a quanto richiesto dall\u2019Interessato (anche eventuali misure precontrattuali);<\/p>\n<p>\u2013\u00a0\u00a0 necessit\u00e0 di adempiere ad eventuali obblighi di legge o richieste dell\u2019Autorit\u00e0;<\/p>\n<p>\u2013\u00a0\u00a0 necessit\u00e0 di perseguire un legittimo interesse del titolare del trattamento o di terzi (come, ad esempio, la difesa in giudizio,\u00a0 o il marketing diretto);<\/p>\n<p>Per quanto riguarda le finalit\u00e0 di cui al punto 2f):<\/p>\n<p>\u2013\u00a0\u00a0 il consenso dell\u2019Interessato.<\/p>\n<p><strong><u>4) Natura obbligatoria e facoltativa della comunicazione dei Dati Personali<\/u><\/strong><\/p>\n<p>La comunicazione dei dati contrassegnati da asterisco \u00e8 obbligatoria: il mancato conferimento render\u00e0 impossibile al Titolare fornire all\u2019Interessato quanto da costui richiesto.<\/p>\n<p>La comunicazione dei dati privi di asterisco \u00e8 facoltativa: il mancato conferimento permetter\u00e0 comunque di fornire all\u2019Interessato quanto da costui richiesto.<\/p>\n<p>Il consenso al Trattamento per la finalit\u00e0 di cui al punto 2f) \u00e8 facoltativo: in caso di mancato consenso, per\u00f2, l\u2019Interessato non potr\u00e0 ricevere newsletter, comunicazioni commerciali e materiale pubblicitario inerenti ai prodotti offerti dal Titolare o da eventuali societ\u00e0 ad esso collegate, ma potr\u00e0 comunque ricevere quanto richiesto per le altre finalit\u00e0.<\/p>\n<p><strong><u>5) Diritti dell\u2019Interessato<\/u><\/strong><\/p>\n<p>L\u2019interessato ha diritto di:<\/p>\n<p>\u2013 accedere ai propri Dati Personali in possesso del Titolare;<br \/>\n\u2013 chiederne la rettifica e\/o la cancellazione (\u201coblio\u201d);<br \/>\n\u2013 chiedere la Limitazione o opporsi al Trattamento;<br \/>\n\u2013 richiedere la portabilit\u00e0 dei Dati;<\/p>\n<p>\u2013 opporsi al trattamento, alle condizioni di cui all\u2019art. 21 GDPR;<br \/>\n\u2013 proporre reclamo ad un\u2019Autorit\u00e0 di Controllo.<\/p>\n<p>L\u2019Interessato pu\u00f2 altres\u00ec revocare in qualsiasi momento il consenso prestato, senza pregiudicare la liceit\u00e0 del trattamento basata sul consenso prima della revoca.<\/p>\n<p><strong><u>6) Comunicazione ai destinatari, trasferimenti in paesi terzi e diffusione<\/u><\/strong><\/p>\n<p>I dati acquisiti attraverso il sito non verranno diffusi.<\/p>\n<p>I dati vengono comunicati ai destinatari nella misura strettamente necessaria in relazione alle finalit\u00e0 di cui sopra.<\/p>\n<p>Le categorie di eventuali destinatari sono le seguenti:<\/p>\n<ul>\n<li>Soggetti autorizzati dal Titolare;<\/li>\n<li>Eventuali soggetti terzi, cui il Titolare ricorra per il Trattamento e da esso nominati Responsabili ex art. 28 GDPR, con apposito contratto;<\/li>\n<li>Eventuali societ\u00e0 del medesimo gruppo imprenditoriale o comunque collegate al Titolare;<\/li>\n<li>Altri soggetti (pubblici o privati), cui la comunicazione si renda necessaria per adempiere ad obblighi di legge, per l\u2019esecuzione del contratto, adempiere alle richieste dell\u2019Interessato, ottemperare ad ordini provenienti da Autorit\u00e0, o difendere un interesse legittimo del Titolare o di Terzi.<\/li>\n<\/ul>\n<p>Non \u00e8 intenzione del Titolare trasferire i dati trattati in un paese al di fuori dell\u2019Unione Europea, n\u00e8 a un\u2019organizzazione internazionale, fatto salvo, per la sola gestione della newsletter, l\u2019utilizzo del servizio che \u00e8 fornito da fuori dell\u2019Unione (tale servizio aderisce per\u00f2 al \u201c<em>Privacy Shield<\/em>\u201d, che garantisce un livello di protezione adeguato).<\/p>\n<p><strong><u>7) Periodo di conservazione dei dati<\/u><\/strong><\/p>\n<p>Il Titolare conserva i dati per il tempo necessario al raggiungimento delle suddette finalit\u00e0.<\/p>\n<p>In ogni caso, il Titolare si impegna a non conservare i dati oltre il tempo necessario alle suddette finalit\u00e0 o altri termini di legge.<\/p>\n<p><strong><u>8) Modifiche alla presente informativa<\/u><\/strong><\/p>\n<p>Il Titolare si riserva di modificare il contenuto della presente informativa, in parte o completamente, anche a causa di variazioni della Normativa Privacy.<\/p>\n<p>Il Titolare effettuer\u00e0 in tal caso la Pubblicazione sul Sito della versione aggiornata, e da quel momento essa sar\u00e0 vincolante: l\u2019Interessato \u00e8 perci\u00f2 invitato a visitare con regolarit\u00e0 questa sezione.[\/vc_column_text][\/vc_column][vc_column width=&#8221;1\/4&#8243;][\/vc_column][\/vc_row][\/vc_section][vc_section content_placement=&#8221;middle&#8221; css=&#8221;.vc_custom_1557824737813{margin-top: 50px !important;margin-bottom: 50px !important;}&#8221; el_class=&#8221;outburst-left&#8221;][vc_row bg_color=&#8221;#ffffff&#8221; equal_height=&#8221;yes&#8221; content_placement=&#8221;middle&#8221; margin_top=&#8221;50px&#8221;][vc_column dark_mode=&#8221;has-dark-mode&#8221; align=&#8221;center&#8221; bg_color=&#8221;#bdb1a1&#8243; width=&#8221;1\/4&#8243; padding_top=&#8221;30px&#8221; padding_bottom=&#8221;30px&#8221; el_class=&#8221;essense-runout-left essense-runout-beige&#8221;]<div class=\" agni-image custom-image-container agni-image-default text-center\">\r\n\t\t\t<figure class=\"agni-image-figure\">\r\n\t\t\t\t<img  class=\"fullwidth-image attachment-150x150  \" src=\"https:\/\/essense.coffee\/wp-content\/uploads\/2019\/05\/ICONA_Download-150x150.png\" width=\"150\" height=\"150\" alt=\"Download\" title=\"ICONA_Download\" \/>\r\n\t\t\t\t<figcaption class=\"vc_figure-caption\"><\/figcaption>\r\n\t\t\t<\/figure>\r\n\t\t<\/div>[\/vc_column][vc_column dark_mode=&#8221;has-dark-mode&#8221; align=&#8221;center&#8221; bg_color=&#8221;#bdb1a1&#8243; width=&#8221;1\/2&#8243; padding_top=&#8221;30px&#8221; padding_bottom=&#8221;30px&#8221;][vc_column_text padding_top=&#8221;25&#8243; el_class=&#8221;white-color&#8221;]<\/p>\n<p style=\"text-align: center;\">SCARICA LA VERSIONE STAMPABILE<br \/>\nDEL PRIVACY POLICY<\/p>\n<p>[\/vc_column_text][\/vc_column][vc_column dark_mode=&#8221;has-dark-mode&#8221; bg_color=&#8221;#bdb1a1&#8243; width=&#8221;1\/4&#8243;]<div class=\" agni-button-responsive agni-button  text-center page-scroll\"><a class=\"agni_custom_design_css btn btn-default\" target=\"_self\" href=\"https:\/\/essense.coffee\/wp-content\/uploads\/2019\/05\/ESSENSE_PrivacyPolicy.pdf\"  >SCARICA<\/a><\/div>[\/vc_column][\/vc_row][\/vc_section][vc_section content_placement=&#8221;middle&#8221; css=&#8221;.vc_custom_1558798156336{margin-top: 50px !important;}&#8221; el_class=&#8221;outburst-right-yellow&#8221;][vc_row bg_color=&#8221;#ffffff&#8221; equal_height=&#8221;yes&#8221; content_placement=&#8221;middle&#8221; margin_top=&#8221;50px&#8221;][vc_column dark_mode=&#8221;has-dark-mode&#8221; align=&#8221;center&#8221; bg_color=&#8221;#e6af00&#8243; width=&#8221;1\/4&#8243; padding_top=&#8221;30px&#8221; padding_bottom=&#8221;30px&#8221;]<div class=\" agni-image custom-image-container agni-image-default text-center\">\r\n\t\t\t<figure class=\"agni-image-figure\">\r\n\t\t\t\t<img  class=\"fullwidth-image attachment-150x150  \" src=\"https:\/\/essense.coffee\/wp-content\/uploads\/2019\/05\/ICONA_Newsletter-150x150.png\" width=\"150\" height=\"150\" alt=\"Newsletter\" title=\"ICONA_Newsletter\" \/>\r\n\t\t\t\t<figcaption class=\"vc_figure-caption\"><\/figcaption>\r\n\t\t\t<\/figure>\r\n\t\t<\/div>[\/vc_column][vc_column dark_mode=&#8221;has-dark-mode&#8221; align=&#8221;center&#8221; bg_color=&#8221;#e6af00&#8243; width=&#8221;1\/2&#8243; padding_top=&#8221;30px&#8221; padding_bottom=&#8221;30px&#8221;][vc_column_text padding_top=&#8221;25&#8243; el_class=&#8221;white-color&#8221;]<\/p>\n<p style=\"text-align: center;\">ISCRIVITI ALLA NEWSLETTER<br \/>\nE VIVI IN PRIMA PERSONA<br \/>\nLA RIVOLUZIONE DELLO SLOW COFFEE<\/p>\n<p>[\/vc_column_text][\/vc_column][vc_column dark_mode=&#8221;has-dark-mode&#8221; align=&#8221;center&#8221; bg_color=&#8221;#e6af00&#8243; width=&#8221;1\/4&#8243; el_class=&#8221;essense-runout-right essense-runout-giallo-ocra&#8221;]<div class=\" agni-button-responsive agni-button  text-center page-scroll\"><a class=\"agni_custom_design_css btn btn-default\" target=\"_self\" href=\"#newsletter\"  >ISCRIVITI<\/a><\/div>[\/vc_column][\/vc_row][\/vc_section][vc_section content_placement=&#8221;middle&#8221; css=&#8221;.vc_custom_1557824737813{margin-top: 50px !important;margin-bottom: 50px !important;}&#8221; el_class=&#8221;outburst-left&#8221;][vc_row bg_color=&#8221;#ffffff&#8221; equal_height=&#8221;yes&#8221; content_placement=&#8221;middle&#8221; margin_top=&#8221;50px&#8221;][vc_column dark_mode=&#8221;has-dark-mode&#8221; align=&#8221;center&#8221; bg_color=&#8221;#6d8165&#8243; width=&#8221;1\/4&#8243; padding_top=&#8221;30px&#8221; padding_bottom=&#8221;30px&#8221; el_class=&#8221;essense-runout-left essense-runout-verde-oliva&#8221;]<div class=\" agni-image custom-image-container agni-image-default text-center\">\r\n\t\t\t<figure class=\"agni-image-figure\">\r\n\t\t\t\t<img  class=\"fullwidth-image attachment-150x150  \" src=\"https:\/\/essense.coffee\/wp-content\/uploads\/2019\/05\/ICONA_Scrivici-150x150.png\" width=\"150\" height=\"150\" alt=\"Scrivici\" title=\"ICONA_Scrivici\" \/>\r\n\t\t\t\t<figcaption class=\"vc_figure-caption\"><\/figcaption>\r\n\t\t\t<\/figure>\r\n\t\t<\/div>[\/vc_column][vc_column dark_mode=&#8221;has-dark-mode&#8221; align=&#8221;center&#8221; bg_color=&#8221;#6d8165&#8243; width=&#8221;1\/2&#8243; padding_top=&#8221;30px&#8221; padding_bottom=&#8221;30px&#8221;][vc_column_text padding_top=&#8221;25&#8243; el_class=&#8221;white-color&#8221;]<\/p>\n<p style=\"text-align: center;\">HAI DOMANDE O CURIOSIT\u00c0 SUL MONDO ESSENSE?<br \/>\nSCRIVICI, SAREMO FELICI CI CONDIVIDERE CON TE<br \/>\nLA NOSTRA PASSIONE PER IL CAFF\u00c8<\/p>\n<p>[\/vc_column_text][\/vc_column][vc_column dark_mode=&#8221;has-dark-mode&#8221; bg_color=&#8221;#6d8165&#8243; width=&#8221;1\/4&#8243;]<div class=\" agni-button-responsive agni-button  text-center page-scroll\"><a class=\"agni_custom_design_css btn btn-default\" target=\"_self\" href=\"https:\/\/essense.coffee\/it\/about\/contatti\/\"  >SCRIVICI<\/a><\/div>[\/vc_column][\/vc_row][\/vc_section]<\/p>\n","protected":false},"excerpt":{"rendered":"<p>[vc_section][vc_row margin_top=&#8221;50px&#8221;][vc_column width=&#8221;1\/4&#8243;][\/vc_column][vc_column width=&#8221;1\/2&#8243;][vc_column_text spacing_heading=&#8221;&#8221; spacing_heading_tab=&#8221;&#8221; spacing_heading_mobile=&#8221;&#8221; el_class=&#8221;testo-giustificato&#8221;] PRIVACY POLICY Informazioni ai sensi dell&#8217;art. 13 del Reg. EU 2016\/697 (GDPR) Gentile visitatore, ai sensi dell\u2019art. 13 del GDPR, ed in relazione ai dati personali di cui\u00a0BERNARDI s.r.l.\u00a0entrer\u00e0 in possesso, Le forniamo le informazioni che seguono. Per la suddetta Normativa: a) BERNARDI s.r.l. \u00e8 il \u201cTitolare\u201d [&hellip;]<\/p>\n","protected":false},"author":3,"featured_media":0,"parent":10822,"menu_order":0,"comment_status":"closed","ping_status":"closed","template":"","meta":{"footnotes":""},"yoast_head":"<!-- This site is optimized with the Yoast SEO plugin v21.2 - https:\/\/yoast.com\/wordpress\/plugins\/seo\/ -->\n<title>Privacy policy - Essense Coffee<\/title>\n<meta name=\"robots\" content=\"index, follow, max-snippet:-1, max-image-preview:large, max-video-preview:-1\" \/>\n<link rel=\"canonical\" href=\"https:\/\/essense.coffee\/it\/link-utili\/privacy-policy\/\" \/>\n<meta property=\"og:locale\" content=\"it_IT\" \/>\n<meta property=\"og:type\" content=\"article\" \/>\n<meta property=\"og:title\" content=\"Privacy policy - Essense Coffee\" \/>\n<meta property=\"og:description\" content=\"[vc_section][vc_row margin_top=&#8221;50px&#8221;][vc_column width=&#8221;1\/4&#8243;][\/vc_column][vc_column width=&#8221;1\/2&#8243;][vc_column_text spacing_heading=&#8221;&#8221; spacing_heading_tab=&#8221;&#8221; spacing_heading_mobile=&#8221;&#8221; el_class=&#8221;testo-giustificato&#8221;] PRIVACY POLICY Informazioni ai sensi dell&#8217;art. 13 del Reg. EU 2016\/697 (GDPR) Gentile visitatore, ai sensi dell\u2019art. 13 del GDPR, ed in relazione ai dati personali di cui\u00a0BERNARDI s.r.l.\u00a0entrer\u00e0 in possesso, Le forniamo le informazioni che seguono. Per la suddetta Normativa: a) BERNARDI s.r.l. \u00e8 il \u201cTitolare\u201d [&hellip;]\" \/>\n<meta property=\"og:url\" content=\"https:\/\/essense.coffee\/it\/link-utili\/privacy-policy\/\" \/>\n<meta property=\"og:site_name\" content=\"Essense Coffee\" \/>\n<meta property=\"article:modified_time\" content=\"2019-07-22T06:57:59+00:00\" \/>\n<meta name=\"twitter:card\" content=\"summary_large_image\" \/>\n<meta name=\"twitter:label1\" content=\"Tempo di lettura stimato\" \/>\n\t<meta name=\"twitter:data1\" content=\"7 minuti\" \/>\n<script type=\"application\/ld+json\" class=\"yoast-schema-graph\">{\"@context\":\"https:\/\/schema.org\",\"@graph\":[{\"@type\":\"WebPage\",\"@id\":\"https:\/\/essense.coffee\/it\/link-utili\/privacy-policy\/\",\"url\":\"https:\/\/essense.coffee\/it\/link-utili\/privacy-policy\/\",\"name\":\"Privacy policy - Essense Coffee\",\"isPartOf\":{\"@id\":\"https:\/\/essense.coffee\/it\/#website\"},\"datePublished\":\"2018-11-14T07:13:08+00:00\",\"dateModified\":\"2019-07-22T06:57:59+00:00\",\"breadcrumb\":{\"@id\":\"https:\/\/essense.coffee\/it\/link-utili\/privacy-policy\/#breadcrumb\"},\"inLanguage\":\"it-IT\",\"potentialAction\":[{\"@type\":\"ReadAction\",\"target\":[\"https:\/\/essense.coffee\/it\/link-utili\/privacy-policy\/\"]}]},{\"@type\":\"BreadcrumbList\",\"@id\":\"https:\/\/essense.coffee\/it\/link-utili\/privacy-policy\/#breadcrumb\",\"itemListElement\":[{\"@type\":\"ListItem\",\"position\":1,\"name\":\"Shop\",\"item\":\"\/categorie-shop\"},{\"@type\":\"ListItem\",\"position\":2,\"name\":\"Privacy policy\"}]},{\"@type\":\"WebSite\",\"@id\":\"https:\/\/essense.coffee\/it\/#website\",\"url\":\"https:\/\/essense.coffee\/it\/\",\"name\":\"Essense Coffee\",\"description\":\"The best coffee instruments and our very own single-portioned coffee for every brewing method.\",\"publisher\":{\"@id\":\"https:\/\/essense.coffee\/it\/#organization\"},\"potentialAction\":[{\"@type\":\"SearchAction\",\"target\":{\"@type\":\"EntryPoint\",\"urlTemplate\":\"https:\/\/essense.coffee\/it\/?s={search_term_string}\"},\"query-input\":\"required name=search_term_string\"}],\"inLanguage\":\"it-IT\"},{\"@type\":\"Organization\",\"@id\":\"https:\/\/essense.coffee\/it\/#organization\",\"name\":\"Essense Coffee\",\"url\":\"https:\/\/essense.coffee\/it\/\",\"logo\":{\"@type\":\"ImageObject\",\"inLanguage\":\"it-IT\",\"@id\":\"https:\/\/essense.coffee\/it\/#\/schema\/logo\/image\/\",\"url\":\"https:\/\/essense.coffee\/wp-content\/uploads\/2020\/05\/Logo-Essense-300x300-1.jpg\",\"contentUrl\":\"https:\/\/essense.coffee\/wp-content\/uploads\/2020\/05\/Logo-Essense-300x300-1.jpg\",\"width\":300,\"height\":300,\"caption\":\"Essense Coffee\"},\"image\":{\"@id\":\"https:\/\/essense.coffee\/it\/#\/schema\/logo\/image\/\"}}]}<\/script>\n<!-- \/ Yoast SEO plugin. -->","yoast_head_json":{"title":"Privacy policy - Essense Coffee","robots":{"index":"index","follow":"follow","max-snippet":"max-snippet:-1","max-image-preview":"max-image-preview:large","max-video-preview":"max-video-preview:-1"},"canonical":"https:\/\/essense.coffee\/it\/link-utili\/privacy-policy\/","og_locale":"it_IT","og_type":"article","og_title":"Privacy policy - Essense Coffee","og_description":"[vc_section][vc_row margin_top=&#8221;50px&#8221;][vc_column width=&#8221;1\/4&#8243;][\/vc_column][vc_column width=&#8221;1\/2&#8243;][vc_column_text spacing_heading=&#8221;&#8221; spacing_heading_tab=&#8221;&#8221; spacing_heading_mobile=&#8221;&#8221; el_class=&#8221;testo-giustificato&#8221;] PRIVACY POLICY Informazioni ai sensi dell&#8217;art. 13 del Reg. EU 2016\/697 (GDPR) Gentile visitatore, ai sensi dell\u2019art. 13 del GDPR, ed in relazione ai dati personali di cui\u00a0BERNARDI s.r.l.\u00a0entrer\u00e0 in possesso, Le forniamo le informazioni che seguono. Per la suddetta Normativa: a) BERNARDI s.r.l. \u00e8 il \u201cTitolare\u201d [&hellip;]","og_url":"https:\/\/essense.coffee\/it\/link-utili\/privacy-policy\/","og_site_name":"Essense Coffee","article_modified_time":"2019-07-22T06:57:59+00:00","twitter_card":"summary_large_image","twitter_misc":{"Tempo di lettura stimato":"7 minuti"},"schema":{"@context":"https:\/\/schema.org","@graph":[{"@type":"WebPage","@id":"https:\/\/essense.coffee\/it\/link-utili\/privacy-policy\/","url":"https:\/\/essense.coffee\/it\/link-utili\/privacy-policy\/","name":"Privacy policy - Essense Coffee","isPartOf":{"@id":"https:\/\/essense.coffee\/it\/#website"},"datePublished":"2018-11-14T07:13:08+00:00","dateModified":"2019-07-22T06:57:59+00:00","breadcrumb":{"@id":"https:\/\/essense.coffee\/it\/link-utili\/privacy-policy\/#breadcrumb"},"inLanguage":"it-IT","potentialAction":[{"@type":"ReadAction","target":["https:\/\/essense.coffee\/it\/link-utili\/privacy-policy\/"]}]},{"@type":"BreadcrumbList","@id":"https:\/\/essense.coffee\/it\/link-utili\/privacy-policy\/#breadcrumb","itemListElement":[{"@type":"ListItem","position":1,"name":"Shop","item":"\/categorie-shop"},{"@type":"ListItem","position":2,"name":"Privacy policy"}]},{"@type":"WebSite","@id":"https:\/\/essense.coffee\/it\/#website","url":"https:\/\/essense.coffee\/it\/","name":"Essense Coffee","description":"The best coffee instruments and our very own single-portioned coffee for every brewing method.","publisher":{"@id":"https:\/\/essense.coffee\/it\/#organization"},"potentialAction":[{"@type":"SearchAction","target":{"@type":"EntryPoint","urlTemplate":"https:\/\/essense.coffee\/it\/?s={search_term_string}"},"query-input":"required name=search_term_string"}],"inLanguage":"it-IT"},{"@type":"Organization","@id":"https:\/\/essense.coffee\/it\/#organization","name":"Essense Coffee","url":"https:\/\/essense.coffee\/it\/","logo":{"@type":"ImageObject","inLanguage":"it-IT","@id":"https:\/\/essense.coffee\/it\/#\/schema\/logo\/image\/","url":"https:\/\/essense.coffee\/wp-content\/uploads\/2020\/05\/Logo-Essense-300x300-1.jpg","contentUrl":"https:\/\/essense.coffee\/wp-content\/uploads\/2020\/05\/Logo-Essense-300x300-1.jpg","width":300,"height":300,"caption":"Essense Coffee"},"image":{"@id":"https:\/\/essense.coffee\/it\/#\/schema\/logo\/image\/"}}]}},"_links":{"self":[{"href":"https:\/\/essense.coffee\/it\/wp-json\/wp\/v2\/pages\/467"}],"collection":[{"href":"https:\/\/essense.coffee\/it\/wp-json\/wp\/v2\/pages"}],"about":[{"href":"https:\/\/essense.coffee\/it\/wp-json\/wp\/v2\/types\/page"}],"author":[{"embeddable":true,"href":"https:\/\/essense.coffee\/it\/wp-json\/wp\/v2\/users\/3"}],"replies":[{"embeddable":true,"href":"https:\/\/essense.coffee\/it\/wp-json\/wp\/v2\/comments?post=467"}],"version-history":[{"count":13,"href":"https:\/\/essense.coffee\/it\/wp-json\/wp\/v2\/pages\/467\/revisions"}],"predecessor-version":[{"id":7662,"href":"https:\/\/essense.coffee\/it\/wp-json\/wp\/v2\/pages\/467\/revisions\/7662"}],"up":[{"embeddable":true,"href":"https:\/\/essense.coffee\/it\/wp-json\/wp\/v2\/pages\/10822"}],"wp:attachment":[{"href":"https:\/\/essense.coffee\/it\/wp-json\/wp\/v2\/media?parent=467"}],"curies":[{"name":"wp","href":"https:\/\/api.w.org\/{rel}","templated":true}]}}