{"id":21931,"date":"2021-11-11T14:11:31","date_gmt":"2021-11-11T13:11:31","guid":{"rendered":"https:\/\/essense.coffee\/?page_id=21931"},"modified":"2021-11-25T11:33:44","modified_gmt":"2021-11-25T10:33:44","slug":"brrrewer-step3","status":"publish","type":"page","link":"https:\/\/essense.coffee\/it\/landing\/brrrewer-step3\/","title":{"rendered":"BRRREWER step3"},"content":{"rendered":"<p>[vc_section][vc_row margin_top_mobile=&#8221;-50PX&#8221;][vc_column align=&#8221;center&#8221; border_top=&#8221;-60&#8243; offset=&#8221;vc_hidden-lg vc_hidden-md vc_hidden-sm&#8221;]<div class=\" agni-image custom-image-container agni-image-default text-left\">\r\n\t\t\t<figure class=\"agni-image-figure\">\r\n\t\t\t\t<a href=\"#acquista-ora\" target=\"_self\" data-size=\"2000x700\"><img  width=\"2000\" height=\"700\" src=\"https:\/\/essense.coffee\/wp-content\/uploads\/2021\/11\/brrrewer_slider_2000x700.png\" class=\"fullwidth-image attachment-full  attachment-full\" alt=\"BRRREWER il primo strumento per estrarre caff\u00e8 a freddo made in Italy\" decoding=\"async\" title=\"\" loading=\"lazy\" srcset=\"https:\/\/essense.coffee\/wp-content\/uploads\/2021\/11\/brrrewer_slider_2000x700.png 2000w, https:\/\/essense.coffee\/wp-content\/uploads\/2021\/11\/brrrewer_slider_2000x700-300x105.png 300w, https:\/\/essense.coffee\/wp-content\/uploads\/2021\/11\/brrrewer_slider_2000x700-1024x358.png 1024w, https:\/\/essense.coffee\/wp-content\/uploads\/2021\/11\/brrrewer_slider_2000x700-768x269.png 768w, https:\/\/essense.coffee\/wp-content\/uploads\/2021\/11\/brrrewer_slider_2000x700-1536x538.png 1536w, https:\/\/essense.coffee\/wp-content\/uploads\/2021\/11\/brrrewer_slider_2000x700-960x336.png 960w, https:\/\/essense.coffee\/wp-content\/uploads\/2021\/11\/brrrewer_slider_2000x700-600x210.png 600w\" sizes=\"(max-width: 2000px) 100vw, 2000px\" \/><\/a>\r\n\t\t\t\t<figcaption class=\"vc_figure-caption\"><\/figcaption>\r\n\t\t\t<\/figure>\r\n\t\t<\/div>[\/vc_column][\/vc_row][vc_row margin_top_mobile=&#8221;-50PX&#8221;][vc_column align=&#8221;center&#8221; margin_top_mobile=&#8221;-60&#8243; offset=&#8221;vc_hidden-xs&#8221;]<div class=\" agni-image custom-image-container agni-image-default text-left\">\r\n\t\t\t<figure class=\"agni-image-figure\">\r\n\t\t\t\t<a href=\"#acquista-ora\" target=\"_self\" data-size=\"2000x700\"><img  width=\"2000\" height=\"700\" src=\"https:\/\/essense.coffee\/wp-content\/uploads\/2021\/11\/brrrewer_slider_2000x700.png\" class=\"fullwidth-image attachment-full  attachment-full\" alt=\"BRRREWER il primo strumento per estrarre caff\u00e8 a freddo made in Italy\" decoding=\"async\" title=\"\" loading=\"lazy\" srcset=\"https:\/\/essense.coffee\/wp-content\/uploads\/2021\/11\/brrrewer_slider_2000x700.png 2000w, https:\/\/essense.coffee\/wp-content\/uploads\/2021\/11\/brrrewer_slider_2000x700-300x105.png 300w, https:\/\/essense.coffee\/wp-content\/uploads\/2021\/11\/brrrewer_slider_2000x700-1024x358.png 1024w, https:\/\/essense.coffee\/wp-content\/uploads\/2021\/11\/brrrewer_slider_2000x700-768x269.png 768w, https:\/\/essense.coffee\/wp-content\/uploads\/2021\/11\/brrrewer_slider_2000x700-1536x538.png 1536w, https:\/\/essense.coffee\/wp-content\/uploads\/2021\/11\/brrrewer_slider_2000x700-960x336.png 960w, https:\/\/essense.coffee\/wp-content\/uploads\/2021\/11\/brrrewer_slider_2000x700-600x210.png 600w\" sizes=\"(max-width: 2000px) 100vw, 2000px\" \/><\/a>\r\n\t\t\t\t<figcaption class=\"vc_figure-caption\"><\/figcaption>\r\n\t\t\t<\/figure>\r\n\t\t<\/div>[\/vc_column][\/vc_row][\/vc_section][vc_section el_class=&#8221;second-container&#8221;][vc_row el_id=&#8221;acquista-ora&#8221;][vc_column][\/vc_column][\/vc_row][vc_row margin_bottom=&#8221;30&#8243;][vc_column][vc_column_text]<\/p>\n<h2 style=\"text-align: center;\">SCEGLI IL TUO BRRREWER<\/h2>\n<p>[\/vc_column_text][\/vc_column][\/vc_row][vc_row margin_bottom=&#8221;30&#8243;][vc_column offset=&#8221;vc_hidden-lg vc_hidden-md vc_hidden-sm&#8221;][vc_column_text]BRRREWER Classic \u00e8 disponibile in due colorazioni: la purezza ed eleganza del bianco o il raffinato e unico ardesia.<br \/>\nScegli il modello che meglio sposa il tuo stile e inizia subito a sperimentare nuove esperienze gustative.[\/vc_column_text][\/vc_column][\/vc_row][vc_row content_placement=&#8221;middle&#8221;][vc_column width=&#8221;1\/4&#8243;]<div class=\" agni-image custom-image-container agni-image-default text-left\">\r\n\t\t\t<figure class=\"agni-image-figure\">\r\n\t\t\t\t<img  width=\"900\" height=\"900\" src=\"https:\/\/essense.coffee\/wp-content\/uploads\/2019\/07\/ESSENSE-brrrewer-white_02.jpg\" class=\"fullwidth-image attachment-full  attachment-full\" alt=\"Brrrewer white color\" decoding=\"async\" title=\"ESSENSE-brrrewer-white_02\" loading=\"lazy\" srcset=\"https:\/\/essense.coffee\/wp-content\/uploads\/2019\/07\/ESSENSE-brrrewer-white_02.jpg 900w, https:\/\/essense.coffee\/wp-content\/uploads\/2019\/07\/ESSENSE-brrrewer-white_02-150x150.jpg 150w, https:\/\/essense.coffee\/wp-content\/uploads\/2019\/07\/ESSENSE-brrrewer-white_02-300x300.jpg 300w, https:\/\/essense.coffee\/wp-content\/uploads\/2019\/07\/ESSENSE-brrrewer-white_02-768x768.jpg 768w, https:\/\/essense.coffee\/wp-content\/uploads\/2019\/07\/ESSENSE-brrrewer-white_02-600x600.jpg 600w, https:\/\/essense.coffee\/wp-content\/uploads\/2019\/07\/ESSENSE-brrrewer-white_02-100x100.jpg 100w\" sizes=\"(max-width: 900px) 100vw, 900px\" \/>\r\n\t\t\t\t<figcaption class=\"vc_figure-caption\"><\/figcaption>\r\n\t\t\t<\/figure>\r\n\t\t<\/div>[vc_column_text]<\/p>\n<h3 style=\"text-align: center;\">BRRREWER<\/h3>\n<p style=\"text-align: center;\">BIANCO<br \/>\n<strong>119 \u20ac <\/strong><\/p>\n<p>[\/vc_column_text]<div class=\" agni-button-responsive agni-button  text-center page-scroll\"><a class=\"agni_custom_design_css btn btn-default\" target=\"_self\" href=\"\"  >AGGIUNGI AL CARRELLO<\/a><\/div>[\/vc_column][vc_column width=&#8221;1\/4&#8243;]<div class=\" agni-image custom-image-container agni-image-default text-left\">\r\n\t\t\t<figure class=\"agni-image-figure\">\r\n\t\t\t\t<img  width=\"900\" height=\"900\" src=\"https:\/\/essense.coffee\/wp-content\/uploads\/2019\/07\/ESSENSE-brrrewer-grey_02.jpg\" class=\"fullwidth-image attachment-full  attachment-full\" alt=\"brrrewer ardesia\" decoding=\"async\" title=\"ESSENSE-brrrewer-grey_02\" loading=\"lazy\" srcset=\"https:\/\/essense.coffee\/wp-content\/uploads\/2019\/07\/ESSENSE-brrrewer-grey_02.jpg 900w, https:\/\/essense.coffee\/wp-content\/uploads\/2019\/07\/ESSENSE-brrrewer-grey_02-150x150.jpg 150w, https:\/\/essense.coffee\/wp-content\/uploads\/2019\/07\/ESSENSE-brrrewer-grey_02-300x300.jpg 300w, https:\/\/essense.coffee\/wp-content\/uploads\/2019\/07\/ESSENSE-brrrewer-grey_02-768x768.jpg 768w, https:\/\/essense.coffee\/wp-content\/uploads\/2019\/07\/ESSENSE-brrrewer-grey_02-600x600.jpg 600w, https:\/\/essense.coffee\/wp-content\/uploads\/2019\/07\/ESSENSE-brrrewer-grey_02-100x100.jpg 100w\" sizes=\"(max-width: 900px) 100vw, 900px\" \/>\r\n\t\t\t\t<figcaption class=\"vc_figure-caption\"><\/figcaption>\r\n\t\t\t<\/figure>\r\n\t\t<\/div>[vc_column_text]<\/p>\n<h3 style=\"text-align: center;\">BRRREWER<\/h3>\n<p style=\"text-align: center;\">ARDESIA<br \/>\n<strong>119 \u20ac <\/strong><\/p>\n<p>[\/vc_column_text]<div class=\" agni-button-responsive agni-button  text-center page-scroll\"><a class=\"agni_custom_design_css btn btn-default\" target=\"_self\" href=\"\"  >AGGIUNGI AL CARRELLO<\/a><\/div>[\/vc_column][vc_column width=&#8221;1\/2&#8243; offset=&#8221;vc_hidden-xs&#8221;][vc_column_text]BRRREWER Classic \u00e8 disponibile in due colorazioni:<br \/>\nla purezza ed eleganza del bianco o il raffinato e unico ardesia.<br \/>\nScegli il modello che meglio sposa il tuo stile<br \/>\ne inizia subito a sperimentare nuove esperienze gustative.<\/p>\n<p>\u2022 Metodo: Estrazione a freddo mediante gocciolio (Cold Drip Brew)<br \/>\n\u2022 Capacit\u00e0: 6 dosi (450 ml di acqua \u2013 400 ml di estratto)<br \/>\n\u2022 Dimensioni: 10 cm x 12 cm x h 37 cm &#8211; 1,5 kg<br \/>\n\u2022 Materiali: Vetro borosilicato doppia camera (caraffa), Tritan (serbatoio, coffee basket, struttura filtri), acciaio inox (valvola e spillo di regolazione gocciolio), PET (tessuto filtro), acciaio verniciato a polvere (telaio), legno (base per caraffa)<br \/>\n\u2022 Filtri: membrane microfiltranti lavabili e riutilizzabili (2+1 incluse)<br \/>\n\u2022 Adatto al lavaggio in lavastoviglie (no telaio)<br \/>\n\u2022 Prodotto in Italia[\/vc_column_text][\/vc_column][\/vc_row][vc_row margin_bottom=&#8221;30&#8243;][vc_column offset=&#8221;vc_hidden-lg vc_hidden-md vc_hidden-sm&#8221;][vc_column_text]\u2022 Metodo: Estrazione a freddo mediante gocciolio (Cold Drip Brew)<br \/>\n\u2022 Capacit\u00e0: 6 dosi (450 ml di acqua \u2013 400 ml di estratto)<br \/>\n\u2022 Dimensioni: 10 cm x 12 cm x h 37 cm &#8211; 1,5 kg<br \/>\n\u2022 Materiali: Vetro borosilicato doppia camera (caraffa), Tritan (serbatoio, coffee basket, struttura filtri), acciaio inox (valvola e spillo di regolazione gocciolio), PET (tessuto filtro), acciaio verniciato a polvere (telaio), legno (base per caraffa)<br \/>\n\u2022 Filtri: membrane microfiltranti lavabili e riutilizzabili (2+1 incluse)<br \/>\n\u2022 Adatto al lavaggio in lavastoviglie (no telaio)<br \/>\n\u2022 Prodotto in Italia[\/vc_column_text][\/vc_column][\/vc_row][\/vc_section][vc_section css=&#8221;.vc_custom_1557828174697{margin-bottom: 50px !important;}&#8221;][vc_row fullwidth=&#8221;has-fullwidth-column-no-padding&#8221; bg_color=&#8221;#ece9e4&#8243; content_placement=&#8221;middle&#8221; margin_top=&#8221;50px&#8221; padding_top=&#8221;3em&#8221; padding_bottom=&#8221;2em&#8221;][vc_column align=&#8221;center&#8221;][vc_column_text]<\/p>\n<h2 style=\"text-align: center;\">THE COOLEST WAY TO BREW YOUR COFFEE<\/h2>\n<p style=\"text-align: center;\">Il Cold Drip Brew come non l\u2019hai mai provato prima:<br \/>\nun sistema semplice ed affidabile per uno straordinario caff\u00e8<\/p>\n<p>[\/vc_column_text]<div class=\" agni-button  text-center page-scroll\"><a class=\"agni_custom_design_css btn btn-default\" target=\"_self\" href=\"#acquista-ora\"  >PROVALO ORA!<\/a><\/div>[\/vc_column][\/vc_row][\/vc_section][vc_section][vc_row content_placement=&#8221;top&#8221;][vc_column align=&#8221;center&#8221; width=&#8221;1\/3&#8243;]<span class=\" agni-icon has-icon \" ><span class=\"agni-icon-container\" style=\"border-radius:50%; color:#000000; \"><i class=\"ion-android-hangout  \" style=\"font-size:32px; border-radius:50%; color:#000000; \"><\/i><\/span><\/span>[vc_column_text margin_top=&#8221;20&#8243;]<\/p>\n<p style=\"text-align: center;\">BRRREWER \u00e8 davvero semplice e divertente da usare. Mi piace il gusto del cold drip. Sto ancora sperimentando con diversi caff\u00e8 per trovare il mio preferito.<\/p>\n<p style=\"text-align: center;\"><em>Simone<\/em><\/p>\n<p>[\/vc_column_text][\/vc_column][vc_column align=&#8221;center&#8221; width=&#8221;1\/3&#8243;]<span class=\" agni-icon has-icon \" ><span class=\"agni-icon-container\" style=\"border-radius:50%; color:#000000; \"><i class=\"ion-android-hangout  \" style=\"font-size:32px; border-radius:50%; color:#000000; \"><\/i><\/span><\/span>[vc_column_text margin_top=&#8221;20&#8243;]<\/p>\n<p style=\"text-align: center;\">Ho ricevuto il mio BRRREWER la scorsa settimana. E&#8217; arrivato con due campioni di caff\u00e8 cos\u00ec ho subito potuto metterlo al lavoro. Il sapore \u00e8 straordinario, molto dolce e tutta l&#8217;esperienza \u00e8 molto piacevole.<\/p>\n<p style=\"text-align: center;\"><em>Andy<\/em><\/p>\n<p>[\/vc_column_text][\/vc_column][vc_column align=&#8221;center&#8221; width=&#8221;1\/3&#8243;]<span class=\" agni-icon has-icon \" ><span class=\"agni-icon-container\" style=\"border-radius:50%; color:#000000; \"><i class=\"ion-android-hangout  \" style=\"font-size:32px; border-radius:50%; color:#000000; \"><\/i><\/span><\/span>[vc_column_text margin_top=&#8221;20&#8243;]<\/p>\n<p style=\"text-align: center;\">Il setup \u00e8 davvero semplice, il tempo di preparazione tutto sommato \u00e8 gestibile perch\u00e8 fa tutto da solo. Poi \u00e8 proprio bello da vedere in cucina.<\/p>\n<p style=\"text-align: center;\"><em>Marcella<\/em><\/p>\n<p>[\/vc_column_text][\/vc_column][\/vc_row][\/vc_section][vc_section css=&#8221;.vc_custom_1557828174697{margin-bottom: 50px !important;}&#8221;][vc_row fullwidth=&#8221;has-fullwidth-column-no-padding&#8221; bg_color=&#8221;#ece9e4&#8243; content_placement=&#8221;middle&#8221; margin_top=&#8221;50px&#8221; padding_top=&#8221;3em&#8221; padding_bottom=&#8221;2em&#8221;][vc_column align=&#8221;center&#8221;][vc_column_text]<\/p>\n<p style=\"text-align: center;\">Scelto da oltre 2.000 coffee lovers in pi\u00f9 di 20 Paesi,<br \/>\nBRRREWER sta portando le nuove tendenze del caff\u00e8 estratto a freddo anche in Italia.<br \/>\nUnisciti alla rivoluzione dello slow coffee!<\/p>\n<p>[\/vc_column_text]<div class=\" agni-button  text-center page-scroll\"><a class=\"agni_custom_design_css btn btn-default\" target=\"_self\" href=\"#acquista-ora\"  >SCEGLI IL TUO BRRREWER<\/a><\/div>[\/vc_column][\/vc_row][\/vc_section]<\/p>\n","protected":false},"excerpt":{"rendered":"<p>[vc_section][vc_row margin_top_mobile=&#8221;-50PX&#8221;][vc_column align=&#8221;center&#8221; border_top=&#8221;-60&#8243; offset=&#8221;vc_hidden-lg vc_hidden-md vc_hidden-sm&#8221;][\/vc_column][\/vc_row][vc_row margin_top_mobile=&#8221;-50PX&#8221;][vc_column align=&#8221;center&#8221; margin_top_mobile=&#8221;-60&#8243; offset=&#8221;vc_hidden-xs&#8221;][\/vc_column][\/vc_row][\/vc_section][vc_section el_class=&#8221;second-container&#8221;][vc_row el_id=&#8221;acquista-ora&#8221;][vc_column][\/vc_column][\/vc_row][vc_row margin_bottom=&#8221;30&#8243;][vc_column][vc_column_text] SCEGLI IL TUO BRRREWER [\/vc_column_text][\/vc_column][\/vc_row][vc_row margin_bottom=&#8221;30&#8243;][vc_column offset=&#8221;vc_hidden-lg vc_hidden-md vc_hidden-sm&#8221;][vc_column_text]BRRREWER Classic \u00e8 disponibile in due colorazioni: la purezza ed eleganza del bianco o il raffinato e unico ardesia. Scegli il modello che meglio sposa il tuo stile e inizia subito a sperimentare [&hellip;]<\/p>\n","protected":false},"author":3,"featured_media":0,"parent":21029,"menu_order":0,"comment_status":"closed","ping_status":"closed","template":"","meta":{"footnotes":""},"yoast_head":"<!-- This site is optimized with the Yoast SEO plugin v21.2 - https:\/\/yoast.com\/wordpress\/plugins\/seo\/ -->\n<title>BRRREWER step3 - Essense Coffee<\/title>\n<meta name=\"robots\" content=\"index, follow, max-snippet:-1, max-image-preview:large, max-video-preview:-1\" \/>\n<link rel=\"canonical\" href=\"https:\/\/essense.coffee\/it\/landing\/brrrewer-step3\/\" \/>\n<meta property=\"og:locale\" content=\"it_IT\" \/>\n<meta property=\"og:type\" content=\"article\" \/>\n<meta property=\"og:title\" content=\"BRRREWER step3 - Essense Coffee\" \/>\n<meta property=\"og:description\" content=\"[vc_section][vc_row margin_top_mobile=&#8221;-50PX&#8221;][vc_column align=&#8221;center&#8221; border_top=&#8221;-60&#8243; offset=&#8221;vc_hidden-lg vc_hidden-md vc_hidden-sm&#8221;][\/vc_column][\/vc_row][vc_row margin_top_mobile=&#8221;-50PX&#8221;][vc_column align=&#8221;center&#8221; margin_top_mobile=&#8221;-60&#8243; offset=&#8221;vc_hidden-xs&#8221;][\/vc_column][\/vc_row][\/vc_section][vc_section el_class=&#8221;second-container&#8221;][vc_row el_id=&#8221;acquista-ora&#8221;][vc_column][\/vc_column][\/vc_row][vc_row margin_bottom=&#8221;30&#8243;][vc_column][vc_column_text] SCEGLI IL TUO BRRREWER [\/vc_column_text][\/vc_column][\/vc_row][vc_row margin_bottom=&#8221;30&#8243;][vc_column offset=&#8221;vc_hidden-lg vc_hidden-md vc_hidden-sm&#8221;][vc_column_text]BRRREWER Classic \u00e8 disponibile in due colorazioni: la purezza ed eleganza del bianco o il raffinato e unico ardesia. Scegli il modello che meglio sposa il tuo stile e inizia subito a sperimentare [&hellip;]\" \/>\n<meta property=\"og:url\" content=\"https:\/\/essense.coffee\/it\/landing\/brrrewer-step3\/\" \/>\n<meta property=\"og:site_name\" content=\"Essense Coffee\" \/>\n<meta property=\"article:modified_time\" content=\"2021-11-25T10:33:44+00:00\" \/>\n<meta name=\"twitter:card\" content=\"summary_large_image\" \/>\n<meta name=\"twitter:label1\" content=\"Tempo di lettura stimato\" \/>\n\t<meta name=\"twitter:data1\" content=\"4 minuti\" \/>\n<script type=\"application\/ld+json\" class=\"yoast-schema-graph\">{\"@context\":\"https:\/\/schema.org\",\"@graph\":[{\"@type\":\"WebPage\",\"@id\":\"https:\/\/essense.coffee\/it\/landing\/brrrewer-step3\/\",\"url\":\"https:\/\/essense.coffee\/it\/landing\/brrrewer-step3\/\",\"name\":\"BRRREWER step3 - Essense Coffee\",\"isPartOf\":{\"@id\":\"https:\/\/essense.coffee\/it\/#website\"},\"datePublished\":\"2021-11-11T13:11:31+00:00\",\"dateModified\":\"2021-11-25T10:33:44+00:00\",\"breadcrumb\":{\"@id\":\"https:\/\/essense.coffee\/it\/landing\/brrrewer-step3\/#breadcrumb\"},\"inLanguage\":\"it-IT\",\"potentialAction\":[{\"@type\":\"ReadAction\",\"target\":[\"https:\/\/essense.coffee\/it\/landing\/brrrewer-step3\/\"]}]},{\"@type\":\"BreadcrumbList\",\"@id\":\"https:\/\/essense.coffee\/it\/landing\/brrrewer-step3\/#breadcrumb\",\"itemListElement\":[{\"@type\":\"ListItem\",\"position\":1,\"name\":\"Shop\",\"item\":\"\/categorie-shop\"},{\"@type\":\"ListItem\",\"position\":2,\"name\":\"BRRREWER step3\"}]},{\"@type\":\"WebSite\",\"@id\":\"https:\/\/essense.coffee\/it\/#website\",\"url\":\"https:\/\/essense.coffee\/it\/\",\"name\":\"Essense Coffee\",\"description\":\"The best coffee instruments and our very own single-portioned coffee for every brewing method.\",\"publisher\":{\"@id\":\"https:\/\/essense.coffee\/it\/#organization\"},\"potentialAction\":[{\"@type\":\"SearchAction\",\"target\":{\"@type\":\"EntryPoint\",\"urlTemplate\":\"https:\/\/essense.coffee\/it\/?s={search_term_string}\"},\"query-input\":\"required name=search_term_string\"}],\"inLanguage\":\"it-IT\"},{\"@type\":\"Organization\",\"@id\":\"https:\/\/essense.coffee\/it\/#organization\",\"name\":\"Essense Coffee\",\"url\":\"https:\/\/essense.coffee\/it\/\",\"logo\":{\"@type\":\"ImageObject\",\"inLanguage\":\"it-IT\",\"@id\":\"https:\/\/essense.coffee\/it\/#\/schema\/logo\/image\/\",\"url\":\"https:\/\/essense.coffee\/wp-content\/uploads\/2020\/05\/Logo-Essense-300x300-1.jpg\",\"contentUrl\":\"https:\/\/essense.coffee\/wp-content\/uploads\/2020\/05\/Logo-Essense-300x300-1.jpg\",\"width\":300,\"height\":300,\"caption\":\"Essense Coffee\"},\"image\":{\"@id\":\"https:\/\/essense.coffee\/it\/#\/schema\/logo\/image\/\"}}]}<\/script>\n<!-- \/ Yoast SEO plugin. -->","yoast_head_json":{"title":"BRRREWER step3 - Essense Coffee","robots":{"index":"index","follow":"follow","max-snippet":"max-snippet:-1","max-image-preview":"max-image-preview:large","max-video-preview":"max-video-preview:-1"},"canonical":"https:\/\/essense.coffee\/it\/landing\/brrrewer-step3\/","og_locale":"it_IT","og_type":"article","og_title":"BRRREWER step3 - Essense Coffee","og_description":"[vc_section][vc_row margin_top_mobile=&#8221;-50PX&#8221;][vc_column align=&#8221;center&#8221; border_top=&#8221;-60&#8243; offset=&#8221;vc_hidden-lg vc_hidden-md vc_hidden-sm&#8221;][\/vc_column][\/vc_row][vc_row margin_top_mobile=&#8221;-50PX&#8221;][vc_column align=&#8221;center&#8221; margin_top_mobile=&#8221;-60&#8243; offset=&#8221;vc_hidden-xs&#8221;][\/vc_column][\/vc_row][\/vc_section][vc_section el_class=&#8221;second-container&#8221;][vc_row el_id=&#8221;acquista-ora&#8221;][vc_column][\/vc_column][\/vc_row][vc_row margin_bottom=&#8221;30&#8243;][vc_column][vc_column_text] SCEGLI IL TUO BRRREWER [\/vc_column_text][\/vc_column][\/vc_row][vc_row margin_bottom=&#8221;30&#8243;][vc_column offset=&#8221;vc_hidden-lg vc_hidden-md vc_hidden-sm&#8221;][vc_column_text]BRRREWER Classic \u00e8 disponibile in due colorazioni: la purezza ed eleganza del bianco o il raffinato e unico ardesia. Scegli il modello che meglio sposa il tuo stile e inizia subito a sperimentare [&hellip;]","og_url":"https:\/\/essense.coffee\/it\/landing\/brrrewer-step3\/","og_site_name":"Essense Coffee","article_modified_time":"2021-11-25T10:33:44+00:00","twitter_card":"summary_large_image","twitter_misc":{"Tempo di lettura stimato":"4 minuti"},"schema":{"@context":"https:\/\/schema.org","@graph":[{"@type":"WebPage","@id":"https:\/\/essense.coffee\/it\/landing\/brrrewer-step3\/","url":"https:\/\/essense.coffee\/it\/landing\/brrrewer-step3\/","name":"BRRREWER step3 - Essense Coffee","isPartOf":{"@id":"https:\/\/essense.coffee\/it\/#website"},"datePublished":"2021-11-11T13:11:31+00:00","dateModified":"2021-11-25T10:33:44+00:00","breadcrumb":{"@id":"https:\/\/essense.coffee\/it\/landing\/brrrewer-step3\/#breadcrumb"},"inLanguage":"it-IT","potentialAction":[{"@type":"ReadAction","target":["https:\/\/essense.coffee\/it\/landing\/brrrewer-step3\/"]}]},{"@type":"BreadcrumbList","@id":"https:\/\/essense.coffee\/it\/landing\/brrrewer-step3\/#breadcrumb","itemListElement":[{"@type":"ListItem","position":1,"name":"Shop","item":"\/categorie-shop"},{"@type":"ListItem","position":2,"name":"BRRREWER step3"}]},{"@type":"WebSite","@id":"https:\/\/essense.coffee\/it\/#website","url":"https:\/\/essense.coffee\/it\/","name":"Essense Coffee","description":"The best coffee instruments and our very own single-portioned coffee for every brewing method.","publisher":{"@id":"https:\/\/essense.coffee\/it\/#organization"},"potentialAction":[{"@type":"SearchAction","target":{"@type":"EntryPoint","urlTemplate":"https:\/\/essense.coffee\/it\/?s={search_term_string}"},"query-input":"required name=search_term_string"}],"inLanguage":"it-IT"},{"@type":"Organization","@id":"https:\/\/essense.coffee\/it\/#organization","name":"Essense Coffee","url":"https:\/\/essense.coffee\/it\/","logo":{"@type":"ImageObject","inLanguage":"it-IT","@id":"https:\/\/essense.coffee\/it\/#\/schema\/logo\/image\/","url":"https:\/\/essense.coffee\/wp-content\/uploads\/2020\/05\/Logo-Essense-300x300-1.jpg","contentUrl":"https:\/\/essense.coffee\/wp-content\/uploads\/2020\/05\/Logo-Essense-300x300-1.jpg","width":300,"height":300,"caption":"Essense Coffee"},"image":{"@id":"https:\/\/essense.coffee\/it\/#\/schema\/logo\/image\/"}}]}},"_links":{"self":[{"href":"https:\/\/essense.coffee\/it\/wp-json\/wp\/v2\/pages\/21931"}],"collection":[{"href":"https:\/\/essense.coffee\/it\/wp-json\/wp\/v2\/pages"}],"about":[{"href":"https:\/\/essense.coffee\/it\/wp-json\/wp\/v2\/types\/page"}],"author":[{"embeddable":true,"href":"https:\/\/essense.coffee\/it\/wp-json\/wp\/v2\/users\/3"}],"replies":[{"embeddable":true,"href":"https:\/\/essense.coffee\/it\/wp-json\/wp\/v2\/comments?post=21931"}],"version-history":[{"count":4,"href":"https:\/\/essense.coffee\/it\/wp-json\/wp\/v2\/pages\/21931\/revisions"}],"predecessor-version":[{"id":21969,"href":"https:\/\/essense.coffee\/it\/wp-json\/wp\/v2\/pages\/21931\/revisions\/21969"}],"up":[{"embeddable":true,"href":"https:\/\/essense.coffee\/it\/wp-json\/wp\/v2\/pages\/21029"}],"wp:attachment":[{"href":"https:\/\/essense.coffee\/it\/wp-json\/wp\/v2\/media?parent=21931"}],"curies":[{"name":"wp","href":"https:\/\/api.w.org\/{rel}","templated":true}]}}