{"id":20359,"date":"2020-10-01T16:07:41","date_gmt":"2020-10-01T14:07:41","guid":{"rendered":"https:\/\/essense.coffee\/?page_id=20359"},"modified":"2020-10-01T16:07:41","modified_gmt":"2020-10-01T14:07:41","slug":"my-coffee-baker","status":"publish","type":"page","link":"https:\/\/essense.coffee\/it\/my-coffee-baker\/","title":{"rendered":"My Coffee Baker"},"content":{"rendered":"<p>[vc_section][vc_row margin_top_mobile=&#8221;-70px&#8221;][vc_column]\n\t\t\t<!-- START mycoffeebaker REVOLUTION SLIDER 6.5.12 --><p class=\"rs-p-wp-fix\"><\/p>\n\t\t\t<rs-module-wrap id=\"rev_slider_118_1_wrapper\" data-source=\"gallery\" style=\"visibility:hidden;background:transparent;padding:0;margin:0px auto;margin-top:0;margin-bottom:0;\">\n\t\t\t\t<rs-module id=\"rev_slider_118_1\" style=\"\" data-version=\"6.5.12\">\n\t\t\t\t\t<rs-slides>\n\t\t\t\t\t\t<rs-slide style=\"position: absolute;\" data-key=\"rs-644\" data-title=\"COFFEE STORIES\" data-duration=\"4000\" data-anim=\"ms:600;r:0;\" data-in=\"o:0;\" data-out=\"a:false;\">\n\t\t\t\t\t\t\t<img src=\"\/\/essense.coffee\/wp-content\/plugins\/revslider\/public\/assets\/assets\/dummy.png\" alt=\"\" title=\"mycoffeebaker_slider_2000x1000\" width=\"2000\" height=\"1000\" class=\"rev-slidebg tp-rs-img rs-lazyload\" data-lazyload=\"\/\/essense.coffee\/wp-content\/uploads\/2020\/10\/mycoffeebaker_slider_2000x1000.jpg\" data-no-retina>\n<!--\n\t\t\t\t\t\t\t--><a\n\t\t\t\t\t\t\t\tid=\"slider-118-slide-644-layer-24\" \n\t\t\t\t\t\t\t\tclass=\"rs-layer\"\n\t\t\t\t\t\t\t\thref=\"https:\/\/essense.coffee\/it\/prodotto\/calendario-avvento-2019\/\" target=\"_self\" rel=\"nofollow\"\n\t\t\t\t\t\t\t\tdata-type=\"button\"\n\t\t\t\t\t\t\t\tdata-color=\"#ffffff\"\n\t\t\t\t\t\t\t\tdata-rsp_ch=\"on\"\n\t\t\t\t\t\t\t\tdata-xy=\"x:203px;y:181px;\"\n\t\t\t\t\t\t\t\tdata-text=\"w:nowrap;s:323;l:404;\"\n\t\t\t\t\t\t\t\tdata-dim=\"w:1503;h:530px;\"\n\t\t\t\t\t\t\t\tdata-frame_1=\"sp:600;\"\n\t\t\t\t\t\t\t\tdata-frame_999=\"o:0;st:w;\"\n\t\t\t\t\t\t\t\tstyle=\"z-index:8;font-family:'Roboto';\"\n\t\t\t\t\t\t\t> \n\t\t\t\t\t\t\t<\/a><!--\n-->\t\t\t\t\t\t<\/rs-slide>\n\t\t\t\t\t<\/rs-slides>\n\t\t\t\t<\/rs-module>\n\t\t\t\t<script>\n\t\t\t\t\tsetREVStartSize({c: 'rev_slider_118_1',rl:[1240,1024,778,480],el:[690],gw:[1400],gh:[690],type:'standard',justify:'',layout:'fullwidth',mh:\"0\"});if (window.RS_MODULES!==undefined && window.RS_MODULES.modules!==undefined && window.RS_MODULES.modules[\"revslider1181\"]!==undefined) {window.RS_MODULES.modules[\"revslider1181\"].once = false;window.revapi118 = undefined;if (window.RS_MODULES.checkMinimal!==undefined) window.RS_MODULES.checkMinimal()}\n\t\t\t\t<\/script>\n\t\t\t<\/rs-module-wrap>\n\t\t\t<!-- END REVOLUTION SLIDER -->\n[\/vc_column][\/vc_row][\/vc_section][vc_section][vc_row margin_top=&#8221;50px&#8221;][vc_column width=&#8221;1\/4&#8243;][\/vc_column][vc_column width=&#8221;1\/2&#8243;][vc_column_text spacing_heading=&#8221;&#8221; spacing_heading_tab=&#8221;&#8221; spacing_heading_mobile=&#8221;&#8221;]<\/p>\n<p style=\"text-align: center;\"><strong>#myCoffeeBaker<\/strong><br \/>\n\u00e8 la campagna lanciata da Essense &amp; <a href=\"https:\/\/bernardimixers.com\/\">Bernardi Impastatrici<\/a> per celebrare l&#8217;<strong>International Coffee Day<\/strong> del 1 Ottobre 2020.<\/p>\n<p style=\"text-align: center;\">Lo scopo \u00e8 quello di valorizzare il caff\u00e8 sotto ogni punto di vista e scovare tutte le potenzialit\u00e0 di questo straordinario prodotto, anche come ingrediente di impasti e ricette.<\/p>\n<p style=\"text-align: center;\">Abbiamo coinvolto appassionati di panificazione e caff\u00e8 invitandoli a sperimentare un impasto utilizzando il nuovo <a href=\"https:\/\/essense.coffee\/it\/prodotto\/cold-drip-limited\/\">Cold Drip Coffee Brew<\/a>.<\/p>\n<p style=\"text-align: center;\">Lasciaci la tua mail per ricevere questo speciale e-book che racchiude tutte le ricette.<\/p>\n<p>[\/vc_column_text][\/vc_column][vc_column width=&#8221;1\/4&#8243;][\/vc_column][\/vc_row][\/vc_section][vc_section][vc_row margin_top=&#8221;50px&#8221;][vc_column width=&#8221;1\/4&#8243;][\/vc_column][vc_column width=&#8221;1\/2&#8243;]<script type=\"text\/javascript\">var gform;gform||(document.addEventListener(\"gform_main_scripts_loaded\",function(){gform.scriptsLoaded=!0}),window.addEventListener(\"DOMContentLoaded\",function(){gform.domLoaded=!0}),gform={domLoaded:!1,scriptsLoaded:!1,initializeOnLoaded:function(o){gform.domLoaded&&gform.scriptsLoaded?o():!gform.domLoaded&&gform.scriptsLoaded?window.addEventListener(\"DOMContentLoaded\",o):document.addEventListener(\"gform_main_scripts_loaded\",o)},hooks:{action:{},filter:{}},addAction:function(o,n,r,t){gform.addHook(\"action\",o,n,r,t)},addFilter:function(o,n,r,t){gform.addHook(\"filter\",o,n,r,t)},doAction:function(o){gform.doHook(\"action\",o,arguments)},applyFilters:function(o){return gform.doHook(\"filter\",o,arguments)},removeAction:function(o,n){gform.removeHook(\"action\",o,n)},removeFilter:function(o,n,r){gform.removeHook(\"filter\",o,n,r)},addHook:function(o,n,r,t,i){null==gform.hooks[o][n]&&(gform.hooks[o][n]=[]);var e=gform.hooks[o][n];null==i&&(i=n+\"_\"+e.length),gform.hooks[o][n].push({tag:i,callable:r,priority:t=null==t?10:t})},doHook:function(n,o,r){var t;if(r=Array.prototype.slice.call(r,1),null!=gform.hooks[n][o]&&((o=gform.hooks[n][o]).sort(function(o,n){return o.priority-n.priority}),o.forEach(function(o){\"function\"!=typeof(t=o.callable)&&(t=window[t]),\"action\"==n?t.apply(null,r):r[0]=t.apply(null,r)})),\"filter\"==n)return r[0]},removeHook:function(o,n,t,i){var r;null!=gform.hooks[o][n]&&(r=(r=gform.hooks[o][n]).filter(function(o,n,r){return!!(null!=i&&i!=o.tag||null!=t&&t!=o.priority)}),gform.hooks[o][n]=r)}});<\/script>\n                <div class='gf_browser_gecko gform_wrapper gform_legacy_markup_wrapper gform-theme--no-framework' data-form-theme='legacy' data-form-index='0' id='gform_wrapper_55' ><form method='post' enctype='multipart\/form-data'  id='gform_55'  action='\/it\/wp-json\/wp\/v2\/pages\/20359' data-formid='55' novalidate>\n                        <div class='gform-body gform_body'><ul id='gform_fields_55' class='gform_fields top_label form_sublabel_below description_below'><li id=\"field_55_4\"  class=\"gfield gfield--type-name gfield_contains_required field_sublabel_below gfield--no-description field_description_below gfield_visibility_visible\"  data-js-reload=\"field_55_4\"><label class='gfield_label gform-field-label gfield_label_before_complex'  >Nome<span class=\"gfield_required\"><span class=\"gfield_required gfield_required_asterisk\">*<\/span><\/span><\/label><div class='ginput_complex ginput_container ginput_container--name no_prefix has_first_name no_middle_name no_last_name no_suffix gf_name_has_1 ginput_container_name gform-grid-row' id='input_55_4'>\n                            \n                            <span id='input_55_4_3_container' class='name_first gform-grid-col gform-grid-col--size-auto' >\n                                                    <input type='text' name='input_4.3' id='input_55_4_3' value=''   aria-required='true'   placeholder='Nome'  \/>\n                                                    <label for='input_55_4_3' class='gform-field-label gform-field-label--type-sub '>Nome<\/label>\n                                                <\/span>\n                            \n                            \n                            \n                        <\/div><\/li><li id=\"field_55_2\"  class=\"gfield gfield--type-email gfield_contains_required field_sublabel_below gfield--has-description field_description_below gfield_visibility_visible\"  data-js-reload=\"field_55_2\"><label class='gfield_label gform-field-label' for='input_55_2' >Email<span class=\"gfield_required\"><span class=\"gfield_required gfield_required_asterisk\">*<\/span><\/span><\/label><div class='ginput_container ginput_container_email'>\n                            <input name='input_2' id='input_55_2' type='email' value='' class='large'   placeholder='io@email.com' aria-required=\"true\" aria-invalid=\"false\" aria-describedby=\"gfield_description_55_2\" \/>\n                        <\/div><div class='gfield_description' id='gfield_description_55_2'>Puoi leggere <a href=\"http:\/\/essense.coffee\/it\/privacy-policy\/\" target=\"_blank\">our privacy policy<\/a>. Utilizzeremo la tua mail solamente per inviarti l'ebook e non sar\u00e0 inserita in alcuna mailing list. Se vuoi anche iscriverti alla newsletter utilizza il campo qui sotto.<\/div><\/li><li id=\"field_55_6\"  class=\"gfield gfield--type-hidden gform_hidden field_sublabel_below gfield--no-description field_description_below gfield_visibility_visible\"  data-js-reload=\"field_55_6\"><div class='ginput_container ginput_container_text'><input name='input_6' id='input_55_6' type='hidden' class='gform_hidden'  aria-invalid=\"false\" value='ITA' \/><\/div><\/li><li id=\"field_55_7\"  class=\"gfield gfield--type-consent gfield--type-choice gfield--input-type-consent field_sublabel_below gfield--no-description field_description_below gfield_visibility_visible\"  data-js-reload=\"field_55_7\"><label class='gfield_label gform-field-label gfield_label_before_complex'  >Newsletter<\/label><div class='ginput_container ginput_container_consent'><input name='input_7.1' id='input_55_7_1' type='checkbox' value='1'    aria-invalid=\"false\"   \/> <label class=\"gform-field-label gform-field-label--type-inline gfield_consent_label\" for='input_55_7_1' >Vorrei restare aggiornato e ricevere news, sconti e promozioni riservati agli iscritti alla newsletter. Per questo, letta l'<a href=\"http:\/\/essense.coffee\/it\/privacy-policy\/\" target=\"_blank\">informativa sulla privacy<\/a>, presto il consenso all'invio di newsletter per le finalit\u00e0 di cui al punto 2f)<\/label><input type='hidden' name='input_7.2' value='Vorrei restare aggiornato e ricevere news, sconti e promozioni riservati agli iscritti alla newsletter. Per questo, letta l&#039;&lt;a href=&quot;http:\/\/essense.coffee\/it\/privacy-policy\/&quot; target=&quot;_blank&quot;&gt;informativa sulla privacy&lt;\/a&gt;, presto il consenso all&#039;invio di newsletter per le finalit\u00e0 di cui al punto 2f)' class='gform_hidden' \/><input type='hidden' name='input_7.3' value='23' class='gform_hidden' \/><\/div><\/li><li id=\"field_55_5\"  class=\"gfield gfield--type-captcha field_sublabel_below gfield--no-description field_description_below gfield_visibility_visible\"  data-js-reload=\"field_55_5\"><label class='gfield_label gform-field-label' for='input_55_5' >Verifica utente reale<\/label><div id='input_55_5' class='ginput_container ginput_recaptcha' data-sitekey='6LeUIqYUAAAAAE1COlZ8EMW3HouDdJ38nP0q9DgH'  data-theme='light' data-tabindex='0'  data-badge=''><\/div><\/li><\/ul><\/div>\n        <div class='gform_footer top_label'> <input type='submit' id='gform_submit_button_55' class='gform_button button' value='Scarica e-book'  onclick='if(window[\"gf_submitting_55\"]){return false;}  if( !jQuery(\"#gform_55\")[0].checkValidity || jQuery(\"#gform_55\")[0].checkValidity()){window[\"gf_submitting_55\"]=true;}  ' onkeypress='if( event.keyCode == 13 ){ if(window[\"gf_submitting_55\"]){return false;} if( !jQuery(\"#gform_55\")[0].checkValidity || jQuery(\"#gform_55\")[0].checkValidity()){window[\"gf_submitting_55\"]=true;}  jQuery(\"#gform_55\").trigger(\"submit\",[true]); }' \/> \n            <input type='hidden' class='gform_hidden' name='is_submit_55' value='1' \/>\n            <input type='hidden' class='gform_hidden' name='gform_submit' value='55' \/>\n            \n            <input type='hidden' class='gform_hidden' name='gform_unique_id' value='' \/>\n            <input type='hidden' class='gform_hidden' name='state_55' value='WyJ7XCI3LjFcIjpcImUzMzA5ZDAzZTEyODQ4NGJhMzdlZTc1MzU1ZGFiZDJhXCIsXCI3LjJcIjpcIjRmNjJiZjc1ODVkOTY4ODM5M2VjNzQ0OTQ3ZmFjM2NjXCIsXCI3LjNcIjpcImZkZGEyZjQ3NTdkZTM4Y2M0ZTZmOWE4MzI2ZDdlZTY1XCJ9IiwiZjQwOTljZDRlODc2MjQyYzJjZDNjZmQyY2U0YzEyNzciXQ==' \/>\n            <input type='hidden' class='gform_hidden' name='gform_target_page_number_55' id='gform_target_page_number_55' value='0' \/>\n            <input type='hidden' class='gform_hidden' name='gform_source_page_number_55' id='gform_source_page_number_55' value='1' \/>\n            <input type='hidden' name='gform_field_values' value='' \/>\n            \n        <\/div>\n                        <\/form>\n                        <\/div><script type=\"text\/javascript\">\ngform.initializeOnLoaded( function() {gformInitSpinner( 55, 'https:\/\/essense.coffee\/wp-content\/plugins\/gravityforms\/images\/spinner.svg', true );jQuery('#gform_ajax_frame_55').on('load',function(){var contents = jQuery(this).contents().find('*').html();var is_postback = contents.indexOf('GF_AJAX_POSTBACK') >= 0;if(!is_postback){return;}var form_content = jQuery(this).contents().find('#gform_wrapper_55');var is_confirmation = jQuery(this).contents().find('#gform_confirmation_wrapper_55').length > 0;var is_redirect = contents.indexOf('gformRedirect(){') >= 0;var is_form = form_content.length > 0 && ! is_redirect && ! is_confirmation;var mt = parseInt(jQuery('html').css('margin-top'), 10) + parseInt(jQuery('body').css('margin-top'), 10) + 100;if(is_form){jQuery('#gform_wrapper_55').html(form_content.html());if(form_content.hasClass('gform_validation_error')){jQuery('#gform_wrapper_55').addClass('gform_validation_error');} else {jQuery('#gform_wrapper_55').removeClass('gform_validation_error');}setTimeout( function() { \/* delay the scroll by 50 milliseconds to fix a bug in chrome *\/  }, 50 );if(window['gformInitDatepicker']) {gformInitDatepicker();}if(window['gformInitPriceFields']) {gformInitPriceFields();}var current_page = jQuery('#gform_source_page_number_55').val();gformInitSpinner( 55, 'https:\/\/essense.coffee\/wp-content\/plugins\/gravityforms\/images\/spinner.svg', true );jQuery(document).trigger('gform_page_loaded', [55, current_page]);window['gf_submitting_55'] = false;}else if(!is_redirect){var confirmation_content = jQuery(this).contents().find('.GF_AJAX_POSTBACK').html();if(!confirmation_content){confirmation_content = contents;}setTimeout(function(){jQuery('#gform_wrapper_55').replaceWith(confirmation_content);jQuery(document).trigger('gform_confirmation_loaded', [55]);window['gf_submitting_55'] = false;wp.a11y.speak(jQuery('#gform_confirmation_message_55').text());}, 50);}else{jQuery('#gform_55').append(contents);if(window['gformRedirect']) {gformRedirect();}}jQuery(document).trigger('gform_post_render', [55, current_page]);gform.utils.trigger({ event: 'gform\/postRender', native: false, data: { formId: 55, currentPage: current_page } });} );} );\n<\/script>\n[\/vc_column][vc_column width=&#8221;1\/4&#8243;][\/vc_column][\/vc_row][\/vc_section][vc_section content_placement=&#8221;middle&#8221; css=&#8221;.vc_custom_1558798156336{margin-top: 50px !important;}&#8221; el_class=&#8221;outburst-right-yellow&#8221;][vc_row bg_color=&#8221;#ffffff&#8221; equal_height=&#8221;yes&#8221; content_placement=&#8221;middle&#8221; margin_top=&#8221;50px&#8221;][vc_column dark_mode=&#8221;has-dark-mode&#8221; align=&#8221;center&#8221; bg_color=&#8221;#e6af00&#8243; width=&#8221;1\/4&#8243; padding_top=&#8221;30px&#8221; padding_bottom=&#8221;30px&#8221;]<div class=\" agni-image custom-image-container agni-image-default text-center\">\r\n\t\t\t<figure class=\"agni-image-figure\">\r\n\t\t\t\t<img  class=\"fullwidth-image attachment-150x150  \" src=\"https:\/\/essense.coffee\/wp-content\/uploads\/2019\/05\/ICONA_Newsletter-150x150.png\" width=\"150\" height=\"150\" alt=\"Newsletter\" title=\"ICONA_Newsletter\" \/>\r\n\t\t\t\t<figcaption class=\"vc_figure-caption\"><\/figcaption>\r\n\t\t\t<\/figure>\r\n\t\t<\/div>[\/vc_column][vc_column dark_mode=&#8221;has-dark-mode&#8221; align=&#8221;center&#8221; bg_color=&#8221;#e6af00&#8243; width=&#8221;1\/2&#8243; padding_top=&#8221;30px&#8221; padding_bottom=&#8221;30px&#8221;][vc_column_text padding_top=&#8221;25&#8243; el_class=&#8221;white-color&#8221;]<\/p>\n<p style=\"text-align: center;\">ISCRIVITI ALLA NEWSLETTER<br \/>\nE VIVI IN PRIMA PERSONA<br \/>\nLA RIVOLUZIONE DELLO SLOW COFFEE<\/p>\n<p>[\/vc_column_text][\/vc_column][vc_column dark_mode=&#8221;has-dark-mode&#8221; align=&#8221;center&#8221; bg_color=&#8221;#e6af00&#8243; width=&#8221;1\/4&#8243; el_class=&#8221;essense-runout-right essense-runout-giallo-ocra&#8221;]<div class=\" agni-button-responsive agni-button  text-center page-scroll\"><a class=\"agni_custom_design_css btn btn-default\" target=\"_self\" href=\"#newsletter\"  >ISCRIVITI<\/a><\/div>[\/vc_column][\/vc_row][\/vc_section][vc_section content_placement=&#8221;middle&#8221; css=&#8221;.vc_custom_1557824737813{margin-top: 50px !important;margin-bottom: 50px !important;}&#8221; el_class=&#8221;outburst-left&#8221;][vc_row bg_color=&#8221;#ffffff&#8221; equal_height=&#8221;yes&#8221; content_placement=&#8221;middle&#8221; margin_top=&#8221;50px&#8221;][vc_column dark_mode=&#8221;has-dark-mode&#8221; align=&#8221;center&#8221; bg_color=&#8221;#6d8165&#8243; width=&#8221;1\/4&#8243; padding_top=&#8221;30px&#8221; padding_bottom=&#8221;30px&#8221; el_class=&#8221;essense-runout-left essense-runout-verde-oliva&#8221;]<div class=\" agni-image custom-image-container agni-image-default text-center\">\r\n\t\t\t<figure class=\"agni-image-figure\">\r\n\t\t\t\t<img  class=\"fullwidth-image attachment-150x150  \" src=\"https:\/\/essense.coffee\/wp-content\/uploads\/2019\/05\/ICONA_Scrivici-150x150.png\" width=\"150\" height=\"150\" alt=\"Scrivici\" title=\"ICONA_Scrivici\" \/>\r\n\t\t\t\t<figcaption class=\"vc_figure-caption\"><\/figcaption>\r\n\t\t\t<\/figure>\r\n\t\t<\/div>[\/vc_column][vc_column dark_mode=&#8221;has-dark-mode&#8221; align=&#8221;center&#8221; bg_color=&#8221;#6d8165&#8243; width=&#8221;1\/2&#8243; padding_top=&#8221;30px&#8221; padding_bottom=&#8221;30px&#8221;][vc_column_text padding_top=&#8221;25&#8243; el_class=&#8221;white-color&#8221;]<\/p>\n<p style=\"text-align: center;\">HAI DOMANDE O CURIOSIT\u00c0 SUL MONDO ESSENSE?<br \/>\nSCRIVICI, SAREMO FELICI CI CONDIVIDERE CON TE<br \/>\nLA NOSTRA PASSIONE PER IL CAFF\u00c8<\/p>\n<p>[\/vc_column_text][\/vc_column][vc_column dark_mode=&#8221;has-dark-mode&#8221; bg_color=&#8221;#6d8165&#8243; width=&#8221;1\/4&#8243;]<div class=\" agni-button-responsive agni-button  text-center page-scroll\"><a class=\"agni_custom_design_css btn btn-default\" target=\"_self\" href=\"https:\/\/essense.coffee\/it\/about\/contatti\/\"  >SCRIVICI<\/a><\/div>[\/vc_column][\/vc_row][\/vc_section]<\/p>\n","protected":false},"excerpt":{"rendered":"<p>[vc_section][vc_row margin_top_mobile=&#8221;-70px&#8221;][vc_column][\/vc_column][\/vc_row][\/vc_section][vc_section][vc_row margin_top=&#8221;50px&#8221;][vc_column width=&#8221;1\/4&#8243;][\/vc_column][vc_column width=&#8221;1\/2&#8243;][vc_column_text spacing_heading=&#8221;&#8221; spacing_heading_tab=&#8221;&#8221; spacing_heading_mobile=&#8221;&#8221;] #myCoffeeBaker \u00e8 la campagna lanciata da Essense &amp; Bernardi Impastatrici per celebrare l&#8217;International Coffee Day del 1 Ottobre 2020. Lo scopo \u00e8 quello di valorizzare il caff\u00e8 sotto ogni punto di vista e scovare tutte le potenzialit\u00e0 di questo straordinario prodotto, anche come ingrediente di impasti e [&hellip;]<\/p>\n","protected":false},"author":3,"featured_media":0,"parent":0,"menu_order":0,"comment_status":"closed","ping_status":"closed","template":"","meta":{"footnotes":""},"yoast_head":"<!-- This site is optimized with the Yoast SEO plugin v21.2 - https:\/\/yoast.com\/wordpress\/plugins\/seo\/ -->\n<title>My Coffee Baker - Essense Coffee<\/title>\n<meta name=\"robots\" content=\"index, follow, max-snippet:-1, max-image-preview:large, max-video-preview:-1\" \/>\n<link rel=\"canonical\" href=\"https:\/\/essense.coffee\/it\/my-coffee-baker\/\" \/>\n<meta property=\"og:locale\" content=\"it_IT\" \/>\n<meta property=\"og:type\" content=\"article\" \/>\n<meta property=\"og:title\" content=\"My Coffee Baker - Essense Coffee\" \/>\n<meta property=\"og:description\" content=\"[vc_section][vc_row margin_top_mobile=&#8221;-70px&#8221;][vc_column][\/vc_column][\/vc_row][\/vc_section][vc_section][vc_row margin_top=&#8221;50px&#8221;][vc_column width=&#8221;1\/4&#8243;][\/vc_column][vc_column width=&#8221;1\/2&#8243;][vc_column_text spacing_heading=&#8221;&#8221; spacing_heading_tab=&#8221;&#8221; spacing_heading_mobile=&#8221;&#8221;] #myCoffeeBaker \u00e8 la campagna lanciata da Essense &amp; Bernardi Impastatrici per celebrare l&#8217;International Coffee Day del 1 Ottobre 2020. Lo scopo \u00e8 quello di valorizzare il caff\u00e8 sotto ogni punto di vista e scovare tutte le potenzialit\u00e0 di questo straordinario prodotto, anche come ingrediente di impasti e [&hellip;]\" \/>\n<meta property=\"og:url\" content=\"https:\/\/essense.coffee\/it\/my-coffee-baker\/\" \/>\n<meta property=\"og:site_name\" content=\"Essense Coffee\" \/>\n<meta name=\"twitter:card\" content=\"summary_large_image\" \/>\n<meta name=\"twitter:label1\" content=\"Tempo di lettura stimato\" \/>\n\t<meta name=\"twitter:data1\" content=\"2 minuti\" \/>\n<script type=\"application\/ld+json\" class=\"yoast-schema-graph\">{\"@context\":\"https:\/\/schema.org\",\"@graph\":[{\"@type\":\"WebPage\",\"@id\":\"https:\/\/essense.coffee\/it\/my-coffee-baker\/\",\"url\":\"https:\/\/essense.coffee\/it\/my-coffee-baker\/\",\"name\":\"My Coffee Baker - Essense Coffee\",\"isPartOf\":{\"@id\":\"https:\/\/essense.coffee\/it\/#website\"},\"datePublished\":\"2020-10-01T14:07:41+00:00\",\"dateModified\":\"2020-10-01T14:07:41+00:00\",\"inLanguage\":\"it-IT\",\"potentialAction\":[{\"@type\":\"ReadAction\",\"target\":[\"https:\/\/essense.coffee\/it\/my-coffee-baker\/\"]}]},{\"@type\":\"WebSite\",\"@id\":\"https:\/\/essense.coffee\/it\/#website\",\"url\":\"https:\/\/essense.coffee\/it\/\",\"name\":\"Essense Coffee\",\"description\":\"The best coffee instruments and our very own single-portioned coffee for every brewing method.\",\"publisher\":{\"@id\":\"https:\/\/essense.coffee\/it\/#organization\"},\"potentialAction\":[{\"@type\":\"SearchAction\",\"target\":{\"@type\":\"EntryPoint\",\"urlTemplate\":\"https:\/\/essense.coffee\/it\/?s={search_term_string}\"},\"query-input\":\"required name=search_term_string\"}],\"inLanguage\":\"it-IT\"},{\"@type\":\"Organization\",\"@id\":\"https:\/\/essense.coffee\/it\/#organization\",\"name\":\"Essense Coffee\",\"url\":\"https:\/\/essense.coffee\/it\/\",\"logo\":{\"@type\":\"ImageObject\",\"inLanguage\":\"it-IT\",\"@id\":\"https:\/\/essense.coffee\/it\/#\/schema\/logo\/image\/\",\"url\":\"https:\/\/essense.coffee\/wp-content\/uploads\/2020\/05\/Logo-Essense-300x300-1.jpg\",\"contentUrl\":\"https:\/\/essense.coffee\/wp-content\/uploads\/2020\/05\/Logo-Essense-300x300-1.jpg\",\"width\":300,\"height\":300,\"caption\":\"Essense Coffee\"},\"image\":{\"@id\":\"https:\/\/essense.coffee\/it\/#\/schema\/logo\/image\/\"}}]}<\/script>\n<!-- \/ Yoast SEO plugin. -->","yoast_head_json":{"title":"My Coffee Baker - Essense Coffee","robots":{"index":"index","follow":"follow","max-snippet":"max-snippet:-1","max-image-preview":"max-image-preview:large","max-video-preview":"max-video-preview:-1"},"canonical":"https:\/\/essense.coffee\/it\/my-coffee-baker\/","og_locale":"it_IT","og_type":"article","og_title":"My Coffee Baker - Essense Coffee","og_description":"[vc_section][vc_row margin_top_mobile=&#8221;-70px&#8221;][vc_column][\/vc_column][\/vc_row][\/vc_section][vc_section][vc_row margin_top=&#8221;50px&#8221;][vc_column width=&#8221;1\/4&#8243;][\/vc_column][vc_column width=&#8221;1\/2&#8243;][vc_column_text spacing_heading=&#8221;&#8221; spacing_heading_tab=&#8221;&#8221; spacing_heading_mobile=&#8221;&#8221;] #myCoffeeBaker \u00e8 la campagna lanciata da Essense &amp; Bernardi Impastatrici per celebrare l&#8217;International Coffee Day del 1 Ottobre 2020. Lo scopo \u00e8 quello di valorizzare il caff\u00e8 sotto ogni punto di vista e scovare tutte le potenzialit\u00e0 di questo straordinario prodotto, anche come ingrediente di impasti e [&hellip;]","og_url":"https:\/\/essense.coffee\/it\/my-coffee-baker\/","og_site_name":"Essense Coffee","twitter_card":"summary_large_image","twitter_misc":{"Tempo di lettura stimato":"2 minuti"},"schema":{"@context":"https:\/\/schema.org","@graph":[{"@type":"WebPage","@id":"https:\/\/essense.coffee\/it\/my-coffee-baker\/","url":"https:\/\/essense.coffee\/it\/my-coffee-baker\/","name":"My Coffee Baker - Essense Coffee","isPartOf":{"@id":"https:\/\/essense.coffee\/it\/#website"},"datePublished":"2020-10-01T14:07:41+00:00","dateModified":"2020-10-01T14:07:41+00:00","inLanguage":"it-IT","potentialAction":[{"@type":"ReadAction","target":["https:\/\/essense.coffee\/it\/my-coffee-baker\/"]}]},{"@type":"WebSite","@id":"https:\/\/essense.coffee\/it\/#website","url":"https:\/\/essense.coffee\/it\/","name":"Essense Coffee","description":"The best coffee instruments and our very own single-portioned coffee for every brewing method.","publisher":{"@id":"https:\/\/essense.coffee\/it\/#organization"},"potentialAction":[{"@type":"SearchAction","target":{"@type":"EntryPoint","urlTemplate":"https:\/\/essense.coffee\/it\/?s={search_term_string}"},"query-input":"required name=search_term_string"}],"inLanguage":"it-IT"},{"@type":"Organization","@id":"https:\/\/essense.coffee\/it\/#organization","name":"Essense Coffee","url":"https:\/\/essense.coffee\/it\/","logo":{"@type":"ImageObject","inLanguage":"it-IT","@id":"https:\/\/essense.coffee\/it\/#\/schema\/logo\/image\/","url":"https:\/\/essense.coffee\/wp-content\/uploads\/2020\/05\/Logo-Essense-300x300-1.jpg","contentUrl":"https:\/\/essense.coffee\/wp-content\/uploads\/2020\/05\/Logo-Essense-300x300-1.jpg","width":300,"height":300,"caption":"Essense Coffee"},"image":{"@id":"https:\/\/essense.coffee\/it\/#\/schema\/logo\/image\/"}}]}},"_links":{"self":[{"href":"https:\/\/essense.coffee\/it\/wp-json\/wp\/v2\/pages\/20359"}],"collection":[{"href":"https:\/\/essense.coffee\/it\/wp-json\/wp\/v2\/pages"}],"about":[{"href":"https:\/\/essense.coffee\/it\/wp-json\/wp\/v2\/types\/page"}],"author":[{"embeddable":true,"href":"https:\/\/essense.coffee\/it\/wp-json\/wp\/v2\/users\/3"}],"replies":[{"embeddable":true,"href":"https:\/\/essense.coffee\/it\/wp-json\/wp\/v2\/comments?post=20359"}],"version-history":[{"count":2,"href":"https:\/\/essense.coffee\/it\/wp-json\/wp\/v2\/pages\/20359\/revisions"}],"predecessor-version":[{"id":20364,"href":"https:\/\/essense.coffee\/it\/wp-json\/wp\/v2\/pages\/20359\/revisions\/20364"}],"wp:attachment":[{"href":"https:\/\/essense.coffee\/it\/wp-json\/wp\/v2\/media?parent=20359"}],"curies":[{"name":"wp","href":"https:\/\/api.w.org\/{rel}","templated":true}]}}