{"id":21197,"date":"2021-03-25T12:37:37","date_gmt":"2021-03-25T11:37:37","guid":{"rendered":"https:\/\/essense.coffee\/landing\/prix-dedies\/"},"modified":"2021-04-29T13:08:36","modified_gmt":"2021-04-29T11:08:36","slug":"prix-dedies","status":"publish","type":"page","link":"https:\/\/essense.coffee\/fr\/landing\/prix-dedies\/","title":{"rendered":"PRIX D\u00c9DI\u00c9S"},"content":{"rendered":"<p>[vc_row][vc_column]<div class=\" agni-image custom-image-container agni-image-default text-center\">\r\n\t\t\t<figure class=\"agni-image-figure\">\r\n\t\t\t\t<img  width=\"1797\" height=\"591\" src=\"https:\/\/essense.coffee\/wp-content\/uploads\/2021\/03\/slider_newUser_FRA.jpg\" class=\"fullwidth-image attachment-full  attachment-full\" alt=\"\" decoding=\"async\" title=\"slider_newUser_FRA\" loading=\"lazy\" srcset=\"https:\/\/essense.coffee\/wp-content\/uploads\/2021\/03\/slider_newUser_FRA.jpg 1797w, https:\/\/essense.coffee\/wp-content\/uploads\/2021\/03\/slider_newUser_FRA-300x99.jpg 300w, https:\/\/essense.coffee\/wp-content\/uploads\/2021\/03\/slider_newUser_FRA-1024x337.jpg 1024w, https:\/\/essense.coffee\/wp-content\/uploads\/2021\/03\/slider_newUser_FRA-768x253.jpg 768w, https:\/\/essense.coffee\/wp-content\/uploads\/2021\/03\/slider_newUser_FRA-1536x505.jpg 1536w, https:\/\/essense.coffee\/wp-content\/uploads\/2021\/03\/slider_newUser_FRA-960x316.jpg 960w, https:\/\/essense.coffee\/wp-content\/uploads\/2021\/03\/slider_newUser_FRA-600x197.jpg 600w\" sizes=\"(max-width: 1797px) 100vw, 1797px\" \/>\r\n\t\t\t\t<figcaption class=\"vc_figure-caption\"><\/figcaption>\r\n\t\t\t<\/figure>\r\n\t\t<\/div>[vc_empty_space height=&#8221;60&#8243;][\/vc_column][\/vc_row][vc_row][vc_column width=&#8221;1\/4&#8243;][\/vc_column][vc_column width=&#8221;1\/2&#8243;][vc_column_text]<\/p>\n<h1 style=\"text-align: center;\">FAIRE PARTIE DU MONDE ESSENSE N&#8217;A JAMAIS \u00c9T\u00c9 AUSSI SUPER&#8230;<\/h1>\n<p>[\/vc_column_text][vc_empty_space][\/vc_column][vc_column width=&#8221;1\/4&#8243;][\/vc_column][\/vc_row][vc_row][vc_column width=&#8221;1\/4&#8243;][\/vc_column][vc_column width=&#8221;1\/2&#8243;][vc_column_text]\u00c0 partir d&#8217;aujourd&#8217;hui, tous les utilisateurs enregistr\u00e9s auront droit \u00e0 des tarifs r\u00e9duits, ainsi qu&#8217;\u00e0 un contenu d\u00e9di\u00e9 et \u00e0 des promotions sp\u00e9ciales.<\/p>\n<p>Si vous avez d\u00e9j\u00e0 un compte, il vous suffit de vous connecter avant d&#8217;acc\u00e9der \u00e0 la boutique en ligne pour consulter automatiquement les tarifs r\u00e9duits. Sinon, inscrivez-vous maintenant pour avoir acc\u00e8s \u00e0 ces formidables avantages![\/vc_column_text][\/vc_column][vc_column width=&#8221;1\/4&#8243;][\/vc_column][\/vc_row][vc_row spacing_heading=&#8221;&#8221; margin_top=&#8221;100&#8243; spacing_heading_tab=&#8221;&#8221; spacing_heading_mobile=&#8221;&#8221; el_class=&#8221;nascosto-se-loggato&#8221;][vc_column][vc_column_text]<\/p>\n<h2 style=\"text-align: center;\">CONNEXION OU INSCRIPTION<\/h2>\n<p>[\/vc_column_text][vc_column_text]<div class=\"woocommerce\"><\/div>[\/vc_column_text][\/vc_column][\/vc_row][vc_row disable_element=&#8221;yes&#8221; el_class=&#8221;nascosto-se-guest&#8221;][vc_column width=&#8221;1\/4&#8243;][\/vc_column][vc_column width=&#8221;1\/2&#8243;][vc_column_text]D\u00e8s aujourd&#8217;hui, gr\u00e2ce \u00e0 votre inscription sur essense.coffee, vous avez acc\u00e8s \u00e0 des tarifs r\u00e9duits, ainsi qu&#8217;\u00e0 des contenus d\u00e9di\u00e9s et des promotions sp\u00e9ciales.<\/p>\n<p>Vous \u00eates d\u00e9j\u00e0 connect\u00e9, il ne vous reste plus qu&#8217;\u00e0 acc\u00e9der \u00e0 <a href=\"https:\/\/essense.coffee\/en\/e-shop\/\">la boutique en ligne<\/a> pour profiter imm\u00e9diatement de ces avantages extraordinaires![\/vc_column_text][\/vc_column][vc_column width=&#8221;1\/4&#8243;][\/vc_column][\/vc_row]<\/p>\n","protected":false},"excerpt":{"rendered":"<p>[vc_row][vc_column][vc_empty_space height=&#8221;60&#8243;][\/vc_column][\/vc_row][vc_row][vc_column width=&#8221;1\/4&#8243;][\/vc_column][vc_column width=&#8221;1\/2&#8243;][vc_column_text] FAIRE PARTIE DU MONDE ESSENSE N&#8217;A JAMAIS \u00c9T\u00c9 AUSSI SUPER&#8230; [\/vc_column_text][vc_empty_space][\/vc_column][vc_column width=&#8221;1\/4&#8243;][\/vc_column][\/vc_row][vc_row][vc_column width=&#8221;1\/4&#8243;][\/vc_column][vc_column width=&#8221;1\/2&#8243;][vc_column_text]\u00c0 partir d&#8217;aujourd&#8217;hui, tous les utilisateurs enregistr\u00e9s auront droit \u00e0 des tarifs r\u00e9duits, ainsi qu&#8217;\u00e0 un contenu d\u00e9di\u00e9 et \u00e0 des promotions sp\u00e9ciales. Si vous avez d\u00e9j\u00e0 un compte, il vous suffit de vous connecter avant d&#8217;acc\u00e9der \u00e0 [&hellip;]<\/p>\n","protected":false},"author":3,"featured_media":0,"parent":21033,"menu_order":0,"comment_status":"closed","ping_status":"closed","template":"","meta":{"footnotes":""},"yoast_head":"<!-- This site is optimized with the Yoast SEO plugin v21.2 - https:\/\/yoast.com\/wordpress\/plugins\/seo\/ -->\n<title>PRIX D\u00c9DI\u00c9S - Essense Coffee<\/title>\n<meta name=\"robots\" content=\"index, follow, max-snippet:-1, max-image-preview:large, max-video-preview:-1\" \/>\n<link rel=\"canonical\" href=\"https:\/\/essense.coffee\/fr\/landing\/prix-dedies\/\" \/>\n<meta property=\"og:locale\" content=\"fr_FR\" \/>\n<meta property=\"og:type\" content=\"article\" \/>\n<meta property=\"og:title\" content=\"PRIX D\u00c9DI\u00c9S - Essense Coffee\" \/>\n<meta property=\"og:description\" content=\"[vc_row][vc_column][vc_empty_space height=&#8221;60&#8243;][\/vc_column][\/vc_row][vc_row][vc_column width=&#8221;1\/4&#8243;][\/vc_column][vc_column width=&#8221;1\/2&#8243;][vc_column_text] FAIRE PARTIE DU MONDE ESSENSE N&#8217;A JAMAIS \u00c9T\u00c9 AUSSI SUPER&#8230; [\/vc_column_text][vc_empty_space][\/vc_column][vc_column width=&#8221;1\/4&#8243;][\/vc_column][\/vc_row][vc_row][vc_column width=&#8221;1\/4&#8243;][\/vc_column][vc_column width=&#8221;1\/2&#8243;][vc_column_text]\u00c0 partir d&#8217;aujourd&#8217;hui, tous les utilisateurs enregistr\u00e9s auront droit \u00e0 des tarifs r\u00e9duits, ainsi qu&#8217;\u00e0 un contenu d\u00e9di\u00e9 et \u00e0 des promotions sp\u00e9ciales. Si vous avez d\u00e9j\u00e0 un compte, il vous suffit de vous connecter avant d&#8217;acc\u00e9der \u00e0 [&hellip;]\" \/>\n<meta property=\"og:url\" content=\"https:\/\/essense.coffee\/fr\/landing\/prix-dedies\/\" \/>\n<meta property=\"og:site_name\" content=\"Essense Coffee\" \/>\n<meta property=\"article:modified_time\" content=\"2021-04-29T11:08:36+00:00\" \/>\n<meta name=\"twitter:card\" content=\"summary_large_image\" \/>\n<meta name=\"twitter:label1\" content=\"Dur\u00e9e de lecture estim\u00e9e\" \/>\n\t<meta name=\"twitter:data1\" content=\"1 minute\" \/>\n<script type=\"application\/ld+json\" class=\"yoast-schema-graph\">{\"@context\":\"https:\/\/schema.org\",\"@graph\":[{\"@type\":\"WebPage\",\"@id\":\"https:\/\/essense.coffee\/fr\/landing\/prix-dedies\/\",\"url\":\"https:\/\/essense.coffee\/fr\/landing\/prix-dedies\/\",\"name\":\"PRIX D\u00c9DI\u00c9S - Essense Coffee\",\"isPartOf\":{\"@id\":\"https:\/\/essense.coffee\/fr\/#website\"},\"datePublished\":\"2021-03-25T11:37:37+00:00\",\"dateModified\":\"2021-04-29T11:08:36+00:00\",\"breadcrumb\":{\"@id\":\"https:\/\/essense.coffee\/fr\/landing\/prix-dedies\/#breadcrumb\"},\"inLanguage\":\"fr-FR\",\"potentialAction\":[{\"@type\":\"ReadAction\",\"target\":[\"https:\/\/essense.coffee\/fr\/landing\/prix-dedies\/\"]}]},{\"@type\":\"BreadcrumbList\",\"@id\":\"https:\/\/essense.coffee\/fr\/landing\/prix-dedies\/#breadcrumb\",\"itemListElement\":[{\"@type\":\"ListItem\",\"position\":1,\"name\":\"Shop\",\"item\":\"\/categorie-shop\"},{\"@type\":\"ListItem\",\"position\":2,\"name\":\"PRIX D\u00c9DI\u00c9S\"}]},{\"@type\":\"WebSite\",\"@id\":\"https:\/\/essense.coffee\/fr\/#website\",\"url\":\"https:\/\/essense.coffee\/fr\/\",\"name\":\"Essense Coffee\",\"description\":\"The best coffee instruments and our very own single-portioned coffee for every brewing method.\",\"publisher\":{\"@id\":\"https:\/\/essense.coffee\/fr\/#organization\"},\"potentialAction\":[{\"@type\":\"SearchAction\",\"target\":{\"@type\":\"EntryPoint\",\"urlTemplate\":\"https:\/\/essense.coffee\/fr\/?s={search_term_string}\"},\"query-input\":\"required name=search_term_string\"}],\"inLanguage\":\"fr-FR\"},{\"@type\":\"Organization\",\"@id\":\"https:\/\/essense.coffee\/fr\/#organization\",\"name\":\"Essense Coffee\",\"url\":\"https:\/\/essense.coffee\/fr\/\",\"logo\":{\"@type\":\"ImageObject\",\"inLanguage\":\"fr-FR\",\"@id\":\"https:\/\/essense.coffee\/fr\/#\/schema\/logo\/image\/\",\"url\":\"https:\/\/essense.coffee\/wp-content\/uploads\/2020\/05\/Logo-Essense-300x300-1.jpg\",\"contentUrl\":\"https:\/\/essense.coffee\/wp-content\/uploads\/2020\/05\/Logo-Essense-300x300-1.jpg\",\"width\":300,\"height\":300,\"caption\":\"Essense Coffee\"},\"image\":{\"@id\":\"https:\/\/essense.coffee\/fr\/#\/schema\/logo\/image\/\"}}]}<\/script>\n<!-- \/ Yoast SEO plugin. -->","yoast_head_json":{"title":"PRIX D\u00c9DI\u00c9S - Essense Coffee","robots":{"index":"index","follow":"follow","max-snippet":"max-snippet:-1","max-image-preview":"max-image-preview:large","max-video-preview":"max-video-preview:-1"},"canonical":"https:\/\/essense.coffee\/fr\/landing\/prix-dedies\/","og_locale":"fr_FR","og_type":"article","og_title":"PRIX D\u00c9DI\u00c9S - Essense Coffee","og_description":"[vc_row][vc_column][vc_empty_space height=&#8221;60&#8243;][\/vc_column][\/vc_row][vc_row][vc_column width=&#8221;1\/4&#8243;][\/vc_column][vc_column width=&#8221;1\/2&#8243;][vc_column_text] FAIRE PARTIE DU MONDE ESSENSE N&#8217;A JAMAIS \u00c9T\u00c9 AUSSI SUPER&#8230; [\/vc_column_text][vc_empty_space][\/vc_column][vc_column width=&#8221;1\/4&#8243;][\/vc_column][\/vc_row][vc_row][vc_column width=&#8221;1\/4&#8243;][\/vc_column][vc_column width=&#8221;1\/2&#8243;][vc_column_text]\u00c0 partir d&#8217;aujourd&#8217;hui, tous les utilisateurs enregistr\u00e9s auront droit \u00e0 des tarifs r\u00e9duits, ainsi qu&#8217;\u00e0 un contenu d\u00e9di\u00e9 et \u00e0 des promotions sp\u00e9ciales. Si vous avez d\u00e9j\u00e0 un compte, il vous suffit de vous connecter avant d&#8217;acc\u00e9der \u00e0 [&hellip;]","og_url":"https:\/\/essense.coffee\/fr\/landing\/prix-dedies\/","og_site_name":"Essense Coffee","article_modified_time":"2021-04-29T11:08:36+00:00","twitter_card":"summary_large_image","twitter_misc":{"Dur\u00e9e de lecture estim\u00e9e":"1 minute"},"schema":{"@context":"https:\/\/schema.org","@graph":[{"@type":"WebPage","@id":"https:\/\/essense.coffee\/fr\/landing\/prix-dedies\/","url":"https:\/\/essense.coffee\/fr\/landing\/prix-dedies\/","name":"PRIX D\u00c9DI\u00c9S - Essense Coffee","isPartOf":{"@id":"https:\/\/essense.coffee\/fr\/#website"},"datePublished":"2021-03-25T11:37:37+00:00","dateModified":"2021-04-29T11:08:36+00:00","breadcrumb":{"@id":"https:\/\/essense.coffee\/fr\/landing\/prix-dedies\/#breadcrumb"},"inLanguage":"fr-FR","potentialAction":[{"@type":"ReadAction","target":["https:\/\/essense.coffee\/fr\/landing\/prix-dedies\/"]}]},{"@type":"BreadcrumbList","@id":"https:\/\/essense.coffee\/fr\/landing\/prix-dedies\/#breadcrumb","itemListElement":[{"@type":"ListItem","position":1,"name":"Shop","item":"\/categorie-shop"},{"@type":"ListItem","position":2,"name":"PRIX D\u00c9DI\u00c9S"}]},{"@type":"WebSite","@id":"https:\/\/essense.coffee\/fr\/#website","url":"https:\/\/essense.coffee\/fr\/","name":"Essense Coffee","description":"The best coffee instruments and our very own single-portioned coffee for every brewing method.","publisher":{"@id":"https:\/\/essense.coffee\/fr\/#organization"},"potentialAction":[{"@type":"SearchAction","target":{"@type":"EntryPoint","urlTemplate":"https:\/\/essense.coffee\/fr\/?s={search_term_string}"},"query-input":"required name=search_term_string"}],"inLanguage":"fr-FR"},{"@type":"Organization","@id":"https:\/\/essense.coffee\/fr\/#organization","name":"Essense Coffee","url":"https:\/\/essense.coffee\/fr\/","logo":{"@type":"ImageObject","inLanguage":"fr-FR","@id":"https:\/\/essense.coffee\/fr\/#\/schema\/logo\/image\/","url":"https:\/\/essense.coffee\/wp-content\/uploads\/2020\/05\/Logo-Essense-300x300-1.jpg","contentUrl":"https:\/\/essense.coffee\/wp-content\/uploads\/2020\/05\/Logo-Essense-300x300-1.jpg","width":300,"height":300,"caption":"Essense Coffee"},"image":{"@id":"https:\/\/essense.coffee\/fr\/#\/schema\/logo\/image\/"}}]}},"_links":{"self":[{"href":"https:\/\/essense.coffee\/fr\/wp-json\/wp\/v2\/pages\/21197"}],"collection":[{"href":"https:\/\/essense.coffee\/fr\/wp-json\/wp\/v2\/pages"}],"about":[{"href":"https:\/\/essense.coffee\/fr\/wp-json\/wp\/v2\/types\/page"}],"author":[{"embeddable":true,"href":"https:\/\/essense.coffee\/fr\/wp-json\/wp\/v2\/users\/3"}],"replies":[{"embeddable":true,"href":"https:\/\/essense.coffee\/fr\/wp-json\/wp\/v2\/comments?post=21197"}],"version-history":[{"count":7,"href":"https:\/\/essense.coffee\/fr\/wp-json\/wp\/v2\/pages\/21197\/revisions"}],"predecessor-version":[{"id":21416,"href":"https:\/\/essense.coffee\/fr\/wp-json\/wp\/v2\/pages\/21197\/revisions\/21416"}],"up":[{"embeddable":true,"href":"https:\/\/essense.coffee\/fr\/wp-json\/wp\/v2\/pages\/21033"}],"wp:attachment":[{"href":"https:\/\/essense.coffee\/fr\/wp-json\/wp\/v2\/media?parent=21197"}],"curies":[{"name":"wp","href":"https:\/\/api.w.org\/{rel}","templated":true}]}}