{"id":21177,"date":"2021-03-25T11:04:25","date_gmt":"2021-03-25T10:04:25","guid":{"rendered":"https:\/\/essense.coffee\/thank-you_configurazione-utente\/"},"modified":"2021-03-25T11:09:03","modified_gmt":"2021-03-25T10:09:03","slug":"merci-configuration-utilisateur","status":"publish","type":"page","link":"https:\/\/essense.coffee\/fr\/merci-configuration-utilisateur\/","title":{"rendered":"MERCI_CONFIGURATION UTILISATEUR"},"content":{"rendered":"<p>[vc_row][vc_column]<div class=\" agni-image custom-image-container agni-image-default text-center\">\r\n\t\t\t<figure class=\"agni-image-figure\">\r\n\t\t\t\t<img  width=\"1797\" height=\"591\" src=\"https:\/\/essense.coffee\/wp-content\/uploads\/2021\/03\/slider_newUser_FRA.jpg\" class=\"fullwidth-image attachment-full  attachment-full\" alt=\"\" decoding=\"async\" title=\"slider_newUser_FRA\" loading=\"lazy\" srcset=\"https:\/\/essense.coffee\/wp-content\/uploads\/2021\/03\/slider_newUser_FRA.jpg 1797w, https:\/\/essense.coffee\/wp-content\/uploads\/2021\/03\/slider_newUser_FRA-300x99.jpg 300w, https:\/\/essense.coffee\/wp-content\/uploads\/2021\/03\/slider_newUser_FRA-1024x337.jpg 1024w, https:\/\/essense.coffee\/wp-content\/uploads\/2021\/03\/slider_newUser_FRA-768x253.jpg 768w, https:\/\/essense.coffee\/wp-content\/uploads\/2021\/03\/slider_newUser_FRA-1536x505.jpg 1536w, https:\/\/essense.coffee\/wp-content\/uploads\/2021\/03\/slider_newUser_FRA-960x316.jpg 960w, https:\/\/essense.coffee\/wp-content\/uploads\/2021\/03\/slider_newUser_FRA-600x197.jpg 600w\" sizes=\"(max-width: 1797px) 100vw, 1797px\" \/>\r\n\t\t\t\t<figcaption class=\"vc_figure-caption\"><\/figcaption>\r\n\t\t\t<\/figure>\r\n\t\t<\/div>[vc_empty_space height=&#8221;60&#8243;][\/vc_column][\/vc_row][vc_row][vc_column width=&#8221;1\/4&#8243;][\/vc_column][vc_column width=&#8221;1\/2&#8243;][vc_column_text padding_top=&#8221;20&#8243;]Et voil\u00e0! Les informations ont \u00e9t\u00e9 soumises avec succ\u00e8s.<\/p>\n<p>Dans le cas d&#8217;un compte priv\u00e9, le tarif r\u00e9duit a \u00e9t\u00e9 automatiquement associ\u00e9. <a href=\"https:\/\/essense.coffee\/en\/e-shop\/\">Rendez-vous dans la boutique<\/a> pour passer vos commandes.<\/p>\n<p>Pour le compte professionnel, vous serez contact\u00e9 tr\u00e8s prochainement par notre personnel, en attendant vous pourrez jeter un \u0153il \u00e0 la gamme de produits <a href=\"https:\/\/essense.coffee\/en\/e-shop\/\">dans notre boutique.<\/a><\/p>\n<p>Stay caffeinated![\/vc_column_text][\/vc_column][vc_column width=&#8221;1\/4&#8243;][\/vc_column][\/vc_row]<\/p>\n","protected":false},"excerpt":{"rendered":"<p>[vc_row][vc_column][vc_empty_space height=&#8221;60&#8243;][\/vc_column][\/vc_row][vc_row][vc_column width=&#8221;1\/4&#8243;][\/vc_column][vc_column width=&#8221;1\/2&#8243;][vc_column_text padding_top=&#8221;20&#8243;]Et voil\u00e0! Les informations ont \u00e9t\u00e9 soumises avec succ\u00e8s. Dans le cas d&#8217;un compte priv\u00e9, le tarif r\u00e9duit a \u00e9t\u00e9 automatiquement associ\u00e9. Rendez-vous dans la boutique pour passer vos commandes. Pour le compte professionnel, vous serez contact\u00e9 tr\u00e8s prochainement par notre personnel, en attendant vous pourrez jeter un \u0153il \u00e0 la [&hellip;]<\/p>\n","protected":false},"author":3,"featured_media":0,"parent":0,"menu_order":0,"comment_status":"closed","ping_status":"closed","template":"","meta":{"footnotes":""},"yoast_head":"<!-- This site is optimized with the Yoast SEO plugin v21.2 - https:\/\/yoast.com\/wordpress\/plugins\/seo\/ -->\n<title>MERCI_CONFIGURATION UTILISATEUR - Essense Coffee<\/title>\n<meta name=\"robots\" content=\"index, follow, max-snippet:-1, max-image-preview:large, max-video-preview:-1\" \/>\n<link rel=\"canonical\" href=\"https:\/\/essense.coffee\/fr\/merci-configuration-utilisateur\/\" \/>\n<meta property=\"og:locale\" content=\"fr_FR\" \/>\n<meta property=\"og:type\" content=\"article\" \/>\n<meta property=\"og:title\" content=\"MERCI_CONFIGURATION UTILISATEUR - Essense Coffee\" \/>\n<meta property=\"og:description\" content=\"[vc_row][vc_column][vc_empty_space height=&#8221;60&#8243;][\/vc_column][\/vc_row][vc_row][vc_column width=&#8221;1\/4&#8243;][\/vc_column][vc_column width=&#8221;1\/2&#8243;][vc_column_text padding_top=&#8221;20&#8243;]Et voil\u00e0! Les informations ont \u00e9t\u00e9 soumises avec succ\u00e8s. Dans le cas d&#8217;un compte priv\u00e9, le tarif r\u00e9duit a \u00e9t\u00e9 automatiquement associ\u00e9. Rendez-vous dans la boutique pour passer vos commandes. Pour le compte professionnel, vous serez contact\u00e9 tr\u00e8s prochainement par notre personnel, en attendant vous pourrez jeter un \u0153il \u00e0 la [&hellip;]\" \/>\n<meta property=\"og:url\" content=\"https:\/\/essense.coffee\/fr\/merci-configuration-utilisateur\/\" \/>\n<meta property=\"og:site_name\" content=\"Essense Coffee\" \/>\n<meta property=\"article:modified_time\" content=\"2021-03-25T10:09:03+00:00\" \/>\n<meta name=\"twitter:card\" content=\"summary_large_image\" \/>\n<meta name=\"twitter:label1\" content=\"Dur\u00e9e de lecture estim\u00e9e\" \/>\n\t<meta name=\"twitter:data1\" content=\"1 minute\" \/>\n<script type=\"application\/ld+json\" class=\"yoast-schema-graph\">{\"@context\":\"https:\/\/schema.org\",\"@graph\":[{\"@type\":\"WebPage\",\"@id\":\"https:\/\/essense.coffee\/fr\/merci-configuration-utilisateur\/\",\"url\":\"https:\/\/essense.coffee\/fr\/merci-configuration-utilisateur\/\",\"name\":\"MERCI_CONFIGURATION UTILISATEUR - Essense Coffee\",\"isPartOf\":{\"@id\":\"https:\/\/essense.coffee\/fr\/#website\"},\"datePublished\":\"2021-03-25T10:04:25+00:00\",\"dateModified\":\"2021-03-25T10:09:03+00:00\",\"inLanguage\":\"fr-FR\",\"potentialAction\":[{\"@type\":\"ReadAction\",\"target\":[\"https:\/\/essense.coffee\/fr\/merci-configuration-utilisateur\/\"]}]},{\"@type\":\"WebSite\",\"@id\":\"https:\/\/essense.coffee\/fr\/#website\",\"url\":\"https:\/\/essense.coffee\/fr\/\",\"name\":\"Essense Coffee\",\"description\":\"The best coffee instruments and our very own single-portioned coffee for every brewing method.\",\"publisher\":{\"@id\":\"https:\/\/essense.coffee\/fr\/#organization\"},\"potentialAction\":[{\"@type\":\"SearchAction\",\"target\":{\"@type\":\"EntryPoint\",\"urlTemplate\":\"https:\/\/essense.coffee\/fr\/?s={search_term_string}\"},\"query-input\":\"required name=search_term_string\"}],\"inLanguage\":\"fr-FR\"},{\"@type\":\"Organization\",\"@id\":\"https:\/\/essense.coffee\/fr\/#organization\",\"name\":\"Essense Coffee\",\"url\":\"https:\/\/essense.coffee\/fr\/\",\"logo\":{\"@type\":\"ImageObject\",\"inLanguage\":\"fr-FR\",\"@id\":\"https:\/\/essense.coffee\/fr\/#\/schema\/logo\/image\/\",\"url\":\"https:\/\/essense.coffee\/wp-content\/uploads\/2020\/05\/Logo-Essense-300x300-1.jpg\",\"contentUrl\":\"https:\/\/essense.coffee\/wp-content\/uploads\/2020\/05\/Logo-Essense-300x300-1.jpg\",\"width\":300,\"height\":300,\"caption\":\"Essense Coffee\"},\"image\":{\"@id\":\"https:\/\/essense.coffee\/fr\/#\/schema\/logo\/image\/\"}}]}<\/script>\n<!-- \/ Yoast SEO plugin. -->","yoast_head_json":{"title":"MERCI_CONFIGURATION UTILISATEUR - Essense Coffee","robots":{"index":"index","follow":"follow","max-snippet":"max-snippet:-1","max-image-preview":"max-image-preview:large","max-video-preview":"max-video-preview:-1"},"canonical":"https:\/\/essense.coffee\/fr\/merci-configuration-utilisateur\/","og_locale":"fr_FR","og_type":"article","og_title":"MERCI_CONFIGURATION UTILISATEUR - Essense Coffee","og_description":"[vc_row][vc_column][vc_empty_space height=&#8221;60&#8243;][\/vc_column][\/vc_row][vc_row][vc_column width=&#8221;1\/4&#8243;][\/vc_column][vc_column width=&#8221;1\/2&#8243;][vc_column_text padding_top=&#8221;20&#8243;]Et voil\u00e0! Les informations ont \u00e9t\u00e9 soumises avec succ\u00e8s. Dans le cas d&#8217;un compte priv\u00e9, le tarif r\u00e9duit a \u00e9t\u00e9 automatiquement associ\u00e9. Rendez-vous dans la boutique pour passer vos commandes. Pour le compte professionnel, vous serez contact\u00e9 tr\u00e8s prochainement par notre personnel, en attendant vous pourrez jeter un \u0153il \u00e0 la [&hellip;]","og_url":"https:\/\/essense.coffee\/fr\/merci-configuration-utilisateur\/","og_site_name":"Essense Coffee","article_modified_time":"2021-03-25T10:09:03+00:00","twitter_card":"summary_large_image","twitter_misc":{"Dur\u00e9e de lecture estim\u00e9e":"1 minute"},"schema":{"@context":"https:\/\/schema.org","@graph":[{"@type":"WebPage","@id":"https:\/\/essense.coffee\/fr\/merci-configuration-utilisateur\/","url":"https:\/\/essense.coffee\/fr\/merci-configuration-utilisateur\/","name":"MERCI_CONFIGURATION UTILISATEUR - Essense Coffee","isPartOf":{"@id":"https:\/\/essense.coffee\/fr\/#website"},"datePublished":"2021-03-25T10:04:25+00:00","dateModified":"2021-03-25T10:09:03+00:00","inLanguage":"fr-FR","potentialAction":[{"@type":"ReadAction","target":["https:\/\/essense.coffee\/fr\/merci-configuration-utilisateur\/"]}]},{"@type":"WebSite","@id":"https:\/\/essense.coffee\/fr\/#website","url":"https:\/\/essense.coffee\/fr\/","name":"Essense Coffee","description":"The best coffee instruments and our very own single-portioned coffee for every brewing method.","publisher":{"@id":"https:\/\/essense.coffee\/fr\/#organization"},"potentialAction":[{"@type":"SearchAction","target":{"@type":"EntryPoint","urlTemplate":"https:\/\/essense.coffee\/fr\/?s={search_term_string}"},"query-input":"required name=search_term_string"}],"inLanguage":"fr-FR"},{"@type":"Organization","@id":"https:\/\/essense.coffee\/fr\/#organization","name":"Essense Coffee","url":"https:\/\/essense.coffee\/fr\/","logo":{"@type":"ImageObject","inLanguage":"fr-FR","@id":"https:\/\/essense.coffee\/fr\/#\/schema\/logo\/image\/","url":"https:\/\/essense.coffee\/wp-content\/uploads\/2020\/05\/Logo-Essense-300x300-1.jpg","contentUrl":"https:\/\/essense.coffee\/wp-content\/uploads\/2020\/05\/Logo-Essense-300x300-1.jpg","width":300,"height":300,"caption":"Essense Coffee"},"image":{"@id":"https:\/\/essense.coffee\/fr\/#\/schema\/logo\/image\/"}}]}},"_links":{"self":[{"href":"https:\/\/essense.coffee\/fr\/wp-json\/wp\/v2\/pages\/21177"}],"collection":[{"href":"https:\/\/essense.coffee\/fr\/wp-json\/wp\/v2\/pages"}],"about":[{"href":"https:\/\/essense.coffee\/fr\/wp-json\/wp\/v2\/types\/page"}],"author":[{"embeddable":true,"href":"https:\/\/essense.coffee\/fr\/wp-json\/wp\/v2\/users\/3"}],"replies":[{"embeddable":true,"href":"https:\/\/essense.coffee\/fr\/wp-json\/wp\/v2\/comments?post=21177"}],"version-history":[{"count":4,"href":"https:\/\/essense.coffee\/fr\/wp-json\/wp\/v2\/pages\/21177\/revisions"}],"predecessor-version":[{"id":21182,"href":"https:\/\/essense.coffee\/fr\/wp-json\/wp\/v2\/pages\/21177\/revisions\/21182"}],"wp:attachment":[{"href":"https:\/\/essense.coffee\/fr\/wp-json\/wp\/v2\/media?parent=21177"}],"curies":[{"name":"wp","href":"https:\/\/api.w.org\/{rel}","templated":true}]}}