{"id":19474,"date":"2020-07-01T07:41:55","date_gmt":"2020-07-01T05:41:55","guid":{"rendered":"https:\/\/essense.coffee\/mystery-coffee-box\/coffee-012\/"},"modified":"2020-07-06T17:17:28","modified_gmt":"2020-07-06T15:17:28","slug":"coffee-012","status":"publish","type":"page","link":"https:\/\/essense.coffee\/fr\/mystery-coffee-box\/coffee-012\/","title":{"rendered":"Coffee 012"},"content":{"rendered":"<p>[vc_section][vc_row][vc_column]<div class=\" agni-image custom-image-container agni-image-default text-left\">\r\n\t\t\t<figure class=\"agni-image-figure\">\r\n\t\t\t\t<img  width=\"2000\" height=\"700\" src=\"https:\/\/essense.coffee\/wp-content\/uploads\/2020\/06\/mystery_012_2000x700.jpg\" class=\"fullwidth-image attachment-full  attachment-full\" alt=\"\" decoding=\"async\" title=\"_mystery_012_2000x700\" loading=\"lazy\" srcset=\"https:\/\/essense.coffee\/wp-content\/uploads\/2020\/06\/mystery_012_2000x700.jpg 2000w, https:\/\/essense.coffee\/wp-content\/uploads\/2020\/06\/mystery_012_2000x700-300x105.jpg 300w, https:\/\/essense.coffee\/wp-content\/uploads\/2020\/06\/mystery_012_2000x700-1024x358.jpg 1024w, https:\/\/essense.coffee\/wp-content\/uploads\/2020\/06\/mystery_012_2000x700-768x269.jpg 768w, https:\/\/essense.coffee\/wp-content\/uploads\/2020\/06\/mystery_012_2000x700-1536x538.jpg 1536w, https:\/\/essense.coffee\/wp-content\/uploads\/2020\/06\/mystery_012_2000x700-960x336.jpg 960w, https:\/\/essense.coffee\/wp-content\/uploads\/2020\/06\/mystery_012_2000x700-600x210.jpg 600w\" sizes=\"(max-width: 2000px) 100vw, 2000px\" \/>\r\n\t\t\t\t<figcaption class=\"vc_figure-caption\"><\/figcaption>\r\n\t\t\t<\/figure>\r\n\t\t<\/div>[\/vc_column][\/vc_row][\/vc_section][vc_section][vc_row margin_top=&#8221;50px&#8221;][vc_column width=&#8221;1\/4&#8243;][\/vc_column][vc_column width=&#8221;1\/2&#8243; offset=&#8221;vc_hidden-lg vc_hidden-md vc_hidden-sm&#8221;][vc_column_text el_class=&#8221;testo-giustificato&#8221;]<\/p>\n<p style=\"text-align: center;\"><a href=\"https:\/\/essense.coffee\/en\/mystery-coffee-box\/coffee-012\/\">IT<\/a>\u00a0 \u00a0\u00a0 <a href=\"https:\/\/essense.coffee\/en\/mystery-coffee-box\/coffee-012\/\">EN<\/a>\u00a0 \u00a0 \u00a0 <a href=\"https:\/\/essense.coffee\/en\/mystery-coffee-box\/coffee-012\/\">FR<\/a><\/p>\n<p>[\/vc_column_text][\/vc_column][vc_column width=&#8221;1\/4&#8243;][\/vc_column][\/vc_row][vc_row margin_top=&#8221;50px&#8221;][vc_column width=&#8221;1\/4&#8243;][\/vc_column][vc_column width=&#8221;1\/2&#8243;][vc_column_text el_class=&#8221;testo-giustificato&#8221;]<\/p>\n<h2 style=\"text-align: center;\">CUBA<\/h2>\n<p>[\/vc_column_text][vc_column_text]<\/p>\n<p style=\"text-align: center;\"><strong>SERRANO<\/strong><\/p>\n<p>[\/vc_column_text][vc_column_text el_class=&#8221;testo-giustificato&#8221;]Un caf\u00e9 cubain aux fortes senteurs du terroir. La proximit\u00e9 avec les plantations de tabac en d\u00e9termine l&#8217;influence sur les senteurs qui rappellent le cigare et la pipe. Le terrain montagneux de la Sierra Maestra compl\u00e8te le cadre avec le juste apport de sels min\u00e9raux pour un r\u00e9sultat en tasse corpulent, marqu\u00e9 et \u00e9quilibr\u00e9.[\/vc_column_text][\/vc_column][vc_column width=&#8221;1\/4&#8243;][\/vc_column][\/vc_row][\/vc_section][vc_section content_placement=&#8221;middle&#8221; el_class=&#8221;outburst-left&#8221;][vc_row bg_color=&#8221;#ffffff&#8221; equal_height=&#8221;yes&#8221; content_placement=&#8221;middle&#8221; margin_top=&#8221;50px&#8221;][vc_column dark_mode=&#8221;has-dark-mode&#8221; align=&#8221;center&#8221; bg_color=&#8221;#564032&#8243; width=&#8221;1\/4&#8243; padding_top=&#8221;30px&#8221; padding_bottom=&#8221;30px&#8221; el_class=&#8221;essense-runout-left essense-runout-marrone-chiaro&#8221;]<div class=\" agni-image custom-image-container agni-image-default text-center\">\r\n\t\t\t<figure class=\"agni-image-figure\">\r\n\t\t\t\t<img  class=\"fullwidth-image attachment-150x150  \" src=\"https:\/\/essense.coffee\/wp-content\/uploads\/2019\/05\/ICONA_Torrefazione-150x150.png\" width=\"150\" height=\"150\" alt=\"Caff\u00e8 torrefatto da...\" title=\"ICONA_Torrefazione\" \/>\r\n\t\t\t\t<figcaption class=\"vc_figure-caption\"><\/figcaption>\r\n\t\t\t<\/figure>\r\n\t\t<\/div>[\/vc_column][vc_column dark_mode=&#8221;has-dark-mode&#8221; align=&#8221;center&#8221; bg_color=&#8221;#564032&#8243; width=&#8221;1\/2&#8243; padding_top=&#8221;30px&#8221; padding_bottom=&#8221;30px&#8221;][vc_column_text padding_top=&#8221;25&#8243; el_class=&#8221;white-color&#8221;]<\/p>\n<p style=\"text-align: center;\"><strong>Torr\u00e9fi\u00e9 par :<\/strong><br \/>\nCOFFEEL<br \/>\nVentimille (IM &#8211; Italie)<\/p>\n<p>[\/vc_column_text][\/vc_column][vc_column dark_mode=&#8221;has-dark-mode&#8221; bg_color=&#8221;#564032&#8243; width=&#8221;1\/4&#8243;]<div class=\" agni-image custom-image-container agni-image-default text-center\">\r\n\t\t\t<figure class=\"agni-image-figure\">\r\n\t\t\t\t<a href=\"https:\/\/essense.coffee\/it\/groundtoenjoy\/torrefazioni\/coffeel\/\" target=\"_self\" data-size=\"600x600\"><img  class=\"fullwidth-image attachment-200x200  \" src=\"https:\/\/essense.coffee\/wp-content\/uploads\/2019\/06\/logo-bianco_Coffeel-1-200x200.png\" width=\"200\" height=\"200\" alt=\"coffeel quality coffee experience\" title=\"logo-bianco_Coffeel\" \/><\/a>\r\n\t\t\t\t<figcaption class=\"vc_figure-caption\"><\/figcaption>\r\n\t\t\t<\/figure>\r\n\t\t<\/div>[\/vc_column][\/vc_row][\/vc_section][vc_section][vc_row content_placement=&#8221;middle&#8221; margin_top=&#8221;80px&#8221;][vc_column width=&#8221;1\/2&#8243;][vc_column_text]<iframe loading=\"lazy\" style=\"border: 0;\" tabindex=\"0\" src=\"https:\/\/www.google.com\/maps\/embed?pb=!1m18!1m12!1m3!1d6905399.343718601!2d-81.36276589561675!3d21.834616723831296!2m3!1f0!2f0!3f0!3m2!1i1024!2i768!4f13.1!3m3!1m2!1s0x8ed1db50f60f563f%3A0x386150197fea9d63!2sSierra%20Maestra!5e0!3m2!1sit!2sit!4v1593193205622!5m2!1sit!2sit\" width=\"640\" height=\"350\" frameborder=\"0\" allowfullscreen=\"allowfullscreen\" aria-hidden=\"false\"><\/iframe>[\/vc_column_text][\/vc_column][vc_column width=&#8221;1\/2&#8243;][vc_column_text]<b>Typologie : <\/b>Caf\u00e9 de Sp\u00e9cialit\u00e9<br \/>\n<b>R\u00e9gion : <\/b>Cuba &#8211; Sierra Maestra<br \/>\n<b>Altitude : <\/b>800 m<br \/>\n<b>Producteur : <\/b>Petits producteurs locaux<br \/>\n<b>Station de traitement : <\/b>Coop. Serrano Superior<br \/>\n<b>M\u00e9thode de traitement : <\/b>Process lav\u00e9[\/vc_column_text][\/vc_column][\/vc_row][\/vc_section][vc_section content_placement=&#8221;middle&#8221; el_class=&#8221;outburst-left&#8221;][vc_row equal_height=&#8221;yes&#8221; content_placement=&#8221;middle&#8221; margin_top=&#8221;50px&#8221;][vc_column dark_mode=&#8221;has-dark-mode&#8221; align=&#8221;right&#8221; bg_color=&#8221;#000000&#8243; width=&#8221;1\/2&#8243; padding_top=&#8221;30px&#8221; padding_bottom=&#8221;30px&#8221;][vc_column_text el_class=&#8221;white-color&#8221;]<\/p>\n<h2 style=\"text-align: right;\">COFFEE BREWING<\/h2>\n<p style=\"text-align: right;\">La recette de cet Arabica a \u00e9t\u00e9 \u00e9tudi\u00e9e<br \/>\npour le format Moka de GROUNDtoENJOY.<br \/>\nSuivez le tutoriel pour<br \/>\npr\u00e9parer de la meilleure mani\u00e8re ce caf\u00e9.<\/p>\n<p>[\/vc_column_text]<div class=\" agni-button-responsive agni-button  text-right page-scroll\"><a class=\"agni_custom_design_css btn btn-default\" target=\"_self\" href=\"https:\/\/essense.coffee\/fr\/brewing\/moka\/\"  >Voir le tutoriel<\/a><\/div>[\/vc_column][vc_column dark_mode=&#8221;has-dark-mode&#8221; align=&#8221;center&#8221; bg_color=&#8221;#000000&#8243; width=&#8221;1\/2&#8243; padding_top=&#8221;30px&#8221; padding_bottom=&#8221;30px&#8221; el_class=&#8221;essense-runout-right&#8221;]<div class=\" agni-image custom-image-container agni-image-default text-left\">\r\n\t\t\t<figure class=\"agni-image-figure\">\r\n\t\t\t\t<img  width=\"1024\" height=\"259\" src=\"https:\/\/essense.coffee\/wp-content\/uploads\/2020\/03\/Moka-Sequenza-10-1024x259.png\" class=\"fullwidth-image attachment-large  attachment-large\" alt=\"\" decoding=\"async\" title=\"Moka Sequenza-10\" loading=\"lazy\" srcset=\"https:\/\/essense.coffee\/wp-content\/uploads\/2020\/03\/Moka-Sequenza-10-1024x259.png 1024w, https:\/\/essense.coffee\/wp-content\/uploads\/2020\/03\/Moka-Sequenza-10-300x76.png 300w, https:\/\/essense.coffee\/wp-content\/uploads\/2020\/03\/Moka-Sequenza-10-768x194.png 768w, https:\/\/essense.coffee\/wp-content\/uploads\/2020\/03\/Moka-Sequenza-10-960x243.png 960w, https:\/\/essense.coffee\/wp-content\/uploads\/2020\/03\/Moka-Sequenza-10-600x152.png 600w\" sizes=\"(max-width: 1024px) 100vw, 1024px\" \/>\r\n\t\t\t\t<figcaption class=\"vc_figure-caption\"><\/figcaption>\r\n\t\t\t<\/figure>\r\n\t\t<\/div>[\/vc_column][\/vc_row][\/vc_section][vc_section content_placement=&#8221;middle&#8221; css=&#8221;.vc_custom_1592983521893{margin-top: 50px !important;}&#8221; el_class=&#8221;outburst-left&#8221;][vc_row bg_color=&#8221;#ffffff&#8221; equal_height=&#8221;yes&#8221; content_placement=&#8221;middle&#8221; margin_top=&#8221;50px&#8221;][vc_column dark_mode=&#8221;has-dark-mode&#8221; align=&#8221;center&#8221; bg_color=&#8221;#937a66&#8243; width=&#8221;1\/4&#8243; padding_top=&#8221;30px&#8221; padding_bottom=&#8221;30px&#8221; el_class=&#8221;essense-runout-left essense-runout-beige-scuro&#8221;]<div class=\" agni-image custom-image-container agni-image-default text-center\">\r\n\t\t\t<figure class=\"agni-image-figure\">\r\n\t\t\t\t<img  class=\"fullwidth-image attachment-150x150  \" src=\"https:\/\/essense.coffee\/wp-content\/uploads\/2019\/05\/ICONA_Profilo-organolettico-150x150.png\" width=\"150\" height=\"150\" alt=\"Analisi sensoriale\" title=\"ICONA_Profilo-organolettico\" \/>\r\n\t\t\t\t<figcaption class=\"vc_figure-caption\"><\/figcaption>\r\n\t\t\t<\/figure>\r\n\t\t<\/div>[\/vc_column][vc_column dark_mode=&#8221;has-dark-mode&#8221; align=&#8221;center&#8221; bg_color=&#8221;#937a66&#8243; width=&#8221;1\/2&#8243; padding_top=&#8221;30px&#8221; padding_bottom=&#8221;30px&#8221;][vc_column_text padding_top=&#8221;25&#8243; el_class=&#8221;white-color&#8221;]<\/p>\n<p style=\"text-align: center;\"><strong>Analyse sensorielle :<\/strong><br \/>\nSenteurs de cacao,<br \/>\ntabac pour pipe, noisette<\/p>\n<p>[\/vc_column_text][\/vc_column][vc_column dark_mode=&#8221;has-dark-mode&#8221; align=&#8221;center&#8221; bg_color=&#8221;#937a66&#8243; width=&#8221;1\/4&#8243;][\/vc_column][\/vc_row][\/vc_section][vc_section content_placement=&#8221;middle&#8221; css=&#8221;.vc_custom_1592984416135{margin-top: 50px !important;margin-bottom: 50px !important;}&#8221; el_class=&#8221;outburst-right-yellow&#8221;][vc_row bg_color=&#8221;#ffffff&#8221; equal_height=&#8221;yes&#8221; content_placement=&#8221;middle&#8221; margin_top=&#8221;50px&#8221;][vc_column dark_mode=&#8221;has-dark-mode&#8221; align=&#8221;center&#8221; bg_color=&#8221;#bdb1a1&#8243; width=&#8221;1\/4&#8243; padding_top=&#8221;30px&#8221; padding_bottom=&#8221;30px&#8221;]<div class=\" agni-image custom-image-container agni-image-default text-center\">\r\n\t\t\t<figure class=\"agni-image-figure\">\r\n\t\t\t\t<img  class=\"fullwidth-image attachment-150x150  \" src=\"https:\/\/essense.coffee\/wp-content\/uploads\/2019\/05\/ICONA_Shop-150x150.png\" width=\"150\" height=\"150\" alt=\"Vai allo shop per visualizzare il prodotto\" title=\"ICONA_Shop\" \/>\r\n\t\t\t\t<figcaption class=\"vc_figure-caption\"><\/figcaption>\r\n\t\t\t<\/figure>\r\n\t\t<\/div>[\/vc_column][vc_column dark_mode=&#8221;has-dark-mode&#8221; align=&#8221;center&#8221; bg_color=&#8221;#bdb1a1&#8243; width=&#8221;1\/2&#8243; padding_top=&#8221;30px&#8221; padding_bottom=&#8221;30px&#8221;][vc_column_text padding_top=&#8221;25&#8243; el_class=&#8221;white-color&#8221;]<\/p>\n<p style=\"text-align: center;\">CE CAF\u00c9 VOUS A PLU ET VOUS VOUDRIEZ<br \/>\nQU\u2019IL VOUS ACCOMPAGNE TOUT AU LONG DE CE MOIS ?<br \/>\nPROCUREZ-VOUS LE DIRECTEMENT<br \/>\nSUR LE SITE DU TORR\u00c9FACTEUR.<\/p>\n<p>[\/vc_column_text][\/vc_column][vc_column dark_mode=&#8221;has-dark-mode&#8221; bg_color=&#8221;#bdb1a1&#8243; width=&#8221;1\/4&#8243; el_class=&#8221;essense-runout-right essense-runout-beige&#8221;]<div class=\" agni-button-responsive agni-button  text-center page-scroll\"><a class=\"agni_custom_design_css btn btn-default\" target=\"_self\" href=\"https:\/\/bit.ly\/2Z4NYLz\"  >ALLER SUR LE SITE<\/a><\/div>[\/vc_column][\/vc_row][\/vc_section][vc_row fullwidth=&#8221;has-fullwidth-column-no-padding&#8221; equal_height=&#8221;yes&#8221; content_placement=&#8221;middle&#8221; margin_top=&#8221;50px&#8221;][vc_column width=&#8221;1\/2&#8243; margin_right=&#8221;-20&#8243;]<div class=\" agni-image custom-image-container agni-image-default text-right\">\r\n\t\t\t<figure class=\"agni-image-figure\">\r\n\t\t\t\t<img  width=\"1000\" height=\"500\" src=\"https:\/\/essense.coffee\/wp-content\/uploads\/2020\/06\/1000X500_MYSTERY_ok.jpg\" class=\"fullwidth-image attachment-full  attachment-full\" alt=\"\" decoding=\"async\" title=\"1000X500_MYSTERY_ok\" loading=\"lazy\" srcset=\"https:\/\/essense.coffee\/wp-content\/uploads\/2020\/06\/1000X500_MYSTERY_ok.jpg 1000w, https:\/\/essense.coffee\/wp-content\/uploads\/2020\/06\/1000X500_MYSTERY_ok-300x150.jpg 300w, https:\/\/essense.coffee\/wp-content\/uploads\/2020\/06\/1000X500_MYSTERY_ok-768x384.jpg 768w, https:\/\/essense.coffee\/wp-content\/uploads\/2020\/06\/1000X500_MYSTERY_ok-960x480.jpg 960w, https:\/\/essense.coffee\/wp-content\/uploads\/2020\/06\/1000X500_MYSTERY_ok-600x300.jpg 600w\" sizes=\"(max-width: 1000px) 100vw, 1000px\" \/>\r\n\t\t\t\t<figcaption class=\"vc_figure-caption\"><\/figcaption>\r\n\t\t\t<\/figure>\r\n\t\t<\/div>[\/vc_column][vc_column width=&#8221;1\/2&#8243; el_class=&#8221;second-container-right-div&#8221;][vc_row_inner][vc_column_inner padding_right=&#8221;60px&#8221; padding_left=&#8221;60px&#8221;][vc_column_text]<\/p>\n<h2>MYSTERY COFFEE BOX<\/h2>\n<p>Ce caf\u00e9 fait partie du projet <em>Mystery Coffee Box<\/em>,<br \/>\nun projet participatif qui associe les torr\u00e9factions artisanales<br \/>\npour vous faire vivre un voyage de d\u00e9gustations<br \/>\n\u00e0 la d\u00e9couverte du panorama Specialty europ\u00e9en. [\/vc_column_text]<div class=\" agni-button-responsive agni-button  text-left page-scroll\"><a class=\"agni_custom_design_css btn btn-default\" target=\"_self\" href=\"https:\/\/bit.ly\/3dt0vfG\"  >D\u00e9couvrir MYSTERY COFFEE BOX<\/a><\/div>[\/vc_column_inner][\/vc_row_inner][\/vc_column][\/vc_row][vc_section content_placement=&#8221;middle&#8221; css=&#8221;.vc_custom_1557824737813{margin-top: 50px !important;margin-bottom: 50px !important;}&#8221; el_class=&#8221;outburst-left&#8221;][vc_row bg_color=&#8221;#ffffff&#8221; equal_height=&#8221;yes&#8221; content_placement=&#8221;middle&#8221; margin_top=&#8221;50px&#8221;][vc_column dark_mode=&#8221;has-dark-mode&#8221; align=&#8221;center&#8221; bg_color=&#8221;#6d8165&#8243; width=&#8221;1\/4&#8243; padding_top=&#8221;30px&#8221; padding_bottom=&#8221;30px&#8221; el_class=&#8221;essense-runout-left essense-runout-verde-oliva&#8221;]<div class=\" agni-image custom-image-container agni-image-default text-center\">\r\n\t\t\t<figure class=\"agni-image-figure\">\r\n\t\t\t\t<img  class=\"fullwidth-image attachment-150x150  \" src=\"https:\/\/essense.coffee\/wp-content\/uploads\/2019\/05\/ICONA_Scrivici-150x150.png\" width=\"150\" height=\"150\" alt=\"Mettiti in contatto con noi\" title=\"ICONA_Scrivici\" \/>\r\n\t\t\t\t<figcaption class=\"vc_figure-caption\"><\/figcaption>\r\n\t\t\t<\/figure>\r\n\t\t<\/div>[\/vc_column][vc_column dark_mode=&#8221;has-dark-mode&#8221; align=&#8221;center&#8221; bg_color=&#8221;#6d8165&#8243; width=&#8221;1\/2&#8243; padding_top=&#8221;30px&#8221; padding_bottom=&#8221;30px&#8221;][vc_column_text padding_top=&#8221;25&#8243; el_class=&#8221;white-color&#8221;]<\/p>\n<p style=\"text-align: center;\">DES QUESTIONS OU DE LA CURIOSIT\u00c9<br \/>\n\u00c0 PROPOS DES M\u00c9THODES BREWING ?<br \/>\n\u00c9CRIVEZ-NOUS, NOUS SERONS HEUREUX<br \/>\nDE PARTAGER AVEC VOUS NOTRE PASSION POUR LE CAF\u00c9.<\/p>\n<p>[\/vc_column_text][\/vc_column][vc_column dark_mode=&#8221;has-dark-mode&#8221; bg_color=&#8221;#6d8165&#8243; width=&#8221;1\/4&#8243;]<div class=\" agni-button-responsive agni-button  text-center page-scroll\"><a class=\"agni_custom_design_css btn btn-default\" target=\"_self\" href=\"https:\/\/essense.coffee\/fr\/a-propos\/contact\/\"  >NOUS \u00c9CRIRE<\/a><\/div>[\/vc_column][\/vc_row][\/vc_section]<\/p>\n","protected":false},"excerpt":{"rendered":"<p>[vc_section][vc_row][vc_column][\/vc_column][\/vc_row][\/vc_section][vc_section][vc_row margin_top=&#8221;50px&#8221;][vc_column width=&#8221;1\/4&#8243;][\/vc_column][vc_column width=&#8221;1\/2&#8243; offset=&#8221;vc_hidden-lg vc_hidden-md vc_hidden-sm&#8221;][vc_column_text el_class=&#8221;testo-giustificato&#8221;] IT\u00a0 \u00a0\u00a0 EN\u00a0 \u00a0 \u00a0 FR [\/vc_column_text][\/vc_column][vc_column width=&#8221;1\/4&#8243;][\/vc_column][\/vc_row][vc_row margin_top=&#8221;50px&#8221;][vc_column width=&#8221;1\/4&#8243;][\/vc_column][vc_column width=&#8221;1\/2&#8243;][vc_column_text el_class=&#8221;testo-giustificato&#8221;] CUBA [\/vc_column_text][vc_column_text] SERRANO [\/vc_column_text][vc_column_text el_class=&#8221;testo-giustificato&#8221;]Un caf\u00e9 cubain aux fortes senteurs du terroir. La proximit\u00e9 avec les plantations de tabac en d\u00e9termine l&#8217;influence sur les senteurs qui rappellent le cigare et la pipe. Le terrain montagneux [&hellip;]<\/p>\n","protected":false},"author":3,"featured_media":0,"parent":19095,"menu_order":0,"comment_status":"closed","ping_status":"closed","template":"","meta":{"footnotes":""},"yoast_head":"<!-- This site is optimized with the Yoast SEO plugin v21.2 - https:\/\/yoast.com\/wordpress\/plugins\/seo\/ -->\n<title>Coffee 012 - Essense Coffee<\/title>\n<meta name=\"robots\" content=\"index, follow, max-snippet:-1, max-image-preview:large, max-video-preview:-1\" \/>\n<link rel=\"canonical\" href=\"https:\/\/essense.coffee\/fr\/mystery-coffee-box\/coffee-012\/\" \/>\n<meta property=\"og:locale\" content=\"fr_FR\" \/>\n<meta property=\"og:type\" content=\"article\" \/>\n<meta property=\"og:title\" content=\"Coffee 012 - Essense Coffee\" \/>\n<meta property=\"og:description\" content=\"[vc_section][vc_row][vc_column][\/vc_column][\/vc_row][\/vc_section][vc_section][vc_row margin_top=&#8221;50px&#8221;][vc_column width=&#8221;1\/4&#8243;][\/vc_column][vc_column width=&#8221;1\/2&#8243; offset=&#8221;vc_hidden-lg vc_hidden-md vc_hidden-sm&#8221;][vc_column_text el_class=&#8221;testo-giustificato&#8221;] IT\u00a0 \u00a0\u00a0 EN\u00a0 \u00a0 \u00a0 FR [\/vc_column_text][\/vc_column][vc_column width=&#8221;1\/4&#8243;][\/vc_column][\/vc_row][vc_row margin_top=&#8221;50px&#8221;][vc_column width=&#8221;1\/4&#8243;][\/vc_column][vc_column width=&#8221;1\/2&#8243;][vc_column_text el_class=&#8221;testo-giustificato&#8221;] CUBA [\/vc_column_text][vc_column_text] SERRANO [\/vc_column_text][vc_column_text el_class=&#8221;testo-giustificato&#8221;]Un caf\u00e9 cubain aux fortes senteurs du terroir. La proximit\u00e9 avec les plantations de tabac en d\u00e9termine l&#8217;influence sur les senteurs qui rappellent le cigare et la pipe. Le terrain montagneux [&hellip;]\" \/>\n<meta property=\"og:url\" content=\"https:\/\/essense.coffee\/fr\/mystery-coffee-box\/coffee-012\/\" \/>\n<meta property=\"og:site_name\" content=\"Essense Coffee\" \/>\n<meta property=\"article:modified_time\" content=\"2020-07-06T15:17:28+00:00\" \/>\n<meta name=\"twitter:card\" content=\"summary_large_image\" \/>\n<meta name=\"twitter:label1\" content=\"Dur\u00e9e de lecture estim\u00e9e\" \/>\n\t<meta name=\"twitter:data1\" content=\"5 minutes\" \/>\n<script type=\"application\/ld+json\" class=\"yoast-schema-graph\">{\"@context\":\"https:\/\/schema.org\",\"@graph\":[{\"@type\":\"WebPage\",\"@id\":\"https:\/\/essense.coffee\/fr\/mystery-coffee-box\/coffee-012\/\",\"url\":\"https:\/\/essense.coffee\/fr\/mystery-coffee-box\/coffee-012\/\",\"name\":\"Coffee 012 - Essense Coffee\",\"isPartOf\":{\"@id\":\"https:\/\/essense.coffee\/fr\/#website\"},\"datePublished\":\"2020-07-01T05:41:55+00:00\",\"dateModified\":\"2020-07-06T15:17:28+00:00\",\"breadcrumb\":{\"@id\":\"https:\/\/essense.coffee\/fr\/mystery-coffee-box\/coffee-012\/#breadcrumb\"},\"inLanguage\":\"fr-FR\",\"potentialAction\":[{\"@type\":\"ReadAction\",\"target\":[\"https:\/\/essense.coffee\/fr\/mystery-coffee-box\/coffee-012\/\"]}]},{\"@type\":\"BreadcrumbList\",\"@id\":\"https:\/\/essense.coffee\/fr\/mystery-coffee-box\/coffee-012\/#breadcrumb\",\"itemListElement\":[{\"@type\":\"ListItem\",\"position\":1,\"name\":\"Shop\",\"item\":\"\/categorie-shop\"},{\"@type\":\"ListItem\",\"position\":2,\"name\":\"Coffee 012\"}]},{\"@type\":\"WebSite\",\"@id\":\"https:\/\/essense.coffee\/fr\/#website\",\"url\":\"https:\/\/essense.coffee\/fr\/\",\"name\":\"Essense Coffee\",\"description\":\"The best coffee instruments and our very own single-portioned coffee for every brewing method.\",\"publisher\":{\"@id\":\"https:\/\/essense.coffee\/fr\/#organization\"},\"potentialAction\":[{\"@type\":\"SearchAction\",\"target\":{\"@type\":\"EntryPoint\",\"urlTemplate\":\"https:\/\/essense.coffee\/fr\/?s={search_term_string}\"},\"query-input\":\"required name=search_term_string\"}],\"inLanguage\":\"fr-FR\"},{\"@type\":\"Organization\",\"@id\":\"https:\/\/essense.coffee\/fr\/#organization\",\"name\":\"Essense Coffee\",\"url\":\"https:\/\/essense.coffee\/fr\/\",\"logo\":{\"@type\":\"ImageObject\",\"inLanguage\":\"fr-FR\",\"@id\":\"https:\/\/essense.coffee\/fr\/#\/schema\/logo\/image\/\",\"url\":\"https:\/\/essense.coffee\/wp-content\/uploads\/2020\/05\/Logo-Essense-300x300-1.jpg\",\"contentUrl\":\"https:\/\/essense.coffee\/wp-content\/uploads\/2020\/05\/Logo-Essense-300x300-1.jpg\",\"width\":300,\"height\":300,\"caption\":\"Essense Coffee\"},\"image\":{\"@id\":\"https:\/\/essense.coffee\/fr\/#\/schema\/logo\/image\/\"}}]}<\/script>\n<!-- \/ Yoast SEO plugin. -->","yoast_head_json":{"title":"Coffee 012 - Essense Coffee","robots":{"index":"index","follow":"follow","max-snippet":"max-snippet:-1","max-image-preview":"max-image-preview:large","max-video-preview":"max-video-preview:-1"},"canonical":"https:\/\/essense.coffee\/fr\/mystery-coffee-box\/coffee-012\/","og_locale":"fr_FR","og_type":"article","og_title":"Coffee 012 - Essense Coffee","og_description":"[vc_section][vc_row][vc_column][\/vc_column][\/vc_row][\/vc_section][vc_section][vc_row margin_top=&#8221;50px&#8221;][vc_column width=&#8221;1\/4&#8243;][\/vc_column][vc_column width=&#8221;1\/2&#8243; offset=&#8221;vc_hidden-lg vc_hidden-md vc_hidden-sm&#8221;][vc_column_text el_class=&#8221;testo-giustificato&#8221;] IT\u00a0 \u00a0\u00a0 EN\u00a0 \u00a0 \u00a0 FR [\/vc_column_text][\/vc_column][vc_column width=&#8221;1\/4&#8243;][\/vc_column][\/vc_row][vc_row margin_top=&#8221;50px&#8221;][vc_column width=&#8221;1\/4&#8243;][\/vc_column][vc_column width=&#8221;1\/2&#8243;][vc_column_text el_class=&#8221;testo-giustificato&#8221;] CUBA [\/vc_column_text][vc_column_text] SERRANO [\/vc_column_text][vc_column_text el_class=&#8221;testo-giustificato&#8221;]Un caf\u00e9 cubain aux fortes senteurs du terroir. La proximit\u00e9 avec les plantations de tabac en d\u00e9termine l&#8217;influence sur les senteurs qui rappellent le cigare et la pipe. Le terrain montagneux [&hellip;]","og_url":"https:\/\/essense.coffee\/fr\/mystery-coffee-box\/coffee-012\/","og_site_name":"Essense Coffee","article_modified_time":"2020-07-06T15:17:28+00:00","twitter_card":"summary_large_image","twitter_misc":{"Dur\u00e9e de lecture estim\u00e9e":"5 minutes"},"schema":{"@context":"https:\/\/schema.org","@graph":[{"@type":"WebPage","@id":"https:\/\/essense.coffee\/fr\/mystery-coffee-box\/coffee-012\/","url":"https:\/\/essense.coffee\/fr\/mystery-coffee-box\/coffee-012\/","name":"Coffee 012 - Essense Coffee","isPartOf":{"@id":"https:\/\/essense.coffee\/fr\/#website"},"datePublished":"2020-07-01T05:41:55+00:00","dateModified":"2020-07-06T15:17:28+00:00","breadcrumb":{"@id":"https:\/\/essense.coffee\/fr\/mystery-coffee-box\/coffee-012\/#breadcrumb"},"inLanguage":"fr-FR","potentialAction":[{"@type":"ReadAction","target":["https:\/\/essense.coffee\/fr\/mystery-coffee-box\/coffee-012\/"]}]},{"@type":"BreadcrumbList","@id":"https:\/\/essense.coffee\/fr\/mystery-coffee-box\/coffee-012\/#breadcrumb","itemListElement":[{"@type":"ListItem","position":1,"name":"Shop","item":"\/categorie-shop"},{"@type":"ListItem","position":2,"name":"Coffee 012"}]},{"@type":"WebSite","@id":"https:\/\/essense.coffee\/fr\/#website","url":"https:\/\/essense.coffee\/fr\/","name":"Essense Coffee","description":"The best coffee instruments and our very own single-portioned coffee for every brewing method.","publisher":{"@id":"https:\/\/essense.coffee\/fr\/#organization"},"potentialAction":[{"@type":"SearchAction","target":{"@type":"EntryPoint","urlTemplate":"https:\/\/essense.coffee\/fr\/?s={search_term_string}"},"query-input":"required name=search_term_string"}],"inLanguage":"fr-FR"},{"@type":"Organization","@id":"https:\/\/essense.coffee\/fr\/#organization","name":"Essense Coffee","url":"https:\/\/essense.coffee\/fr\/","logo":{"@type":"ImageObject","inLanguage":"fr-FR","@id":"https:\/\/essense.coffee\/fr\/#\/schema\/logo\/image\/","url":"https:\/\/essense.coffee\/wp-content\/uploads\/2020\/05\/Logo-Essense-300x300-1.jpg","contentUrl":"https:\/\/essense.coffee\/wp-content\/uploads\/2020\/05\/Logo-Essense-300x300-1.jpg","width":300,"height":300,"caption":"Essense Coffee"},"image":{"@id":"https:\/\/essense.coffee\/fr\/#\/schema\/logo\/image\/"}}]}},"_links":{"self":[{"href":"https:\/\/essense.coffee\/fr\/wp-json\/wp\/v2\/pages\/19474"}],"collection":[{"href":"https:\/\/essense.coffee\/fr\/wp-json\/wp\/v2\/pages"}],"about":[{"href":"https:\/\/essense.coffee\/fr\/wp-json\/wp\/v2\/types\/page"}],"author":[{"embeddable":true,"href":"https:\/\/essense.coffee\/fr\/wp-json\/wp\/v2\/users\/3"}],"replies":[{"embeddable":true,"href":"https:\/\/essense.coffee\/fr\/wp-json\/wp\/v2\/comments?post=19474"}],"version-history":[{"count":4,"href":"https:\/\/essense.coffee\/fr\/wp-json\/wp\/v2\/pages\/19474\/revisions"}],"predecessor-version":[{"id":19739,"href":"https:\/\/essense.coffee\/fr\/wp-json\/wp\/v2\/pages\/19474\/revisions\/19739"}],"up":[{"embeddable":true,"href":"https:\/\/essense.coffee\/fr\/wp-json\/wp\/v2\/pages\/19095"}],"wp:attachment":[{"href":"https:\/\/essense.coffee\/fr\/wp-json\/wp\/v2\/media?parent=19474"}],"curies":[{"name":"wp","href":"https:\/\/api.w.org\/{rel}","templated":true}]}}