{"id":19380,"date":"2020-06-29T16:51:40","date_gmt":"2020-06-29T14:51:40","guid":{"rendered":"https:\/\/essense.coffee\/mystery-coffee-box\/coffee-004\/"},"modified":"2020-07-06T17:53:10","modified_gmt":"2020-07-06T15:53:10","slug":"coffee-004","status":"publish","type":"page","link":"https:\/\/essense.coffee\/fr\/mystery-coffee-box\/coffee-004\/","title":{"rendered":"Coffee 004"},"content":{"rendered":"<p>[vc_section][vc_row][vc_column]<div class=\" agni-image custom-image-container agni-image-default text-left\">\r\n\t\t\t<figure class=\"agni-image-figure\">\r\n\t\t\t\t<img  width=\"2000\" height=\"700\" src=\"https:\/\/essense.coffee\/wp-content\/uploads\/2020\/06\/mystery_004_2000x700.jpg\" class=\"fullwidth-image attachment-full  attachment-full\" alt=\"\" decoding=\"async\" title=\"_mystery_004_2000x700\" loading=\"lazy\" srcset=\"https:\/\/essense.coffee\/wp-content\/uploads\/2020\/06\/mystery_004_2000x700.jpg 2000w, https:\/\/essense.coffee\/wp-content\/uploads\/2020\/06\/mystery_004_2000x700-300x105.jpg 300w, https:\/\/essense.coffee\/wp-content\/uploads\/2020\/06\/mystery_004_2000x700-1024x358.jpg 1024w, https:\/\/essense.coffee\/wp-content\/uploads\/2020\/06\/mystery_004_2000x700-768x269.jpg 768w, https:\/\/essense.coffee\/wp-content\/uploads\/2020\/06\/mystery_004_2000x700-1536x538.jpg 1536w, https:\/\/essense.coffee\/wp-content\/uploads\/2020\/06\/mystery_004_2000x700-960x336.jpg 960w, https:\/\/essense.coffee\/wp-content\/uploads\/2020\/06\/mystery_004_2000x700-600x210.jpg 600w\" sizes=\"(max-width: 2000px) 100vw, 2000px\" \/>\r\n\t\t\t\t<figcaption class=\"vc_figure-caption\"><\/figcaption>\r\n\t\t\t<\/figure>\r\n\t\t<\/div>[\/vc_column][\/vc_row][\/vc_section][vc_section][vc_row margin_top=&#8221;50px&#8221;][vc_column width=&#8221;1\/4&#8243;][\/vc_column][vc_column width=&#8221;1\/2&#8243; offset=&#8221;vc_hidden-lg vc_hidden-md vc_hidden-sm&#8221;][vc_column_text el_class=&#8221;testo-giustificato&#8221;]<\/p>\n<p style=\"text-align: center;\"><a href=\"https:\/\/essense.coffee\/it\/mystery-coffee-box\/coffee-004\/\">IT<\/a>\u00a0 \u00a0\u00a0 <a href=\"https:\/\/essense.coffee\/en\/mystery-coffee-box\/coffee-004\/\">EN<\/a>\u00a0 \u00a0 \u00a0 <a href=\"https:\/\/essense.coffee\/fr\/mystery-coffee-box\/coffee-004\/\">FR<\/a><\/p>\n<p>[\/vc_column_text][\/vc_column][vc_column width=&#8221;1\/4&#8243;][\/vc_column][\/vc_row][vc_row margin_top=&#8221;50px&#8221;][vc_column width=&#8221;1\/4&#8243;][\/vc_column][vc_column width=&#8221;1\/2&#8243;][vc_column_text el_class=&#8221;testo-giustificato&#8221;]<\/p>\n<h2 style=\"text-align: center;\">LAB 100<\/h2>\n<p>[\/vc_column_text][vc_column_text]<\/p>\n<p style=\"text-align: center;\"><strong>BR\u00c9SIL &#8211; MEXIQUE<\/strong><\/p>\n<p>[\/vc_column_text][vc_column_text el_class=&#8221;testo-giustificato&#8221;]S&#8217;inspirant de la haute gastronomie qui privil\u00e9gie peut d&#8217;ingr\u00e9dients mais de qualit\u00e9 dans le but de rendre perceptible chaque senteur, le m\u00e9lange de <em>LAB 100<\/em> unit deux caf\u00e9s de tr\u00e8s grande qualit\u00e9 et compl\u00e8tement tra\u00e7ables, qui conf\u00e8rent chacun la particularit\u00e9 de leurs notes aromatiques. Le r\u00e9sultat donne une tasse extraordinaire avec des ar\u00f4mes clairs et d\u00e9finis et une rondeur complexe qui s&#8217;\u00e9quilibre en tre douceur et acidit\u00e9 structur\u00e9e.[\/vc_column_text][\/vc_column][vc_column width=&#8221;1\/4&#8243;][\/vc_column][\/vc_row][\/vc_section][vc_section content_placement=&#8221;middle&#8221; el_class=&#8221;outburst-left&#8221;][vc_row bg_color=&#8221;#ffffff&#8221; equal_height=&#8221;yes&#8221; content_placement=&#8221;middle&#8221; margin_top=&#8221;50px&#8221;][vc_column dark_mode=&#8221;has-dark-mode&#8221; align=&#8221;center&#8221; bg_color=&#8221;#564032&#8243; width=&#8221;1\/4&#8243; padding_top=&#8221;30px&#8221; padding_bottom=&#8221;30px&#8221; el_class=&#8221;essense-runout-left essense-runout-marrone-chiaro&#8221;]<div class=\" agni-image custom-image-container agni-image-default text-center\">\r\n\t\t\t<figure class=\"agni-image-figure\">\r\n\t\t\t\t<img  class=\"fullwidth-image attachment-150x150  \" src=\"https:\/\/essense.coffee\/wp-content\/uploads\/2019\/05\/ICONA_Torrefazione-150x150.png\" width=\"150\" height=\"150\" alt=\"Caff\u00e8 torrefatto da...\" title=\"ICONA_Torrefazione\" \/>\r\n\t\t\t\t<figcaption class=\"vc_figure-caption\"><\/figcaption>\r\n\t\t\t<\/figure>\r\n\t\t<\/div>[\/vc_column][vc_column dark_mode=&#8221;has-dark-mode&#8221; align=&#8221;center&#8221; bg_color=&#8221;#564032&#8243; width=&#8221;1\/2&#8243; padding_top=&#8221;30px&#8221; padding_bottom=&#8221;30px&#8221;][vc_column_text padding_top=&#8221;25&#8243; el_class=&#8221;white-color&#8221;]<\/p>\n<p style=\"text-align: center;\"><strong>Torr\u00e9fi\u00e9 par :<\/strong><br \/>\nCAFF\u00c8 LAB<br \/>\nFlorence (FI &#8211; Italie)<\/p>\n<p>[\/vc_column_text][\/vc_column][vc_column dark_mode=&#8221;has-dark-mode&#8221; bg_color=&#8221;#564032&#8243; width=&#8221;1\/4&#8243;]<div class=\" agni-image custom-image-container agni-image-default text-center\">\r\n\t\t\t<figure class=\"agni-image-figure\">\r\n\t\t\t\t<a href=\"https:\/\/essense.coffee\/fr\/groundtoenjoy\/torrefacteurs\/caffelab\/\" target=\"_self\" data-size=\"600x600\"><img  class=\"fullwidth-image attachment-150x150  \" src=\"https:\/\/essense.coffee\/wp-content\/uploads\/2020\/03\/logo_W_caffe-lab_600x600-150x150.png\" width=\"150\" height=\"150\" alt=\"logo_W_caffe-lab_600x600\" title=\"logo_W_caffe-lab_600x600\" \/><\/a>\r\n\t\t\t\t<figcaption class=\"vc_figure-caption\"><\/figcaption>\r\n\t\t\t<\/figure>\r\n\t\t<\/div>[\/vc_column][\/vc_row][\/vc_section][vc_section][vc_row content_placement=&#8221;middle&#8221; margin_top=&#8221;80px&#8221;][vc_column width=&#8221;1\/2&#8243;][vc_column_text]<iframe loading=\"lazy\" src=\"https:\/\/www.google.com\/maps\/d\/u\/0\/embed?mid=1dPs1P0Xm20dgU4ppYVYiNnAJ60ByKuyl\" width=\"640\" height=\"350\"><\/iframe>[\/vc_column_text][\/vc_column][vc_column width=&#8221;1\/2&#8243;][vc_column_text]<b>Typologie : <\/b>M\u00e9lange de caf\u00e9s de Sp\u00e9cialit\u00e9<br \/>\n<b>Composition : <\/b>Br\u00e9sil &#8211; Mexique<br \/>\n<b><em>BR\u00c9SIL<\/em><br \/>\n<\/b><b>Producteur : <\/b>Fazenda Rainha<br \/>\n<b>Cultivar : <\/b>Arabica &#8211; <i>Yellow Bourbon<\/i><br \/>\n<b>M\u00e9thode de traitement : <\/b>Process <em>pulped natural<\/em><br \/>\n<b><em>MEXIQUE<\/em><br \/>\nProducteur : <\/b>Finca Muxbal<br \/>\n<b>Cultivar : <\/b>Arabica &#8211; <i>Bourbon, Catuai, Caturra, Mondo Nuovo<\/i><br \/>\n<b>M\u00e9thode de traitement : <\/b> M\u00e9thode lav\u00e9e[\/vc_column_text][\/vc_column][\/vc_row][\/vc_section][vc_section content_placement=&#8221;middle&#8221; el_class=&#8221;outburst-left&#8221;][vc_row equal_height=&#8221;yes&#8221; content_placement=&#8221;middle&#8221; margin_top=&#8221;50px&#8221;][vc_column dark_mode=&#8221;has-dark-mode&#8221; align=&#8221;right&#8221; bg_color=&#8221;#000000&#8243; width=&#8221;1\/2&#8243; padding_top=&#8221;30px&#8221; padding_bottom=&#8221;30px&#8221;][vc_column_text el_class=&#8221;white-color&#8221;]<\/p>\n<h2 style=\"text-align: right;\">COFFEE BREWING<\/h2>\n<p style=\"text-align: right;\">La recette de cet Arabica a \u00e9t\u00e9 \u00e9tudi\u00e9e<br \/>\npour le format Pour-Over de GROUNDtoENJOY.<br \/>\nSuivez le tutoriel<br \/>\npour pr\u00e9parer de la meilleure mani\u00e8re ce caf\u00e9.<\/p>\n<p>[\/vc_column_text]<div class=\" agni-button-responsive agni-button  text-right page-scroll\"><a class=\"agni_custom_design_css btn btn-default\" target=\"_self\" href=\"https:\/\/essense.coffee\/fr\/brewing\/moka\/\"  >Voir le tutoriel<\/a><\/div>[\/vc_column][vc_column dark_mode=&#8221;has-dark-mode&#8221; align=&#8221;center&#8221; bg_color=&#8221;#000000&#8243; width=&#8221;1\/2&#8243; padding_top=&#8221;30px&#8221; padding_bottom=&#8221;30px&#8221; el_class=&#8221;essense-runout-right&#8221;]<div class=\" agni-image custom-image-container agni-image-default text-left\">\r\n\t\t\t<figure class=\"agni-image-figure\">\r\n\t\t\t\t<img  width=\"1024\" height=\"259\" src=\"https:\/\/essense.coffee\/wp-content\/uploads\/2020\/03\/Moka-Sequenza-10-1024x259.png\" class=\"fullwidth-image attachment-large  attachment-large\" alt=\"\" decoding=\"async\" title=\"Moka Sequenza-10\" loading=\"lazy\" srcset=\"https:\/\/essense.coffee\/wp-content\/uploads\/2020\/03\/Moka-Sequenza-10-1024x259.png 1024w, https:\/\/essense.coffee\/wp-content\/uploads\/2020\/03\/Moka-Sequenza-10-300x76.png 300w, https:\/\/essense.coffee\/wp-content\/uploads\/2020\/03\/Moka-Sequenza-10-768x194.png 768w, https:\/\/essense.coffee\/wp-content\/uploads\/2020\/03\/Moka-Sequenza-10-960x243.png 960w, https:\/\/essense.coffee\/wp-content\/uploads\/2020\/03\/Moka-Sequenza-10-600x152.png 600w\" sizes=\"(max-width: 1024px) 100vw, 1024px\" \/>\r\n\t\t\t\t<figcaption class=\"vc_figure-caption\"><\/figcaption>\r\n\t\t\t<\/figure>\r\n\t\t<\/div>[\/vc_column][\/vc_row][\/vc_section][vc_section content_placement=&#8221;middle&#8221; css=&#8221;.vc_custom_1592983521893{margin-top: 50px !important;}&#8221; el_class=&#8221;outburst-left&#8221;][vc_row bg_color=&#8221;#ffffff&#8221; equal_height=&#8221;yes&#8221; content_placement=&#8221;middle&#8221; margin_top=&#8221;50px&#8221;][vc_column dark_mode=&#8221;has-dark-mode&#8221; align=&#8221;center&#8221; bg_color=&#8221;#937a66&#8243; width=&#8221;1\/4&#8243; padding_top=&#8221;30px&#8221; padding_bottom=&#8221;30px&#8221; el_class=&#8221;essense-runout-left essense-runout-beige-scuro&#8221;]<div class=\" agni-image custom-image-container agni-image-default text-center\">\r\n\t\t\t<figure class=\"agni-image-figure\">\r\n\t\t\t\t<img  class=\"fullwidth-image attachment-150x150  \" src=\"https:\/\/essense.coffee\/wp-content\/uploads\/2019\/05\/ICONA_Profilo-organolettico-150x150.png\" width=\"150\" height=\"150\" alt=\"Analisi sensoriale\" title=\"ICONA_Profilo-organolettico\" \/>\r\n\t\t\t\t<figcaption class=\"vc_figure-caption\"><\/figcaption>\r\n\t\t\t<\/figure>\r\n\t\t<\/div>[\/vc_column][vc_column dark_mode=&#8221;has-dark-mode&#8221; align=&#8221;center&#8221; bg_color=&#8221;#937a66&#8243; width=&#8221;1\/2&#8243; padding_top=&#8221;30px&#8221; padding_bottom=&#8221;30px&#8221;][vc_column_text padding_top=&#8221;25&#8243; el_class=&#8221;white-color&#8221;]<\/p>\n<p style=\"text-align: center;\"><strong>Analyse sensorielle :<\/strong><br \/>\nSenteurs de biscuits,<br \/>\ncannelle, chocolat et fruits rouges<\/p>\n<p>[\/vc_column_text][\/vc_column][vc_column dark_mode=&#8221;has-dark-mode&#8221; align=&#8221;center&#8221; bg_color=&#8221;#937a66&#8243; width=&#8221;1\/4&#8243;][\/vc_column][\/vc_row][\/vc_section][vc_section content_placement=&#8221;middle&#8221; css=&#8221;.vc_custom_1592984416135{margin-top: 50px !important;margin-bottom: 50px !important;}&#8221; el_class=&#8221;outburst-right-yellow&#8221;][vc_row bg_color=&#8221;#ffffff&#8221; equal_height=&#8221;yes&#8221; content_placement=&#8221;middle&#8221; margin_top=&#8221;50px&#8221;][vc_column dark_mode=&#8221;has-dark-mode&#8221; align=&#8221;center&#8221; bg_color=&#8221;#bdb1a1&#8243; width=&#8221;1\/4&#8243; padding_top=&#8221;30px&#8221; padding_bottom=&#8221;30px&#8221;]<div class=\" agni-image custom-image-container agni-image-default text-center\">\r\n\t\t\t<figure class=\"agni-image-figure\">\r\n\t\t\t\t<img  class=\"fullwidth-image attachment-150x150  \" src=\"https:\/\/essense.coffee\/wp-content\/uploads\/2019\/05\/ICONA_Shop-150x150.png\" width=\"150\" height=\"150\" alt=\"Vai allo shop per visualizzare il prodotto\" title=\"ICONA_Shop\" \/>\r\n\t\t\t\t<figcaption class=\"vc_figure-caption\"><\/figcaption>\r\n\t\t\t<\/figure>\r\n\t\t<\/div>[\/vc_column][vc_column dark_mode=&#8221;has-dark-mode&#8221; align=&#8221;center&#8221; bg_color=&#8221;#bdb1a1&#8243; width=&#8221;1\/2&#8243; padding_top=&#8221;30px&#8221; padding_bottom=&#8221;30px&#8221;][vc_column_text padding_top=&#8221;25&#8243; el_class=&#8221;white-color&#8221;]<\/p>\n<p style=\"text-align: center;\">CE CAF\u00c9 VOUS A PLU ET VOUS VOUDRIEZ<br \/>\nQU\u2019IL VOUS ACCOMPAGNE TOUT AU LONG DE CE MOIS ?<br \/>\nPROCUREZ-VOUS LE DIRECTEMENT<br \/>\nSUR LE SITE DU TORR\u00c9FACTEUR.<\/p>\n<p>[\/vc_column_text][\/vc_column][vc_column dark_mode=&#8221;has-dark-mode&#8221; bg_color=&#8221;#bdb1a1&#8243; width=&#8221;1\/4&#8243; el_class=&#8221;essense-runout-right essense-runout-beige&#8221;]<div class=\" agni-button-responsive agni-button  text-center page-scroll\"><a class=\"agni_custom_design_css btn btn-default\" target=\"_self\" href=\"https:\/\/bit.ly\/3f2iJXa\"  >ALLER SUR LE SITE<\/a><\/div>[\/vc_column][\/vc_row][\/vc_section][vc_row fullwidth=&#8221;has-fullwidth-column-no-padding&#8221; equal_height=&#8221;yes&#8221; content_placement=&#8221;middle&#8221; margin_top=&#8221;50px&#8221;][vc_column width=&#8221;1\/2&#8243; margin_right=&#8221;-20&#8243;]<div class=\" agni-image custom-image-container agni-image-default text-right\">\r\n\t\t\t<figure class=\"agni-image-figure\">\r\n\t\t\t\t<img  width=\"1000\" height=\"500\" src=\"https:\/\/essense.coffee\/wp-content\/uploads\/2020\/06\/1000X500_MYSTERY_ok.jpg\" class=\"fullwidth-image attachment-full  attachment-full\" alt=\"\" decoding=\"async\" title=\"1000X500_MYSTERY_ok\" loading=\"lazy\" srcset=\"https:\/\/essense.coffee\/wp-content\/uploads\/2020\/06\/1000X500_MYSTERY_ok.jpg 1000w, https:\/\/essense.coffee\/wp-content\/uploads\/2020\/06\/1000X500_MYSTERY_ok-300x150.jpg 300w, https:\/\/essense.coffee\/wp-content\/uploads\/2020\/06\/1000X500_MYSTERY_ok-768x384.jpg 768w, https:\/\/essense.coffee\/wp-content\/uploads\/2020\/06\/1000X500_MYSTERY_ok-960x480.jpg 960w, https:\/\/essense.coffee\/wp-content\/uploads\/2020\/06\/1000X500_MYSTERY_ok-600x300.jpg 600w\" sizes=\"(max-width: 1000px) 100vw, 1000px\" \/>\r\n\t\t\t\t<figcaption class=\"vc_figure-caption\"><\/figcaption>\r\n\t\t\t<\/figure>\r\n\t\t<\/div>[\/vc_column][vc_column width=&#8221;1\/2&#8243; el_class=&#8221;second-container-right-div&#8221;][vc_row_inner][vc_column_inner padding_right=&#8221;60px&#8221; padding_left=&#8221;60px&#8221;][vc_column_text]<\/p>\n<h2>MYSTERY COFFEE BOX<\/h2>\n<p>Ce caf\u00e9 fait partie du projet <em>Mystery Coffee Box<\/em>,<br \/>\nun projet participatif qui associe les torr\u00e9factions artisanales<br \/>\npour vous faire vivre un voyage de d\u00e9gustations<br \/>\n\u00e0 la d\u00e9couverte du panorama Specialty europ\u00e9en. [\/vc_column_text]<div class=\" agni-button-responsive agni-button  text-left page-scroll\"><a class=\"agni_custom_design_css btn btn-default\" target=\"_self\" href=\"https:\/\/bit.ly\/3dt0vfG\"  >D\u00e9couvrir MYSTERY COFFEE BOX<\/a><\/div>[\/vc_column_inner][\/vc_row_inner][\/vc_column][\/vc_row][vc_section content_placement=&#8221;middle&#8221; css=&#8221;.vc_custom_1557824737813{margin-top: 50px !important;margin-bottom: 50px !important;}&#8221; el_class=&#8221;outburst-left&#8221;][vc_row bg_color=&#8221;#ffffff&#8221; equal_height=&#8221;yes&#8221; content_placement=&#8221;middle&#8221; margin_top=&#8221;50px&#8221;][vc_column dark_mode=&#8221;has-dark-mode&#8221; align=&#8221;center&#8221; bg_color=&#8221;#6d8165&#8243; width=&#8221;1\/4&#8243; padding_top=&#8221;30px&#8221; padding_bottom=&#8221;30px&#8221; el_class=&#8221;essense-runout-left essense-runout-verde-oliva&#8221;]<div class=\" agni-image custom-image-container agni-image-default text-center\">\r\n\t\t\t<figure class=\"agni-image-figure\">\r\n\t\t\t\t<img  class=\"fullwidth-image attachment-150x150  \" src=\"https:\/\/essense.coffee\/wp-content\/uploads\/2019\/05\/ICONA_Scrivici-150x150.png\" width=\"150\" height=\"150\" alt=\"Mettiti in contatto con noi\" title=\"ICONA_Scrivici\" \/>\r\n\t\t\t\t<figcaption class=\"vc_figure-caption\"><\/figcaption>\r\n\t\t\t<\/figure>\r\n\t\t<\/div>[\/vc_column][vc_column dark_mode=&#8221;has-dark-mode&#8221; align=&#8221;center&#8221; bg_color=&#8221;#6d8165&#8243; width=&#8221;1\/2&#8243; padding_top=&#8221;30px&#8221; padding_bottom=&#8221;30px&#8221;][vc_column_text padding_top=&#8221;25&#8243; el_class=&#8221;white-color&#8221;]<\/p>\n<p style=\"text-align: center;\">DES QUESTIONS OU DE LA CURIOSIT\u00c9<br \/>\n\u00c0 PROPOS DE L\u2019UNIVERS D\u2019ESSENSE ?<br \/>\n\u00c9CRIVEZ-NOUS, NOUS SERONS HEUREUX<br \/>\nDE PARTAGER AVEC VOUS NOTRE PASSION POUR LE CAF\u00c9.<\/p>\n<p>[\/vc_column_text][\/vc_column][vc_column dark_mode=&#8221;has-dark-mode&#8221; bg_color=&#8221;#6d8165&#8243; width=&#8221;1\/4&#8243;]<div class=\" agni-button-responsive agni-button  text-center page-scroll\"><a class=\"agni_custom_design_css btn btn-default\" target=\"_self\" href=\"https:\/\/essense.coffee\/fr\/about\/contact\/\"  >NOUS \u00c9CRIRE<\/a><\/div>[\/vc_column][\/vc_row][\/vc_section]<\/p>\n","protected":false},"excerpt":{"rendered":"<p>[vc_section][vc_row][vc_column][\/vc_column][\/vc_row][\/vc_section][vc_section][vc_row margin_top=&#8221;50px&#8221;][vc_column width=&#8221;1\/4&#8243;][\/vc_column][vc_column width=&#8221;1\/2&#8243; offset=&#8221;vc_hidden-lg vc_hidden-md vc_hidden-sm&#8221;][vc_column_text el_class=&#8221;testo-giustificato&#8221;] IT\u00a0 \u00a0\u00a0 EN\u00a0 \u00a0 \u00a0 FR [\/vc_column_text][\/vc_column][vc_column width=&#8221;1\/4&#8243;][\/vc_column][\/vc_row][vc_row margin_top=&#8221;50px&#8221;][vc_column width=&#8221;1\/4&#8243;][\/vc_column][vc_column width=&#8221;1\/2&#8243;][vc_column_text el_class=&#8221;testo-giustificato&#8221;] LAB 100 [\/vc_column_text][vc_column_text] BR\u00c9SIL &#8211; MEXIQUE [\/vc_column_text][vc_column_text el_class=&#8221;testo-giustificato&#8221;]S&#8217;inspirant de la haute gastronomie qui privil\u00e9gie peut d&#8217;ingr\u00e9dients mais de qualit\u00e9 dans le but de rendre perceptible chaque senteur, le m\u00e9lange de LAB 100 unit deux caf\u00e9s [&hellip;]<\/p>\n","protected":false},"author":3,"featured_media":0,"parent":19095,"menu_order":0,"comment_status":"closed","ping_status":"closed","template":"","meta":{"footnotes":""},"yoast_head":"<!-- This site is optimized with the Yoast SEO plugin v21.2 - https:\/\/yoast.com\/wordpress\/plugins\/seo\/ -->\n<title>Coffee 004 - Essense Coffee<\/title>\n<meta name=\"robots\" content=\"index, follow, max-snippet:-1, max-image-preview:large, max-video-preview:-1\" \/>\n<link rel=\"canonical\" href=\"https:\/\/essense.coffee\/fr\/mystery-coffee-box\/coffee-004\/\" \/>\n<meta property=\"og:locale\" content=\"fr_FR\" \/>\n<meta property=\"og:type\" content=\"article\" \/>\n<meta property=\"og:title\" content=\"Coffee 004 - Essense Coffee\" \/>\n<meta property=\"og:description\" content=\"[vc_section][vc_row][vc_column][\/vc_column][\/vc_row][\/vc_section][vc_section][vc_row margin_top=&#8221;50px&#8221;][vc_column width=&#8221;1\/4&#8243;][\/vc_column][vc_column width=&#8221;1\/2&#8243; offset=&#8221;vc_hidden-lg vc_hidden-md vc_hidden-sm&#8221;][vc_column_text el_class=&#8221;testo-giustificato&#8221;] IT\u00a0 \u00a0\u00a0 EN\u00a0 \u00a0 \u00a0 FR [\/vc_column_text][\/vc_column][vc_column width=&#8221;1\/4&#8243;][\/vc_column][\/vc_row][vc_row margin_top=&#8221;50px&#8221;][vc_column width=&#8221;1\/4&#8243;][\/vc_column][vc_column width=&#8221;1\/2&#8243;][vc_column_text el_class=&#8221;testo-giustificato&#8221;] LAB 100 [\/vc_column_text][vc_column_text] BR\u00c9SIL &#8211; MEXIQUE [\/vc_column_text][vc_column_text el_class=&#8221;testo-giustificato&#8221;]S&#8217;inspirant de la haute gastronomie qui privil\u00e9gie peut d&#8217;ingr\u00e9dients mais de qualit\u00e9 dans le but de rendre perceptible chaque senteur, le m\u00e9lange de LAB 100 unit deux caf\u00e9s [&hellip;]\" \/>\n<meta property=\"og:url\" content=\"https:\/\/essense.coffee\/fr\/mystery-coffee-box\/coffee-004\/\" \/>\n<meta property=\"og:site_name\" content=\"Essense Coffee\" \/>\n<meta property=\"article:modified_time\" content=\"2020-07-06T15:53:10+00:00\" \/>\n<meta name=\"twitter:card\" content=\"summary_large_image\" \/>\n<meta name=\"twitter:label1\" content=\"Dur\u00e9e de lecture estim\u00e9e\" \/>\n\t<meta name=\"twitter:data1\" content=\"5 minutes\" \/>\n<script type=\"application\/ld+json\" class=\"yoast-schema-graph\">{\"@context\":\"https:\/\/schema.org\",\"@graph\":[{\"@type\":\"WebPage\",\"@id\":\"https:\/\/essense.coffee\/fr\/mystery-coffee-box\/coffee-004\/\",\"url\":\"https:\/\/essense.coffee\/fr\/mystery-coffee-box\/coffee-004\/\",\"name\":\"Coffee 004 - Essense Coffee\",\"isPartOf\":{\"@id\":\"https:\/\/essense.coffee\/fr\/#website\"},\"datePublished\":\"2020-06-29T14:51:40+00:00\",\"dateModified\":\"2020-07-06T15:53:10+00:00\",\"breadcrumb\":{\"@id\":\"https:\/\/essense.coffee\/fr\/mystery-coffee-box\/coffee-004\/#breadcrumb\"},\"inLanguage\":\"fr-FR\",\"potentialAction\":[{\"@type\":\"ReadAction\",\"target\":[\"https:\/\/essense.coffee\/fr\/mystery-coffee-box\/coffee-004\/\"]}]},{\"@type\":\"BreadcrumbList\",\"@id\":\"https:\/\/essense.coffee\/fr\/mystery-coffee-box\/coffee-004\/#breadcrumb\",\"itemListElement\":[{\"@type\":\"ListItem\",\"position\":1,\"name\":\"Shop\",\"item\":\"\/categorie-shop\"},{\"@type\":\"ListItem\",\"position\":2,\"name\":\"Coffee 004\"}]},{\"@type\":\"WebSite\",\"@id\":\"https:\/\/essense.coffee\/fr\/#website\",\"url\":\"https:\/\/essense.coffee\/fr\/\",\"name\":\"Essense Coffee\",\"description\":\"The best coffee instruments and our very own single-portioned coffee for every brewing method.\",\"publisher\":{\"@id\":\"https:\/\/essense.coffee\/fr\/#organization\"},\"potentialAction\":[{\"@type\":\"SearchAction\",\"target\":{\"@type\":\"EntryPoint\",\"urlTemplate\":\"https:\/\/essense.coffee\/fr\/?s={search_term_string}\"},\"query-input\":\"required name=search_term_string\"}],\"inLanguage\":\"fr-FR\"},{\"@type\":\"Organization\",\"@id\":\"https:\/\/essense.coffee\/fr\/#organization\",\"name\":\"Essense Coffee\",\"url\":\"https:\/\/essense.coffee\/fr\/\",\"logo\":{\"@type\":\"ImageObject\",\"inLanguage\":\"fr-FR\",\"@id\":\"https:\/\/essense.coffee\/fr\/#\/schema\/logo\/image\/\",\"url\":\"https:\/\/essense.coffee\/wp-content\/uploads\/2020\/05\/Logo-Essense-300x300-1.jpg\",\"contentUrl\":\"https:\/\/essense.coffee\/wp-content\/uploads\/2020\/05\/Logo-Essense-300x300-1.jpg\",\"width\":300,\"height\":300,\"caption\":\"Essense Coffee\"},\"image\":{\"@id\":\"https:\/\/essense.coffee\/fr\/#\/schema\/logo\/image\/\"}}]}<\/script>\n<!-- \/ Yoast SEO plugin. -->","yoast_head_json":{"title":"Coffee 004 - Essense Coffee","robots":{"index":"index","follow":"follow","max-snippet":"max-snippet:-1","max-image-preview":"max-image-preview:large","max-video-preview":"max-video-preview:-1"},"canonical":"https:\/\/essense.coffee\/fr\/mystery-coffee-box\/coffee-004\/","og_locale":"fr_FR","og_type":"article","og_title":"Coffee 004 - Essense Coffee","og_description":"[vc_section][vc_row][vc_column][\/vc_column][\/vc_row][\/vc_section][vc_section][vc_row margin_top=&#8221;50px&#8221;][vc_column width=&#8221;1\/4&#8243;][\/vc_column][vc_column width=&#8221;1\/2&#8243; offset=&#8221;vc_hidden-lg vc_hidden-md vc_hidden-sm&#8221;][vc_column_text el_class=&#8221;testo-giustificato&#8221;] IT\u00a0 \u00a0\u00a0 EN\u00a0 \u00a0 \u00a0 FR [\/vc_column_text][\/vc_column][vc_column width=&#8221;1\/4&#8243;][\/vc_column][\/vc_row][vc_row margin_top=&#8221;50px&#8221;][vc_column width=&#8221;1\/4&#8243;][\/vc_column][vc_column width=&#8221;1\/2&#8243;][vc_column_text el_class=&#8221;testo-giustificato&#8221;] LAB 100 [\/vc_column_text][vc_column_text] BR\u00c9SIL &#8211; MEXIQUE [\/vc_column_text][vc_column_text el_class=&#8221;testo-giustificato&#8221;]S&#8217;inspirant de la haute gastronomie qui privil\u00e9gie peut d&#8217;ingr\u00e9dients mais de qualit\u00e9 dans le but de rendre perceptible chaque senteur, le m\u00e9lange de LAB 100 unit deux caf\u00e9s [&hellip;]","og_url":"https:\/\/essense.coffee\/fr\/mystery-coffee-box\/coffee-004\/","og_site_name":"Essense Coffee","article_modified_time":"2020-07-06T15:53:10+00:00","twitter_card":"summary_large_image","twitter_misc":{"Dur\u00e9e de lecture estim\u00e9e":"5 minutes"},"schema":{"@context":"https:\/\/schema.org","@graph":[{"@type":"WebPage","@id":"https:\/\/essense.coffee\/fr\/mystery-coffee-box\/coffee-004\/","url":"https:\/\/essense.coffee\/fr\/mystery-coffee-box\/coffee-004\/","name":"Coffee 004 - Essense Coffee","isPartOf":{"@id":"https:\/\/essense.coffee\/fr\/#website"},"datePublished":"2020-06-29T14:51:40+00:00","dateModified":"2020-07-06T15:53:10+00:00","breadcrumb":{"@id":"https:\/\/essense.coffee\/fr\/mystery-coffee-box\/coffee-004\/#breadcrumb"},"inLanguage":"fr-FR","potentialAction":[{"@type":"ReadAction","target":["https:\/\/essense.coffee\/fr\/mystery-coffee-box\/coffee-004\/"]}]},{"@type":"BreadcrumbList","@id":"https:\/\/essense.coffee\/fr\/mystery-coffee-box\/coffee-004\/#breadcrumb","itemListElement":[{"@type":"ListItem","position":1,"name":"Shop","item":"\/categorie-shop"},{"@type":"ListItem","position":2,"name":"Coffee 004"}]},{"@type":"WebSite","@id":"https:\/\/essense.coffee\/fr\/#website","url":"https:\/\/essense.coffee\/fr\/","name":"Essense Coffee","description":"The best coffee instruments and our very own single-portioned coffee for every brewing method.","publisher":{"@id":"https:\/\/essense.coffee\/fr\/#organization"},"potentialAction":[{"@type":"SearchAction","target":{"@type":"EntryPoint","urlTemplate":"https:\/\/essense.coffee\/fr\/?s={search_term_string}"},"query-input":"required name=search_term_string"}],"inLanguage":"fr-FR"},{"@type":"Organization","@id":"https:\/\/essense.coffee\/fr\/#organization","name":"Essense Coffee","url":"https:\/\/essense.coffee\/fr\/","logo":{"@type":"ImageObject","inLanguage":"fr-FR","@id":"https:\/\/essense.coffee\/fr\/#\/schema\/logo\/image\/","url":"https:\/\/essense.coffee\/wp-content\/uploads\/2020\/05\/Logo-Essense-300x300-1.jpg","contentUrl":"https:\/\/essense.coffee\/wp-content\/uploads\/2020\/05\/Logo-Essense-300x300-1.jpg","width":300,"height":300,"caption":"Essense Coffee"},"image":{"@id":"https:\/\/essense.coffee\/fr\/#\/schema\/logo\/image\/"}}]}},"_links":{"self":[{"href":"https:\/\/essense.coffee\/fr\/wp-json\/wp\/v2\/pages\/19380"}],"collection":[{"href":"https:\/\/essense.coffee\/fr\/wp-json\/wp\/v2\/pages"}],"about":[{"href":"https:\/\/essense.coffee\/fr\/wp-json\/wp\/v2\/types\/page"}],"author":[{"embeddable":true,"href":"https:\/\/essense.coffee\/fr\/wp-json\/wp\/v2\/users\/3"}],"replies":[{"embeddable":true,"href":"https:\/\/essense.coffee\/fr\/wp-json\/wp\/v2\/comments?post=19380"}],"version-history":[{"count":6,"href":"https:\/\/essense.coffee\/fr\/wp-json\/wp\/v2\/pages\/19380\/revisions"}],"predecessor-version":[{"id":19755,"href":"https:\/\/essense.coffee\/fr\/wp-json\/wp\/v2\/pages\/19380\/revisions\/19755"}],"up":[{"embeddable":true,"href":"https:\/\/essense.coffee\/fr\/wp-json\/wp\/v2\/pages\/19095"}],"wp:attachment":[{"href":"https:\/\/essense.coffee\/fr\/wp-json\/wp\/v2\/media?parent=19380"}],"curies":[{"name":"wp","href":"https:\/\/api.w.org\/{rel}","templated":true}]}}