{"id":19303,"date":"2020-06-26T13:39:49","date_gmt":"2020-06-26T11:39:49","guid":{"rendered":"https:\/\/essense.coffee\/mystery-coffee-box\/coffee-001\/"},"modified":"2020-07-06T17:36:47","modified_gmt":"2020-07-06T15:36:47","slug":"coffee-001-po","status":"publish","type":"page","link":"https:\/\/essense.coffee\/fr\/mystery-coffee-box\/coffee-001-po\/","title":{"rendered":"Coffee 001"},"content":{"rendered":"<p>[vc_section][vc_row][vc_column]<div class=\" agni-image custom-image-container agni-image-default text-left\">\r\n\t\t\t<figure class=\"agni-image-figure\">\r\n\t\t\t\t<img  width=\"2000\" height=\"700\" src=\"https:\/\/essense.coffee\/wp-content\/uploads\/2020\/06\/mystery_001_2000x700.jpg\" class=\"fullwidth-image attachment-full  attachment-full\" alt=\"\" decoding=\"async\" title=\"mystery_001_2000x700\" loading=\"lazy\" srcset=\"https:\/\/essense.coffee\/wp-content\/uploads\/2020\/06\/mystery_001_2000x700.jpg 2000w, https:\/\/essense.coffee\/wp-content\/uploads\/2020\/06\/mystery_001_2000x700-300x105.jpg 300w, https:\/\/essense.coffee\/wp-content\/uploads\/2020\/06\/mystery_001_2000x700-1024x358.jpg 1024w, https:\/\/essense.coffee\/wp-content\/uploads\/2020\/06\/mystery_001_2000x700-768x269.jpg 768w, https:\/\/essense.coffee\/wp-content\/uploads\/2020\/06\/mystery_001_2000x700-1536x538.jpg 1536w, https:\/\/essense.coffee\/wp-content\/uploads\/2020\/06\/mystery_001_2000x700-960x336.jpg 960w, https:\/\/essense.coffee\/wp-content\/uploads\/2020\/06\/mystery_001_2000x700-600x210.jpg 600w\" sizes=\"(max-width: 2000px) 100vw, 2000px\" \/>\r\n\t\t\t\t<figcaption class=\"vc_figure-caption\"><\/figcaption>\r\n\t\t\t<\/figure>\r\n\t\t<\/div>[\/vc_column][\/vc_row][\/vc_section][vc_section][vc_row][vc_column offset=&#8221;vc_hidden-lg vc_hidden-md vc_hidden-sm&#8221;][vc_column_text margin_left=&#8221;50&#8243;]<\/p>\n<p style=\"text-align: center;\"><a href=\"https:\/\/essense.coffee\/it\/mystery-coffee-box\/coffee-001\/\">IT<\/a>\u00a0 \u00a0\u00a0 <a href=\"https:\/\/essense.coffee\/en\/mystery-coffee-box\/coffee-001-po\/\">EN<\/a>\u00a0 \u00a0 \u00a0 <a href=\"https:\/\/essense.coffee\/fr\/mystery-coffee-box\/coffee-001-po\/\">FR<\/a><\/p>\n<p>[\/vc_column_text][\/vc_column][\/vc_row][vc_row margin_top=&#8221;50px&#8221;][vc_column width=&#8221;1\/4&#8243;][\/vc_column][vc_column align=&#8221;center&#8221; width=&#8221;1\/2&#8243;][vc_column_text el_class=&#8221;testo-giustificato&#8221;]<\/p>\n<h2 style=\"text-align: center;\">ETHIOPIE<\/h2>\n<p>[\/vc_column_text][vc_column_text]<\/p>\n<p style=\"text-align: center;\"><strong>KHALID KEMAL<\/strong><\/p>\n<p>[\/vc_column_text][vc_column_text el_class=&#8221;testo-giustificato&#8221;]La zone de Arago de l&#8217;Ethiopie occidentale est connue pour la production de quelques uns des caf\u00e9s coop\u00e9ratifs les plus c\u00e9l\u00e8bres de cette derni\u00e8re d\u00e9cennie gr\u00e2ce aux coop\u00e9ratives du Duromina, Biftu Gudina, Yukro et Hunda Oli. Nous sommes fiers d&#8217;accueillir cet Arabica comme premier caf\u00e9 dans <em>Mystery Coffee Box<\/em> pour vous faire d\u00e9couvrir des saveurs nouvelles et \u00e9mouvantes. Ce caf\u00e9 pr\u00e9sente des notes d\u00e9licates de fleurs et a une acidit\u00e9 cristalline dont les Agaro et Bashasha sont caract\u00e9ristiques.[\/vc_column_text][\/vc_column][vc_column width=&#8221;1\/4&#8243;][\/vc_column][\/vc_row][\/vc_section][vc_section content_placement=&#8221;middle&#8221; el_class=&#8221;outburst-left&#8221;][vc_row bg_color=&#8221;#ffffff&#8221; equal_height=&#8221;yes&#8221; content_placement=&#8221;middle&#8221; margin_top=&#8221;50px&#8221;][vc_column dark_mode=&#8221;has-dark-mode&#8221; align=&#8221;center&#8221; bg_color=&#8221;#564032&#8243; width=&#8221;1\/4&#8243; padding_top=&#8221;30px&#8221; padding_bottom=&#8221;30px&#8221; el_class=&#8221;essense-runout-left essense-runout-marrone-chiaro&#8221;]<div class=\" agni-image custom-image-container agni-image-default text-center\">\r\n\t\t\t<figure class=\"agni-image-figure\">\r\n\t\t\t\t<img  class=\"fullwidth-image attachment-150x150  \" src=\"https:\/\/essense.coffee\/wp-content\/uploads\/2019\/05\/ICONA_Torrefazione-150x150.png\" width=\"150\" height=\"150\" alt=\"Caff\u00e8 torrefatto da...\" title=\"ICONA_Torrefazione\" \/>\r\n\t\t\t\t<figcaption class=\"vc_figure-caption\"><\/figcaption>\r\n\t\t\t<\/figure>\r\n\t\t<\/div>[\/vc_column][vc_column dark_mode=&#8221;has-dark-mode&#8221; align=&#8221;center&#8221; bg_color=&#8221;#564032&#8243; width=&#8221;1\/2&#8243; padding_top=&#8221;30px&#8221; padding_bottom=&#8221;30px&#8221;][vc_column_text padding_top=&#8221;25&#8243; el_class=&#8221;white-color&#8221;]<\/p>\n<p style=\"text-align: center;\"><strong>Torrifi\u00e9 par :<\/strong><br \/>\nPACAMARA COFFEE LAB<br \/>\nMontevarchi (AR &#8211; Italie)<\/p>\n<p>[\/vc_column_text][\/vc_column][vc_column dark_mode=&#8221;has-dark-mode&#8221; bg_color=&#8221;#564032&#8243; width=&#8221;1\/4&#8243;]<div class=\" agni-image custom-image-container agni-image-default text-center\">\r\n\t\t\t<figure class=\"agni-image-figure\">\r\n\t\t\t\t<a href=\"https:\/\/bit.ly\/3hY5oAQ\" target=\"_self\" data-size=\"600x600\"><img  class=\"fullwidth-image attachment-150x150  \" src=\"https:\/\/essense.coffee\/wp-content\/uploads\/2020\/06\/pacamara_logoW_600x600-150x150.png\" width=\"150\" height=\"150\" alt=\"pacamara_logoW_600x600\" title=\"pacamara_logoW_600x600\" \/><\/a>\r\n\t\t\t\t<figcaption class=\"vc_figure-caption\"><\/figcaption>\r\n\t\t\t<\/figure>\r\n\t\t<\/div>[\/vc_column][\/vc_row][\/vc_section][vc_section][vc_row content_placement=&#8221;middle&#8221; margin_top=&#8221;80px&#8221;][vc_column width=&#8221;1\/2&#8243;][vc_column_text]<iframe loading=\"lazy\" style=\"border: 0;\" tabindex=\"0\" src=\"https:\/\/www.google.com\/maps\/embed?pb=!1m18!1m12!1m3!1d7357576.164705526!2d40.35023585945158!3d8.488514706884482!2m3!1f0!2f0!3f0!3m2!1i1024!2i768!4f13.1!3m3!1m2!1s0x17ac52e954673ab5%3A0x4231e2ba4e5e4210!2sAgaro%20Town%2C%20Etiopia!5e0!3m2!1sit!2sit!4v1591867157291!5m2!1sit!2sit\" width=\"640\" height=\"350\" frameborder=\"0\" allowfullscreen=\"allowfullscreen\" aria-hidden=\"false\"><span data-mce-type=\"bookmark\" style=\"display: inline-block; width: 0px; overflow: hidden; line-height: 0;\" class=\"mce_SELRES_start\">\ufeff<\/span><\/iframe>[\/vc_column_text][\/vc_column][vc_column width=&#8221;1\/2&#8243;][vc_column_text]<b>Typologie : <\/b>Caf\u00e9 de Sp\u00e9cialit\u00e9<br \/>\n<b>R\u00e9gion : <\/b>Ethiopie &#8211; Jimma zone, Goma Distict, Funtule kedbele, Agaro town<br \/>\n<b>Altitude : <\/b>1.850 &#8211; 1.950 m<br \/>\n<b>Cultivar : <\/b>Arabica &#8211; <i>Ethiopian Heirloom<\/i><br \/>\n<b>Producteur : <\/b>Petits producteurs locaux<b><br \/>\n<b>Station de traitement : <\/b><\/b>Bashasha Smallholder Selection, Khalid Kemal<b><br \/>\n<b>M\u00e9thode de traitement : <\/b><\/b>Process naturel[\/vc_column_text][\/vc_column][\/vc_row][\/vc_section][vc_section content_placement=&#8221;middle&#8221; el_class=&#8221;outburst-left&#8221;][vc_row equal_height=&#8221;yes&#8221; content_placement=&#8221;middle&#8221; margin_top=&#8221;50px&#8221;][vc_column dark_mode=&#8221;has-dark-mode&#8221; align=&#8221;right&#8221; bg_color=&#8221;#000000&#8243; width=&#8221;1\/2&#8243; padding_top=&#8221;30px&#8221; padding_bottom=&#8221;30px&#8221;][vc_column_text el_class=&#8221;white-color&#8221;]<\/p>\n<h2 style=\"text-align: right;\">COFFEE BREWING<\/h2>\n<p style=\"text-align: right;\">La recette de cet Arabica a \u00e9t\u00e9 \u00e9tudi\u00e9e<br \/>\npour le format Pour-Over de GROUNDtoENJOY.<br \/>\nSuivez le tutoriel pour<br \/>\npr\u00e9parer de la meilleure mani\u00e8re ce caf\u00e9.<\/p>\n<p>[\/vc_column_text]<div class=\" agni-button-responsive agni-button  text-right page-scroll\"><a class=\"agni_custom_design_css btn btn-default\" target=\"_self\" href=\"https:\/\/bit.ly\/2Ve2v5b\"  >Voir le tutoriel<\/a><\/div>[\/vc_column][vc_column dark_mode=&#8221;has-dark-mode&#8221; align=&#8221;center&#8221; bg_color=&#8221;#000000&#8243; width=&#8221;1\/2&#8243; padding_top=&#8221;30px&#8221; padding_bottom=&#8221;30px&#8221; el_class=&#8221;essense-runout-right&#8221;]<div class=\" agni-image custom-image-container agni-image-default text-left\">\r\n\t\t\t<figure class=\"agni-image-figure\">\r\n\t\t\t\t<img  width=\"1024\" height=\"358\" src=\"https:\/\/essense.coffee\/wp-content\/uploads\/2019\/05\/BREWING_Pour-Over-1024x358.png\" class=\"fullwidth-image attachment-large  attachment-large\" alt=\"\" decoding=\"async\" title=\"BREWING_Pour-Over\" loading=\"lazy\" srcset=\"https:\/\/essense.coffee\/wp-content\/uploads\/2019\/05\/BREWING_Pour-Over-1024x358.png 1024w, https:\/\/essense.coffee\/wp-content\/uploads\/2019\/05\/BREWING_Pour-Over-300x105.png 300w, https:\/\/essense.coffee\/wp-content\/uploads\/2019\/05\/BREWING_Pour-Over-768x269.png 768w, https:\/\/essense.coffee\/wp-content\/uploads\/2019\/05\/BREWING_Pour-Over-960x336.png 960w, https:\/\/essense.coffee\/wp-content\/uploads\/2019\/05\/BREWING_Pour-Over-600x210.png 600w\" sizes=\"(max-width: 1024px) 100vw, 1024px\" \/>\r\n\t\t\t\t<figcaption class=\"vc_figure-caption\"><\/figcaption>\r\n\t\t\t<\/figure>\r\n\t\t<\/div>[\/vc_column][\/vc_row][\/vc_section][vc_section content_placement=&#8221;middle&#8221; css=&#8221;.vc_custom_1592983521893{margin-top: 50px !important;}&#8221; el_class=&#8221;outburst-left&#8221;][vc_row bg_color=&#8221;#ffffff&#8221; equal_height=&#8221;yes&#8221; content_placement=&#8221;middle&#8221; margin_top=&#8221;50px&#8221;][vc_column dark_mode=&#8221;has-dark-mode&#8221; align=&#8221;center&#8221; bg_color=&#8221;#937a66&#8243; width=&#8221;1\/4&#8243; padding_top=&#8221;30px&#8221; padding_bottom=&#8221;30px&#8221; el_class=&#8221;essense-runout-left essense-runout-beige-scuro&#8221;]<div class=\" agni-image custom-image-container agni-image-default text-center\">\r\n\t\t\t<figure class=\"agni-image-figure\">\r\n\t\t\t\t<img  class=\"fullwidth-image attachment-150x150  \" src=\"https:\/\/essense.coffee\/wp-content\/uploads\/2019\/05\/ICONA_Profilo-organolettico-150x150.png\" width=\"150\" height=\"150\" alt=\"Analisi sensoriale\" title=\"ICONA_Profilo-organolettico\" \/>\r\n\t\t\t\t<figcaption class=\"vc_figure-caption\"><\/figcaption>\r\n\t\t\t<\/figure>\r\n\t\t<\/div>[\/vc_column][vc_column dark_mode=&#8221;has-dark-mode&#8221; align=&#8221;center&#8221; bg_color=&#8221;#937a66&#8243; width=&#8221;1\/2&#8243; padding_top=&#8221;30px&#8221; padding_bottom=&#8221;30px&#8221;][vc_column_text padding_top=&#8221;25&#8243; el_class=&#8221;white-color&#8221;]<\/p>\n<p style=\"text-align: center;\"><strong>Analyse sensorielle :<\/strong><br \/>\nSenteurs de baies, caramel mou, f\u00e8ve de cacao<\/p>\n<p>[\/vc_column_text][\/vc_column][vc_column dark_mode=&#8221;has-dark-mode&#8221; align=&#8221;center&#8221; bg_color=&#8221;#937a66&#8243; width=&#8221;1\/4&#8243;][\/vc_column][\/vc_row][\/vc_section][vc_section content_placement=&#8221;middle&#8221; css=&#8221;.vc_custom_1592984416135{margin-top: 50px !important;margin-bottom: 50px !important;}&#8221; el_class=&#8221;outburst-right-yellow&#8221;][vc_row bg_color=&#8221;#ffffff&#8221; equal_height=&#8221;yes&#8221; content_placement=&#8221;middle&#8221; margin_top=&#8221;50px&#8221;][vc_column dark_mode=&#8221;has-dark-mode&#8221; align=&#8221;center&#8221; bg_color=&#8221;#bdb1a1&#8243; width=&#8221;1\/4&#8243; padding_top=&#8221;30px&#8221; padding_bottom=&#8221;30px&#8221;]<div class=\" agni-image custom-image-container agni-image-default text-center\">\r\n\t\t\t<figure class=\"agni-image-figure\">\r\n\t\t\t\t<img  class=\"fullwidth-image attachment-150x150  \" src=\"https:\/\/essense.coffee\/wp-content\/uploads\/2019\/05\/ICONA_Shop-150x150.png\" width=\"150\" height=\"150\" alt=\"Vai allo shop per visualizzare il prodotto\" title=\"ICONA_Shop\" \/>\r\n\t\t\t\t<figcaption class=\"vc_figure-caption\"><\/figcaption>\r\n\t\t\t<\/figure>\r\n\t\t<\/div>[\/vc_column][vc_column dark_mode=&#8221;has-dark-mode&#8221; align=&#8221;center&#8221; bg_color=&#8221;#bdb1a1&#8243; width=&#8221;1\/2&#8243; padding_top=&#8221;30px&#8221; padding_bottom=&#8221;30px&#8221;][vc_column_text padding_top=&#8221;25&#8243; el_class=&#8221;white-color&#8221;]<\/p>\n<p style=\"text-align: center;\">CE CAF\u00c9 VOUS A PLU ET VOUS VOUDRIEZ QU&#8217;IL VOUS ACCOMPAGNE TOUT AU LONG DE CE MOIS ?<br \/>\nPROCUREZ-VOUS LE DIRECTEMENT SUR LE SITE DU TORR\u00c9FACTEUR.<\/p>\n<p>[\/vc_column_text][\/vc_column][vc_column dark_mode=&#8221;has-dark-mode&#8221; bg_color=&#8221;#bdb1a1&#8243; width=&#8221;1\/4&#8243; el_class=&#8221;essense-runout-right essense-runout-beige&#8221;]<div class=\" agni-button-responsive agni-button  text-center page-scroll\"><a class=\"agni_custom_design_css btn btn-default\" target=\"_self\" href=\"https:\/\/bit.ly\/3f7f3mM\"  >ALLER SUR LE SITE<\/a><\/div>[\/vc_column][\/vc_row][\/vc_section][vc_row fullwidth=&#8221;has-fullwidth-column-no-padding&#8221; equal_height=&#8221;yes&#8221; content_placement=&#8221;middle&#8221; margin_top=&#8221;50px&#8221;][vc_column width=&#8221;1\/2&#8243; margin_right=&#8221;-20&#8243;]<div class=\" agni-image custom-image-container agni-image-default text-right\">\r\n\t\t\t<figure class=\"agni-image-figure\">\r\n\t\t\t\t<img  width=\"1000\" height=\"500\" src=\"https:\/\/essense.coffee\/wp-content\/uploads\/2020\/06\/1000X500_MYSTERY_ok.jpg\" class=\"fullwidth-image attachment-full  attachment-full\" alt=\"\" decoding=\"async\" title=\"1000X500_MYSTERY_ok\" loading=\"lazy\" srcset=\"https:\/\/essense.coffee\/wp-content\/uploads\/2020\/06\/1000X500_MYSTERY_ok.jpg 1000w, https:\/\/essense.coffee\/wp-content\/uploads\/2020\/06\/1000X500_MYSTERY_ok-300x150.jpg 300w, https:\/\/essense.coffee\/wp-content\/uploads\/2020\/06\/1000X500_MYSTERY_ok-768x384.jpg 768w, https:\/\/essense.coffee\/wp-content\/uploads\/2020\/06\/1000X500_MYSTERY_ok-960x480.jpg 960w, https:\/\/essense.coffee\/wp-content\/uploads\/2020\/06\/1000X500_MYSTERY_ok-600x300.jpg 600w\" sizes=\"(max-width: 1000px) 100vw, 1000px\" \/>\r\n\t\t\t\t<figcaption class=\"vc_figure-caption\"><\/figcaption>\r\n\t\t\t<\/figure>\r\n\t\t<\/div>[\/vc_column][vc_column width=&#8221;1\/2&#8243; el_class=&#8221;second-container-right-div&#8221;][vc_row_inner][vc_column_inner padding_right=&#8221;60px&#8221; padding_left=&#8221;60px&#8221;][vc_column_text]<\/p>\n<h2>MYSTERY COFFEE BOX<\/h2>\n<p>Ce caf\u00e9 fait partie du projet <em>Mystery Coffee Box<\/em>,<br \/>\nun projet participatif qui associe les torr\u00e9factions artisanales<br \/>\npour vous faire vivre un voyage de d\u00e9gustations<br \/>\n\u00e0 la d\u00e9couverte du panorama Specialty europ\u00e9en.[\/vc_column_text]<div class=\" agni-button-responsive agni-button  text-left page-scroll\"><a class=\"agni_custom_design_css btn btn-default\" target=\"_self\" href=\"https:\/\/bit.ly\/3dt0vfG\"  >D\u00e9couvrir MYSTERY COFFEE BOX<\/a><\/div>[\/vc_column_inner][\/vc_row_inner][\/vc_column][\/vc_row][vc_section content_placement=&#8221;middle&#8221; css=&#8221;.vc_custom_1557824737813{margin-top: 50px !important;margin-bottom: 50px !important;}&#8221; el_class=&#8221;outburst-left&#8221;][vc_row bg_color=&#8221;#ffffff&#8221; equal_height=&#8221;yes&#8221; content_placement=&#8221;middle&#8221; margin_top=&#8221;50px&#8221;][vc_column dark_mode=&#8221;has-dark-mode&#8221; align=&#8221;center&#8221; bg_color=&#8221;#6d8165&#8243; width=&#8221;1\/4&#8243; padding_top=&#8221;30px&#8221; padding_bottom=&#8221;30px&#8221; el_class=&#8221;essense-runout-left essense-runout-verde-oliva&#8221;]<div class=\" agni-image custom-image-container agni-image-default text-center\">\r\n\t\t\t<figure class=\"agni-image-figure\">\r\n\t\t\t\t<img  class=\"fullwidth-image attachment-150x150  \" src=\"https:\/\/essense.coffee\/wp-content\/uploads\/2019\/05\/ICONA_Scrivici-150x150.png\" width=\"150\" height=\"150\" alt=\"Mettiti in contatto con noi\" title=\"ICONA_Scrivici\" \/>\r\n\t\t\t\t<figcaption class=\"vc_figure-caption\"><\/figcaption>\r\n\t\t\t<\/figure>\r\n\t\t<\/div>[\/vc_column][vc_column dark_mode=&#8221;has-dark-mode&#8221; align=&#8221;center&#8221; bg_color=&#8221;#6d8165&#8243; width=&#8221;1\/2&#8243; padding_top=&#8221;30px&#8221; padding_bottom=&#8221;30px&#8221;][vc_column_text padding_top=&#8221;25&#8243; el_class=&#8221;white-color&#8221;]<\/p>\n<p style=\"text-align: center;\">DES QUESTIONS OU DE LA CURIOSIT\u00c9<br \/>\n\u00c0 PROPOS DES M\u00c9THODES BREWING ?<br \/>\n\u00c9CRIVEZ-NOUS, NOUS SERONS HEUREUX<br \/>\nDE PARTAGER AVEC VOUS NOTRE PASSION POUR LE CAF\u00c9<\/p>\n<p>[\/vc_column_text][\/vc_column][vc_column dark_mode=&#8221;has-dark-mode&#8221; bg_color=&#8221;#6d8165&#8243; width=&#8221;1\/4&#8243;]<div class=\" agni-button-responsive agni-button  text-center page-scroll\"><a class=\"agni_custom_design_css btn btn-default\" target=\"_self\" href=\"https:\/\/essense.coffee\/fr\/a-propos\/contact\/\"  >NOUS \u00c9CRIRE<\/a><\/div>[\/vc_column][\/vc_row][\/vc_section]<\/p>\n","protected":false},"excerpt":{"rendered":"<p>[vc_section][vc_row][vc_column][\/vc_column][\/vc_row][\/vc_section][vc_section][vc_row][vc_column offset=&#8221;vc_hidden-lg vc_hidden-md vc_hidden-sm&#8221;][vc_column_text margin_left=&#8221;50&#8243;] IT\u00a0 \u00a0\u00a0 EN\u00a0 \u00a0 \u00a0 FR [\/vc_column_text][\/vc_column][\/vc_row][vc_row margin_top=&#8221;50px&#8221;][vc_column width=&#8221;1\/4&#8243;][\/vc_column][vc_column align=&#8221;center&#8221; width=&#8221;1\/2&#8243;][vc_column_text el_class=&#8221;testo-giustificato&#8221;] ETHIOPIE [\/vc_column_text][vc_column_text] KHALID KEMAL [\/vc_column_text][vc_column_text el_class=&#8221;testo-giustificato&#8221;]La zone de Arago de l&#8217;Ethiopie occidentale est connue pour la production de quelques uns des caf\u00e9s coop\u00e9ratifs les plus c\u00e9l\u00e8bres de cette derni\u00e8re d\u00e9cennie gr\u00e2ce aux coop\u00e9ratives du Duromina, Biftu Gudina, Yukro [&hellip;]<\/p>\n","protected":false},"author":3,"featured_media":0,"parent":19095,"menu_order":0,"comment_status":"closed","ping_status":"closed","template":"","meta":{"footnotes":""},"yoast_head":"<!-- This site is optimized with the Yoast SEO plugin v21.2 - https:\/\/yoast.com\/wordpress\/plugins\/seo\/ -->\n<title>Coffee 001 - Essense Coffee<\/title>\n<meta name=\"robots\" content=\"index, follow, max-snippet:-1, max-image-preview:large, max-video-preview:-1\" \/>\n<link rel=\"canonical\" href=\"https:\/\/essense.coffee\/fr\/mystery-coffee-box\/coffee-001-po\/\" \/>\n<meta property=\"og:locale\" content=\"fr_FR\" \/>\n<meta property=\"og:type\" content=\"article\" \/>\n<meta property=\"og:title\" content=\"Coffee 001 - Essense Coffee\" \/>\n<meta property=\"og:description\" content=\"[vc_section][vc_row][vc_column][\/vc_column][\/vc_row][\/vc_section][vc_section][vc_row][vc_column offset=&#8221;vc_hidden-lg vc_hidden-md vc_hidden-sm&#8221;][vc_column_text margin_left=&#8221;50&#8243;] IT\u00a0 \u00a0\u00a0 EN\u00a0 \u00a0 \u00a0 FR [\/vc_column_text][\/vc_column][\/vc_row][vc_row margin_top=&#8221;50px&#8221;][vc_column width=&#8221;1\/4&#8243;][\/vc_column][vc_column align=&#8221;center&#8221; width=&#8221;1\/2&#8243;][vc_column_text el_class=&#8221;testo-giustificato&#8221;] ETHIOPIE [\/vc_column_text][vc_column_text] KHALID KEMAL [\/vc_column_text][vc_column_text el_class=&#8221;testo-giustificato&#8221;]La zone de Arago de l&#8217;Ethiopie occidentale est connue pour la production de quelques uns des caf\u00e9s coop\u00e9ratifs les plus c\u00e9l\u00e8bres de cette derni\u00e8re d\u00e9cennie gr\u00e2ce aux coop\u00e9ratives du Duromina, Biftu Gudina, Yukro [&hellip;]\" \/>\n<meta property=\"og:url\" content=\"https:\/\/essense.coffee\/fr\/mystery-coffee-box\/coffee-001-po\/\" \/>\n<meta property=\"og:site_name\" content=\"Essense Coffee\" \/>\n<meta property=\"article:modified_time\" content=\"2020-07-06T15:36:47+00:00\" \/>\n<meta name=\"twitter:card\" content=\"summary_large_image\" \/>\n<meta name=\"twitter:label1\" content=\"Dur\u00e9e de lecture estim\u00e9e\" \/>\n\t<meta name=\"twitter:data1\" content=\"5 minutes\" \/>\n<script type=\"application\/ld+json\" class=\"yoast-schema-graph\">{\"@context\":\"https:\/\/schema.org\",\"@graph\":[{\"@type\":\"WebPage\",\"@id\":\"https:\/\/essense.coffee\/fr\/mystery-coffee-box\/coffee-001-po\/\",\"url\":\"https:\/\/essense.coffee\/fr\/mystery-coffee-box\/coffee-001-po\/\",\"name\":\"Coffee 001 - Essense Coffee\",\"isPartOf\":{\"@id\":\"https:\/\/essense.coffee\/fr\/#website\"},\"datePublished\":\"2020-06-26T11:39:49+00:00\",\"dateModified\":\"2020-07-06T15:36:47+00:00\",\"breadcrumb\":{\"@id\":\"https:\/\/essense.coffee\/fr\/mystery-coffee-box\/coffee-001-po\/#breadcrumb\"},\"inLanguage\":\"fr-FR\",\"potentialAction\":[{\"@type\":\"ReadAction\",\"target\":[\"https:\/\/essense.coffee\/fr\/mystery-coffee-box\/coffee-001-po\/\"]}]},{\"@type\":\"BreadcrumbList\",\"@id\":\"https:\/\/essense.coffee\/fr\/mystery-coffee-box\/coffee-001-po\/#breadcrumb\",\"itemListElement\":[{\"@type\":\"ListItem\",\"position\":1,\"name\":\"Shop\",\"item\":\"\/categorie-shop\"},{\"@type\":\"ListItem\",\"position\":2,\"name\":\"Coffee 001\"}]},{\"@type\":\"WebSite\",\"@id\":\"https:\/\/essense.coffee\/fr\/#website\",\"url\":\"https:\/\/essense.coffee\/fr\/\",\"name\":\"Essense Coffee\",\"description\":\"The best coffee instruments and our very own single-portioned coffee for every brewing method.\",\"publisher\":{\"@id\":\"https:\/\/essense.coffee\/fr\/#organization\"},\"potentialAction\":[{\"@type\":\"SearchAction\",\"target\":{\"@type\":\"EntryPoint\",\"urlTemplate\":\"https:\/\/essense.coffee\/fr\/?s={search_term_string}\"},\"query-input\":\"required name=search_term_string\"}],\"inLanguage\":\"fr-FR\"},{\"@type\":\"Organization\",\"@id\":\"https:\/\/essense.coffee\/fr\/#organization\",\"name\":\"Essense Coffee\",\"url\":\"https:\/\/essense.coffee\/fr\/\",\"logo\":{\"@type\":\"ImageObject\",\"inLanguage\":\"fr-FR\",\"@id\":\"https:\/\/essense.coffee\/fr\/#\/schema\/logo\/image\/\",\"url\":\"https:\/\/essense.coffee\/wp-content\/uploads\/2020\/05\/Logo-Essense-300x300-1.jpg\",\"contentUrl\":\"https:\/\/essense.coffee\/wp-content\/uploads\/2020\/05\/Logo-Essense-300x300-1.jpg\",\"width\":300,\"height\":300,\"caption\":\"Essense Coffee\"},\"image\":{\"@id\":\"https:\/\/essense.coffee\/fr\/#\/schema\/logo\/image\/\"}}]}<\/script>\n<!-- \/ Yoast SEO plugin. -->","yoast_head_json":{"title":"Coffee 001 - Essense Coffee","robots":{"index":"index","follow":"follow","max-snippet":"max-snippet:-1","max-image-preview":"max-image-preview:large","max-video-preview":"max-video-preview:-1"},"canonical":"https:\/\/essense.coffee\/fr\/mystery-coffee-box\/coffee-001-po\/","og_locale":"fr_FR","og_type":"article","og_title":"Coffee 001 - Essense Coffee","og_description":"[vc_section][vc_row][vc_column][\/vc_column][\/vc_row][\/vc_section][vc_section][vc_row][vc_column offset=&#8221;vc_hidden-lg vc_hidden-md vc_hidden-sm&#8221;][vc_column_text margin_left=&#8221;50&#8243;] IT\u00a0 \u00a0\u00a0 EN\u00a0 \u00a0 \u00a0 FR [\/vc_column_text][\/vc_column][\/vc_row][vc_row margin_top=&#8221;50px&#8221;][vc_column width=&#8221;1\/4&#8243;][\/vc_column][vc_column align=&#8221;center&#8221; width=&#8221;1\/2&#8243;][vc_column_text el_class=&#8221;testo-giustificato&#8221;] ETHIOPIE [\/vc_column_text][vc_column_text] KHALID KEMAL [\/vc_column_text][vc_column_text el_class=&#8221;testo-giustificato&#8221;]La zone de Arago de l&#8217;Ethiopie occidentale est connue pour la production de quelques uns des caf\u00e9s coop\u00e9ratifs les plus c\u00e9l\u00e8bres de cette derni\u00e8re d\u00e9cennie gr\u00e2ce aux coop\u00e9ratives du Duromina, Biftu Gudina, Yukro [&hellip;]","og_url":"https:\/\/essense.coffee\/fr\/mystery-coffee-box\/coffee-001-po\/","og_site_name":"Essense Coffee","article_modified_time":"2020-07-06T15:36:47+00:00","twitter_card":"summary_large_image","twitter_misc":{"Dur\u00e9e de lecture estim\u00e9e":"5 minutes"},"schema":{"@context":"https:\/\/schema.org","@graph":[{"@type":"WebPage","@id":"https:\/\/essense.coffee\/fr\/mystery-coffee-box\/coffee-001-po\/","url":"https:\/\/essense.coffee\/fr\/mystery-coffee-box\/coffee-001-po\/","name":"Coffee 001 - Essense Coffee","isPartOf":{"@id":"https:\/\/essense.coffee\/fr\/#website"},"datePublished":"2020-06-26T11:39:49+00:00","dateModified":"2020-07-06T15:36:47+00:00","breadcrumb":{"@id":"https:\/\/essense.coffee\/fr\/mystery-coffee-box\/coffee-001-po\/#breadcrumb"},"inLanguage":"fr-FR","potentialAction":[{"@type":"ReadAction","target":["https:\/\/essense.coffee\/fr\/mystery-coffee-box\/coffee-001-po\/"]}]},{"@type":"BreadcrumbList","@id":"https:\/\/essense.coffee\/fr\/mystery-coffee-box\/coffee-001-po\/#breadcrumb","itemListElement":[{"@type":"ListItem","position":1,"name":"Shop","item":"\/categorie-shop"},{"@type":"ListItem","position":2,"name":"Coffee 001"}]},{"@type":"WebSite","@id":"https:\/\/essense.coffee\/fr\/#website","url":"https:\/\/essense.coffee\/fr\/","name":"Essense Coffee","description":"The best coffee instruments and our very own single-portioned coffee for every brewing method.","publisher":{"@id":"https:\/\/essense.coffee\/fr\/#organization"},"potentialAction":[{"@type":"SearchAction","target":{"@type":"EntryPoint","urlTemplate":"https:\/\/essense.coffee\/fr\/?s={search_term_string}"},"query-input":"required name=search_term_string"}],"inLanguage":"fr-FR"},{"@type":"Organization","@id":"https:\/\/essense.coffee\/fr\/#organization","name":"Essense Coffee","url":"https:\/\/essense.coffee\/fr\/","logo":{"@type":"ImageObject","inLanguage":"fr-FR","@id":"https:\/\/essense.coffee\/fr\/#\/schema\/logo\/image\/","url":"https:\/\/essense.coffee\/wp-content\/uploads\/2020\/05\/Logo-Essense-300x300-1.jpg","contentUrl":"https:\/\/essense.coffee\/wp-content\/uploads\/2020\/05\/Logo-Essense-300x300-1.jpg","width":300,"height":300,"caption":"Essense Coffee"},"image":{"@id":"https:\/\/essense.coffee\/fr\/#\/schema\/logo\/image\/"}}]}},"_links":{"self":[{"href":"https:\/\/essense.coffee\/fr\/wp-json\/wp\/v2\/pages\/19303"}],"collection":[{"href":"https:\/\/essense.coffee\/fr\/wp-json\/wp\/v2\/pages"}],"about":[{"href":"https:\/\/essense.coffee\/fr\/wp-json\/wp\/v2\/types\/page"}],"author":[{"embeddable":true,"href":"https:\/\/essense.coffee\/fr\/wp-json\/wp\/v2\/users\/3"}],"replies":[{"embeddable":true,"href":"https:\/\/essense.coffee\/fr\/wp-json\/wp\/v2\/comments?post=19303"}],"version-history":[{"count":13,"href":"https:\/\/essense.coffee\/fr\/wp-json\/wp\/v2\/pages\/19303\/revisions"}],"predecessor-version":[{"id":19752,"href":"https:\/\/essense.coffee\/fr\/wp-json\/wp\/v2\/pages\/19303\/revisions\/19752"}],"up":[{"embeddable":true,"href":"https:\/\/essense.coffee\/fr\/wp-json\/wp\/v2\/pages\/19095"}],"wp:attachment":[{"href":"https:\/\/essense.coffee\/fr\/wp-json\/wp\/v2\/media?parent=19303"}],"curies":[{"name":"wp","href":"https:\/\/api.w.org\/{rel}","templated":true}]}}