{"id":10219,"date":"2019-07-01T11:07:39","date_gmt":"2019-07-01T11:07:39","guid":{"rendered":"http:\/\/35.158.205.248\/politique-de-confidentialite\/"},"modified":"2019-11-11T10:37:03","modified_gmt":"2019-11-11T09:37:03","slug":"politique-de-confidentialite","status":"publish","type":"page","link":"https:\/\/essense.coffee\/fr\/liens-utiles\/politique-de-confidentialite\/","title":{"rendered":"Politique de confidentialit\u00e9"},"content":{"rendered":"<p>[vc_section][vc_row margin_top=&#8221;50px&#8221;][vc_column width=&#8221;1\/4&#8243;][\/vc_column][vc_column width=&#8221;1\/2&#8243;][vc_column_text el_class=&#8221;testo-giustificato&#8221;]<\/p>\n<h2 style=\"text-align: center;\"><strong>POLITIQUE DE CONFIDENTIALIT\u00c9<\/strong><\/h2>\n<p style=\"text-align: center;\"><strong>Conform\u00e9ment aux dispositions de l&#8217;art. 13 du Reg. EU 2016\/697 (GDPR)<\/strong><\/p>\n<p>Cher visiteur, Conform\u00e9ment aux dispositions du GDPR, et concernant les informations personnelles desquelles\u00a0<strong>BERNARDI s.r.l.<\/strong>\u00a0entrera en possession, nous vous fournissons les informations suivantes.<\/p>\n<p>Pour la norme pr\u00e9c\u00e9demment \u00e9voqu\u00e9e :<\/p>\n<ul>\n<li>a) BERNARDI s.r.l. est le \u201cTitulaire\u201d du Traitement.<\/li>\n<\/ul>\n<ul>\n<li>b) Vous, si personne physique (mais aussi entreprise individuelle ou professionnel), \u00eates l\u2019\u201dInt\u00e9ress\u00e9\u201d et vos informations seront trait\u00e9es comme suit indiqu\u00e9. En outre, vous avez les droits que nous illustrons ci-dessous.<\/li>\n<\/ul>\n<ul>\n<li>c) Vous, si personne juridique (soci\u00e9t\u00e9, organisme, etc.) N&#8217;est PAS \u201cInt\u00e9ress\u00e9\u201d, vos informations ne sont pas des informations personnelles et au traitement concern\u00e9, il ne s&#8217;applique PAS la norme en objet.<\/li>\n<\/ul>\n<ul>\n<li>d) Dans tous les cas, vos \u00e9ventuels administrateurs\/repr\u00e9sentants\/employ\u00e9s\/collaborateurs\/fonctionnaires &#8211; de qui les informations personnelles devraient accidentellement \u00eatre transmises ou communiqu\u00e9es, ayant contact avec le Titulaire en votre nom &#8211; sont &#8220;Int\u00e9ress\u00e9s&#8221; et leurs informations seront trait\u00e9es comme suit indiqu\u00e9 : Vous vous engagez donc \u00e0 fournir les informations ci-dessus expos\u00e9es aux m\u00eames administrateurs\/repr\u00e9sentants\/employ\u00e9s\/collaborateurs\/fonctionnaires, \u00e0 qui les informations personnelles devraient \u00eatre accidentellement fournies au Titulaire, ayant contact avec ce dernier.<\/li>\n<\/ul>\n<p><strong><u>1) Titulaire du traitement<\/u><\/strong><\/p>\n<p>Comme signal\u00e9, le Titulaire du Traitement est BERNARDI s.r.l., si\u00e9geant Via Caduti sul Don nr. 1, 12020 \u2013 Villar San Costanzo \u2013 CN &#8211; Italia (C.F. e P. IVA: 01751680040), contactable \u00e0 l&#8217;adresse e-mail\u00a0<a href=\"mailto:info@essense.coffee\">info@essense.coffee<\/a>.<\/p>\n<p>Le Titulaire traite les informations selon les principes \u00e9tablis par le GDPR (R\u00e8glement sur la protection g\u00e9n\u00e9rale des informations UE 2016\/679), du D.Lgs. 196\/2003 et du D. Lgs. 101\/2018, de caract\u00e8re licite, correction, transparence, limitation des objectifs et de la conservation, minimisation des informations, exactitude, int\u00e9grit\u00e9 et confidentialit\u00e9.<\/p>\n<p><strong><u>2) Finalit\u00e9 du Traitement<\/u><\/strong><\/p>\n<p>Les informations personnelles fournies par l&#8217;Int\u00e9ress\u00e9 au Titulaire seront trait\u00e9es pour les finalit\u00e9s suivantes :<\/p>\n<p>a) Fournir des r\u00e9ponses aux demandes de l&#8217;utilisateur (ci-apr\u00e8s indiqu\u00e9 comme \u201cl\u2019Int\u00e9ress\u00e9\u201d) qu&#8217;il aura avanc\u00e9es \u00e0 travers le canal de contact;<\/p>\n<p>b) Fournir un devis \u00e0 l&#8217;Int\u00e9ress\u00e9 qui l&#8217;aura demand\u00e9 \u00e0 travers le canal de contact;<\/p>\n<p>c) Envoyer son Curriculum Vitae ou une demande de collaboration avec le Titulaire;<\/p>\n<p>d) S&#8217;acquitter d&#8217;obligations pr\u00e9vues par la loi, un r\u00e8glement, de la norme communautaire ou d&#8217;une commande de l\u2019Autorit\u00e9;<\/p>\n<p>e) Exercer les droits et les int\u00e9r\u00eats l\u00e9gitimes du Titulaire ou de tiers comme par exemple le droit de d\u00e9fense en justice ou le marketing direct;<\/p>\n<p>f) Envoyer (par e-mail \u2013 aussi via newsletter \u2013 t\u00e9l\u00e9phone ou autre canal de contact fourni) des communications commerciales ou du mat\u00e9riel publicitaire sur des produits ou des services offerts par le titulaire ; contacter l\u2019Int\u00e9ress\u00e9 pour des offres personnalis\u00e9es ou relever le degr\u00e9 de satisfaction sur la qualit\u00e9 des services et des produits, ou encore signaler des \u00e9v\u00e9nements.<\/p>\n<p><strong><u>3) Bases juridiques du Traitement<\/u><\/strong><\/p>\n<p>Les bases juridiques du Traitement sont les suivantes :<\/p>\n<p>En ce qui concerne les finalit\u00e9s des points 2a), 2b), 2c), 2d) et 2e):<\/p>\n<p>\u2013 n\u00e9cessit\u00e9 de satisfaire le contrat duquel l&#8217;Int\u00e9ress\u00e9e fait partie, ou tout du moins de le respecter comme demand\u00e9 \u00e0 l&#8217;Int\u00e9ress\u00e9 (avec d&#8217;\u00e9ventuelles mesure pr\u00e9 contractuelles);<\/p>\n<p>\u2013 n\u00e9cessit\u00e9 de respecter d&#8217;\u00e9ventuelles obligations de loi ou demandes de l&#8217;Autorit\u00e9;<\/p>\n<p>\u2013 n\u00e9cessit\u00e9 du Titulaire du traitement ou de tiers de poursuivre un int\u00e9r\u00eat l\u00e9gitime (par exemple; d\u00e9fense en justice, ou marketing direct);<\/p>\n<p>En ce qui concerne les finalit\u00e9s du point 2f):<\/p>\n<p>\u2013 le consentement de l&#8217;Int\u00e9ress\u00e9.<\/p>\n<p><strong><u>4) Nature obligatoire et facultative de la communication des informations personnelles<\/u><\/strong><\/p>\n<p>La communication des informations signal\u00e9es par un ast\u00e9risque est obligatoire : la non communication rendra impossible au Titulaire de fournir \u00e0 l\u2019Int\u00e9ress\u00e9 les informations par lui demand\u00e9es.<\/p>\n<p>La communication des informations non signal\u00e9es par un ast\u00e9risque est facultative : la non communication permettra tout de m\u00eame de fournir \u00e0 l&#8217;Int\u00e9ress\u00e9 les informations par lui demand\u00e9es.<\/p>\n<p>Le consentement au Traitement pour la finalit\u00e9 du point 2f) est facultatif : cependant, en cas de non consentement, l&#8217;Int\u00e9ress\u00e9e ne pourra pas recevoir la newsletter, les communications commerciales et le mat\u00e9riel publicitaire inh\u00e9rents aux produits offerts par le Titulaire ou d\u2019\u00e9ventuelle autre soci\u00e9t\u00e9 li\u00e9e mais pourra tout de m\u00eame recevoir les informations pour d&#8217;autres finalit\u00e9s.<\/p>\n<p><strong><u>5) Droits de l&#8217;Int\u00e9ress\u00e9<\/u><\/strong><\/p>\n<p>L\u2019Int\u00e9ress\u00e9 a le droit de :<\/p>\n<p>\u2013 acc\u00e9der \u00e0 ses propres informations personnelles en possession du Titulaire;<br \/>\n\u2013 en demander la rectification et\/ou l&#8217;\u00e9limination (\u201cdroit \u00e0 l&#8217;oubli\u201d);<br \/>\n\u2013 demander la Limitation ou s&#8217;opposer au Traitement;<br \/>\n\u2013 demander la portabilit\u00e9 des Informations;<br \/>\n\u2013 s&#8217;opposer au traitement, aux conditions de l\u2019art. 21 GDPR;<br \/>\n\u2013 introduire une r\u00e9clamation aupr\u00e8s d&#8217;une Autorit\u00e9 de Contr\u00f4le.<\/p>\n<p>L\u2019Int\u00e9ress\u00e9 peut \u00e9galement r\u00e9voquer \u00e0 n&#8217;importe quel moment le consentement donn\u00e9, sans porter atteinte au caract\u00e8re licite du traitement bas\u00e9 sur le consentement pr\u00e9c\u00e9dant l&#8217;annulation.<\/p>\n<p><strong><u>6) Communication aux destinataires, transferts dans pays tiers et diffusion<\/u><\/strong><\/p>\n<p>Les informations acquises \u00e0 travers le site ne seront pas diffus\u00e9es.<\/p>\n<p>Les informations sont communiqu\u00e9es aux destinataires dans la mesure strictement n\u00e9cessaire en relation avec les finalit\u00e9 sus-dites.<\/p>\n<p>Les cat\u00e9gories d&#8217;\u00e9ventuels destinataires sont les suivantes :<\/p>\n<ul>\n<li>Sujets autoris\u00e9s par le Titulaire<\/li>\n<li>\u00c9ventuels sujets tiers, par qui le Titulaire recourt pour le Traitement et par lui nomin\u00e9s responsables ex art. 28 GDPR, avec contrat appropri\u00e9;<\/li>\n<li>\u00c9ventuelles soci\u00e9t\u00e9s du m\u00eame groupe d&#8217;entreprises ou du moins li\u00e9es au Titulaire;<\/li>\n<li>Autres sujets (publics ou priv\u00e9s), \u00e0 qui la communication est n\u00e9cessaire par obligation de la loi, pour l&#8217;ex\u00e9cution du contrat, satisfaire les demandes de l&#8217;Int\u00e9ress\u00e9, obtemp\u00e9rer \u00e0 un ordre provenant de l&#8217;Autorit\u00e9 ou d\u00e9fendre un int\u00e9r\u00eat l\u00e9gitime du Titulaire ou de Tiers.<\/li>\n<\/ul>\n<p>Il n&#8217;est pas dans l&#8217;intention du Titulaire de transf\u00e9rer les informations trait\u00e9es dans un pays en dehors de l&#8217;Union Europ\u00e9enne, ni dans une organisation internationale, sauf pour la gestion seulement de la newsletter, l&#8217;utilisation du service est fourni en dehors de l&#8217;Union (cependant, ce service adh\u00e8re au \u201c<em>Privacy Shield<\/em>\u201d, qui garanti un niveau de protection adapt\u00e9).<\/p>\n<p><strong><u>7) P\u00e9riode de conservation des informations<\/u><\/strong><\/p>\n<p>Le Titulaire conserve les informations durant le temps n\u00e9cessaire \u00e0 rejoindre les finalit\u00e9s ci-dessus list\u00e9es.<\/p>\n<p>Dans tous les cas, le Titulaire s&#8217;engage \u00e0 ne pas conserver les informations au del\u00e0 du temps n\u00e9cessaire pour rejoindre les finalit\u00e9s ci-dessus list\u00e9es ou d&#8217;autres termes de loi.<\/p>\n<p><strong><u>8) Modifications de la pr\u00e9sente politique<\/u><\/strong><\/p>\n<p>Le Titulaire de r\u00e9serve de modifier le contenu en partie ou en totalit\u00e9 de la pr\u00e9sente politique aussi d\u00fb des variations de la Norme sur la Confidentialit\u00e9.<\/p>\n<p>le Titulaire effectuera dans ce cas la Publication sur le site de la version mise \u00e0 jour, et \u00e0 partir de ce moment elle sera effective : l&#8217;Int\u00e9ress\u00e9 est donc invit\u00e9 \u00e0 visiter r\u00e9guli\u00e8rement cette section.[\/vc_column_text][\/vc_column][vc_column width=&#8221;1\/4&#8243;][\/vc_column][\/vc_row][\/vc_section][vc_section content_placement=&#8221;middle&#8221; css=&#8221;.vc_custom_1557824737813{margin-top: 50px !important;margin-bottom: 50px !important;}&#8221; el_class=&#8221;outburst-left&#8221;][vc_row bg_color=&#8221;#ffffff&#8221; equal_height=&#8221;yes&#8221; content_placement=&#8221;middle&#8221; margin_top=&#8221;50px&#8221;][vc_column dark_mode=&#8221;has-dark-mode&#8221; align=&#8221;center&#8221; bg_color=&#8221;#bdb1a1&#8243; width=&#8221;1\/4&#8243; padding_top=&#8221;30px&#8221; padding_bottom=&#8221;30px&#8221; el_class=&#8221;essense-runout-left essense-runout-beige&#8221;]<div class=\" agni-image custom-image-container agni-image-default text-center\">\r\n\t\t\t<figure class=\"agni-image-figure\">\r\n\t\t\t\t<img  class=\"fullwidth-image attachment-150x150  \" src=\"https:\/\/essense.coffee\/wp-content\/uploads\/2019\/05\/ICONA_Download-150x150.png\" width=\"150\" height=\"150\" alt=\"Clicca per scaricare una versione stampabile\" title=\"ICONA_Download\" \/>\r\n\t\t\t\t<figcaption class=\"vc_figure-caption\"><\/figcaption>\r\n\t\t\t<\/figure>\r\n\t\t<\/div>[\/vc_column][vc_column dark_mode=&#8221;has-dark-mode&#8221; align=&#8221;center&#8221; bg_color=&#8221;#bdb1a1&#8243; width=&#8221;1\/2&#8243; padding_top=&#8221;30px&#8221; padding_bottom=&#8221;30px&#8221;][vc_column_text padding_top=&#8221;25&#8243; el_class=&#8221;white-color&#8221;]<\/p>\n<p style=\"text-align: center;\">T\u00c9L\u00c9CHARGER LA VERSION IMPRIMABLE<br \/>\nDE LA POLITIQUE DE CONFIDENTIALIT\u00c9<\/p>\n<p>[\/vc_column_text][\/vc_column][vc_column dark_mode=&#8221;has-dark-mode&#8221; bg_color=&#8221;#bdb1a1&#8243; width=&#8221;1\/4&#8243;]<div class=\" agni-button-responsive agni-button  text-center page-scroll\"><a class=\"agni_custom_design_css btn btn-default\" target=\"_self\" href=\"https:\/\/essense.coffee\/wp-content\/uploads\/2019\/11\/ESSENSE_PolitiqueDeConfidentialite\u0301_FR.pdf\"  >T\u00c9L\u00c9CHARGER<\/a><\/div>[\/vc_column][\/vc_row][\/vc_section][vc_section content_placement=&#8221;middle&#8221; css=&#8221;.vc_custom_1558798156336{margin-top: 50px !important;}&#8221; el_class=&#8221;outburst-right-yellow&#8221;][vc_row bg_color=&#8221;#ffffff&#8221; equal_height=&#8221;yes&#8221; content_placement=&#8221;middle&#8221; margin_top=&#8221;50px&#8221;][vc_column dark_mode=&#8221;has-dark-mode&#8221; align=&#8221;center&#8221; bg_color=&#8221;#e6af00&#8243; width=&#8221;1\/4&#8243; padding_top=&#8221;30px&#8221; padding_bottom=&#8221;30px&#8221;]<div class=\" agni-image custom-image-container agni-image-default text-center\">\r\n\t\t\t<figure class=\"agni-image-figure\">\r\n\t\t\t\t<img  class=\"fullwidth-image attachment-150x150  \" src=\"https:\/\/essense.coffee\/wp-content\/uploads\/2019\/05\/ICONA_Newsletter-150x150.png\" width=\"150\" height=\"150\" alt=\"Iscriviti alla newsletter di Essense\" title=\"ICONA_Newsletter\" \/>\r\n\t\t\t\t<figcaption class=\"vc_figure-caption\"><\/figcaption>\r\n\t\t\t<\/figure>\r\n\t\t<\/div>[\/vc_column][vc_column dark_mode=&#8221;has-dark-mode&#8221; align=&#8221;center&#8221; bg_color=&#8221;#e6af00&#8243; width=&#8221;1\/2&#8243; padding_top=&#8221;30px&#8221; padding_bottom=&#8221;30px&#8221;][vc_column_text padding_top=&#8221;25&#8243; el_class=&#8221;white-color&#8221;]<\/p>\n<p style=\"text-align: center;\">INSCRIVEZ VOUS \u00c0 LA NEWSLETTER<br \/>\nET VIVEZ EN PERSONNE<br \/>\nLA R\u00c9VOLUTION DU SLOW COFFEE<\/p>\n<p>[\/vc_column_text][\/vc_column][vc_column dark_mode=&#8221;has-dark-mode&#8221; align=&#8221;center&#8221; bg_color=&#8221;#e6af00&#8243; width=&#8221;1\/4&#8243; el_class=&#8221;essense-runout-right essense-runout-giallo-ocra&#8221;]<div class=\" agni-button-responsive agni-button  text-center page-scroll\"><a class=\"agni_custom_design_css btn btn-default\" target=\"_self\" href=\"#newsletter\"  >S'INSCRIRE<\/a><\/div>[\/vc_column][\/vc_row][\/vc_section][vc_section content_placement=&#8221;middle&#8221; css=&#8221;.vc_custom_1557824737813{margin-top: 50px !important;margin-bottom: 50px !important;}&#8221; el_class=&#8221;outburst-left&#8221;][vc_row bg_color=&#8221;#ffffff&#8221; equal_height=&#8221;yes&#8221; content_placement=&#8221;middle&#8221; margin_top=&#8221;50px&#8221;][vc_column dark_mode=&#8221;has-dark-mode&#8221; align=&#8221;center&#8221; bg_color=&#8221;#6d8165&#8243; width=&#8221;1\/4&#8243; padding_top=&#8221;30px&#8221; padding_bottom=&#8221;30px&#8221; el_class=&#8221;essense-runout-left essense-runout-verde-oliva&#8221;]<div class=\" agni-image custom-image-container agni-image-default text-center\">\r\n\t\t\t<figure class=\"agni-image-figure\">\r\n\t\t\t\t<img  class=\"fullwidth-image attachment-150x150  \" src=\"https:\/\/essense.coffee\/wp-content\/uploads\/2019\/05\/ICONA_Scrivici-150x150.png\" width=\"150\" height=\"150\" alt=\"Mettiti in contatto con noi\" title=\"ICONA_Scrivici\" \/>\r\n\t\t\t\t<figcaption class=\"vc_figure-caption\"><\/figcaption>\r\n\t\t\t<\/figure>\r\n\t\t<\/div>[\/vc_column][vc_column dark_mode=&#8221;has-dark-mode&#8221; align=&#8221;center&#8221; bg_color=&#8221;#6d8165&#8243; width=&#8221;1\/2&#8243; padding_top=&#8221;30px&#8221; padding_bottom=&#8221;30px&#8221;][vc_column_text padding_top=&#8221;25&#8243; el_class=&#8221;white-color&#8221;]<\/p>\n<p style=\"text-align: center;\">DES QUESTIONS OU DE LA CURIOSIT\u00c9<br \/>\n\u00c0 PROPOS DE L\u2019UNIVERS D\u2019ESSENSE ?<br \/>\n\u00c9CRIVEZ-NOUS, NOUS SERONS HEUREUX<br \/>\nDE PARTAGER NOTRE PASSION POUR LE CAF\u00c9.<\/p>\n<p>[\/vc_column_text][\/vc_column][vc_column dark_mode=&#8221;has-dark-mode&#8221; bg_color=&#8221;#6d8165&#8243; width=&#8221;1\/4&#8243;]<div class=\" agni-button-responsive agni-button  text-center page-scroll\"><a class=\"agni_custom_design_css btn btn-default\" target=\"_self\" href=\"https:\/\/essense.coffee\/fr\/about\/contact\/\"  >NOUS \u00c9CRIRE<\/a><\/div>[\/vc_column][\/vc_row][\/vc_section]<\/p>\n","protected":false},"excerpt":{"rendered":"<p>[vc_section][vc_row margin_top=&#8221;50px&#8221;][vc_column width=&#8221;1\/4&#8243;][\/vc_column][vc_column width=&#8221;1\/2&#8243;][vc_column_text el_class=&#8221;testo-giustificato&#8221;] POLITIQUE DE CONFIDENTIALIT\u00c9 Conform\u00e9ment aux dispositions de l&#8217;art. 13 du Reg. EU 2016\/697 (GDPR) Cher visiteur, Conform\u00e9ment aux dispositions du GDPR, et concernant les informations personnelles desquelles\u00a0BERNARDI s.r.l.\u00a0entrera en possession, nous vous fournissons les informations suivantes. Pour la norme pr\u00e9c\u00e9demment \u00e9voqu\u00e9e : a) BERNARDI s.r.l. est le \u201cTitulaire\u201d du Traitement. [&hellip;]<\/p>\n","protected":false},"author":3,"featured_media":0,"parent":13680,"menu_order":0,"comment_status":"closed","ping_status":"closed","template":"","meta":{"footnotes":""},"yoast_head":"<!-- This site is optimized with the Yoast SEO plugin v21.2 - https:\/\/yoast.com\/wordpress\/plugins\/seo\/ -->\n<title>Politique de confidentialit\u00e9 - Essense Coffee<\/title>\n<meta name=\"robots\" content=\"index, follow, max-snippet:-1, max-image-preview:large, max-video-preview:-1\" \/>\n<link rel=\"canonical\" href=\"https:\/\/essense.coffee\/fr\/liens-utiles\/politique-de-confidentialite\/\" \/>\n<meta property=\"og:locale\" content=\"fr_FR\" \/>\n<meta property=\"og:type\" content=\"article\" \/>\n<meta property=\"og:title\" content=\"Politique de confidentialit\u00e9 - Essense Coffee\" \/>\n<meta property=\"og:description\" content=\"[vc_section][vc_row margin_top=&#8221;50px&#8221;][vc_column width=&#8221;1\/4&#8243;][\/vc_column][vc_column width=&#8221;1\/2&#8243;][vc_column_text el_class=&#8221;testo-giustificato&#8221;] POLITIQUE DE CONFIDENTIALIT\u00c9 Conform\u00e9ment aux dispositions de l&#8217;art. 13 du Reg. EU 2016\/697 (GDPR) Cher visiteur, Conform\u00e9ment aux dispositions du GDPR, et concernant les informations personnelles desquelles\u00a0BERNARDI s.r.l.\u00a0entrera en possession, nous vous fournissons les informations suivantes. Pour la norme pr\u00e9c\u00e9demment \u00e9voqu\u00e9e : a) BERNARDI s.r.l. est le \u201cTitulaire\u201d du Traitement. [&hellip;]\" \/>\n<meta property=\"og:url\" content=\"https:\/\/essense.coffee\/fr\/liens-utiles\/politique-de-confidentialite\/\" \/>\n<meta property=\"og:site_name\" content=\"Essense Coffee\" \/>\n<meta property=\"article:modified_time\" content=\"2019-11-11T09:37:03+00:00\" \/>\n<meta name=\"twitter:card\" content=\"summary_large_image\" \/>\n<meta name=\"twitter:label1\" content=\"Dur\u00e9e de lecture estim\u00e9e\" \/>\n\t<meta name=\"twitter:data1\" content=\"8 minutes\" \/>\n<script type=\"application\/ld+json\" class=\"yoast-schema-graph\">{\"@context\":\"https:\/\/schema.org\",\"@graph\":[{\"@type\":\"WebPage\",\"@id\":\"https:\/\/essense.coffee\/fr\/liens-utiles\/politique-de-confidentialite\/\",\"url\":\"https:\/\/essense.coffee\/fr\/liens-utiles\/politique-de-confidentialite\/\",\"name\":\"Politique de confidentialit\u00e9 - Essense Coffee\",\"isPartOf\":{\"@id\":\"https:\/\/essense.coffee\/fr\/#website\"},\"datePublished\":\"2019-07-01T11:07:39+00:00\",\"dateModified\":\"2019-11-11T09:37:03+00:00\",\"breadcrumb\":{\"@id\":\"https:\/\/essense.coffee\/fr\/liens-utiles\/politique-de-confidentialite\/#breadcrumb\"},\"inLanguage\":\"fr-FR\",\"potentialAction\":[{\"@type\":\"ReadAction\",\"target\":[\"https:\/\/essense.coffee\/fr\/liens-utiles\/politique-de-confidentialite\/\"]}]},{\"@type\":\"BreadcrumbList\",\"@id\":\"https:\/\/essense.coffee\/fr\/liens-utiles\/politique-de-confidentialite\/#breadcrumb\",\"itemListElement\":[{\"@type\":\"ListItem\",\"position\":1,\"name\":\"Shop\",\"item\":\"\/categorie-shop\"},{\"@type\":\"ListItem\",\"position\":2,\"name\":\"Politique de confidentialit\u00e9\"}]},{\"@type\":\"WebSite\",\"@id\":\"https:\/\/essense.coffee\/fr\/#website\",\"url\":\"https:\/\/essense.coffee\/fr\/\",\"name\":\"Essense Coffee\",\"description\":\"The best coffee instruments and our very own single-portioned coffee for every brewing method.\",\"publisher\":{\"@id\":\"https:\/\/essense.coffee\/fr\/#organization\"},\"potentialAction\":[{\"@type\":\"SearchAction\",\"target\":{\"@type\":\"EntryPoint\",\"urlTemplate\":\"https:\/\/essense.coffee\/fr\/?s={search_term_string}\"},\"query-input\":\"required name=search_term_string\"}],\"inLanguage\":\"fr-FR\"},{\"@type\":\"Organization\",\"@id\":\"https:\/\/essense.coffee\/fr\/#organization\",\"name\":\"Essense Coffee\",\"url\":\"https:\/\/essense.coffee\/fr\/\",\"logo\":{\"@type\":\"ImageObject\",\"inLanguage\":\"fr-FR\",\"@id\":\"https:\/\/essense.coffee\/fr\/#\/schema\/logo\/image\/\",\"url\":\"https:\/\/essense.coffee\/wp-content\/uploads\/2020\/05\/Logo-Essense-300x300-1.jpg\",\"contentUrl\":\"https:\/\/essense.coffee\/wp-content\/uploads\/2020\/05\/Logo-Essense-300x300-1.jpg\",\"width\":300,\"height\":300,\"caption\":\"Essense Coffee\"},\"image\":{\"@id\":\"https:\/\/essense.coffee\/fr\/#\/schema\/logo\/image\/\"}}]}<\/script>\n<!-- \/ Yoast SEO plugin. -->","yoast_head_json":{"title":"Politique de confidentialit\u00e9 - Essense Coffee","robots":{"index":"index","follow":"follow","max-snippet":"max-snippet:-1","max-image-preview":"max-image-preview:large","max-video-preview":"max-video-preview:-1"},"canonical":"https:\/\/essense.coffee\/fr\/liens-utiles\/politique-de-confidentialite\/","og_locale":"fr_FR","og_type":"article","og_title":"Politique de confidentialit\u00e9 - Essense Coffee","og_description":"[vc_section][vc_row margin_top=&#8221;50px&#8221;][vc_column width=&#8221;1\/4&#8243;][\/vc_column][vc_column width=&#8221;1\/2&#8243;][vc_column_text el_class=&#8221;testo-giustificato&#8221;] POLITIQUE DE CONFIDENTIALIT\u00c9 Conform\u00e9ment aux dispositions de l&#8217;art. 13 du Reg. EU 2016\/697 (GDPR) Cher visiteur, Conform\u00e9ment aux dispositions du GDPR, et concernant les informations personnelles desquelles\u00a0BERNARDI s.r.l.\u00a0entrera en possession, nous vous fournissons les informations suivantes. Pour la norme pr\u00e9c\u00e9demment \u00e9voqu\u00e9e : a) BERNARDI s.r.l. est le \u201cTitulaire\u201d du Traitement. [&hellip;]","og_url":"https:\/\/essense.coffee\/fr\/liens-utiles\/politique-de-confidentialite\/","og_site_name":"Essense Coffee","article_modified_time":"2019-11-11T09:37:03+00:00","twitter_card":"summary_large_image","twitter_misc":{"Dur\u00e9e de lecture estim\u00e9e":"8 minutes"},"schema":{"@context":"https:\/\/schema.org","@graph":[{"@type":"WebPage","@id":"https:\/\/essense.coffee\/fr\/liens-utiles\/politique-de-confidentialite\/","url":"https:\/\/essense.coffee\/fr\/liens-utiles\/politique-de-confidentialite\/","name":"Politique de confidentialit\u00e9 - Essense Coffee","isPartOf":{"@id":"https:\/\/essense.coffee\/fr\/#website"},"datePublished":"2019-07-01T11:07:39+00:00","dateModified":"2019-11-11T09:37:03+00:00","breadcrumb":{"@id":"https:\/\/essense.coffee\/fr\/liens-utiles\/politique-de-confidentialite\/#breadcrumb"},"inLanguage":"fr-FR","potentialAction":[{"@type":"ReadAction","target":["https:\/\/essense.coffee\/fr\/liens-utiles\/politique-de-confidentialite\/"]}]},{"@type":"BreadcrumbList","@id":"https:\/\/essense.coffee\/fr\/liens-utiles\/politique-de-confidentialite\/#breadcrumb","itemListElement":[{"@type":"ListItem","position":1,"name":"Shop","item":"\/categorie-shop"},{"@type":"ListItem","position":2,"name":"Politique de confidentialit\u00e9"}]},{"@type":"WebSite","@id":"https:\/\/essense.coffee\/fr\/#website","url":"https:\/\/essense.coffee\/fr\/","name":"Essense Coffee","description":"The best coffee instruments and our very own single-portioned coffee for every brewing method.","publisher":{"@id":"https:\/\/essense.coffee\/fr\/#organization"},"potentialAction":[{"@type":"SearchAction","target":{"@type":"EntryPoint","urlTemplate":"https:\/\/essense.coffee\/fr\/?s={search_term_string}"},"query-input":"required name=search_term_string"}],"inLanguage":"fr-FR"},{"@type":"Organization","@id":"https:\/\/essense.coffee\/fr\/#organization","name":"Essense Coffee","url":"https:\/\/essense.coffee\/fr\/","logo":{"@type":"ImageObject","inLanguage":"fr-FR","@id":"https:\/\/essense.coffee\/fr\/#\/schema\/logo\/image\/","url":"https:\/\/essense.coffee\/wp-content\/uploads\/2020\/05\/Logo-Essense-300x300-1.jpg","contentUrl":"https:\/\/essense.coffee\/wp-content\/uploads\/2020\/05\/Logo-Essense-300x300-1.jpg","width":300,"height":300,"caption":"Essense Coffee"},"image":{"@id":"https:\/\/essense.coffee\/fr\/#\/schema\/logo\/image\/"}}]}},"_links":{"self":[{"href":"https:\/\/essense.coffee\/fr\/wp-json\/wp\/v2\/pages\/10219"}],"collection":[{"href":"https:\/\/essense.coffee\/fr\/wp-json\/wp\/v2\/pages"}],"about":[{"href":"https:\/\/essense.coffee\/fr\/wp-json\/wp\/v2\/types\/page"}],"author":[{"embeddable":true,"href":"https:\/\/essense.coffee\/fr\/wp-json\/wp\/v2\/users\/3"}],"replies":[{"embeddable":true,"href":"https:\/\/essense.coffee\/fr\/wp-json\/wp\/v2\/comments?post=10219"}],"version-history":[{"count":31,"href":"https:\/\/essense.coffee\/fr\/wp-json\/wp\/v2\/pages\/10219\/revisions"}],"predecessor-version":[{"id":10406,"href":"https:\/\/essense.coffee\/fr\/wp-json\/wp\/v2\/pages\/10219\/revisions\/10406"}],"up":[{"embeddable":true,"href":"https:\/\/essense.coffee\/fr\/wp-json\/wp\/v2\/pages\/13680"}],"wp:attachment":[{"href":"https:\/\/essense.coffee\/fr\/wp-json\/wp\/v2\/media?parent=10219"}],"curies":[{"name":"wp","href":"https:\/\/api.w.org\/{rel}","templated":true}]}}