{"id":10208,"date":"2019-07-01T08:26:23","date_gmt":"2019-07-01T08:26:23","guid":{"rendered":"http:\/\/35.158.205.248\/groundtoenjoy\/torrefacteurs\/little-bean\/"},"modified":"2020-03-31T12:34:16","modified_gmt":"2020-03-31T10:34:16","slug":"little-bean","status":"publish","type":"page","link":"https:\/\/essense.coffee\/fr\/groundtoenjoy\/torrefacteurs\/little-bean\/","title":{"rendered":"Little Bean"},"content":{"rendered":"<p>[vc_row content_placement=&#8221;middle&#8221; margin_top=&#8221;50px&#8221;][vc_column align=&#8221;center&#8221; width=&#8221;1\/2&#8243;]<div class=\" agni-image custom-image-container agni-image-default text-center\">\r\n\t\t\t<figure class=\"agni-image-figure\">\r\n\t\t\t\t<a href=\"https:\/\/littlebean.it\/\" target=\"_blank\" data-size=\"600x600\"><img  width=\"300\" height=\"300\" src=\"https:\/\/essense.coffee\/wp-content\/uploads\/2020\/03\/logo_little-bean_600x600-300x300.png\" class=\"fullwidth-image attachment-medium  attachment-medium\" alt=\"\" decoding=\"async\" title=\"logo_little-bean_600x600\" loading=\"lazy\" srcset=\"https:\/\/essense.coffee\/wp-content\/uploads\/2020\/03\/logo_little-bean_600x600-300x300.png 300w, https:\/\/essense.coffee\/wp-content\/uploads\/2020\/03\/logo_little-bean_600x600-150x150.png 150w, https:\/\/essense.coffee\/wp-content\/uploads\/2020\/03\/logo_little-bean_600x600.png 600w, https:\/\/essense.coffee\/wp-content\/uploads\/2020\/03\/logo_little-bean_600x600-100x100.png 100w\" sizes=\"(max-width: 300px) 100vw, 300px\" \/><\/a>\r\n\t\t\t\t<figcaption class=\"vc_figure-caption\"><\/figcaption>\r\n\t\t\t<\/figure>\r\n\t\t<\/div>[\/vc_column][vc_column width=&#8221;1\/2&#8243;][vc_column_text el_class=&#8221;testo-giustificato&#8221;]<\/p>\n<h2>LITTLE BEAN<\/h2>\n<p>Little Bean est une micro-br\u00fblerie artisanale fond\u00e9e en 2013 par\u00a0 Andrea Lattauda et Mariano Semino de 9bar, r\u00e9f\u00e9rence pour la formation professionnelle de baristas et torr\u00e9facteurs. La culture acquise durant les ann\u00e9es et la grande connaissance des mati\u00e8res premi\u00e8res se sont concr\u00e9tis\u00e9s dans cet ambitieux projet qui contribue \u00e0 promouvoir toujours plus la culture du caf\u00e9 de qualit\u00e9.<br \/>\nCes derni\u00e8res ann\u00e9es, ils se sont sp\u00e9cialis\u00e9s de mani\u00e8re particuli\u00e8re dans la s\u00e9lection de micro lots de Caf\u00e9 de Sp\u00e9cialit\u00e9 qu&#8217;ils torr\u00e9fient dans leur Petroncini TT15. Cette machine \u00e0 torr\u00e9fier \u00e0 la technologie avanc\u00e9e permet de moduler et rendre r\u00e9p\u00e9table le<br \/>\nle profil de torr\u00e9faction de chaque caf\u00e9 pour en exalter les caract\u00e9ristiques de chacun. Comme formateurs, Andrea et Mariano nous ont transmis la culture et le respect pour ce produit extraordinaire et aujourd&#8217;hui dans chacun de leur caf\u00e9 nous retrouvons la passion qui les distingue.<\/p>\n<p>www.littlebean.it[\/vc_column_text]<span class=\" agni-icon has-icon \" ><span class=\"agni-icon-container\" style=\"border-radius:50%; color:#000000; \"><a href=\"https:\/\/www.facebook.com\/littlebeanroasting\"><i class=\"fa fa-facebook-square  \" style=\"font-size:35px; border-radius:50%; color:#000000; \"><\/i><\/a><\/span><\/span><span class=\" agni-icon has-icon \" ><span class=\"agni-icon-container\" style=\"border-radius:50%; color:#000000; \"><a href=\"https:\/\/www.instagram.com\/littlebeanroasting\/\"><i class=\"ion-social-instagram  \" style=\"font-size:38px; border-radius:50%; color:#000000; \"><\/i><\/a><\/span><\/span>[\/vc_column][\/vc_row][vc_section][vc_row fullwidth=&#8221;has-fullwidth-column-no-padding&#8221; disable_element=&#8221;yes&#8221; padding_top=&#8221;5em&#8221; padding_bottom=&#8221;5em&#8221;][vc_column align=&#8221;center&#8221; bg_color=&#8221;#ece9e4&#8243; padding_top=&#8221;2em&#8221; padding_bottom=&#8221;4em&#8221;][vc_column_text]<\/p>\n<h2>LEURS CAF\u00c9S<\/h2>\n<p>D\u00e9couvrez les caf\u00e9s de LITTLE BEAN actuellement disponibles :[\/vc_column_text][\/vc_column][\/vc_row][vc_row disable_element=&#8221;yes&#8221; margin_top=&#8221;-9em&#8221; padding_right=&#8221;40&#8243; padding_left=&#8221;40&#8243;][vc_column padding_right=&#8221;40&#8243; padding_left=&#8221;40&#8243;]<div class=\"woocommerce columns-4 agni-products-all \"><\/div>[\/vc_column][\/vc_row][vc_row][vc_column]<div class=\" agni-button  text-center page-scroll\"><a class=\"agni_custom_design_css btn btn-default\" target=\"_self\" href=\"https:\/\/essense.coffee\/en\/product-category\/coffee\/\"  >Voir tous les caf\u00e9s<\/a><\/div>[\/vc_column][\/vc_row][\/vc_section][vc_section content_placement=&#8221;middle&#8221; css=&#8221;.vc_custom_1558077972884{margin-top: 50px !important;margin-bottom: 50px !important;}&#8221; el_class=&#8221;outburst-right-yellow&#8221;][vc_row bg_color=&#8221;#ffffff&#8221; equal_height=&#8221;yes&#8221; content_placement=&#8221;middle&#8221; margin_top=&#8221;50px&#8221;][vc_column dark_mode=&#8221;has-dark-mode&#8221; align=&#8221;center&#8221; bg_color=&#8221;#e6af00&#8243; width=&#8221;1\/4&#8243; padding_top=&#8221;30px&#8221; padding_bottom=&#8221;30px&#8221;]<div class=\" agni-image custom-image-container agni-image-default text-center\">\r\n\t\t\t<figure class=\"agni-image-figure\">\r\n\t\t\t\t<img  class=\"fullwidth-image attachment-150x150  \" src=\"https:\/\/essense.coffee\/wp-content\/uploads\/2019\/05\/ICONA_Newsletter-150x150.png\" width=\"150\" height=\"150\" alt=\"Iscriviti alla newsletter di Essense\" title=\"ICONA_Newsletter\" \/>\r\n\t\t\t\t<figcaption class=\"vc_figure-caption\"><\/figcaption>\r\n\t\t\t<\/figure>\r\n\t\t<\/div>[\/vc_column][vc_column dark_mode=&#8221;has-dark-mode&#8221; align=&#8221;center&#8221; bg_color=&#8221;#e6af00&#8243; width=&#8221;1\/2&#8243; padding_top=&#8221;30px&#8221; padding_bottom=&#8221;30px&#8221;][vc_column_text padding_top=&#8221;25&#8243; el_class=&#8221;white-color&#8221;]<\/p>\n<p style=\"text-align: center;\">INSCRIVEZ VOUS \u00c0 LA NEWSLETTER<br \/>\nET VIVEZ EN PERSONNE<br \/>\nLA R\u00c9VOLUTION DU SLOW COFFEE<\/p>\n<p>[\/vc_column_text][\/vc_column][vc_column dark_mode=&#8221;has-dark-mode&#8221; align=&#8221;center&#8221; bg_color=&#8221;#e6af00&#8243; width=&#8221;1\/4&#8243; el_class=&#8221;essense-runout-right essense-runout-giallo-ocra&#8221;]<div class=\" agni-button-responsive agni-button  text-center page-scroll\"><a class=\"agni_custom_design_css btn btn-default\" target=\"_self\" href=\"#newsletter\"  >S'INSCRIRE<\/a><\/div>[\/vc_column][\/vc_row][\/vc_section][vc_section content_placement=&#8221;middle&#8221; css=&#8221;.vc_custom_1557824737813{margin-top: 50px !important;margin-bottom: 50px !important;}&#8221; el_class=&#8221;outburst-left&#8221;][vc_row bg_color=&#8221;#ffffff&#8221; equal_height=&#8221;yes&#8221; content_placement=&#8221;middle&#8221; margin_top=&#8221;50px&#8221;][vc_column dark_mode=&#8221;has-dark-mode&#8221; align=&#8221;center&#8221; bg_color=&#8221;#6d8165&#8243; width=&#8221;1\/4&#8243; padding_top=&#8221;30px&#8221; padding_bottom=&#8221;30px&#8221; el_class=&#8221;essense-runout-left essense-runout-verde-oliva&#8221;]<div class=\" agni-image custom-image-container agni-image-default text-center\">\r\n\t\t\t<figure class=\"agni-image-figure\">\r\n\t\t\t\t<img  class=\"fullwidth-image attachment-150x150  \" src=\"https:\/\/essense.coffee\/wp-content\/uploads\/2019\/05\/ICONA_Scrivici-150x150.png\" width=\"150\" height=\"150\" alt=\"Mettiti in contatto con noi\" title=\"ICONA_Scrivici\" \/>\r\n\t\t\t\t<figcaption class=\"vc_figure-caption\"><\/figcaption>\r\n\t\t\t<\/figure>\r\n\t\t<\/div>[\/vc_column][vc_column dark_mode=&#8221;has-dark-mode&#8221; align=&#8221;center&#8221; bg_color=&#8221;#6d8165&#8243; width=&#8221;1\/2&#8243; padding_top=&#8221;30px&#8221; padding_bottom=&#8221;30px&#8221;][vc_column_text padding_top=&#8221;25&#8243; el_class=&#8221;white-color&#8221;]<\/p>\n<p style=\"text-align: center;\">DES QUESTIONS OU DE LA CURIOSIT\u00c9<br \/>\n\u00c0 PROPOS DE L\u2019UNIVERS D\u2019ESSENSE ?<br \/>\n\u00c9CRIVEZ-NOUS, NOUS SERONS HEUREUX<br \/>\nDE PARTAGER NOTRE PASSION POUR LE CAF\u00c9.<\/p>\n<p>[\/vc_column_text][\/vc_column][vc_column dark_mode=&#8221;has-dark-mode&#8221; bg_color=&#8221;#6d8165&#8243; width=&#8221;1\/4&#8243;]<div class=\" agni-button-responsive agni-button  text-center page-scroll\"><a class=\"agni_custom_design_css btn btn-default\" target=\"_self\" href=\"https:\/\/essense.coffee\/fr\/about\/contact\/\"  >NOUS \u00c9CRIRE<\/a><\/div>[\/vc_column][\/vc_row][\/vc_section]<\/p>\n","protected":false},"excerpt":{"rendered":"<p>[vc_row content_placement=&#8221;middle&#8221; margin_top=&#8221;50px&#8221;][vc_column align=&#8221;center&#8221; width=&#8221;1\/2&#8243;][\/vc_column][vc_column width=&#8221;1\/2&#8243;][vc_column_text el_class=&#8221;testo-giustificato&#8221;] LITTLE BEAN Little Bean est une micro-br\u00fblerie artisanale fond\u00e9e en 2013 par\u00a0 Andrea Lattauda et Mariano Semino de 9bar, r\u00e9f\u00e9rence pour la formation professionnelle de baristas et torr\u00e9facteurs. La culture acquise durant les ann\u00e9es et la grande connaissance des mati\u00e8res premi\u00e8res se sont concr\u00e9tis\u00e9s dans cet ambitieux projet [&hellip;]<\/p>\n","protected":false},"author":3,"featured_media":0,"parent":10155,"menu_order":0,"comment_status":"closed","ping_status":"closed","template":"","meta":{"footnotes":""},"yoast_head":"<!-- This site is optimized with the Yoast SEO plugin v21.2 - https:\/\/yoast.com\/wordpress\/plugins\/seo\/ -->\n<title>Little Bean - Essense Coffee<\/title>\n<meta name=\"robots\" content=\"index, follow, max-snippet:-1, max-image-preview:large, max-video-preview:-1\" \/>\n<link rel=\"canonical\" href=\"https:\/\/essense.coffee\/fr\/groundtoenjoy\/torrefacteurs\/little-bean\/\" \/>\n<meta property=\"og:locale\" content=\"fr_FR\" \/>\n<meta property=\"og:type\" content=\"article\" \/>\n<meta property=\"og:title\" content=\"Little Bean - Essense Coffee\" \/>\n<meta property=\"og:description\" content=\"[vc_row content_placement=&#8221;middle&#8221; margin_top=&#8221;50px&#8221;][vc_column align=&#8221;center&#8221; width=&#8221;1\/2&#8243;][\/vc_column][vc_column width=&#8221;1\/2&#8243;][vc_column_text el_class=&#8221;testo-giustificato&#8221;] LITTLE BEAN Little Bean est une micro-br\u00fblerie artisanale fond\u00e9e en 2013 par\u00a0 Andrea Lattauda et Mariano Semino de 9bar, r\u00e9f\u00e9rence pour la formation professionnelle de baristas et torr\u00e9facteurs. La culture acquise durant les ann\u00e9es et la grande connaissance des mati\u00e8res premi\u00e8res se sont concr\u00e9tis\u00e9s dans cet ambitieux projet [&hellip;]\" \/>\n<meta property=\"og:url\" content=\"https:\/\/essense.coffee\/fr\/groundtoenjoy\/torrefacteurs\/little-bean\/\" \/>\n<meta property=\"og:site_name\" content=\"Essense Coffee\" \/>\n<meta property=\"article:modified_time\" content=\"2020-03-31T10:34:16+00:00\" \/>\n<meta name=\"twitter:card\" content=\"summary_large_image\" \/>\n<meta name=\"twitter:label1\" content=\"Dur\u00e9e de lecture estim\u00e9e\" \/>\n\t<meta name=\"twitter:data1\" content=\"3 minutes\" \/>\n<script type=\"application\/ld+json\" class=\"yoast-schema-graph\">{\"@context\":\"https:\/\/schema.org\",\"@graph\":[{\"@type\":\"WebPage\",\"@id\":\"https:\/\/essense.coffee\/fr\/groundtoenjoy\/torrefacteurs\/little-bean\/\",\"url\":\"https:\/\/essense.coffee\/fr\/groundtoenjoy\/torrefacteurs\/little-bean\/\",\"name\":\"Little Bean - Essense Coffee\",\"isPartOf\":{\"@id\":\"https:\/\/essense.coffee\/fr\/#website\"},\"datePublished\":\"2019-07-01T08:26:23+00:00\",\"dateModified\":\"2020-03-31T10:34:16+00:00\",\"breadcrumb\":{\"@id\":\"https:\/\/essense.coffee\/fr\/groundtoenjoy\/torrefacteurs\/little-bean\/#breadcrumb\"},\"inLanguage\":\"fr-FR\",\"potentialAction\":[{\"@type\":\"ReadAction\",\"target\":[\"https:\/\/essense.coffee\/fr\/groundtoenjoy\/torrefacteurs\/little-bean\/\"]}]},{\"@type\":\"BreadcrumbList\",\"@id\":\"https:\/\/essense.coffee\/fr\/groundtoenjoy\/torrefacteurs\/little-bean\/#breadcrumb\",\"itemListElement\":[{\"@type\":\"ListItem\",\"position\":1,\"name\":\"Shop\",\"item\":\"\/categorie-shop\"},{\"@type\":\"ListItem\",\"position\":2,\"name\":\"Torr\u00e9facteurs\",\"item\":\"https:\/\/essense.coffee\/fr\/groundtoenjoy\/torrefacteurs\/\"},{\"@type\":\"ListItem\",\"position\":3,\"name\":\"Little Bean\"}]},{\"@type\":\"WebSite\",\"@id\":\"https:\/\/essense.coffee\/fr\/#website\",\"url\":\"https:\/\/essense.coffee\/fr\/\",\"name\":\"Essense Coffee\",\"description\":\"The best coffee instruments and our very own single-portioned coffee for every brewing method.\",\"publisher\":{\"@id\":\"https:\/\/essense.coffee\/fr\/#organization\"},\"potentialAction\":[{\"@type\":\"SearchAction\",\"target\":{\"@type\":\"EntryPoint\",\"urlTemplate\":\"https:\/\/essense.coffee\/fr\/?s={search_term_string}\"},\"query-input\":\"required name=search_term_string\"}],\"inLanguage\":\"fr-FR\"},{\"@type\":\"Organization\",\"@id\":\"https:\/\/essense.coffee\/fr\/#organization\",\"name\":\"Essense Coffee\",\"url\":\"https:\/\/essense.coffee\/fr\/\",\"logo\":{\"@type\":\"ImageObject\",\"inLanguage\":\"fr-FR\",\"@id\":\"https:\/\/essense.coffee\/fr\/#\/schema\/logo\/image\/\",\"url\":\"https:\/\/essense.coffee\/wp-content\/uploads\/2020\/05\/Logo-Essense-300x300-1.jpg\",\"contentUrl\":\"https:\/\/essense.coffee\/wp-content\/uploads\/2020\/05\/Logo-Essense-300x300-1.jpg\",\"width\":300,\"height\":300,\"caption\":\"Essense Coffee\"},\"image\":{\"@id\":\"https:\/\/essense.coffee\/fr\/#\/schema\/logo\/image\/\"}}]}<\/script>\n<!-- \/ Yoast SEO plugin. -->","yoast_head_json":{"title":"Little Bean - Essense Coffee","robots":{"index":"index","follow":"follow","max-snippet":"max-snippet:-1","max-image-preview":"max-image-preview:large","max-video-preview":"max-video-preview:-1"},"canonical":"https:\/\/essense.coffee\/fr\/groundtoenjoy\/torrefacteurs\/little-bean\/","og_locale":"fr_FR","og_type":"article","og_title":"Little Bean - Essense Coffee","og_description":"[vc_row content_placement=&#8221;middle&#8221; margin_top=&#8221;50px&#8221;][vc_column align=&#8221;center&#8221; width=&#8221;1\/2&#8243;][\/vc_column][vc_column width=&#8221;1\/2&#8243;][vc_column_text el_class=&#8221;testo-giustificato&#8221;] LITTLE BEAN Little Bean est une micro-br\u00fblerie artisanale fond\u00e9e en 2013 par\u00a0 Andrea Lattauda et Mariano Semino de 9bar, r\u00e9f\u00e9rence pour la formation professionnelle de baristas et torr\u00e9facteurs. La culture acquise durant les ann\u00e9es et la grande connaissance des mati\u00e8res premi\u00e8res se sont concr\u00e9tis\u00e9s dans cet ambitieux projet [&hellip;]","og_url":"https:\/\/essense.coffee\/fr\/groundtoenjoy\/torrefacteurs\/little-bean\/","og_site_name":"Essense Coffee","article_modified_time":"2020-03-31T10:34:16+00:00","twitter_card":"summary_large_image","twitter_misc":{"Dur\u00e9e de lecture estim\u00e9e":"3 minutes"},"schema":{"@context":"https:\/\/schema.org","@graph":[{"@type":"WebPage","@id":"https:\/\/essense.coffee\/fr\/groundtoenjoy\/torrefacteurs\/little-bean\/","url":"https:\/\/essense.coffee\/fr\/groundtoenjoy\/torrefacteurs\/little-bean\/","name":"Little Bean - Essense Coffee","isPartOf":{"@id":"https:\/\/essense.coffee\/fr\/#website"},"datePublished":"2019-07-01T08:26:23+00:00","dateModified":"2020-03-31T10:34:16+00:00","breadcrumb":{"@id":"https:\/\/essense.coffee\/fr\/groundtoenjoy\/torrefacteurs\/little-bean\/#breadcrumb"},"inLanguage":"fr-FR","potentialAction":[{"@type":"ReadAction","target":["https:\/\/essense.coffee\/fr\/groundtoenjoy\/torrefacteurs\/little-bean\/"]}]},{"@type":"BreadcrumbList","@id":"https:\/\/essense.coffee\/fr\/groundtoenjoy\/torrefacteurs\/little-bean\/#breadcrumb","itemListElement":[{"@type":"ListItem","position":1,"name":"Shop","item":"\/categorie-shop"},{"@type":"ListItem","position":2,"name":"Torr\u00e9facteurs","item":"https:\/\/essense.coffee\/fr\/groundtoenjoy\/torrefacteurs\/"},{"@type":"ListItem","position":3,"name":"Little Bean"}]},{"@type":"WebSite","@id":"https:\/\/essense.coffee\/fr\/#website","url":"https:\/\/essense.coffee\/fr\/","name":"Essense Coffee","description":"The best coffee instruments and our very own single-portioned coffee for every brewing method.","publisher":{"@id":"https:\/\/essense.coffee\/fr\/#organization"},"potentialAction":[{"@type":"SearchAction","target":{"@type":"EntryPoint","urlTemplate":"https:\/\/essense.coffee\/fr\/?s={search_term_string}"},"query-input":"required name=search_term_string"}],"inLanguage":"fr-FR"},{"@type":"Organization","@id":"https:\/\/essense.coffee\/fr\/#organization","name":"Essense Coffee","url":"https:\/\/essense.coffee\/fr\/","logo":{"@type":"ImageObject","inLanguage":"fr-FR","@id":"https:\/\/essense.coffee\/fr\/#\/schema\/logo\/image\/","url":"https:\/\/essense.coffee\/wp-content\/uploads\/2020\/05\/Logo-Essense-300x300-1.jpg","contentUrl":"https:\/\/essense.coffee\/wp-content\/uploads\/2020\/05\/Logo-Essense-300x300-1.jpg","width":300,"height":300,"caption":"Essense Coffee"},"image":{"@id":"https:\/\/essense.coffee\/fr\/#\/schema\/logo\/image\/"}}]}},"_links":{"self":[{"href":"https:\/\/essense.coffee\/fr\/wp-json\/wp\/v2\/pages\/10208"}],"collection":[{"href":"https:\/\/essense.coffee\/fr\/wp-json\/wp\/v2\/pages"}],"about":[{"href":"https:\/\/essense.coffee\/fr\/wp-json\/wp\/v2\/types\/page"}],"author":[{"embeddable":true,"href":"https:\/\/essense.coffee\/fr\/wp-json\/wp\/v2\/users\/3"}],"replies":[{"embeddable":true,"href":"https:\/\/essense.coffee\/fr\/wp-json\/wp\/v2\/comments?post=10208"}],"version-history":[{"count":8,"href":"https:\/\/essense.coffee\/fr\/wp-json\/wp\/v2\/pages\/10208\/revisions"}],"predecessor-version":[{"id":17267,"href":"https:\/\/essense.coffee\/fr\/wp-json\/wp\/v2\/pages\/10208\/revisions\/17267"}],"up":[{"embeddable":true,"href":"https:\/\/essense.coffee\/fr\/wp-json\/wp\/v2\/pages\/10155"}],"wp:attachment":[{"href":"https:\/\/essense.coffee\/fr\/wp-json\/wp\/v2\/media?parent=10208"}],"curies":[{"name":"wp","href":"https:\/\/api.w.org\/{rel}","templated":true}]}}