{"id":10187,"date":"2019-06-27T15:04:52","date_gmt":"2019-06-27T15:04:52","guid":{"rendered":"http:\/\/35.158.205.248\/groundtoenjoy\/torrefacteurs\/caffe-italia\/"},"modified":"2020-03-31T12:29:05","modified_gmt":"2020-03-31T10:29:05","slug":"caffe-italia","status":"publish","type":"page","link":"https:\/\/essense.coffee\/fr\/groundtoenjoy\/torrefacteurs\/caffe-italia\/","title":{"rendered":"Caff\u00e8 Italia"},"content":{"rendered":"<p>[vc_row content_placement=&#8221;middle&#8221; margin_top=&#8221;50px&#8221;][vc_column align=&#8221;center&#8221; width=&#8221;1\/2&#8243;]<div class=\" agni-image custom-image-container agni-image-default text-center\">\r\n\t\t\t<figure class=\"agni-image-figure\">\r\n\t\t\t\t<a href=\"https:\/\/caffeitalia.coffee\/\" target=\"_blank\" data-size=\"600x600\"><img  class=\"fullwidth-image attachment-400x400  \" src=\"https:\/\/essense.coffee\/wp-content\/uploads\/2020\/03\/logo_caffe-italia_600x600-400x400.png\" width=\"400\" height=\"400\" alt=\"logo_caffe-italia_600x600\" title=\"logo_caffe-italia_600x600\" \/><\/a>\r\n\t\t\t\t<figcaption class=\"vc_figure-caption\"><\/figcaption>\r\n\t\t\t<\/figure>\r\n\t\t<\/div>[\/vc_column][vc_column width=&#8221;1\/2&#8243;][vc_column_text el_class=&#8221;testo-giustificato&#8221;]<\/p>\n<h2>CAFF\u00c8 ITALIA<\/h2>\n<p>Caff\u00e8 Italia\u00a0 est une jeune br\u00fblerie situ\u00e9e au nord de Rome qui travaille avec le soin et la passion que seul un artisan peut obtenir. C&#8217;est une entreprise de premi\u00e8re g\u00e9n\u00e9ration profond\u00e9ment enracin\u00e9e dans le monde agricole, avec de l&#8217;exp\u00e9rience dans le monde de l&#8217;huile de d&#8217;olive, dans la culture des vignes et naturellement dans la torr\u00e9faction du caf\u00e9. Ils travaillent depuis des ann\u00e9es dans l&#8217;objectif de contribuer au renouveau du secteur du caf\u00e9 pour encourager \u00e0 la prise de conscience de la valeur r\u00e9elle de ce produit extraordinaire. C&#8217;est pour cette raison que nous nous sommes tout de suite entendus lors de notre premi\u00e8re rencontre en 2017 durant le <a href=\"https:\/\/www.sigep.it\/sigep\/filiere\/caffe\">Sigep<\/a>, un important salon du secteur CHR et lieu de la finale nationale des Championnats du caf\u00e9 promus par la SCA.<br \/>\nLa philosophie de Caff\u00e8 Italia conjugue \u00e9thique et exp\u00e9rience au cours de toutes les \u00e9tapes du processus : de la s\u00e9lection pour l&#8217;achat au profilage, de la torr\u00e9faction \u00e0 la promotion de ses caf\u00e9s, ils portent beaucoup d&#8217;attention et de respect \u00e0 chaque phase de la fili\u00e8re.<\/p>\n<p>www.caffeitalia.coffee[\/vc_column_text]<span class=\" agni-icon has-icon \" ><span class=\"agni-icon-container\" style=\"border-radius:50%; color:#000000; \"><a href=\"https:\/\/www.facebook.com\/CaffeItaliaRoastery\/\"><i class=\"fa fa-facebook-official  \" style=\"font-size:32px; border-radius:50%; color:#000000; \"><\/i><\/a><\/span><\/span><span class=\" agni-icon has-icon \" ><span class=\"agni-icon-container\" style=\"border-radius:50%; color:#000000; \"><a href=\"https:\/\/www.instagram.com\/caffeitaliaroastery\/\"><i class=\"ion-social-instagram  \" style=\"font-size:35px; border-radius:50%; color:#000000; \"><\/i><\/a><\/span><\/span>[\/vc_column][\/vc_row][vc_section disable_element=&#8221;yes&#8221;][vc_row fullwidth=&#8221;has-fullwidth-column-no-padding&#8221; padding_top=&#8221;5em&#8221; padding_bottom=&#8221;5em&#8221;][vc_column align=&#8221;center&#8221; bg_color=&#8221;#ece9e4&#8243; padding_top=&#8221;2em&#8221; padding_bottom=&#8221;4em&#8221;][vc_column_text]<\/p>\n<h2>LEURS CAF\u00c9S<\/h2>\n<p>D\u00e9couvrez les caf\u00e9s de CAFF\u00c8 ITALIA actuellement disponibles :[\/vc_column_text][\/vc_column][\/vc_row][vc_row margin_top=&#8221;-9em&#8221; padding_right=&#8221;40&#8243; padding_left=&#8221;40&#8243;][vc_column padding_right=&#8221;40&#8243; padding_left=&#8221;40&#8243;]<div class=\"woocommerce columns-4 agni-products-all \"><\/div>[\/vc_column][\/vc_row][vc_row][vc_column]<div class=\" agni-button  text-center page-scroll\"><a class=\"agni_custom_design_css btn btn-default\" target=\"_self\" href=\"\/categoria-prodotto\/caffe\"  >Voir tous les caf\u00e9s<\/a><\/div>[\/vc_column][\/vc_row][\/vc_section][vc_section content_placement=&#8221;middle&#8221; css=&#8221;.vc_custom_1558077972884{margin-top: 50px !important;margin-bottom: 50px !important;}&#8221; el_class=&#8221;outburst-right-yellow&#8221;][vc_row bg_color=&#8221;#ffffff&#8221; equal_height=&#8221;yes&#8221; content_placement=&#8221;middle&#8221; margin_top=&#8221;50px&#8221;][vc_column dark_mode=&#8221;has-dark-mode&#8221; align=&#8221;center&#8221; bg_color=&#8221;#e6af00&#8243; width=&#8221;1\/4&#8243; padding_top=&#8221;30px&#8221; padding_bottom=&#8221;30px&#8221;]<div class=\" agni-image custom-image-container agni-image-default text-center\">\r\n\t\t\t<figure class=\"agni-image-figure\">\r\n\t\t\t\t<img  class=\"fullwidth-image attachment-150x150  \" src=\"https:\/\/essense.coffee\/wp-content\/uploads\/2019\/05\/ICONA_Newsletter-150x150.png\" width=\"150\" height=\"150\" alt=\"Iscriviti alla newsletter di Essense\" title=\"ICONA_Newsletter\" \/>\r\n\t\t\t\t<figcaption class=\"vc_figure-caption\"><\/figcaption>\r\n\t\t\t<\/figure>\r\n\t\t<\/div>[\/vc_column][vc_column dark_mode=&#8221;has-dark-mode&#8221; align=&#8221;center&#8221; bg_color=&#8221;#e6af00&#8243; width=&#8221;1\/2&#8243; padding_top=&#8221;30px&#8221; padding_bottom=&#8221;30px&#8221;][vc_column_text padding_top=&#8221;25&#8243; el_class=&#8221;white-color&#8221;]<\/p>\n<p style=\"text-align: center;\">INSCRIVEZ VOUS \u00c0 LA NEWSLETTER<br \/>\nET VIVEZ EN PERSONNE<br \/>\nLA R\u00c9VOLUTION DU SLOW COFFEE<\/p>\n<p>[\/vc_column_text][\/vc_column][vc_column dark_mode=&#8221;has-dark-mode&#8221; align=&#8221;center&#8221; bg_color=&#8221;#e6af00&#8243; width=&#8221;1\/4&#8243; el_class=&#8221;essense-runout-right essense-runout-giallo-ocra&#8221;]<div class=\" agni-button-responsive agni-button  text-center page-scroll\"><a class=\"agni_custom_design_css btn btn-default\" target=\"_self\" href=\"#newsletter\"  >S'INSCRIRE<\/a><\/div>[\/vc_column][\/vc_row][\/vc_section][vc_section content_placement=&#8221;middle&#8221; css=&#8221;.vc_custom_1557824737813{margin-top: 50px !important;margin-bottom: 50px !important;}&#8221; el_class=&#8221;outburst-left&#8221;][vc_row bg_color=&#8221;#ffffff&#8221; equal_height=&#8221;yes&#8221; content_placement=&#8221;middle&#8221; margin_top=&#8221;50px&#8221;][vc_column dark_mode=&#8221;has-dark-mode&#8221; align=&#8221;center&#8221; bg_color=&#8221;#6d8165&#8243; width=&#8221;1\/4&#8243; padding_top=&#8221;30px&#8221; padding_bottom=&#8221;30px&#8221; el_class=&#8221;essense-runout-left essense-runout-verde-oliva&#8221;]<div class=\" agni-image custom-image-container agni-image-default text-center\">\r\n\t\t\t<figure class=\"agni-image-figure\">\r\n\t\t\t\t<img  class=\"fullwidth-image attachment-150x150  \" src=\"https:\/\/essense.coffee\/wp-content\/uploads\/2019\/05\/ICONA_Scrivici-150x150.png\" width=\"150\" height=\"150\" alt=\"Mettiti in contatto con noi\" title=\"ICONA_Scrivici\" \/>\r\n\t\t\t\t<figcaption class=\"vc_figure-caption\"><\/figcaption>\r\n\t\t\t<\/figure>\r\n\t\t<\/div>[\/vc_column][vc_column dark_mode=&#8221;has-dark-mode&#8221; align=&#8221;center&#8221; bg_color=&#8221;#6d8165&#8243; width=&#8221;1\/2&#8243; padding_top=&#8221;30px&#8221; padding_bottom=&#8221;30px&#8221;][vc_column_text padding_top=&#8221;25&#8243; el_class=&#8221;white-color&#8221;]<\/p>\n<p style=\"text-align: center;\">DES QUESTIONS OU DE LA CURIOSIT\u00c9<br \/>\n\u00c0 PROPOS DE L\u2019UNIVERS D\u2019ESSENSE\u00a0?<br \/>\n\u00c9CRIVEZ-NOUS, NOUS SERONS HEUREUX<br \/>\nDE PARTAGER AVEC VOUS NOTRE PASSION POUR LE CAF\u00c9.<\/p>\n<p>[\/vc_column_text][\/vc_column][vc_column dark_mode=&#8221;has-dark-mode&#8221; bg_color=&#8221;#6d8165&#8243; width=&#8221;1\/4&#8243;]<div class=\" agni-button-responsive agni-button  text-center page-scroll\"><a class=\"agni_custom_design_css btn btn-default\" target=\"_self\" href=\"https:\/\/essense.coffee\/fr\/about\/contact\/\"  >NOUS \u00c9CRIRE<\/a><\/div>[\/vc_column][\/vc_row][\/vc_section]<\/p>\n","protected":false},"excerpt":{"rendered":"<p>[vc_row content_placement=&#8221;middle&#8221; margin_top=&#8221;50px&#8221;][vc_column align=&#8221;center&#8221; width=&#8221;1\/2&#8243;][\/vc_column][vc_column width=&#8221;1\/2&#8243;][vc_column_text el_class=&#8221;testo-giustificato&#8221;] CAFF\u00c8 ITALIA Caff\u00e8 Italia\u00a0 est une jeune br\u00fblerie situ\u00e9e au nord de Rome qui travaille avec le soin et la passion que seul un artisan peut obtenir. C&#8217;est une entreprise de premi\u00e8re g\u00e9n\u00e9ration profond\u00e9ment enracin\u00e9e dans le monde agricole, avec de l&#8217;exp\u00e9rience dans le monde de l&#8217;huile de [&hellip;]<\/p>\n","protected":false},"author":2,"featured_media":0,"parent":10155,"menu_order":0,"comment_status":"closed","ping_status":"closed","template":"","meta":{"footnotes":""},"yoast_head":"<!-- This site is optimized with the Yoast SEO plugin v21.2 - https:\/\/yoast.com\/wordpress\/plugins\/seo\/ -->\n<title>Caff\u00e8 Italia - Essense Coffee<\/title>\n<meta name=\"robots\" content=\"index, follow, max-snippet:-1, max-image-preview:large, max-video-preview:-1\" \/>\n<link rel=\"canonical\" href=\"https:\/\/essense.coffee\/fr\/groundtoenjoy\/torrefacteurs\/caffe-italia\/\" \/>\n<meta property=\"og:locale\" content=\"fr_FR\" \/>\n<meta property=\"og:type\" content=\"article\" \/>\n<meta property=\"og:title\" content=\"Caff\u00e8 Italia - Essense Coffee\" \/>\n<meta property=\"og:description\" content=\"[vc_row content_placement=&#8221;middle&#8221; margin_top=&#8221;50px&#8221;][vc_column align=&#8221;center&#8221; width=&#8221;1\/2&#8243;][\/vc_column][vc_column width=&#8221;1\/2&#8243;][vc_column_text el_class=&#8221;testo-giustificato&#8221;] CAFF\u00c8 ITALIA Caff\u00e8 Italia\u00a0 est une jeune br\u00fblerie situ\u00e9e au nord de Rome qui travaille avec le soin et la passion que seul un artisan peut obtenir. C&#8217;est une entreprise de premi\u00e8re g\u00e9n\u00e9ration profond\u00e9ment enracin\u00e9e dans le monde agricole, avec de l&#8217;exp\u00e9rience dans le monde de l&#8217;huile de [&hellip;]\" \/>\n<meta property=\"og:url\" content=\"https:\/\/essense.coffee\/fr\/groundtoenjoy\/torrefacteurs\/caffe-italia\/\" \/>\n<meta property=\"og:site_name\" content=\"Essense Coffee\" \/>\n<meta property=\"article:modified_time\" content=\"2020-03-31T10:29:05+00:00\" \/>\n<meta name=\"twitter:card\" content=\"summary_large_image\" \/>\n<meta name=\"twitter:label1\" content=\"Dur\u00e9e de lecture estim\u00e9e\" \/>\n\t<meta name=\"twitter:data1\" content=\"3 minutes\" \/>\n<script type=\"application\/ld+json\" class=\"yoast-schema-graph\">{\"@context\":\"https:\/\/schema.org\",\"@graph\":[{\"@type\":\"WebPage\",\"@id\":\"https:\/\/essense.coffee\/fr\/groundtoenjoy\/torrefacteurs\/caffe-italia\/\",\"url\":\"https:\/\/essense.coffee\/fr\/groundtoenjoy\/torrefacteurs\/caffe-italia\/\",\"name\":\"Caff\u00e8 Italia - Essense Coffee\",\"isPartOf\":{\"@id\":\"https:\/\/essense.coffee\/fr\/#website\"},\"datePublished\":\"2019-06-27T15:04:52+00:00\",\"dateModified\":\"2020-03-31T10:29:05+00:00\",\"breadcrumb\":{\"@id\":\"https:\/\/essense.coffee\/fr\/groundtoenjoy\/torrefacteurs\/caffe-italia\/#breadcrumb\"},\"inLanguage\":\"fr-FR\",\"potentialAction\":[{\"@type\":\"ReadAction\",\"target\":[\"https:\/\/essense.coffee\/fr\/groundtoenjoy\/torrefacteurs\/caffe-italia\/\"]}]},{\"@type\":\"BreadcrumbList\",\"@id\":\"https:\/\/essense.coffee\/fr\/groundtoenjoy\/torrefacteurs\/caffe-italia\/#breadcrumb\",\"itemListElement\":[{\"@type\":\"ListItem\",\"position\":1,\"name\":\"Shop\",\"item\":\"\/categorie-shop\"},{\"@type\":\"ListItem\",\"position\":2,\"name\":\"Torr\u00e9facteurs\",\"item\":\"https:\/\/essense.coffee\/fr\/groundtoenjoy\/torrefacteurs\/\"},{\"@type\":\"ListItem\",\"position\":3,\"name\":\"Caff\u00e8 Italia\"}]},{\"@type\":\"WebSite\",\"@id\":\"https:\/\/essense.coffee\/fr\/#website\",\"url\":\"https:\/\/essense.coffee\/fr\/\",\"name\":\"Essense Coffee\",\"description\":\"The best coffee instruments and our very own single-portioned coffee for every brewing method.\",\"publisher\":{\"@id\":\"https:\/\/essense.coffee\/fr\/#organization\"},\"potentialAction\":[{\"@type\":\"SearchAction\",\"target\":{\"@type\":\"EntryPoint\",\"urlTemplate\":\"https:\/\/essense.coffee\/fr\/?s={search_term_string}\"},\"query-input\":\"required name=search_term_string\"}],\"inLanguage\":\"fr-FR\"},{\"@type\":\"Organization\",\"@id\":\"https:\/\/essense.coffee\/fr\/#organization\",\"name\":\"Essense Coffee\",\"url\":\"https:\/\/essense.coffee\/fr\/\",\"logo\":{\"@type\":\"ImageObject\",\"inLanguage\":\"fr-FR\",\"@id\":\"https:\/\/essense.coffee\/fr\/#\/schema\/logo\/image\/\",\"url\":\"https:\/\/essense.coffee\/wp-content\/uploads\/2020\/05\/Logo-Essense-300x300-1.jpg\",\"contentUrl\":\"https:\/\/essense.coffee\/wp-content\/uploads\/2020\/05\/Logo-Essense-300x300-1.jpg\",\"width\":300,\"height\":300,\"caption\":\"Essense Coffee\"},\"image\":{\"@id\":\"https:\/\/essense.coffee\/fr\/#\/schema\/logo\/image\/\"}}]}<\/script>\n<!-- \/ Yoast SEO plugin. -->","yoast_head_json":{"title":"Caff\u00e8 Italia - Essense Coffee","robots":{"index":"index","follow":"follow","max-snippet":"max-snippet:-1","max-image-preview":"max-image-preview:large","max-video-preview":"max-video-preview:-1"},"canonical":"https:\/\/essense.coffee\/fr\/groundtoenjoy\/torrefacteurs\/caffe-italia\/","og_locale":"fr_FR","og_type":"article","og_title":"Caff\u00e8 Italia - Essense Coffee","og_description":"[vc_row content_placement=&#8221;middle&#8221; margin_top=&#8221;50px&#8221;][vc_column align=&#8221;center&#8221; width=&#8221;1\/2&#8243;][\/vc_column][vc_column width=&#8221;1\/2&#8243;][vc_column_text el_class=&#8221;testo-giustificato&#8221;] CAFF\u00c8 ITALIA Caff\u00e8 Italia\u00a0 est une jeune br\u00fblerie situ\u00e9e au nord de Rome qui travaille avec le soin et la passion que seul un artisan peut obtenir. C&#8217;est une entreprise de premi\u00e8re g\u00e9n\u00e9ration profond\u00e9ment enracin\u00e9e dans le monde agricole, avec de l&#8217;exp\u00e9rience dans le monde de l&#8217;huile de [&hellip;]","og_url":"https:\/\/essense.coffee\/fr\/groundtoenjoy\/torrefacteurs\/caffe-italia\/","og_site_name":"Essense Coffee","article_modified_time":"2020-03-31T10:29:05+00:00","twitter_card":"summary_large_image","twitter_misc":{"Dur\u00e9e de lecture estim\u00e9e":"3 minutes"},"schema":{"@context":"https:\/\/schema.org","@graph":[{"@type":"WebPage","@id":"https:\/\/essense.coffee\/fr\/groundtoenjoy\/torrefacteurs\/caffe-italia\/","url":"https:\/\/essense.coffee\/fr\/groundtoenjoy\/torrefacteurs\/caffe-italia\/","name":"Caff\u00e8 Italia - Essense Coffee","isPartOf":{"@id":"https:\/\/essense.coffee\/fr\/#website"},"datePublished":"2019-06-27T15:04:52+00:00","dateModified":"2020-03-31T10:29:05+00:00","breadcrumb":{"@id":"https:\/\/essense.coffee\/fr\/groundtoenjoy\/torrefacteurs\/caffe-italia\/#breadcrumb"},"inLanguage":"fr-FR","potentialAction":[{"@type":"ReadAction","target":["https:\/\/essense.coffee\/fr\/groundtoenjoy\/torrefacteurs\/caffe-italia\/"]}]},{"@type":"BreadcrumbList","@id":"https:\/\/essense.coffee\/fr\/groundtoenjoy\/torrefacteurs\/caffe-italia\/#breadcrumb","itemListElement":[{"@type":"ListItem","position":1,"name":"Shop","item":"\/categorie-shop"},{"@type":"ListItem","position":2,"name":"Torr\u00e9facteurs","item":"https:\/\/essense.coffee\/fr\/groundtoenjoy\/torrefacteurs\/"},{"@type":"ListItem","position":3,"name":"Caff\u00e8 Italia"}]},{"@type":"WebSite","@id":"https:\/\/essense.coffee\/fr\/#website","url":"https:\/\/essense.coffee\/fr\/","name":"Essense Coffee","description":"The best coffee instruments and our very own single-portioned coffee for every brewing method.","publisher":{"@id":"https:\/\/essense.coffee\/fr\/#organization"},"potentialAction":[{"@type":"SearchAction","target":{"@type":"EntryPoint","urlTemplate":"https:\/\/essense.coffee\/fr\/?s={search_term_string}"},"query-input":"required name=search_term_string"}],"inLanguage":"fr-FR"},{"@type":"Organization","@id":"https:\/\/essense.coffee\/fr\/#organization","name":"Essense Coffee","url":"https:\/\/essense.coffee\/fr\/","logo":{"@type":"ImageObject","inLanguage":"fr-FR","@id":"https:\/\/essense.coffee\/fr\/#\/schema\/logo\/image\/","url":"https:\/\/essense.coffee\/wp-content\/uploads\/2020\/05\/Logo-Essense-300x300-1.jpg","contentUrl":"https:\/\/essense.coffee\/wp-content\/uploads\/2020\/05\/Logo-Essense-300x300-1.jpg","width":300,"height":300,"caption":"Essense Coffee"},"image":{"@id":"https:\/\/essense.coffee\/fr\/#\/schema\/logo\/image\/"}}]}},"_links":{"self":[{"href":"https:\/\/essense.coffee\/fr\/wp-json\/wp\/v2\/pages\/10187"}],"collection":[{"href":"https:\/\/essense.coffee\/fr\/wp-json\/wp\/v2\/pages"}],"about":[{"href":"https:\/\/essense.coffee\/fr\/wp-json\/wp\/v2\/types\/page"}],"author":[{"embeddable":true,"href":"https:\/\/essense.coffee\/fr\/wp-json\/wp\/v2\/users\/2"}],"replies":[{"embeddable":true,"href":"https:\/\/essense.coffee\/fr\/wp-json\/wp\/v2\/comments?post=10187"}],"version-history":[{"count":12,"href":"https:\/\/essense.coffee\/fr\/wp-json\/wp\/v2\/pages\/10187\/revisions"}],"predecessor-version":[{"id":17259,"href":"https:\/\/essense.coffee\/fr\/wp-json\/wp\/v2\/pages\/10187\/revisions\/17259"}],"up":[{"embeddable":true,"href":"https:\/\/essense.coffee\/fr\/wp-json\/wp\/v2\/pages\/10155"}],"wp:attachment":[{"href":"https:\/\/essense.coffee\/fr\/wp-json\/wp\/v2\/media?parent=10187"}],"curies":[{"name":"wp","href":"https:\/\/api.w.org\/{rel}","templated":true}]}}