{"id":6953,"date":"2019-05-31T17:42:41","date_gmt":"2019-05-31T17:42:41","guid":{"rendered":"http:\/\/35.158.205.248\/coffee-stories\/malmo\/"},"modified":"2020-06-17T08:50:37","modified_gmt":"2020-06-17T06:50:37","slug":"malmo","status":"publish","type":"page","link":"https:\/\/essense.coffee\/en\/coffee-stories\/malmo\/","title":{"rendered":"MALMO"},"content":{"rendered":"<p>[vc_section][vc_row margin_top_mobile=&#8221;-70px&#8221;][vc_column]\n\t\t\t<!-- START MALMO REVOLUTION SLIDER 6.5.12 --><p class=\"rs-p-wp-fix\"><\/p>\n\t\t\t<rs-module-wrap id=\"rev_slider_26_1_wrapper\" data-source=\"gallery\" style=\"visibility:hidden;background:transparent;padding:0;margin:0px auto;margin-top:0;margin-bottom:0;\">\n\t\t\t\t<rs-module id=\"rev_slider_26_1\" style=\"\" data-version=\"6.5.12\">\n\t\t\t\t\t<rs-slides>\n\t\t\t\t\t\t<rs-slide style=\"position: absolute;\" data-key=\"rs-43\" data-title=\"Essense\" data-duration=\"4000\" data-anim=\"ms:600;r:0;\" data-in=\"o:0;\" data-out=\"a:false;\">\n\t\t\t\t\t\t\t<img src=\"\/\/essense.coffee\/wp-content\/plugins\/revslider\/public\/assets\/assets\/dummy.png\" alt=\"MALMO\" title=\"MALMO_copertina\" width=\"2000\" height=\"1000\" class=\"rev-slidebg tp-rs-img rs-lazyload\" data-lazyload=\"\/\/essense.coffee\/wp-content\/uploads\/2019\/05\/MALMO_copertina.jpg\" data-bg=\"p:60% 0%;\" data-no-retina>\n<!--\n\t\t\t\t\t\t\t--><rs-layer\n\t\t\t\t\t\t\t\tid=\"slider-26-slide-43-layer-1\" \n\t\t\t\t\t\t\t\tdata-type=\"text\"\n\t\t\t\t\t\t\t\tdata-rsp_ch=\"on\"\n\t\t\t\t\t\t\t\tdata-xy=\"x:r;xo:-1px;yo:444px;\"\n\t\t\t\t\t\t\t\tdata-text=\"s:60;l:70;a:right;\"\n\t\t\t\t\t\t\t\tdata-padding=\"t:40;r:40;b:40;l:40;\"\n\t\t\t\t\t\t\t\tdata-frame_0=\"o:1;tp:600;\"\n\t\t\t\t\t\t\t\tdata-frame_1=\"tp:600;sp:0;sR:10;\"\n\t\t\t\t\t\t\t\tdata-frame_999=\"o:0;tp:600;st:3999.9996948242;sR:3989.9996948242;\"\n\t\t\t\t\t\t\t\tstyle=\"z-index:5;background-color:rgba(0,0,0,0.61);font-family:'Anton';\"\n\t\t\t\t\t\t\t>Blend<br>\nMALM\u00d6 \n\t\t\t\t\t\t\t<\/rs-layer><!--\n-->\t\t\t\t\t\t<\/rs-slide>\n\t\t\t\t\t<\/rs-slides>\n\t\t\t\t<\/rs-module>\n\t\t\t\t<script>\n\t\t\t\t\tsetREVStartSize({c: 'rev_slider_26_1',rl:[1240,1240,1240,480],el:[690,690,690,720],gw:[1400,1400,1400,720],gh:[690,690,690,720],type:'hero',justify:'',layout:'fullwidth',mh:\"0\"});if (window.RS_MODULES!==undefined && window.RS_MODULES.modules!==undefined && window.RS_MODULES.modules[\"revslider261\"]!==undefined) {window.RS_MODULES.modules[\"revslider261\"].once = false;window.revapi26 = undefined;if (window.RS_MODULES.checkMinimal!==undefined) window.RS_MODULES.checkMinimal()}\n\t\t\t\t<\/script>\n\t\t\t<\/rs-module-wrap>\n\t\t\t<!-- END REVOLUTION SLIDER -->\n[\/vc_column][\/vc_row][\/vc_section][vc_section][vc_row margin_top=&#8221;50px&#8221;][vc_column width=&#8221;1\/4&#8243;][\/vc_column][vc_column align=&#8221;center&#8221; width=&#8221;1\/2&#8243; offset=&#8221;vc_hidden-lg vc_hidden-md vc_hidden-sm&#8221;][vc_column_text]<\/p>\n<p style=\"text-align: center;\"><a href=\"https:\/\/essense.coffee\/it\/caffe\/malmo\/\">IT<\/a>\u00a0 \u00a0 \u00a0<a href=\"https:\/\/essense.coffee\/en\/coffee-stories\/malmo\/\">EN<\/a>\u00a0 \u00a0 \u00a0<a href=\"https:\/\/essense.coffee\/fr\/cafes\/malmo\/\">FR<\/a><\/p>\n<p>[\/vc_column_text][\/vc_column][vc_column width=&#8221;1\/4&#8243;][\/vc_column][\/vc_row][vc_row margin_top=&#8221;50px&#8221;][vc_column width=&#8221;1\/4&#8243;][\/vc_column][vc_column width=&#8221;1\/2&#8243;][vc_column_text el_class=&#8221;testo-giustificato&#8221;]<img decoding=\"async\" loading=\"lazy\" class=\" wp-image-116 aligncenter\" src=\"https:\/\/essense.coffee\/wp-content\/uploads\/2018\/11\/bollino_01.png\" alt=\"caff\u00e8 blend\" width=\"80\" height=\"80\" \/><\/p>\n<h2 style=\"text-align: center;\">MALM\u00d6<\/h2>\n<p>This coffee is named after the Swedish city of Malm\u00f6 as a tribute to the Nordic coffee culture. Malm\u00f6 is, in fact, one of the focal points for the Specialty Coffee scene in the Scandinavian countries. The fruity profile emphasized by the light roast is in fact inspired by the best coffees of the Northern European artisan roasters.[\/vc_column_text][\/vc_column][vc_column width=&#8221;1\/4&#8243;][\/vc_column][\/vc_row][\/vc_section][vc_section][vc_row content_placement=&#8221;middle&#8221; margin_top=&#8221;50px&#8221; el_class=&#8221;columns-display-block&#8221;][vc_column width=&#8221;1\/2&#8243;][vc_column_text]<iframe loading=\"lazy\" src=\"https:\/\/www.google.com\/maps\/d\/u\/2\/embed?mid=14_0gLzcJlg9bMsbQ_Q1l0ob1y2ESINf7\" width=\"640\" height=\"350\"><\/iframe>[\/vc_column_text][\/vc_column][vc_column align=&#8221;center&#8221; width=&#8221;1\/4&#8243;]<div class=\" agni-image custom-image-container agni-image-default text-center\">\r\n\t\t\t<figure class=\"agni-image-figure\">\r\n\t\t\t\t<img  class=\"fullwidth-image attachment-200X200  \" src=\"https:\/\/essense.coffee\/wp-content\/uploads\/2019\/06\/ICONA_origini-200x200.png\" width=\"200\" height=\"200\" alt=\"Origini\" title=\"ICONA_origini\" \/>\r\n\t\t\t\t<figcaption class=\"vc_figure-caption\"><\/figcaption>\r\n\t\t\t<\/figure>\r\n\t\t<\/div>[\/vc_column][vc_column align=&#8221;center&#8221; width=&#8221;1\/4&#8243;][vc_column_text]<\/p>\n<p style=\"text-align: center;\"><b>Blend recipe: <\/b><\/p>\n<p style=\"text-align: center;\">COLOMBIA<\/p>\n<p style=\"text-align: center;\">NICARAGUA<\/p>\n<p style=\"text-align: center;\">GUATEMALA<\/p>\n<p>[\/vc_column_text][\/vc_column][\/vc_row][\/vc_section][vc_section content_placement=&#8221;middle&#8221; css=&#8221;.vc_custom_1558798156336{margin-top: 50px !important;}&#8221; el_class=&#8221;outburst-right-yellow&#8221;][vc_row bg_color=&#8221;#ffffff&#8221; equal_height=&#8221;yes&#8221; content_placement=&#8221;middle&#8221; margin_top=&#8221;50px&#8221;][vc_column dark_mode=&#8221;has-dark-mode&#8221; align=&#8221;center&#8221; bg_color=&#8221;#937a66&#8243; width=&#8221;1\/4&#8243; padding_top=&#8221;30px&#8221; padding_bottom=&#8221;30px&#8221;]<div class=\" agni-image custom-image-container agni-image-default text-center\">\r\n\t\t\t<figure class=\"agni-image-figure\">\r\n\t\t\t\t<img  class=\"fullwidth-image attachment-150x150  \" src=\"https:\/\/essense.coffee\/wp-content\/uploads\/2019\/05\/ICONA_Profilo-organolettico-150x150.png\" width=\"150\" height=\"150\" alt=\"Profilo organolettico\" title=\"ICONA_Profilo-organolettico\" \/>\r\n\t\t\t\t<figcaption class=\"vc_figure-caption\"><\/figcaption>\r\n\t\t\t<\/figure>\r\n\t\t<\/div>[\/vc_column][vc_column dark_mode=&#8221;has-dark-mode&#8221; align=&#8221;center&#8221; bg_color=&#8221;#937a66&#8243; width=&#8221;1\/2&#8243; padding_top=&#8221;30px&#8221; padding_bottom=&#8221;30px&#8221;][vc_column_text padding_top=&#8221;25&#8243; el_class=&#8221;white-color&#8221;]<\/p>\n<p style=\"text-align: center;\"><strong>Sensory analysis:<\/strong><\/p>\n<p style=\"text-align: center;\">A balanced cup with a fruity profile<br \/>\nand a sweet and persistent aftertaste,<br \/>\nit features notes of cherry and wild berries.<\/p>\n<p>[\/vc_column_text][\/vc_column][vc_column dark_mode=&#8221;has-dark-mode&#8221; align=&#8221;center&#8221; bg_color=&#8221;#937a66&#8243; width=&#8221;1\/4&#8243; el_class=&#8221;essense-runout-right essense-runout-beige-scuro&#8221;][\/vc_column][\/vc_row][\/vc_section][vc_section][vc_row margin_top=&#8221;50px&#8221;][vc_column width=&#8221;1\/4&#8243;][\/vc_column][vc_column width=&#8221;1\/2&#8243;][vc_column_text el_class=&#8221;testo-giustificato&#8221;]This 100% arabica blend is characterized by a fruity profile and a sweet aftertaste. By being filter extracted, it produces a balanced cup with clear notes of red fruit.[\/vc_column_text][\/vc_column][vc_column width=&#8221;1\/4&#8243;][\/vc_column][\/vc_row][\/vc_section][vc_section content_placement=&#8221;middle&#8221; css=&#8221;.vc_custom_1558798156336{margin-top: 50px !important;}&#8221; el_class=&#8221;outburst-right-yellow&#8221;][vc_row bg_color=&#8221;#ffffff&#8221; equal_height=&#8221;yes&#8221; content_placement=&#8221;middle&#8221; margin_top=&#8221;50px&#8221;][vc_column dark_mode=&#8221;has-dark-mode&#8221; align=&#8221;center&#8221; bg_color=&#8221;#e6af00&#8243; width=&#8221;1\/4&#8243; padding_top=&#8221;30px&#8221; padding_bottom=&#8221;30px&#8221;]<div class=\" agni-image custom-image-container agni-image-default text-center\">\r\n\t\t\t<figure class=\"agni-image-figure\">\r\n\t\t\t\t<img  class=\"fullwidth-image attachment-150x150  \" src=\"https:\/\/essense.coffee\/wp-content\/uploads\/2019\/05\/ICONA_Newsletter-150x150.png\" width=\"150\" height=\"150\" alt=\"Newsletter\" title=\"ICONA_Newsletter\" \/>\r\n\t\t\t\t<figcaption class=\"vc_figure-caption\"><\/figcaption>\r\n\t\t\t<\/figure>\r\n\t\t<\/div>[\/vc_column][vc_column dark_mode=&#8221;has-dark-mode&#8221; align=&#8221;center&#8221; bg_color=&#8221;#e6af00&#8243; width=&#8221;1\/2&#8243; padding_top=&#8221;30px&#8221; padding_bottom=&#8221;30px&#8221;][vc_column_text padding_top=&#8221;25&#8243; el_class=&#8221;white-color&#8221;]<\/p>\n<p style=\"text-align: center;\">SUBSCRIBE TO OUR NEWSLETTER<br \/>\nAND EXPERIENCE THE<br \/>\nSLOW COFFEE REVOLUTION TO THE FULLEST<\/p>\n<p>[\/vc_column_text][\/vc_column][vc_column dark_mode=&#8221;has-dark-mode&#8221; align=&#8221;center&#8221; bg_color=&#8221;#e6af00&#8243; width=&#8221;1\/4&#8243; el_class=&#8221;essense-runout-right essense-runout-giallo-ocra&#8221;]<div class=\" agni-button-responsive agni-button  text-center page-scroll\"><a class=\"agni_custom_design_css btn btn-default\" target=\"_self\" href=\"#newsletter\"  >JOIN US<\/a><\/div>[\/vc_column][\/vc_row][\/vc_section][vc_section content_placement=&#8221;middle&#8221; css=&#8221;.vc_custom_1575554551771{margin-top: 50px !important;margin-bottom: 50px !important;}&#8221; el_class=&#8221;outburst-left&#8221;][vc_row bg_color=&#8221;#ffffff&#8221; equal_height=&#8221;yes&#8221; content_placement=&#8221;middle&#8221; margin_top=&#8221;50px&#8221;][vc_column dark_mode=&#8221;has-dark-mode&#8221; align=&#8221;center&#8221; bg_color=&#8221;#bdb1a1&#8243; width=&#8221;1\/4&#8243; padding_top=&#8221;30px&#8221; padding_bottom=&#8221;30px&#8221; el_class=&#8221;essense-runout-left essense-runout-beige&#8221;]<div class=\" agni-image custom-image-container agni-image-default text-center\">\r\n\t\t\t<figure class=\"agni-image-figure\">\r\n\t\t\t\t<img  class=\"fullwidth-image attachment-150x150  \" src=\"https:\/\/essense.coffee\/wp-content\/uploads\/2019\/05\/ICONA_Shop-150x150.png\" width=\"150\" height=\"150\" alt=\"Icona shop\" title=\"ICONA_Shop\" \/>\r\n\t\t\t\t<figcaption class=\"vc_figure-caption\"><\/figcaption>\r\n\t\t\t<\/figure>\r\n\t\t<\/div>[\/vc_column][vc_column dark_mode=&#8221;has-dark-mode&#8221; align=&#8221;center&#8221; bg_color=&#8221;#bdb1a1&#8243; width=&#8221;1\/2&#8243; padding_top=&#8221;30px&#8221; padding_bottom=&#8221;30px&#8221;][vc_column_text padding_top=&#8221;25&#8243; el_class=&#8221;white-color&#8221;]<\/p>\n<p style=\"text-align: center;\">DISCOVER THE AVAILABLE FORMATS OF GROUNDtoENJOYWITH THE MALM\u00d6 BLEND.<\/p>\n<p>[\/vc_column_text][\/vc_column][vc_column dark_mode=&#8221;has-dark-mode&#8221; bg_color=&#8221;#bdb1a1&#8243; width=&#8221;1\/4&#8243;]<div class=\" agni-button-responsive agni-button  text-center page-scroll\"><a class=\"agni_custom_design_css btn btn-default\" target=\"_self\" href=\"https:\/\/essense.coffee\/en\/product\/malmo\/\"  >GO TO THE SHOP<\/a><\/div>[\/vc_column][\/vc_row][\/vc_section][vc_section content_placement=&#8221;middle&#8221; css=&#8221;.vc_custom_1557764339907{margin-top: 150px !important;}&#8221; el_class=&#8221;outburst-right&#8221;][vc_row equal_height=&#8221;yes&#8221; content_placement=&#8221;middle&#8221; margin_top=&#8221;50px&#8221;][vc_column dark_mode=&#8221;has-dark-mode&#8221; align=&#8221;right&#8221; bg_color=&#8221;#000000&#8243; width=&#8221;1\/2&#8243; padding_top=&#8221;30px&#8221; padding_bottom=&#8221;30px&#8221;][vc_column_text el_class=&#8221;white-color&#8221;]<\/p>\n<h2 style=\"text-align: right;\">COFFEE BREWING<\/h2>\n<p style=\"text-align: right;\">The MALM\u00d6 Blend is available<br \/>\nin the GROUNDtoENJOY format<br \/>\nfor different brewing methods.<br \/>\nChoose your favorite and follow the tutorial<br \/>\nto prepare this extraordinary coffee.<\/p>\n<p>[\/vc_column_text]<div class=\" agni-button-responsive agni-button  text-right page-scroll\"><a class=\"agni_custom_design_css btn btn-default\" target=\"_self\" href=\"https:\/\/essense.coffee\/en\/brewing-guides\/\"  >Check out the brewing methods<\/a><\/div>[\/vc_column][vc_column dark_mode=&#8221;has-dark-mode&#8221; align=&#8221;center&#8221; bg_color=&#8221;#000000&#8243; width=&#8221;1\/2&#8243; padding_top=&#8221;30px&#8221; padding_bottom=&#8221;30px&#8221; el_class=&#8221;essense-runout-right&#8221;][vc_column_text]<\/p>\n<div id=\"essense-home-selector\">\n<ul>\n<li><a href=\"https:\/\/essense.coffee\/en\/brewing-guides\/french-press\/\"><img decoding=\"async\" class=\"essense-home-selector-enabled\" src=\"https:\/\/essense.coffee\/wp-content\/uploads\/2019\/04\/001.png\" \/><img decoding=\"async\" class=\"essense-home-selector-disabled\" src=\"https:\/\/essense.coffee\/wp-content\/uploads\/2019\/05\/gr_001.png\" \/><\/a><span class=\"essense-home-selector-title\">French Press<\/span><\/li>\n<li><a href=\"https:\/\/essense.coffee\/en\/brewing-guides\/pour-over-dripper\/\"><img decoding=\"async\" class=\"essense-home-selector-enabled\" src=\"https:\/\/essense.coffee\/wp-content\/uploads\/2019\/04\/002.png\" \/><img decoding=\"async\" class=\"essense-home-selector-disabled\" src=\"https:\/\/essense.coffee\/wp-content\/uploads\/2019\/05\/gr_002.png\" \/><\/a><span class=\"essense-home-selector-title\">Pour-Over<\/span><\/li>\n<li><a href=\"https:\/\/essense.coffee\/en\/brewing-guides\/chemex\/\"><img decoding=\"async\" class=\"essense-home-selector-enabled\" src=\"https:\/\/essense.coffee\/wp-content\/uploads\/2019\/04\/003.png\" \/><img decoding=\"async\" class=\"essense-home-selector-disabled\" src=\"https:\/\/essense.coffee\/wp-content\/uploads\/2019\/05\/gr_003.png\" \/><\/a><span class=\"essense-home-selector-title\">Chemex<\/span><\/li>\n<li><a href=\"https:\/\/essense.coffee\/en\/brewing-guides\/clever-dripper\/\"><img decoding=\"async\" class=\"essense-home-selector-enabled\" src=\"https:\/\/essense.coffee\/wp-content\/uploads\/2019\/04\/004.png\" \/><img decoding=\"async\" class=\"essense-home-selector-disabled\" src=\"https:\/\/essense.coffee\/wp-content\/uploads\/2019\/05\/gr_004.png\" \/><\/a><span class=\"essense-home-selector-title\">Clever<\/span><\/li>\n<li><a href=\"https:\/\/essense.coffee\/en\/brewing-guides\/aeropress\/\"><img decoding=\"async\" class=\"essense-home-selector-enabled\" src=\"https:\/\/essense.coffee\/wp-content\/uploads\/2019\/04\/005.png\" \/><img decoding=\"async\" class=\"essense-home-selector-disabled\" src=\"https:\/\/essense.coffee\/wp-content\/uploads\/2019\/05\/gr_005.png\" \/><\/a><span class=\"essense-home-selector-title\">Aeropress<\/span><\/li>\n<li><a href=\"https:\/\/essense.coffee\/en\/brewing-guides\/syphon\/\"><img decoding=\"async\" class=\"essense-home-selector-enabled\" src=\"https:\/\/essense.coffee\/wp-content\/uploads\/2019\/04\/006.png\" \/><img decoding=\"async\" class=\"essense-home-selector-disabled\" src=\"https:\/\/essense.coffee\/wp-content\/uploads\/2019\/05\/gr_006.png\" \/><\/a><span class=\"essense-home-selector-title\">Syphon<\/span><\/li>\n<li><a href=\"https:\/\/essense.coffee\/en\/brewing-guides\/cold-drip-brew\/\"><img decoding=\"async\" class=\"essense-home-selector-enabled\" src=\"https:\/\/essense.coffee\/wp-content\/uploads\/2019\/04\/007-e1557738177591.png\" \/><img decoding=\"async\" class=\"essense-home-selector-disabled\" src=\"https:\/\/essense.coffee\/wp-content\/uploads\/2019\/05\/gr_007.png\" \/><\/a><span class=\"essense-home-selector-title\">Cold Brew<\/span><\/li>\n<\/ul>\n<\/div>\n<p>[\/vc_column_text][\/vc_column][\/vc_row][\/vc_section][vc_section content_placement=&#8221;middle&#8221; css=&#8221;.vc_custom_1557824737813{margin-top: 50px !important;margin-bottom: 50px !important;}&#8221; el_class=&#8221;outburst-left&#8221;][vc_row bg_color=&#8221;#ffffff&#8221; equal_height=&#8221;yes&#8221; content_placement=&#8221;middle&#8221; margin_top=&#8221;50px&#8221;][vc_column dark_mode=&#8221;has-dark-mode&#8221; align=&#8221;center&#8221; bg_color=&#8221;#6d8165&#8243; width=&#8221;1\/4&#8243; padding_top=&#8221;30px&#8221; padding_bottom=&#8221;30px&#8221; el_class=&#8221;essense-runout-left essense-runout-verde-oliva&#8221;]<div class=\" agni-image custom-image-container agni-image-default text-center\">\r\n\t\t\t<figure class=\"agni-image-figure\">\r\n\t\t\t\t<img  class=\"fullwidth-image attachment-150x150  \" src=\"https:\/\/essense.coffee\/wp-content\/uploads\/2019\/05\/ICONA_Scrivici-150x150.png\" width=\"150\" height=\"150\" alt=\"Scrivici\" title=\"ICONA_Scrivici\" \/>\r\n\t\t\t\t<figcaption class=\"vc_figure-caption\"><\/figcaption>\r\n\t\t\t<\/figure>\r\n\t\t<\/div>[\/vc_column][vc_column dark_mode=&#8221;has-dark-mode&#8221; align=&#8221;center&#8221; bg_color=&#8221;#6d8165&#8243; width=&#8221;1\/2&#8243; padding_top=&#8221;30px&#8221; padding_bottom=&#8221;30px&#8221;][vc_column_text padding_top=&#8221;25&#8243; el_class=&#8221;white-color&#8221;]<\/p>\n<p style=\"text-align: center;\">DO YOU HAVE ANY QUESTIONS OR INQUIRIES ABOUT<br \/>\nOUR COFFEES? CONTACT US, WE WILL BE GLAD<br \/>\nTO SHARE WITH YOU OUR PASSION FOR COFFEE<\/p>\n<p>[\/vc_column_text][\/vc_column][vc_column dark_mode=&#8221;has-dark-mode&#8221; bg_color=&#8221;#6d8165&#8243; width=&#8221;1\/4&#8243;]<div class=\" agni-button-responsive agni-button  text-center page-scroll\"><a class=\"agni_custom_design_css btn btn-default\" target=\"_self\" href=\"https:\/\/essense.coffee\/en\/about\/contact\/\"  >CONTACT US<\/a><\/div>[\/vc_column][\/vc_row][\/vc_section]<\/p>\n","protected":false},"excerpt":{"rendered":"<p>[vc_section][vc_row margin_top_mobile=&#8221;-70px&#8221;][vc_column][\/vc_column][\/vc_row][\/vc_section][vc_section][vc_row margin_top=&#8221;50px&#8221;][vc_column width=&#8221;1\/4&#8243;][\/vc_column][vc_column align=&#8221;center&#8221; width=&#8221;1\/2&#8243; offset=&#8221;vc_hidden-lg vc_hidden-md vc_hidden-sm&#8221;][vc_column_text] IT\u00a0 \u00a0 \u00a0EN\u00a0 \u00a0 \u00a0FR [\/vc_column_text][\/vc_column][vc_column width=&#8221;1\/4&#8243;][\/vc_column][\/vc_row][vc_row margin_top=&#8221;50px&#8221;][vc_column width=&#8221;1\/4&#8243;][\/vc_column][vc_column width=&#8221;1\/2&#8243;][vc_column_text el_class=&#8221;testo-giustificato&#8221;] MALM\u00d6 This coffee is named after the Swedish city of Malm\u00f6 as a tribute to the Nordic coffee culture. Malm\u00f6 is, in fact, one of the focal points for the Specialty Coffee scene in the [&hellip;]<\/p>\n","protected":false},"author":3,"featured_media":0,"parent":6945,"menu_order":0,"comment_status":"closed","ping_status":"closed","template":"","meta":{"footnotes":""},"yoast_head":"<!-- This site is optimized with the Yoast SEO plugin v21.2 - https:\/\/yoast.com\/wordpress\/plugins\/seo\/ -->\n<title>Malmo | Coffee blend | Essense Coffee<\/title>\n<meta name=\"description\" content=\"A delicious blend of coffees from Latin America which features a fruity profile and notes of wild berries. Available in the GROUNDtoENJOY format.\" \/>\n<meta name=\"robots\" content=\"index, follow, max-snippet:-1, max-image-preview:large, max-video-preview:-1\" \/>\n<link rel=\"canonical\" href=\"https:\/\/essense.coffee\/en\/coffee-stories\/malmo\/\" \/>\n<meta property=\"og:locale\" content=\"en_US\" \/>\n<meta property=\"og:type\" content=\"article\" \/>\n<meta property=\"og:title\" content=\"Malmo | Coffee blend | Essense Coffee\" \/>\n<meta property=\"og:description\" content=\"A delicious blend of coffees from Latin America which features a fruity profile and notes of wild berries. Available in the GROUNDtoENJOY format.\" \/>\n<meta property=\"og:url\" content=\"https:\/\/essense.coffee\/en\/coffee-stories\/malmo\/\" \/>\n<meta property=\"og:site_name\" content=\"Essense Coffee\" \/>\n<meta property=\"article:modified_time\" content=\"2020-06-17T06:50:37+00:00\" \/>\n<meta property=\"og:image\" content=\"https:\/\/essense.coffee\/wp-content\/uploads\/2018\/11\/bollino_01.png\" \/>\n<meta name=\"twitter:card\" content=\"summary_large_image\" \/>\n<meta name=\"twitter:label1\" content=\"Est. reading time\" \/>\n\t<meta name=\"twitter:data1\" content=\"5 minutes\" \/>\n<script type=\"application\/ld+json\" class=\"yoast-schema-graph\">{\"@context\":\"https:\/\/schema.org\",\"@graph\":[{\"@type\":\"WebPage\",\"@id\":\"https:\/\/essense.coffee\/en\/coffee-stories\/malmo\/\",\"url\":\"https:\/\/essense.coffee\/en\/coffee-stories\/malmo\/\",\"name\":\"Malmo | Coffee blend | Essense Coffee\",\"isPartOf\":{\"@id\":\"https:\/\/essense.coffee\/en\/#website\"},\"datePublished\":\"2019-05-31T17:42:41+00:00\",\"dateModified\":\"2020-06-17T06:50:37+00:00\",\"description\":\"A delicious blend of coffees from Latin America which features a fruity profile and notes of wild berries. Available in the GROUNDtoENJOY format.\",\"breadcrumb\":{\"@id\":\"https:\/\/essense.coffee\/en\/coffee-stories\/malmo\/#breadcrumb\"},\"inLanguage\":\"en-US\",\"potentialAction\":[{\"@type\":\"ReadAction\",\"target\":[\"https:\/\/essense.coffee\/en\/coffee-stories\/malmo\/\"]}]},{\"@type\":\"BreadcrumbList\",\"@id\":\"https:\/\/essense.coffee\/en\/coffee-stories\/malmo\/#breadcrumb\",\"itemListElement\":[{\"@type\":\"ListItem\",\"position\":1,\"name\":\"Shop\",\"item\":\"\/categorie-shop\"},{\"@type\":\"ListItem\",\"position\":2,\"name\":\"MALMO\"}]},{\"@type\":\"WebSite\",\"@id\":\"https:\/\/essense.coffee\/en\/#website\",\"url\":\"https:\/\/essense.coffee\/en\/\",\"name\":\"Essense Coffee\",\"description\":\"The best coffee instruments and our very own single-portioned coffee for every brewing method.\",\"publisher\":{\"@id\":\"https:\/\/essense.coffee\/en\/#organization\"},\"potentialAction\":[{\"@type\":\"SearchAction\",\"target\":{\"@type\":\"EntryPoint\",\"urlTemplate\":\"https:\/\/essense.coffee\/en\/?s={search_term_string}\"},\"query-input\":\"required name=search_term_string\"}],\"inLanguage\":\"en-US\"},{\"@type\":\"Organization\",\"@id\":\"https:\/\/essense.coffee\/en\/#organization\",\"name\":\"Essense Coffee\",\"url\":\"https:\/\/essense.coffee\/en\/\",\"logo\":{\"@type\":\"ImageObject\",\"inLanguage\":\"en-US\",\"@id\":\"https:\/\/essense.coffee\/en\/#\/schema\/logo\/image\/\",\"url\":\"https:\/\/essense.coffee\/wp-content\/uploads\/2020\/05\/Logo-Essense-300x300-1.jpg\",\"contentUrl\":\"https:\/\/essense.coffee\/wp-content\/uploads\/2020\/05\/Logo-Essense-300x300-1.jpg\",\"width\":300,\"height\":300,\"caption\":\"Essense Coffee\"},\"image\":{\"@id\":\"https:\/\/essense.coffee\/en\/#\/schema\/logo\/image\/\"}}]}<\/script>\n<!-- \/ Yoast SEO plugin. -->","yoast_head_json":{"title":"Malmo | Coffee blend | Essense Coffee","description":"A delicious blend of coffees from Latin America which features a fruity profile and notes of wild berries. Available in the GROUNDtoENJOY format.","robots":{"index":"index","follow":"follow","max-snippet":"max-snippet:-1","max-image-preview":"max-image-preview:large","max-video-preview":"max-video-preview:-1"},"canonical":"https:\/\/essense.coffee\/en\/coffee-stories\/malmo\/","og_locale":"en_US","og_type":"article","og_title":"Malmo | Coffee blend | Essense Coffee","og_description":"A delicious blend of coffees from Latin America which features a fruity profile and notes of wild berries. Available in the GROUNDtoENJOY format.","og_url":"https:\/\/essense.coffee\/en\/coffee-stories\/malmo\/","og_site_name":"Essense Coffee","article_modified_time":"2020-06-17T06:50:37+00:00","og_image":[{"url":"https:\/\/essense.coffee\/wp-content\/uploads\/2018\/11\/bollino_01.png"}],"twitter_card":"summary_large_image","twitter_misc":{"Est. reading time":"5 minutes"},"schema":{"@context":"https:\/\/schema.org","@graph":[{"@type":"WebPage","@id":"https:\/\/essense.coffee\/en\/coffee-stories\/malmo\/","url":"https:\/\/essense.coffee\/en\/coffee-stories\/malmo\/","name":"Malmo | Coffee blend | Essense Coffee","isPartOf":{"@id":"https:\/\/essense.coffee\/en\/#website"},"datePublished":"2019-05-31T17:42:41+00:00","dateModified":"2020-06-17T06:50:37+00:00","description":"A delicious blend of coffees from Latin America which features a fruity profile and notes of wild berries. Available in the GROUNDtoENJOY format.","breadcrumb":{"@id":"https:\/\/essense.coffee\/en\/coffee-stories\/malmo\/#breadcrumb"},"inLanguage":"en-US","potentialAction":[{"@type":"ReadAction","target":["https:\/\/essense.coffee\/en\/coffee-stories\/malmo\/"]}]},{"@type":"BreadcrumbList","@id":"https:\/\/essense.coffee\/en\/coffee-stories\/malmo\/#breadcrumb","itemListElement":[{"@type":"ListItem","position":1,"name":"Shop","item":"\/categorie-shop"},{"@type":"ListItem","position":2,"name":"MALMO"}]},{"@type":"WebSite","@id":"https:\/\/essense.coffee\/en\/#website","url":"https:\/\/essense.coffee\/en\/","name":"Essense Coffee","description":"The best coffee instruments and our very own single-portioned coffee for every brewing method.","publisher":{"@id":"https:\/\/essense.coffee\/en\/#organization"},"potentialAction":[{"@type":"SearchAction","target":{"@type":"EntryPoint","urlTemplate":"https:\/\/essense.coffee\/en\/?s={search_term_string}"},"query-input":"required name=search_term_string"}],"inLanguage":"en-US"},{"@type":"Organization","@id":"https:\/\/essense.coffee\/en\/#organization","name":"Essense Coffee","url":"https:\/\/essense.coffee\/en\/","logo":{"@type":"ImageObject","inLanguage":"en-US","@id":"https:\/\/essense.coffee\/en\/#\/schema\/logo\/image\/","url":"https:\/\/essense.coffee\/wp-content\/uploads\/2020\/05\/Logo-Essense-300x300-1.jpg","contentUrl":"https:\/\/essense.coffee\/wp-content\/uploads\/2020\/05\/Logo-Essense-300x300-1.jpg","width":300,"height":300,"caption":"Essense Coffee"},"image":{"@id":"https:\/\/essense.coffee\/en\/#\/schema\/logo\/image\/"}}]}},"_links":{"self":[{"href":"https:\/\/essense.coffee\/en\/wp-json\/wp\/v2\/pages\/6953"}],"collection":[{"href":"https:\/\/essense.coffee\/en\/wp-json\/wp\/v2\/pages"}],"about":[{"href":"https:\/\/essense.coffee\/en\/wp-json\/wp\/v2\/types\/page"}],"author":[{"embeddable":true,"href":"https:\/\/essense.coffee\/en\/wp-json\/wp\/v2\/users\/3"}],"replies":[{"embeddable":true,"href":"https:\/\/essense.coffee\/en\/wp-json\/wp\/v2\/comments?post=6953"}],"version-history":[{"count":14,"href":"https:\/\/essense.coffee\/en\/wp-json\/wp\/v2\/pages\/6953\/revisions"}],"predecessor-version":[{"id":18836,"href":"https:\/\/essense.coffee\/en\/wp-json\/wp\/v2\/pages\/6953\/revisions\/18836"}],"up":[{"embeddable":true,"href":"https:\/\/essense.coffee\/en\/wp-json\/wp\/v2\/pages\/6945"}],"wp:attachment":[{"href":"https:\/\/essense.coffee\/en\/wp-json\/wp\/v2\/media?parent=6953"}],"curies":[{"name":"wp","href":"https:\/\/api.w.org\/{rel}","templated":true}]}}