{"id":25635,"date":"2023-04-13T10:12:02","date_gmt":"2023-04-13T08:12:02","guid":{"rendered":"https:\/\/essense.coffee\/product\/brrrewer-lounge-sunset\/"},"modified":"2023-08-02T17:38:13","modified_gmt":"2023-08-02T15:38:13","slug":"brrrewer-lounge-sunset","status":"publish","type":"product","link":"https:\/\/essense.coffee\/de\/produkt\/brrrewer-lounge-sunset\/","title":{"rendered":"LOUNGE &#8211; Sunset"},"content":{"rendered":"","protected":false},"excerpt":{"rendered":"<p>BRRREWER ist der erste in <strong>Italien hergestellte<\/strong> Cold-Drip-Kaffeebereiter. Er wurde f\u00fcr Menschen entwickelt, die Design, Nachhaltigkeit und guten Kaffee lieben.<br \/>\nNach dem <strong>Cold Drip Verfahren<\/strong>, produziert BRRREWER einen einzigartigen Cold Brew Kaffee, der sich durch die <strong>nat\u00fcrliche S\u00fc\u00dfe<\/strong> des Kaffees, definierte Noten und eine <strong>homogene und klare Textur<\/strong> auszeichnet.<br \/>\nBRRREWER ben\u00f6tigt keine Papierfilter, da er <strong>zwei wiederverwendbare Mikrofiltrationsmembranen<\/strong> verwendet, die eine gleichm\u00e4\u00dfige S\u00e4ttigung des gemahlenen Kaffees sichern und ein Getr\u00e4nk ohne Bodensatz ergeben. Diese in Italien sorgf\u00e4ltig hergestellte Kaffeemaschine erm\u00f6glicht es Ihnen, Ihrer Kreativit\u00e4t freien Lauf zu lassen, und zwar nicht nur bei der Zubereitung von Getr\u00e4nkerezepten mit Cold Brew, sondern auch im Bereich Coffee Mixology und Molekulark\u00fcche.<br \/>\nInspiriert durch das ikonische goldene Licht im Hintergrund der Happy Hour auf die Str\u00e4nde, BRRREWER Sunset ist mit einem <strong>bronzefarbenen Rahmen<\/strong> ausgestattet. Auch die besondere Farbe des Beh\u00e4lters und des Korbs <strong>vermittelt ein Gef\u00fchl von W\u00e4rme<\/strong> in jedem Kontext.<\/p>\n","protected":false},"featured_media":25596,"comment_status":"open","ping_status":"closed","template":"","meta":[],"product_cat":[377],"product_tag":[],"bundle_layout":"","bundled_by":[],"bundled_items":[],"yoast_head":"<!-- This site is optimized with the Yoast SEO plugin v21.2 - https:\/\/yoast.com\/wordpress\/plugins\/seo\/ -->\n<title>LOUNGE - Sunset - Essense Coffee<\/title>\n<meta name=\"robots\" content=\"index, follow, max-snippet:-1, max-image-preview:large, max-video-preview:-1\" \/>\n<link rel=\"canonical\" href=\"https:\/\/essense.coffee\/de\/produkt\/brrrewer-lounge-sunset\/\" \/>\n<meta property=\"og:locale\" content=\"de_DE\" \/>\n<meta property=\"og:type\" content=\"article\" \/>\n<meta property=\"og:title\" content=\"LOUNGE - Sunset - Essense Coffee\" \/>\n<meta property=\"og:description\" content=\"BRRREWER ist der erste in Italien hergestellte Cold-Drip-Kaffeebereiter. Er wurde f\u00fcr Menschen entwickelt, die Design, Nachhaltigkeit und guten Kaffee lieben. Nach dem Cold Drip Verfahren, produziert BRRREWER einen einzigartigen Cold Brew Kaffee, der sich durch die nat\u00fcrliche S\u00fc\u00dfe des Kaffees, definierte Noten und eine homogene und klare Textur auszeichnet. BRRREWER ben\u00f6tigt keine Papierfilter, da er zwei wiederverwendbare Mikrofiltrationsmembranen verwendet, die eine gleichm\u00e4\u00dfige S\u00e4ttigung des gemahlenen Kaffees sichern und ein Getr\u00e4nk ohne Bodensatz ergeben. Diese in Italien sorgf\u00e4ltig hergestellte Kaffeemaschine erm\u00f6glicht es Ihnen, Ihrer Kreativit\u00e4t freien Lauf zu lassen, und zwar nicht nur bei der Zubereitung von Getr\u00e4nkerezepten mit Cold Brew, sondern auch im Bereich Coffee Mixology und Molekulark\u00fcche. Inspiriert durch das ikonische goldene Licht im Hintergrund der Happy Hour auf die Str\u00e4nde, BRRREWER Sunset ist mit einem bronzefarbenen Rahmen ausgestattet. Auch die besondere Farbe des Beh\u00e4lters und des Korbs vermittelt ein Gef\u00fchl von W\u00e4rme in jedem Kontext.\" \/>\n<meta property=\"og:url\" content=\"https:\/\/essense.coffee\/de\/produkt\/brrrewer-lounge-sunset\/\" \/>\n<meta property=\"og:site_name\" content=\"Essense Coffee\" \/>\n<meta property=\"article:modified_time\" content=\"2023-08-02T15:38:13+00:00\" \/>\n<meta property=\"og:image\" content=\"https:\/\/essense.coffee\/wp-content\/uploads\/2023\/02\/brrrewer-lounge-sunset-1.jpg\" \/>\n\t<meta property=\"og:image:width\" content=\"1080\" \/>\n\t<meta property=\"og:image:height\" content=\"1080\" \/>\n\t<meta property=\"og:image:type\" content=\"image\/jpeg\" \/>\n<meta name=\"twitter:card\" content=\"summary_large_image\" \/>\n<script type=\"application\/ld+json\" class=\"yoast-schema-graph\">{\"@context\":\"https:\/\/schema.org\",\"@graph\":[{\"@type\":\"WebPage\",\"@id\":\"https:\/\/essense.coffee\/de\/produkt\/brrrewer-lounge-sunset\/\",\"url\":\"https:\/\/essense.coffee\/de\/produkt\/brrrewer-lounge-sunset\/\",\"name\":\"LOUNGE - Sunset - Essense Coffee\",\"isPartOf\":{\"@id\":\"https:\/\/essense.coffee\/de\/#website\"},\"datePublished\":\"2023-04-13T08:12:02+00:00\",\"dateModified\":\"2023-08-02T15:38:13+00:00\",\"breadcrumb\":{\"@id\":\"https:\/\/essense.coffee\/de\/produkt\/brrrewer-lounge-sunset\/#breadcrumb\"},\"inLanguage\":\"de-DE\",\"potentialAction\":[{\"@type\":\"ReadAction\",\"target\":[\"https:\/\/essense.coffee\/de\/produkt\/brrrewer-lounge-sunset\/\"]}]},{\"@type\":\"BreadcrumbList\",\"@id\":\"https:\/\/essense.coffee\/de\/produkt\/brrrewer-lounge-sunset\/#breadcrumb\",\"itemListElement\":[{\"@type\":\"ListItem\",\"position\":1,\"name\":\"Shop\",\"item\":\"\/categorie-shop\"},{\"@type\":\"ListItem\",\"position\":2,\"name\":\"APPLICAZIONE\",\"item\":\"https:\/\/essense.coffee\/it\/categoria-prodotto\/applicazione\/\"},{\"@type\":\"ListItem\",\"position\":3,\"name\":\"PRODOTTI\",\"item\":\"https:\/\/essense.coffee\/it\/categoria-prodotto\/applicazione\/prodotti\/\"},{\"@type\":\"ListItem\",\"position\":4,\"name\":\"BRAND\",\"item\":\"https:\/\/essense.coffee\/it\/categoria-prodotto\/applicazione\/prodotti\/brand\/\"},{\"@type\":\"ListItem\",\"position\":5,\"name\":\"BRRREWER\",\"item\":\"https:\/\/essense.coffee\/it\/categoria-prodotto\/applicazione\/prodotti\/brand\/brrrewer\/\"},{\"@type\":\"ListItem\",\"position\":6,\"name\":\"LOUNGE &#8211; Sunset\"}]},{\"@type\":\"WebSite\",\"@id\":\"https:\/\/essense.coffee\/de\/#website\",\"url\":\"https:\/\/essense.coffee\/de\/\",\"name\":\"Essense Coffee\",\"description\":\"The best coffee instruments and our very own single-portioned coffee for every brewing method.\",\"publisher\":{\"@id\":\"https:\/\/essense.coffee\/de\/#organization\"},\"potentialAction\":[{\"@type\":\"SearchAction\",\"target\":{\"@type\":\"EntryPoint\",\"urlTemplate\":\"https:\/\/essense.coffee\/de\/?s={search_term_string}\"},\"query-input\":\"required name=search_term_string\"}],\"inLanguage\":\"de-DE\"},{\"@type\":\"Organization\",\"@id\":\"https:\/\/essense.coffee\/de\/#organization\",\"name\":\"Essense Coffee\",\"url\":\"https:\/\/essense.coffee\/de\/\",\"logo\":{\"@type\":\"ImageObject\",\"inLanguage\":\"de-DE\",\"@id\":\"https:\/\/essense.coffee\/de\/#\/schema\/logo\/image\/\",\"url\":\"https:\/\/essense.coffee\/wp-content\/uploads\/2020\/05\/Logo-Essense-300x300-1.jpg\",\"contentUrl\":\"https:\/\/essense.coffee\/wp-content\/uploads\/2020\/05\/Logo-Essense-300x300-1.jpg\",\"width\":300,\"height\":300,\"caption\":\"Essense Coffee\"},\"image\":{\"@id\":\"https:\/\/essense.coffee\/de\/#\/schema\/logo\/image\/\"}}]}<\/script>\n<!-- \/ Yoast SEO plugin. -->","yoast_head_json":{"title":"LOUNGE - Sunset - Essense Coffee","robots":{"index":"index","follow":"follow","max-snippet":"max-snippet:-1","max-image-preview":"max-image-preview:large","max-video-preview":"max-video-preview:-1"},"canonical":"https:\/\/essense.coffee\/de\/produkt\/brrrewer-lounge-sunset\/","og_locale":"de_DE","og_type":"article","og_title":"LOUNGE - Sunset - Essense Coffee","og_description":"BRRREWER ist der erste in Italien hergestellte Cold-Drip-Kaffeebereiter. Er wurde f\u00fcr Menschen entwickelt, die Design, Nachhaltigkeit und guten Kaffee lieben. Nach dem Cold Drip Verfahren, produziert BRRREWER einen einzigartigen Cold Brew Kaffee, der sich durch die nat\u00fcrliche S\u00fc\u00dfe des Kaffees, definierte Noten und eine homogene und klare Textur auszeichnet. BRRREWER ben\u00f6tigt keine Papierfilter, da er zwei wiederverwendbare Mikrofiltrationsmembranen verwendet, die eine gleichm\u00e4\u00dfige S\u00e4ttigung des gemahlenen Kaffees sichern und ein Getr\u00e4nk ohne Bodensatz ergeben. Diese in Italien sorgf\u00e4ltig hergestellte Kaffeemaschine erm\u00f6glicht es Ihnen, Ihrer Kreativit\u00e4t freien Lauf zu lassen, und zwar nicht nur bei der Zubereitung von Getr\u00e4nkerezepten mit Cold Brew, sondern auch im Bereich Coffee Mixology und Molekulark\u00fcche. Inspiriert durch das ikonische goldene Licht im Hintergrund der Happy Hour auf die Str\u00e4nde, BRRREWER Sunset ist mit einem bronzefarbenen Rahmen ausgestattet. Auch die besondere Farbe des Beh\u00e4lters und des Korbs vermittelt ein Gef\u00fchl von W\u00e4rme in jedem Kontext.","og_url":"https:\/\/essense.coffee\/de\/produkt\/brrrewer-lounge-sunset\/","og_site_name":"Essense Coffee","article_modified_time":"2023-08-02T15:38:13+00:00","og_image":[{"width":1080,"height":1080,"url":"https:\/\/essense.coffee\/wp-content\/uploads\/2023\/02\/brrrewer-lounge-sunset-1.jpg","type":"image\/jpeg"}],"twitter_card":"summary_large_image","schema":{"@context":"https:\/\/schema.org","@graph":[{"@type":"WebPage","@id":"https:\/\/essense.coffee\/de\/produkt\/brrrewer-lounge-sunset\/","url":"https:\/\/essense.coffee\/de\/produkt\/brrrewer-lounge-sunset\/","name":"LOUNGE - Sunset - Essense Coffee","isPartOf":{"@id":"https:\/\/essense.coffee\/de\/#website"},"datePublished":"2023-04-13T08:12:02+00:00","dateModified":"2023-08-02T15:38:13+00:00","breadcrumb":{"@id":"https:\/\/essense.coffee\/de\/produkt\/brrrewer-lounge-sunset\/#breadcrumb"},"inLanguage":"de-DE","potentialAction":[{"@type":"ReadAction","target":["https:\/\/essense.coffee\/de\/produkt\/brrrewer-lounge-sunset\/"]}]},{"@type":"BreadcrumbList","@id":"https:\/\/essense.coffee\/de\/produkt\/brrrewer-lounge-sunset\/#breadcrumb","itemListElement":[{"@type":"ListItem","position":1,"name":"Shop","item":"\/categorie-shop"},{"@type":"ListItem","position":2,"name":"APPLICAZIONE","item":"https:\/\/essense.coffee\/it\/categoria-prodotto\/applicazione\/"},{"@type":"ListItem","position":3,"name":"PRODOTTI","item":"https:\/\/essense.coffee\/it\/categoria-prodotto\/applicazione\/prodotti\/"},{"@type":"ListItem","position":4,"name":"BRAND","item":"https:\/\/essense.coffee\/it\/categoria-prodotto\/applicazione\/prodotti\/brand\/"},{"@type":"ListItem","position":5,"name":"BRRREWER","item":"https:\/\/essense.coffee\/it\/categoria-prodotto\/applicazione\/prodotti\/brand\/brrrewer\/"},{"@type":"ListItem","position":6,"name":"LOUNGE &#8211; Sunset"}]},{"@type":"WebSite","@id":"https:\/\/essense.coffee\/de\/#website","url":"https:\/\/essense.coffee\/de\/","name":"Essense Coffee","description":"The best coffee instruments and our very own single-portioned coffee for every brewing method.","publisher":{"@id":"https:\/\/essense.coffee\/de\/#organization"},"potentialAction":[{"@type":"SearchAction","target":{"@type":"EntryPoint","urlTemplate":"https:\/\/essense.coffee\/de\/?s={search_term_string}"},"query-input":"required name=search_term_string"}],"inLanguage":"de-DE"},{"@type":"Organization","@id":"https:\/\/essense.coffee\/de\/#organization","name":"Essense Coffee","url":"https:\/\/essense.coffee\/de\/","logo":{"@type":"ImageObject","inLanguage":"de-DE","@id":"https:\/\/essense.coffee\/de\/#\/schema\/logo\/image\/","url":"https:\/\/essense.coffee\/wp-content\/uploads\/2020\/05\/Logo-Essense-300x300-1.jpg","contentUrl":"https:\/\/essense.coffee\/wp-content\/uploads\/2020\/05\/Logo-Essense-300x300-1.jpg","width":300,"height":300,"caption":"Essense Coffee"},"image":{"@id":"https:\/\/essense.coffee\/de\/#\/schema\/logo\/image\/"}}]}},"_links":{"self":[{"href":"https:\/\/essense.coffee\/de\/wp-json\/wp\/v2\/product\/25635"}],"collection":[{"href":"https:\/\/essense.coffee\/de\/wp-json\/wp\/v2\/product"}],"about":[{"href":"https:\/\/essense.coffee\/de\/wp-json\/wp\/v2\/types\/product"}],"replies":[{"embeddable":true,"href":"https:\/\/essense.coffee\/de\/wp-json\/wp\/v2\/comments?post=25635"}],"wp:featuredmedia":[{"embeddable":true,"href":"https:\/\/essense.coffee\/de\/wp-json\/wp\/v2\/media\/25596"}],"wp:attachment":[{"href":"https:\/\/essense.coffee\/de\/wp-json\/wp\/v2\/media?parent=25635"}],"wp:term":[{"taxonomy":"product_cat","embeddable":true,"href":"https:\/\/essense.coffee\/de\/wp-json\/wp\/v2\/product_cat?post=25635"},{"taxonomy":"product_tag","embeddable":true,"href":"https:\/\/essense.coffee\/de\/wp-json\/wp\/v2\/product_tag?post=25635"}],"curies":[{"name":"wp","href":"https:\/\/api.w.org\/{rel}","templated":true}]}}