{"id":25634,"date":"2023-04-13T10:15:48","date_gmt":"2023-04-13T08:15:48","guid":{"rendered":"https:\/\/essense.coffee\/product\/brrrewer-lounge-night\/"},"modified":"2023-08-02T17:38:01","modified_gmt":"2023-08-02T15:38:01","slug":"brrrewer-lounge-night","status":"publish","type":"product","link":"https:\/\/essense.coffee\/de\/produkt\/brrrewer-lounge-night\/","title":{"rendered":"LOUNGE &#8211; Night"},"content":{"rendered":"","protected":false},"excerpt":{"rendered":"<p>BRRREWER ist der erste in <strong>Italien hergestellte<\/strong> Cold-Drip-Kaffeebereiter. Er wurde f\u00fcr Menschen entwickelt, die Design, Nachhaltigkeit und guten Kaffee lieben.<br \/>\nNach dem <strong>Cold Drip Verfahren<\/strong>, produziert BRRREWER einen einzigartigen Cold Brew Kaffee, der sich durch die <strong>nat\u00fcrliche S\u00fc\u00dfe<\/strong> des Kaffees, definierte Noten und eine <strong>homogene und klare Textur<\/strong> auszeichnet.<br \/>\nBRRREWER ben\u00f6tigt keine Papierfilter, da er <strong>zwei wiederverwendbare Mikrofiltrationsmembranen<\/strong> verwendet, die eine gleichm\u00e4\u00dfige S\u00e4ttigung des gemahlenen Kaffees sichern und ein Getr\u00e4nk ohne Bodensatz ergeben. Diese in Italien sorgf\u00e4ltig hergestellte Kaffeemaschine erm\u00f6glicht es Ihnen, Ihrer Kreativit\u00e4t freien Lauf zu lassen, und zwar nicht nur bei der Zubereitung von Getr\u00e4nkerezepten mit Cold Brew, sondern auch im Bereich Coffee Mixology und Molekulark\u00fcche.<br \/>\nDer <strong>ganz in Schwarz<\/strong> gehaltene <strong>Stil<\/strong> von BRRREWER <strong>Night<\/strong> mit seinen eleganten T\u00f6nen wei\u00df jede Wohnumgebung einzigartig zu machen. Der mattschwarze Rahmen wird durch den Grauton des Beh\u00e4lters und des Korbes erg\u00e4nzt und gibt den Blick auf das Innenleben in einem Spiel von Transparenzen frei, das durch<br \/>\ndie einfach verglaste Karaffe betont wird.<\/p>\n","protected":false},"featured_media":25593,"comment_status":"open","ping_status":"closed","template":"","meta":[],"product_cat":[377],"product_tag":[],"bundle_layout":"","bundled_by":[],"bundled_items":[],"yoast_head":"<!-- This site is optimized with the Yoast SEO plugin v21.2 - https:\/\/yoast.com\/wordpress\/plugins\/seo\/ -->\n<title>LOUNGE - Night - Essense Coffee<\/title>\n<meta name=\"robots\" content=\"index, follow, max-snippet:-1, max-image-preview:large, max-video-preview:-1\" \/>\n<link rel=\"canonical\" href=\"https:\/\/essense.coffee\/de\/produkt\/brrrewer-lounge-night\/\" \/>\n<meta property=\"og:locale\" content=\"de_DE\" \/>\n<meta property=\"og:type\" content=\"article\" \/>\n<meta property=\"og:title\" content=\"LOUNGE - Night - Essense Coffee\" \/>\n<meta property=\"og:description\" content=\"BRRREWER ist der erste in Italien hergestellte Cold-Drip-Kaffeebereiter. Er wurde f\u00fcr Menschen entwickelt, die Design, Nachhaltigkeit und guten Kaffee lieben. Nach dem Cold Drip Verfahren, produziert BRRREWER einen einzigartigen Cold Brew Kaffee, der sich durch die nat\u00fcrliche S\u00fc\u00dfe des Kaffees, definierte Noten und eine homogene und klare Textur auszeichnet. BRRREWER ben\u00f6tigt keine Papierfilter, da er zwei wiederverwendbare Mikrofiltrationsmembranen verwendet, die eine gleichm\u00e4\u00dfige S\u00e4ttigung des gemahlenen Kaffees sichern und ein Getr\u00e4nk ohne Bodensatz ergeben. Diese in Italien sorgf\u00e4ltig hergestellte Kaffeemaschine erm\u00f6glicht es Ihnen, Ihrer Kreativit\u00e4t freien Lauf zu lassen, und zwar nicht nur bei der Zubereitung von Getr\u00e4nkerezepten mit Cold Brew, sondern auch im Bereich Coffee Mixology und Molekulark\u00fcche. Der ganz in Schwarz gehaltene Stil von BRRREWER Night mit seinen eleganten T\u00f6nen wei\u00df jede Wohnumgebung einzigartig zu machen. Der mattschwarze Rahmen wird durch den Grauton des Beh\u00e4lters und des Korbes erg\u00e4nzt und gibt den Blick auf das Innenleben in einem Spiel von Transparenzen frei, das durch die einfach verglaste Karaffe betont wird.\" \/>\n<meta property=\"og:url\" content=\"https:\/\/essense.coffee\/de\/produkt\/brrrewer-lounge-night\/\" \/>\n<meta property=\"og:site_name\" content=\"Essense Coffee\" \/>\n<meta property=\"article:modified_time\" content=\"2023-08-02T15:38:01+00:00\" \/>\n<meta property=\"og:image\" content=\"https:\/\/essense.coffee\/wp-content\/uploads\/2023\/02\/brrrewer-lounge-night-1.jpg\" \/>\n\t<meta property=\"og:image:width\" content=\"1080\" \/>\n\t<meta property=\"og:image:height\" content=\"1080\" \/>\n\t<meta property=\"og:image:type\" content=\"image\/jpeg\" \/>\n<meta name=\"twitter:card\" content=\"summary_large_image\" \/>\n<script type=\"application\/ld+json\" class=\"yoast-schema-graph\">{\"@context\":\"https:\/\/schema.org\",\"@graph\":[{\"@type\":\"WebPage\",\"@id\":\"https:\/\/essense.coffee\/de\/produkt\/brrrewer-lounge-night\/\",\"url\":\"https:\/\/essense.coffee\/de\/produkt\/brrrewer-lounge-night\/\",\"name\":\"LOUNGE - Night - Essense Coffee\",\"isPartOf\":{\"@id\":\"https:\/\/essense.coffee\/de\/#website\"},\"datePublished\":\"2023-04-13T08:15:48+00:00\",\"dateModified\":\"2023-08-02T15:38:01+00:00\",\"breadcrumb\":{\"@id\":\"https:\/\/essense.coffee\/de\/produkt\/brrrewer-lounge-night\/#breadcrumb\"},\"inLanguage\":\"de-DE\",\"potentialAction\":[{\"@type\":\"ReadAction\",\"target\":[\"https:\/\/essense.coffee\/de\/produkt\/brrrewer-lounge-night\/\"]}]},{\"@type\":\"BreadcrumbList\",\"@id\":\"https:\/\/essense.coffee\/de\/produkt\/brrrewer-lounge-night\/#breadcrumb\",\"itemListElement\":[{\"@type\":\"ListItem\",\"position\":1,\"name\":\"Shop\",\"item\":\"\/categorie-shop\"},{\"@type\":\"ListItem\",\"position\":2,\"name\":\"APPLICAZIONE\",\"item\":\"https:\/\/essense.coffee\/it\/categoria-prodotto\/applicazione\/\"},{\"@type\":\"ListItem\",\"position\":3,\"name\":\"PRODOTTI\",\"item\":\"https:\/\/essense.coffee\/it\/categoria-prodotto\/applicazione\/prodotti\/\"},{\"@type\":\"ListItem\",\"position\":4,\"name\":\"BRAND\",\"item\":\"https:\/\/essense.coffee\/it\/categoria-prodotto\/applicazione\/prodotti\/brand\/\"},{\"@type\":\"ListItem\",\"position\":5,\"name\":\"BRRREWER\",\"item\":\"https:\/\/essense.coffee\/it\/categoria-prodotto\/applicazione\/prodotti\/brand\/brrrewer\/\"},{\"@type\":\"ListItem\",\"position\":6,\"name\":\"LOUNGE &#8211; Night\"}]},{\"@type\":\"WebSite\",\"@id\":\"https:\/\/essense.coffee\/de\/#website\",\"url\":\"https:\/\/essense.coffee\/de\/\",\"name\":\"Essense Coffee\",\"description\":\"The best coffee instruments and our very own single-portioned coffee for every brewing method.\",\"publisher\":{\"@id\":\"https:\/\/essense.coffee\/de\/#organization\"},\"potentialAction\":[{\"@type\":\"SearchAction\",\"target\":{\"@type\":\"EntryPoint\",\"urlTemplate\":\"https:\/\/essense.coffee\/de\/?s={search_term_string}\"},\"query-input\":\"required name=search_term_string\"}],\"inLanguage\":\"de-DE\"},{\"@type\":\"Organization\",\"@id\":\"https:\/\/essense.coffee\/de\/#organization\",\"name\":\"Essense Coffee\",\"url\":\"https:\/\/essense.coffee\/de\/\",\"logo\":{\"@type\":\"ImageObject\",\"inLanguage\":\"de-DE\",\"@id\":\"https:\/\/essense.coffee\/de\/#\/schema\/logo\/image\/\",\"url\":\"https:\/\/essense.coffee\/wp-content\/uploads\/2020\/05\/Logo-Essense-300x300-1.jpg\",\"contentUrl\":\"https:\/\/essense.coffee\/wp-content\/uploads\/2020\/05\/Logo-Essense-300x300-1.jpg\",\"width\":300,\"height\":300,\"caption\":\"Essense Coffee\"},\"image\":{\"@id\":\"https:\/\/essense.coffee\/de\/#\/schema\/logo\/image\/\"}}]}<\/script>\n<!-- \/ Yoast SEO plugin. -->","yoast_head_json":{"title":"LOUNGE - Night - Essense Coffee","robots":{"index":"index","follow":"follow","max-snippet":"max-snippet:-1","max-image-preview":"max-image-preview:large","max-video-preview":"max-video-preview:-1"},"canonical":"https:\/\/essense.coffee\/de\/produkt\/brrrewer-lounge-night\/","og_locale":"de_DE","og_type":"article","og_title":"LOUNGE - Night - Essense Coffee","og_description":"BRRREWER ist der erste in Italien hergestellte Cold-Drip-Kaffeebereiter. Er wurde f\u00fcr Menschen entwickelt, die Design, Nachhaltigkeit und guten Kaffee lieben. Nach dem Cold Drip Verfahren, produziert BRRREWER einen einzigartigen Cold Brew Kaffee, der sich durch die nat\u00fcrliche S\u00fc\u00dfe des Kaffees, definierte Noten und eine homogene und klare Textur auszeichnet. BRRREWER ben\u00f6tigt keine Papierfilter, da er zwei wiederverwendbare Mikrofiltrationsmembranen verwendet, die eine gleichm\u00e4\u00dfige S\u00e4ttigung des gemahlenen Kaffees sichern und ein Getr\u00e4nk ohne Bodensatz ergeben. Diese in Italien sorgf\u00e4ltig hergestellte Kaffeemaschine erm\u00f6glicht es Ihnen, Ihrer Kreativit\u00e4t freien Lauf zu lassen, und zwar nicht nur bei der Zubereitung von Getr\u00e4nkerezepten mit Cold Brew, sondern auch im Bereich Coffee Mixology und Molekulark\u00fcche. Der ganz in Schwarz gehaltene Stil von BRRREWER Night mit seinen eleganten T\u00f6nen wei\u00df jede Wohnumgebung einzigartig zu machen. Der mattschwarze Rahmen wird durch den Grauton des Beh\u00e4lters und des Korbes erg\u00e4nzt und gibt den Blick auf das Innenleben in einem Spiel von Transparenzen frei, das durch die einfach verglaste Karaffe betont wird.","og_url":"https:\/\/essense.coffee\/de\/produkt\/brrrewer-lounge-night\/","og_site_name":"Essense Coffee","article_modified_time":"2023-08-02T15:38:01+00:00","og_image":[{"width":1080,"height":1080,"url":"https:\/\/essense.coffee\/wp-content\/uploads\/2023\/02\/brrrewer-lounge-night-1.jpg","type":"image\/jpeg"}],"twitter_card":"summary_large_image","schema":{"@context":"https:\/\/schema.org","@graph":[{"@type":"WebPage","@id":"https:\/\/essense.coffee\/de\/produkt\/brrrewer-lounge-night\/","url":"https:\/\/essense.coffee\/de\/produkt\/brrrewer-lounge-night\/","name":"LOUNGE - Night - Essense Coffee","isPartOf":{"@id":"https:\/\/essense.coffee\/de\/#website"},"datePublished":"2023-04-13T08:15:48+00:00","dateModified":"2023-08-02T15:38:01+00:00","breadcrumb":{"@id":"https:\/\/essense.coffee\/de\/produkt\/brrrewer-lounge-night\/#breadcrumb"},"inLanguage":"de-DE","potentialAction":[{"@type":"ReadAction","target":["https:\/\/essense.coffee\/de\/produkt\/brrrewer-lounge-night\/"]}]},{"@type":"BreadcrumbList","@id":"https:\/\/essense.coffee\/de\/produkt\/brrrewer-lounge-night\/#breadcrumb","itemListElement":[{"@type":"ListItem","position":1,"name":"Shop","item":"\/categorie-shop"},{"@type":"ListItem","position":2,"name":"APPLICAZIONE","item":"https:\/\/essense.coffee\/it\/categoria-prodotto\/applicazione\/"},{"@type":"ListItem","position":3,"name":"PRODOTTI","item":"https:\/\/essense.coffee\/it\/categoria-prodotto\/applicazione\/prodotti\/"},{"@type":"ListItem","position":4,"name":"BRAND","item":"https:\/\/essense.coffee\/it\/categoria-prodotto\/applicazione\/prodotti\/brand\/"},{"@type":"ListItem","position":5,"name":"BRRREWER","item":"https:\/\/essense.coffee\/it\/categoria-prodotto\/applicazione\/prodotti\/brand\/brrrewer\/"},{"@type":"ListItem","position":6,"name":"LOUNGE &#8211; Night"}]},{"@type":"WebSite","@id":"https:\/\/essense.coffee\/de\/#website","url":"https:\/\/essense.coffee\/de\/","name":"Essense Coffee","description":"The best coffee instruments and our very own single-portioned coffee for every brewing method.","publisher":{"@id":"https:\/\/essense.coffee\/de\/#organization"},"potentialAction":[{"@type":"SearchAction","target":{"@type":"EntryPoint","urlTemplate":"https:\/\/essense.coffee\/de\/?s={search_term_string}"},"query-input":"required name=search_term_string"}],"inLanguage":"de-DE"},{"@type":"Organization","@id":"https:\/\/essense.coffee\/de\/#organization","name":"Essense Coffee","url":"https:\/\/essense.coffee\/de\/","logo":{"@type":"ImageObject","inLanguage":"de-DE","@id":"https:\/\/essense.coffee\/de\/#\/schema\/logo\/image\/","url":"https:\/\/essense.coffee\/wp-content\/uploads\/2020\/05\/Logo-Essense-300x300-1.jpg","contentUrl":"https:\/\/essense.coffee\/wp-content\/uploads\/2020\/05\/Logo-Essense-300x300-1.jpg","width":300,"height":300,"caption":"Essense Coffee"},"image":{"@id":"https:\/\/essense.coffee\/de\/#\/schema\/logo\/image\/"}}]}},"_links":{"self":[{"href":"https:\/\/essense.coffee\/de\/wp-json\/wp\/v2\/product\/25634"}],"collection":[{"href":"https:\/\/essense.coffee\/de\/wp-json\/wp\/v2\/product"}],"about":[{"href":"https:\/\/essense.coffee\/de\/wp-json\/wp\/v2\/types\/product"}],"replies":[{"embeddable":true,"href":"https:\/\/essense.coffee\/de\/wp-json\/wp\/v2\/comments?post=25634"}],"wp:featuredmedia":[{"embeddable":true,"href":"https:\/\/essense.coffee\/de\/wp-json\/wp\/v2\/media\/25593"}],"wp:attachment":[{"href":"https:\/\/essense.coffee\/de\/wp-json\/wp\/v2\/media?parent=25634"}],"wp:term":[{"taxonomy":"product_cat","embeddable":true,"href":"https:\/\/essense.coffee\/de\/wp-json\/wp\/v2\/product_cat?post=25634"},{"taxonomy":"product_tag","embeddable":true,"href":"https:\/\/essense.coffee\/de\/wp-json\/wp\/v2\/product_tag?post=25634"}],"curies":[{"name":"wp","href":"https:\/\/api.w.org\/{rel}","templated":true}]}}