{"id":25723,"date":"2023-08-03T14:26:38","date_gmt":"2023-08-03T12:26:38","guid":{"rendered":"https:\/\/essense.coffee\/thank-you\/"},"modified":"2023-08-03T14:30:25","modified_gmt":"2023-08-03T12:30:25","slug":"thank-you","status":"publish","type":"page","link":"https:\/\/essense.coffee\/de\/thank-you\/","title":{"rendered":"Thank you"},"content":{"rendered":"<p>[vc_row][vc_column][vc_column_text]<\/p>\n<h1 style=\"text-align: center;\">Danke!<\/h1>\n<p style=\"text-align: left;\">Ihr Einkauf wurde erfolgreich abgeschlossen. Sie werden in K\u00fcrze eine E-Mail mit Ihrer Bestellbest\u00e4tigung und allen Details erhalten.<\/p>\n<p>Sie k\u00f6nnen Ihr <a href=\"https:\/\/essense.coffee\/de\/mein-konto\/\">Konto<\/a> besuchen, um Ihre Versand- und Rechnungsdaten sowie die gesammelten Essens Punkte einzusehen.<\/p>\n<p>Falls Sie Fragen oder Zweifel haben, schicken Sie uns bitte eine E-Mailan\u00a0<a href=\"mailto:hello@essense.coffee\">hello@essense.coffee<\/a><\/p>\n<p>Werfen Sie in der Zwischenzeit einen Blick auf unsere Tutorials f\u00fcr die Zubereitung eines k\u00f6stlichen Cold Brew:[\/vc_column_text][\/vc_column][\/vc_row][vc_row][vc_column]<div class=\" agni-button  text-center page-scroll\"><a class=\"agni_custom_design_css btn btn-default\" target=\"_self\" href=\"https:\/\/essense.coffee\/en\/brewing-guides\/\"  style=\"margin-bottom: 50px; \" data-css-default=\"margin-bottom: 50px; \" >Tutorial<\/a><\/div><div class=\" agni-button  text-center page-scroll\"><a class=\"agni_custom_design_css btn btn-default\" target=\"_self\" href=\"https:\/\/essense.coffee\/en\/\"  >Torna alla home<\/a><\/div>[\/vc_column][\/vc_row]<\/p>\n","protected":false},"excerpt":{"rendered":"<p>[vc_row][vc_column][vc_column_text] Danke! Ihr Einkauf wurde erfolgreich abgeschlossen. Sie werden in K\u00fcrze eine E-Mail mit Ihrer Bestellbest\u00e4tigung und allen Details erhalten. Sie k\u00f6nnen Ihr Konto besuchen, um Ihre Versand- und Rechnungsdaten sowie die gesammelten Essens Punkte einzusehen. Falls Sie Fragen oder Zweifel haben, schicken Sie uns bitte eine E-Mailan\u00a0hello@essense.coffee Werfen Sie in der Zwischenzeit einen Blick [&hellip;]<\/p>\n","protected":false},"author":3,"featured_media":0,"parent":0,"menu_order":0,"comment_status":"closed","ping_status":"closed","template":"","meta":{"footnotes":""},"yoast_head":"<!-- This site is optimized with the Yoast SEO plugin v21.2 - https:\/\/yoast.com\/wordpress\/plugins\/seo\/ -->\n<title>Thank you - Essense Coffee<\/title>\n<meta name=\"robots\" content=\"index, follow, max-snippet:-1, max-image-preview:large, max-video-preview:-1\" \/>\n<link rel=\"canonical\" href=\"https:\/\/essense.coffee\/de\/thank-you\/\" \/>\n<meta property=\"og:locale\" content=\"de_DE\" \/>\n<meta property=\"og:type\" content=\"article\" \/>\n<meta property=\"og:title\" content=\"Thank you - Essense Coffee\" \/>\n<meta property=\"og:description\" content=\"[vc_row][vc_column][vc_column_text] Danke! Ihr Einkauf wurde erfolgreich abgeschlossen. Sie werden in K\u00fcrze eine E-Mail mit Ihrer Bestellbest\u00e4tigung und allen Details erhalten. Sie k\u00f6nnen Ihr Konto besuchen, um Ihre Versand- und Rechnungsdaten sowie die gesammelten Essens Punkte einzusehen. Falls Sie Fragen oder Zweifel haben, schicken Sie uns bitte eine E-Mailan\u00a0hello@essense.coffee Werfen Sie in der Zwischenzeit einen Blick [&hellip;]\" \/>\n<meta property=\"og:url\" content=\"https:\/\/essense.coffee\/de\/thank-you\/\" \/>\n<meta property=\"og:site_name\" content=\"Essense Coffee\" \/>\n<meta property=\"article:modified_time\" content=\"2023-08-03T12:30:25+00:00\" \/>\n<meta name=\"twitter:card\" content=\"summary_large_image\" \/>\n<meta name=\"twitter:label1\" content=\"Gesch\u00e4tzte Lesezeit\" \/>\n\t<meta name=\"twitter:data1\" content=\"1 Minute\" \/>\n<script type=\"application\/ld+json\" class=\"yoast-schema-graph\">{\"@context\":\"https:\/\/schema.org\",\"@graph\":[{\"@type\":\"WebPage\",\"@id\":\"https:\/\/essense.coffee\/de\/thank-you\/\",\"url\":\"https:\/\/essense.coffee\/de\/thank-you\/\",\"name\":\"Thank you - Essense Coffee\",\"isPartOf\":{\"@id\":\"https:\/\/essense.coffee\/de\/#website\"},\"datePublished\":\"2023-08-03T12:26:38+00:00\",\"dateModified\":\"2023-08-03T12:30:25+00:00\",\"inLanguage\":\"de-DE\",\"potentialAction\":[{\"@type\":\"ReadAction\",\"target\":[\"https:\/\/essense.coffee\/de\/thank-you\/\"]}]},{\"@type\":\"WebSite\",\"@id\":\"https:\/\/essense.coffee\/de\/#website\",\"url\":\"https:\/\/essense.coffee\/de\/\",\"name\":\"Essense Coffee\",\"description\":\"The best coffee instruments and our very own single-portioned coffee for every brewing method.\",\"publisher\":{\"@id\":\"https:\/\/essense.coffee\/de\/#organization\"},\"potentialAction\":[{\"@type\":\"SearchAction\",\"target\":{\"@type\":\"EntryPoint\",\"urlTemplate\":\"https:\/\/essense.coffee\/de\/?s={search_term_string}\"},\"query-input\":\"required name=search_term_string\"}],\"inLanguage\":\"de-DE\"},{\"@type\":\"Organization\",\"@id\":\"https:\/\/essense.coffee\/de\/#organization\",\"name\":\"Essense Coffee\",\"url\":\"https:\/\/essense.coffee\/de\/\",\"logo\":{\"@type\":\"ImageObject\",\"inLanguage\":\"de-DE\",\"@id\":\"https:\/\/essense.coffee\/de\/#\/schema\/logo\/image\/\",\"url\":\"https:\/\/essense.coffee\/wp-content\/uploads\/2020\/05\/Logo-Essense-300x300-1.jpg\",\"contentUrl\":\"https:\/\/essense.coffee\/wp-content\/uploads\/2020\/05\/Logo-Essense-300x300-1.jpg\",\"width\":300,\"height\":300,\"caption\":\"Essense Coffee\"},\"image\":{\"@id\":\"https:\/\/essense.coffee\/de\/#\/schema\/logo\/image\/\"}}]}<\/script>\n<!-- \/ Yoast SEO plugin. -->","yoast_head_json":{"title":"Thank you - Essense Coffee","robots":{"index":"index","follow":"follow","max-snippet":"max-snippet:-1","max-image-preview":"max-image-preview:large","max-video-preview":"max-video-preview:-1"},"canonical":"https:\/\/essense.coffee\/de\/thank-you\/","og_locale":"de_DE","og_type":"article","og_title":"Thank you - Essense Coffee","og_description":"[vc_row][vc_column][vc_column_text] Danke! Ihr Einkauf wurde erfolgreich abgeschlossen. Sie werden in K\u00fcrze eine E-Mail mit Ihrer Bestellbest\u00e4tigung und allen Details erhalten. Sie k\u00f6nnen Ihr Konto besuchen, um Ihre Versand- und Rechnungsdaten sowie die gesammelten Essens Punkte einzusehen. Falls Sie Fragen oder Zweifel haben, schicken Sie uns bitte eine E-Mailan\u00a0hello@essense.coffee Werfen Sie in der Zwischenzeit einen Blick [&hellip;]","og_url":"https:\/\/essense.coffee\/de\/thank-you\/","og_site_name":"Essense Coffee","article_modified_time":"2023-08-03T12:30:25+00:00","twitter_card":"summary_large_image","twitter_misc":{"Gesch\u00e4tzte Lesezeit":"1 Minute"},"schema":{"@context":"https:\/\/schema.org","@graph":[{"@type":"WebPage","@id":"https:\/\/essense.coffee\/de\/thank-you\/","url":"https:\/\/essense.coffee\/de\/thank-you\/","name":"Thank you - Essense Coffee","isPartOf":{"@id":"https:\/\/essense.coffee\/de\/#website"},"datePublished":"2023-08-03T12:26:38+00:00","dateModified":"2023-08-03T12:30:25+00:00","inLanguage":"de-DE","potentialAction":[{"@type":"ReadAction","target":["https:\/\/essense.coffee\/de\/thank-you\/"]}]},{"@type":"WebSite","@id":"https:\/\/essense.coffee\/de\/#website","url":"https:\/\/essense.coffee\/de\/","name":"Essense Coffee","description":"The best coffee instruments and our very own single-portioned coffee for every brewing method.","publisher":{"@id":"https:\/\/essense.coffee\/de\/#organization"},"potentialAction":[{"@type":"SearchAction","target":{"@type":"EntryPoint","urlTemplate":"https:\/\/essense.coffee\/de\/?s={search_term_string}"},"query-input":"required name=search_term_string"}],"inLanguage":"de-DE"},{"@type":"Organization","@id":"https:\/\/essense.coffee\/de\/#organization","name":"Essense Coffee","url":"https:\/\/essense.coffee\/de\/","logo":{"@type":"ImageObject","inLanguage":"de-DE","@id":"https:\/\/essense.coffee\/de\/#\/schema\/logo\/image\/","url":"https:\/\/essense.coffee\/wp-content\/uploads\/2020\/05\/Logo-Essense-300x300-1.jpg","contentUrl":"https:\/\/essense.coffee\/wp-content\/uploads\/2020\/05\/Logo-Essense-300x300-1.jpg","width":300,"height":300,"caption":"Essense Coffee"},"image":{"@id":"https:\/\/essense.coffee\/de\/#\/schema\/logo\/image\/"}}]}},"_links":{"self":[{"href":"https:\/\/essense.coffee\/de\/wp-json\/wp\/v2\/pages\/25723"}],"collection":[{"href":"https:\/\/essense.coffee\/de\/wp-json\/wp\/v2\/pages"}],"about":[{"href":"https:\/\/essense.coffee\/de\/wp-json\/wp\/v2\/types\/page"}],"author":[{"embeddable":true,"href":"https:\/\/essense.coffee\/de\/wp-json\/wp\/v2\/users\/3"}],"replies":[{"embeddable":true,"href":"https:\/\/essense.coffee\/de\/wp-json\/wp\/v2\/comments?post=25723"}],"version-history":[{"count":3,"href":"https:\/\/essense.coffee\/de\/wp-json\/wp\/v2\/pages\/25723\/revisions"}],"predecessor-version":[{"id":25726,"href":"https:\/\/essense.coffee\/de\/wp-json\/wp\/v2\/pages\/25723\/revisions\/25726"}],"wp:attachment":[{"href":"https:\/\/essense.coffee\/de\/wp-json\/wp\/v2\/media?parent=25723"}],"curies":[{"name":"wp","href":"https:\/\/api.w.org\/{rel}","templated":true}]}}